{"id":1079,"date":"2012-11-25T17:43:27","date_gmt":"2012-11-25T15:43:27","guid":{"rendered":"http:\/\/www.pfarregersthof.at\/komm\/?page_id=1079"},"modified":"2019-08-08T17:29:10","modified_gmt":"2019-08-08T16:29:10","slug":"pfarr-caritas-kreis","status":"publish","type":"page","link":"https:\/\/www.pfarregersthof.at\/komm\/pfarre-von-a-z\/gruppen-initiativen\/pfarr-caritas-kreis\/","title":{"rendered":"Pfarr-Caritas Kreis"},"content":{"rendered":"<h3>Aufgabe\/Ziel\/Beschreibung<\/h3>\n<p>Gr\u00f6\u00dftm\u00f6gliche Effizienz der eingesetzten personellen und finanziellen Ressourcen. Die Pfarrcaritas ist f\u00fcr alle Altersgruppen da und bem\u00fcht sich, bei Notf\u00e4llen wirkungsvoll und rasch nach Ma\u00dfgabe der M\u00f6glichkeiten hilfreich zu sein. Sie bem\u00fcht sich um Katholiken ebenso wie um Nichtkatholiken. Prim\u00e4r sollen nicht materielle Zuwendungen die Hilfe ausmachen, sondern vor allem Zeit, Gespr\u00e4chs- und Hilfsbereitschaft. Erstes Ziel: Hilfe zur Selbsthilfe.<\/p>\n<h3>Wie kann man mitmachen?<\/h3>\n<p>Wenn die Bereitschaft und die innere Einstellung vorhanden ist, auf Menschen zuzugehen&nbsp; und den&nbsp; Dienst am N\u00e4chsten ernst zu nehmen, dann jederzeit!<\/p>\n<h3>Regelm\u00e4\u00dfige Treffen<\/h3>\n<p>1 Mal pro Monat, an unterschiedlichen Orten.<\/p>\n<h3>Ansprechperson<\/h3>\n<ul>\n<li>Name: Maria Kissich<\/li>\n<li>Erreichbarkeit am Caritas-Telefon: 0664 5423979<\/li>\n<\/ul>\n<h3>Anmerkung<\/h3>\n<p>Die karitativen Aktivit\u00e4ten in unserer Pfarre sind so gestaltet, dass m\u00f6glichst viele \u2013 je nach F\u00e4higkeiten und M\u00f6glichkeiten \u2013 daran teilhaben k\u00f6nnen. Dzt. umfasst das Team 26 Personen. Nur durch die gro\u00dfe Anzahl von Mitarbeiterinnen und Mitarbeiter ist es m\u00f6glich, so viele Aufgaben zu \u00fcbernehmen.<\/p>\n<p>Eine \u00dcbersicht der T\u00e4tigkeit ist auf der <a href=\"https:\/\/www.pfarregersthof.at\/komm\/pfarre-von-a-z\/angebote\/caritas\/\">Seite der Caritas<\/a> zu finden.<\/p>\n","protected":false},"excerpt":{"rendered":"<p>Aufgabe\/Ziel\/Beschreibung Gr\u00f6\u00dftm\u00f6gliche Effizienz der eingesetzten personellen und finanziellen Ressourcen. Die Pfarrcaritas ist f\u00fcr alle Altersgruppen da und bem\u00fcht sich, bei Notf\u00e4llen wirkungsvoll und rasch nach Ma\u00dfgabe der M\u00f6glichkeiten hilfreich zu sein. Sie bem\u00fcht sich um Katholiken ebenso wie um Nichtkatholiken. Prim\u00e4r sollen nicht materielle Zuwendungen die Hilfe ausmachen, sondern vor allem Zeit, Gespr\u00e4chs- und Hilfsbereitschaft. [&hellip;]<\/p>\n","protected":false},"author":2,"featured_media":0,"parent":1071,"menu_order":0,"comment_status":"open","ping_status":"open","template":"","meta":{"ngg_post_thumbnail":0,"footnotes":""},"class_list":["post-1079","page","type-page","status-publish"],"publishpress_future_action":{"enabled":false,"date":"2026-04-23 19:42:41","action":"change-status","newStatus":"draft","terms":[],"taxonomy":"category","extraData":[]},"publishpress_future_workflow_manual_trigger":{"enabledWorkflows":[]},"_links":{"self":[{"href":"https:\/\/www.pfarregersthof.at\/komm\/wp-json\/wp\/v2\/pages\/1079","targetHints":{"allow":["GET"]}}],"collection":[{"href":"https:\/\/www.pfarregersthof.at\/komm\/wp-json\/wp\/v2\/pages"}],"about":[{"href":"https:\/\/www.pfarregersthof.at\/komm\/wp-json\/wp\/v2\/types\/page"}],"author":[{"embeddable":true,"href":"https:\/\/www.pfarregersthof.at\/komm\/wp-json\/wp\/v2\/users\/2"}],"replies":[{"embeddable":true,"href":"https:\/\/www.pfarregersthof.at\/komm\/wp-json\/wp\/v2\/comments?post=1079"}],"version-history":[{"count":5,"href":"https:\/\/www.pfarregersthof.at\/komm\/wp-json\/wp\/v2\/pages\/1079\/revisions"}],"predecessor-version":[{"id":5891,"href":"https:\/\/www.pfarregersthof.at\/komm\/wp-json\/wp\/v2\/pages\/1079\/revisions\/5891"}],"up":[{"embeddable":true,"href":"https:\/\/www.pfarregersthof.at\/komm\/wp-json\/wp\/v2\/pages\/1071"}],"wp:attachment":[{"href":"https:\/\/www.pfarregersthof.at\/komm\/wp-json\/wp\/v2\/media?parent=1079"}],"curies":[{"name":"wp","href":"https:\/\/api.w.org\/{rel}","templated":true}]}}