{"id":1082,"date":"2012-11-25T17:51:50","date_gmt":"2012-11-25T15:51:50","guid":{"rendered":"http:\/\/www.pfarregersthof.at\/komm\/?page_id=1082"},"modified":"2024-08-05T12:27:40","modified_gmt":"2024-08-05T10:27:40","slug":"kindergarten","status":"publish","type":"page","link":"https:\/\/www.pfarregersthof.at\/komm\/pfarre-von-a-z\/angebote\/kindergarten\/","title":{"rendered":"Kindergarten"},"content":{"rendered":"<p>Der Pfarrkindergarten besteht nun seit mehr als 70 Jahren und ist in der Wallri\u00dfstra\u00dfe 45 zuhause.<\/p>\n<h3>Aufgabe\/Ziel\/Beschreibung<\/h3>\n<p>Begleitung von Kindern im Alter von ca. 2 bis 6 Jahren im Kindergarten. Wir helfen Kindern bei der Integration in die erste gr\u00f6\u00dfere Gemeinschaft au\u00dferhalb der Familie. Die Kinder erfahren bei uns Unterst\u00fctzung bei der Bew\u00e4ltigung der sozialen Kontakte. Durch verschiedenste Angebote im Interesse des Kindes, setzen wir vertiefende Entfaltungsm\u00f6glichkeiten und bereiten so die Kinder in diesen Jahren auf die Schule vor. Allen Religionen und Kulturen gegen\u00fcber begegnen wir aufgeschlossen und tolerant und lassen den Reichtum und die Vielfalt auch in unser Gruppenleben einflie\u00dfen. Wir feiern christliche Feste mit der Pfarre und in unseren Kindergartengruppen.<\/p>\n<h3>Wie kann man mitmachen?<\/h3>\n<p>Begleitung bei Ausfl\u00fcgen, Begegnungen mit verschiedenen Generationen, Unterst\u00fctzung beim Erlernen der deutschen Sprache. Teilnahme am Elternverein.<\/p>\n<p>\u00d6ffnungszeiten und Informationen zur Anmeldung auf der <a href=\"http:\/\/gersthof.nikolausstiftung.at\" target=\"_blank\" rel=\"noopener noreferrer\">Homepage des Kindergartens<\/a>.<\/p>\n<h3>Ansprechperson<\/h3>\n<ul>\n<li>Name: Susanne Gypser<\/li>\n<li>Erreichbarkeit:<br \/>\n&#8211; Telefon: 0664\/889 810 77<br \/>\n&#8211; Email: <a href=\"mailto:gersthof@nikolausstiftung.at\">gersthof@nikolausstiftung.at<\/a><\/li>\n<\/ul>\n<p>&nbsp;<\/p>\n","protected":false},"excerpt":{"rendered":"<p>Der Pfarrkindergarten besteht nun seit mehr als 70 Jahren und ist in der Wallri\u00dfstra\u00dfe 45 zuhause. Aufgabe\/Ziel\/Beschreibung Begleitung von Kindern im Alter von ca. 2 bis 6 Jahren im Kindergarten. Wir helfen Kindern bei der Integration in die erste gr\u00f6\u00dfere Gemeinschaft au\u00dferhalb der Familie. Die Kinder erfahren bei uns Unterst\u00fctzung bei der Bew\u00e4ltigung der sozialen [&hellip;]<\/p>\n","protected":false},"author":2,"featured_media":0,"parent":611,"menu_order":0,"comment_status":"open","ping_status":"open","template":"","meta":{"ngg_post_thumbnail":0,"footnotes":""},"class_list":["post-1082","page","type-page","status-publish"],"publishpress_future_action":{"enabled":false,"date":"2026-05-12 02:40:37","action":"change-status","newStatus":"draft","terms":[],"taxonomy":"category","extraData":[]},"publishpress_future_workflow_manual_trigger":{"enabledWorkflows":[]},"_links":{"self":[{"href":"https:\/\/www.pfarregersthof.at\/komm\/wp-json\/wp\/v2\/pages\/1082","targetHints":{"allow":["GET"]}}],"collection":[{"href":"https:\/\/www.pfarregersthof.at\/komm\/wp-json\/wp\/v2\/pages"}],"about":[{"href":"https:\/\/www.pfarregersthof.at\/komm\/wp-json\/wp\/v2\/types\/page"}],"author":[{"embeddable":true,"href":"https:\/\/www.pfarregersthof.at\/komm\/wp-json\/wp\/v2\/users\/2"}],"replies":[{"embeddable":true,"href":"https:\/\/www.pfarregersthof.at\/komm\/wp-json\/wp\/v2\/comments?post=1082"}],"version-history":[{"count":18,"href":"https:\/\/www.pfarregersthof.at\/komm\/wp-json\/wp\/v2\/pages\/1082\/revisions"}],"predecessor-version":[{"id":16951,"href":"https:\/\/www.pfarregersthof.at\/komm\/wp-json\/wp\/v2\/pages\/1082\/revisions\/16951"}],"up":[{"embeddable":true,"href":"https:\/\/www.pfarregersthof.at\/komm\/wp-json\/wp\/v2\/pages\/611"}],"wp:attachment":[{"href":"https:\/\/www.pfarregersthof.at\/komm\/wp-json\/wp\/v2\/media?parent=1082"}],"curies":[{"name":"wp","href":"https:\/\/api.w.org\/{rel}","templated":true}]}}