{"id":1101,"date":"2012-11-25T18:23:50","date_gmt":"2012-11-25T16:23:50","guid":{"rendered":"http:\/\/www.pfarregersthof.at\/komm\/?page_id=1101"},"modified":"2019-08-08T16:58:29","modified_gmt":"2019-08-08T15:58:29","slug":"fuswallfahrt-nach-mariazell","status":"publish","type":"page","link":"https:\/\/www.pfarregersthof.at\/komm\/pfarre-von-a-z\/gruppen-initiativen\/fuswallfahrt-nach-mariazell\/","title":{"rendered":"Fu\u00dfwallfahrt nach Mariazell"},"content":{"rendered":"<h3>Aufgabe\/Ziel\/Beschreibung<\/h3>\n<p>Die Gersthofer Fusswallfahrt nach Mariazell \u2026<\/p>\n<ul>\n<li>\u2026 ist gemeinsam gehen, beten, Messe feiern und singen, den Glauben erleben und vertiefen.<\/li>\n<li>\u2026 ist in Gemeinschaft Zeit verbringen, sich \u00fcber Gott und die Welt auszutauschen oder auch St\u00fccke des Weges in Stille zu gehen.<\/li>\n<li>\u2026 soll ein in der Gruppe bew\u00e4ltigter durchgehender Fu\u00dfweg \u00fcber Berge, Stra\u00dfen, W\u00e4lder und Wiesen bei wechselndem Wetter sein.<\/li>\n<\/ul>\n<p>Wir wollen: Kommunikation zwischen Jung und Alt pflegen, Natur erleben, Gott begegnen, Vertrauen aufbauen, Probleme pers\u00f6nlicher Art untereinander l\u00f6sen.<\/p>\n<h3>Wie kann man mitmachen?<\/h3>\n<p>Eingeladen sind alle, die mitmachen wollen, alle Suchenden ohne Altersunterschied, die den k\u00f6rperlichen Anforderungen gewachsen sind. Einfach bei einer Wallfahrermesse vorbeikommen, oder einmal mit Wallfahrern plaudern und sich bis sp\u00e4testens 31. Mai anmelden &amp; Detailinformationen einholen (siehe unten). Dann die Schuhe schn\u00fcren und \u201eAufbruch\u201c \u2026<\/p>\n<h3>Regelm\u00e4\u00dfige Treffen<\/h3>\n<p>Zur Wahllfahrt: Jeweils von Samstag nach Schulschluss in 5 Tagen zu Fu\u00df von der Pfarrkirche Gersthof nach Mariazell.<\/p>\n<p>W\u00e4hrend des Jahres: drei Mal j\u00e4hrlich eine gestaltete Messe am Samstag Abend mit anschlie\u00dfender Agape und gemeinsamem Zusammensein. Termine meist November, M\u00e4rz und Juni, werden <a href=\"https:\/\/www.pfarregersthof.at\/komm\/gg-wochentermine\/\">Gersthof gemeinsam<\/a> verlautbart.<\/p>\n<h3>Ansprechperson<\/h3>\n<ul>\n<li>Name: Wolfgang Twaroch<\/li>\n<li>Erreichbarkeit (Mail oder Telefon):<br \/>\n&#8211; Telefon: 0699\/11 97 97 87<br \/>\n&#8211; Email: <a href=\"mailto:mariazellerwallfahrt@pfarregersthof.at\">mariazellerwallfahrt@pfarregersthof.at<\/a><\/li>\n<\/ul>\n","protected":false},"excerpt":{"rendered":"<p>Aufgabe\/Ziel\/Beschreibung Die Gersthofer Fusswallfahrt nach Mariazell \u2026 \u2026 ist gemeinsam gehen, beten, Messe feiern und singen, den Glauben erleben und vertiefen. \u2026 ist in Gemeinschaft Zeit verbringen, sich \u00fcber Gott und die Welt auszutauschen oder auch St\u00fccke des Weges in Stille zu gehen. \u2026 soll ein in der Gruppe bew\u00e4ltigter durchgehender Fu\u00dfweg \u00fcber Berge, Stra\u00dfen, [&hellip;]<\/p>\n","protected":false},"author":2,"featured_media":0,"parent":1071,"menu_order":0,"comment_status":"open","ping_status":"open","template":"","meta":{"ngg_post_thumbnail":0,"footnotes":""},"class_list":["post-1101","page","type-page","status-publish"],"publishpress_future_action":{"enabled":false,"date":"2026-04-23 19:51:07","action":"change-status","newStatus":"draft","terms":[],"taxonomy":"category","extraData":[]},"publishpress_future_workflow_manual_trigger":{"enabledWorkflows":[]},"_links":{"self":[{"href":"https:\/\/www.pfarregersthof.at\/komm\/wp-json\/wp\/v2\/pages\/1101","targetHints":{"allow":["GET"]}}],"collection":[{"href":"https:\/\/www.pfarregersthof.at\/komm\/wp-json\/wp\/v2\/pages"}],"about":[{"href":"https:\/\/www.pfarregersthof.at\/komm\/wp-json\/wp\/v2\/types\/page"}],"author":[{"embeddable":true,"href":"https:\/\/www.pfarregersthof.at\/komm\/wp-json\/wp\/v2\/users\/2"}],"replies":[{"embeddable":true,"href":"https:\/\/www.pfarregersthof.at\/komm\/wp-json\/wp\/v2\/comments?post=1101"}],"version-history":[{"count":2,"href":"https:\/\/www.pfarregersthof.at\/komm\/wp-json\/wp\/v2\/pages\/1101\/revisions"}],"predecessor-version":[{"id":1456,"href":"https:\/\/www.pfarregersthof.at\/komm\/wp-json\/wp\/v2\/pages\/1101\/revisions\/1456"}],"up":[{"embeddable":true,"href":"https:\/\/www.pfarregersthof.at\/komm\/wp-json\/wp\/v2\/pages\/1071"}],"wp:attachment":[{"href":"https:\/\/www.pfarregersthof.at\/komm\/wp-json\/wp\/v2\/media?parent=1101"}],"curies":[{"name":"wp","href":"https:\/\/api.w.org\/{rel}","templated":true}]}}