{"id":1105,"date":"2012-11-25T18:33:51","date_gmt":"2012-11-25T16:33:51","guid":{"rendered":"http:\/\/www.pfarregersthof.at\/komm\/?page_id=1105"},"modified":"2019-08-09T20:05:12","modified_gmt":"2019-08-09T19:05:12","slug":"weltweite-partnerschaften-ausschuss","status":"publish","type":"page","link":"https:\/\/www.pfarregersthof.at\/komm\/pfarre-von-a-z\/gruppen-initiativen\/weltweite-partnerschaften-ausschuss\/","title":{"rendered":"Weltweite-Partnerschaften Ausschuss"},"content":{"rendered":"<h3>Aufgabe\/Ziel\/Beschreibung<\/h3>\n<ul>\n<li>Die Gruppe der weltweiten Partnerschaften koordiniert die Inhalte und Termine aller 5 Partnerschaften der Pfarre (Nord- und S\u00fcdindien, Rum\u00e4nien, Bosnien und Uganda) und bietet mit dem Schaukasten im Kirchenvorraum und der Pr\u00e4sentation am j\u00e4hrlichen Sonntag der Weltkirche Neues und Interessantes aus aller Welt.<\/li>\n<li>Durchf\u00fchrung von operativen Ma\u00dfnahmen durch die einzelnen Untergruppen der Partnerschaften: Suppensonntagsunterst\u00fctzung, EZA-Verkauf (Fair-Trade-Waren nach den Sonntagsmessen), Sachspendensammlungen<\/li>\n<\/ul>\n<h3>Wie kann man mitmachen?<\/h3>\n<ul>\n<li>Fair-Trade-Waren in Gersthof kaufen, die Suppensonntage besuchen, dabei mithelfen<\/li>\n<li>Mitarbeit bei einzelnen Partnerschaften nach Absprache mit den Verantwortlichen<\/li>\n<\/ul>\n<h3>Regelm\u00e4\u00dfige Treffen<\/h3>\n<p>Ausschusstreffen immer im Juni f\u00fcr das n\u00e4chste Arbeitsjahr: dabei findet das Koordinationstreffen f\u00fcr dieses n\u00e4chste Arbeitsjahr statt. Sonst keine gesonderten Treffen; Fixpunkte: EZA-Waren-Verkaufstermine und Suppensonntage (Termine in <a href=\"https:\/\/www.pfarregersthof.at\/komm\/gg-wochentermine\/\">Gersthof gemeinsam<\/a>)<\/p>\n<h3>Ansprechperson<\/h3>\n<ul>\n<li>Name: Mag. Benedikt Gamillscheg (koordinierend f\u00fcr alle 4 Partnerschaften und das Sonderprojekt)<\/li>\n<li>E-mail: <a href=\"mailto:wwpartnerschaften@pfarregersthof.at\">wwpartnerschaften@pfarregersthof.at<\/a><\/li>\n<\/ul>\n<h3>Anmerkung<\/h3>\n<p>Unter dem Dach des Weltweite-Partnerschaften Ausschusses laufen die Aktivit\u00e4ten der einzelnen Partnerschaften bzw. des Sonderprojektes zusammen. Interessenten k\u00f6nnen sich von der Ansprechperson zu der gew\u00fcnschten Kleingruppe (einzelne Partnerschaft, Suppensonntag, EZA-Waren-Verkauf\u2026) vermitteln lassen.<\/p>\n<p>Mehr \u00fcber die Weltweiten Partnerschaften der Pfarre <a href=\"https:\/\/www.pfarregersthof.at\/komm\/pfarre-von-a-z\/information\/weltweite-partnerschaften\/\">auf deren Webseiten<\/a><\/p>\n","protected":false},"excerpt":{"rendered":"<p>Aufgabe\/Ziel\/Beschreibung Die Gruppe der weltweiten Partnerschaften koordiniert die Inhalte und Termine aller 5 Partnerschaften der Pfarre (Nord- und S\u00fcdindien, Rum\u00e4nien, Bosnien und Uganda) und bietet mit dem Schaukasten im Kirchenvorraum und der Pr\u00e4sentation am j\u00e4hrlichen Sonntag der Weltkirche Neues und Interessantes aus aller Welt. Durchf\u00fchrung von operativen Ma\u00dfnahmen durch die einzelnen Untergruppen der Partnerschaften: Suppensonntagsunterst\u00fctzung, [&hellip;]<\/p>\n","protected":false},"author":2,"featured_media":0,"parent":1071,"menu_order":0,"comment_status":"open","ping_status":"open","template":"","meta":{"ngg_post_thumbnail":0,"footnotes":""},"class_list":["post-1105","page","type-page","status-publish"],"publishpress_future_action":{"enabled":false,"date":"2026-04-23 19:42:42","action":"change-status","newStatus":"draft","terms":[],"taxonomy":"category","extraData":[]},"publishpress_future_workflow_manual_trigger":{"enabledWorkflows":[]},"_links":{"self":[{"href":"https:\/\/www.pfarregersthof.at\/komm\/wp-json\/wp\/v2\/pages\/1105","targetHints":{"allow":["GET"]}}],"collection":[{"href":"https:\/\/www.pfarregersthof.at\/komm\/wp-json\/wp\/v2\/pages"}],"about":[{"href":"https:\/\/www.pfarregersthof.at\/komm\/wp-json\/wp\/v2\/types\/page"}],"author":[{"embeddable":true,"href":"https:\/\/www.pfarregersthof.at\/komm\/wp-json\/wp\/v2\/users\/2"}],"replies":[{"embeddable":true,"href":"https:\/\/www.pfarregersthof.at\/komm\/wp-json\/wp\/v2\/comments?post=1105"}],"version-history":[{"count":6,"href":"https:\/\/www.pfarregersthof.at\/komm\/wp-json\/wp\/v2\/pages\/1105\/revisions"}],"predecessor-version":[{"id":5912,"href":"https:\/\/www.pfarregersthof.at\/komm\/wp-json\/wp\/v2\/pages\/1105\/revisions\/5912"}],"up":[{"embeddable":true,"href":"https:\/\/www.pfarregersthof.at\/komm\/wp-json\/wp\/v2\/pages\/1071"}],"wp:attachment":[{"href":"https:\/\/www.pfarregersthof.at\/komm\/wp-json\/wp\/v2\/media?parent=1105"}],"curies":[{"name":"wp","href":"https:\/\/api.w.org\/{rel}","templated":true}]}}