{"id":1111,"date":"2012-11-25T18:45:05","date_gmt":"2012-11-25T16:45:05","guid":{"rendered":"http:\/\/www.pfarregersthof.at\/komm\/?page_id=1111"},"modified":"2025-02-10T10:28:54","modified_gmt":"2025-02-10T09:28:54","slug":"ak-okumene","status":"publish","type":"page","link":"https:\/\/www.pfarregersthof.at\/komm\/pfarre-von-a-z\/gruppen-initiativen\/ak-okumene\/","title":{"rendered":"AK \u00d6kumene"},"content":{"rendered":"<p>&nbsp;<\/p>\n<h3>Aufgabe\/Ziel\/Beschreibung<\/h3>\n<p>Das Ziel: Einheit der Christenheit in vers\u00f6hnter Verschiedenheit<\/p>\n<p>Das Zweite Vatikanische Konzil hat ein Dokument \u00fcber die \u00d6kumene ver\u00f6ffentlicht, darin hei\u00dft es: &nbsp;<em>Unter dem Wehen der Gnade des Heiligen Geistes gibt es heute in vielen L\u00e4ndern auf Erden Bestrebungen, durch Gebet, Wort und Werk zu jener F\u00fclle der Einheit zu gelangen, die Jesus Christus will. Daher mahnt dieses Heilige Konzil alle katholischen Gl\u00e4ubigen, dass sie, die Zeichen der Zeit erkennend, mit Eifer an dem \u00f6kumenischen Werk teilnehmen.&nbsp; <\/em><\/p>\n<h3>Wie kann man mitmachen?<\/h3>\n<p>Ein wenig Zeit sollte zur Verf\u00fcgung stehen und gro\u00dfes Interesse an der \u00d6kumene mitbringen.<\/p>\n<h3>Treffen<\/h3>\n<p>Unregelm\u00e4\u00dfige Treffen zwei bis dreimal im Jahr, meist im Gemeindezentrum (Bischof Faber Platz 7) &#8211; konkrete Termine sind in <a href=\"https:\/\/www.pfarregersthof.at\/komm\/gg-wochentermine\/\">Gersthof gemeinsam<\/a> zu finden<\/p>\n<h3>Ansprechperson<\/h3>\n<ul>\n<li>Name: (derzeit unbesetzt)<\/li>\n<\/ul>\n<h3>Anmerkung<\/h3>\n<p>Da es immer wieder im Dekanat bzw. in den Nachbardekanaten \u00f6kumenische Veranstaltungen gibt, w\u00e4re es ein sch\u00f6nes Zeichen, diese, wenn es zeitlich m\u00f6glich ist, auch zu besuchen, um einander besser kennenzulernen. Die pers\u00f6nlichen Kontakte sind in der \u00d6kumene sehr wichtig. \u00d6kumene kann nur dann gelingen, wenn man sie auch lebt.<\/p>\n","protected":false},"excerpt":{"rendered":"<p>&nbsp; Aufgabe\/Ziel\/Beschreibung Das Ziel: Einheit der Christenheit in vers\u00f6hnter Verschiedenheit Das Zweite Vatikanische Konzil hat ein Dokument \u00fcber die \u00d6kumene ver\u00f6ffentlicht, darin hei\u00dft es: &nbsp;Unter dem Wehen der Gnade des Heiligen Geistes gibt es heute in vielen L\u00e4ndern auf Erden Bestrebungen, durch Gebet, Wort und Werk zu jener F\u00fclle der Einheit zu gelangen, die Jesus [&hellip;]<\/p>\n","protected":false},"author":2,"featured_media":0,"parent":1071,"menu_order":0,"comment_status":"open","ping_status":"open","template":"","meta":{"ngg_post_thumbnail":0,"footnotes":""},"class_list":["post-1111","page","type-page","status-publish"],"publishpress_future_action":{"enabled":false,"date":"2026-04-23 19:42:43","action":"change-status","newStatus":"draft","terms":[],"taxonomy":"category","extraData":[]},"publishpress_future_workflow_manual_trigger":{"enabledWorkflows":[]},"_links":{"self":[{"href":"https:\/\/www.pfarregersthof.at\/komm\/wp-json\/wp\/v2\/pages\/1111","targetHints":{"allow":["GET"]}}],"collection":[{"href":"https:\/\/www.pfarregersthof.at\/komm\/wp-json\/wp\/v2\/pages"}],"about":[{"href":"https:\/\/www.pfarregersthof.at\/komm\/wp-json\/wp\/v2\/types\/page"}],"author":[{"embeddable":true,"href":"https:\/\/www.pfarregersthof.at\/komm\/wp-json\/wp\/v2\/users\/2"}],"replies":[{"embeddable":true,"href":"https:\/\/www.pfarregersthof.at\/komm\/wp-json\/wp\/v2\/comments?post=1111"}],"version-history":[{"count":5,"href":"https:\/\/www.pfarregersthof.at\/komm\/wp-json\/wp\/v2\/pages\/1111\/revisions"}],"predecessor-version":[{"id":18076,"href":"https:\/\/www.pfarregersthof.at\/komm\/wp-json\/wp\/v2\/pages\/1111\/revisions\/18076"}],"up":[{"embeddable":true,"href":"https:\/\/www.pfarregersthof.at\/komm\/wp-json\/wp\/v2\/pages\/1071"}],"wp:attachment":[{"href":"https:\/\/www.pfarregersthof.at\/komm\/wp-json\/wp\/v2\/media?parent=1111"}],"curies":[{"name":"wp","href":"https:\/\/api.w.org\/{rel}","templated":true}]}}