{"id":11153,"date":"2022-03-20T09:23:03","date_gmt":"2022-03-20T08:23:03","guid":{"rendered":"https:\/\/www.pfarregersthof.at\/komm\/?page_id=11153"},"modified":"2025-05-15T12:05:11","modified_gmt":"2025-05-15T10:05:11","slug":"pgr-mitglieder-2022-2027","status":"publish","type":"page","link":"https:\/\/www.pfarregersthof.at\/komm\/pgr-2\/pgr-mitglieder-2022-2027\/","title":{"rendered":"PGR Mitglieder 2022 &#8211; 2027"},"content":{"rendered":"\n<p>Folgende Personen sind derzeit Mitglieder des Pfarrgemeinderates in der Funktionsperiode 2022 bis 2027 \u2013 in alphabetischer Reihenfolge ihrer Zunamen:<\/p>\n<table style=\"width: 80%;\">\n<tbody>\n<tr>\n<td style=\"width: 160px; height: 154px;\" rowspan=\"4\"><img loading=\"lazy\" decoding=\"async\" class=\"alignnone wp-image-7250\" src=\"https:\/\/www.pfarregersthof.at\/komm\/wp-content\/uploads\/2022\/04\/P.Maciej_Cepielik_2-150x150.jpg\" alt=\"\" width=\"150\" height=\"150\"><\/td>\n<td><strong>P. Matthias CEPIELIK CM<\/strong><\/td>\n<\/tr>\n<tr>\n<td>Jahrgang: 1992<\/td>\n<\/tr>\n<tr>\n<td>Amtliches Mitglied als Vertreter der Priester<\/td>\n<\/tr>\n<tr>\n<td>&nbsp;<\/td>\n<\/tr>\n<\/tbody>\n<\/table>\n<hr>\n<table style=\"width: 80%;\">\n<tbody>\n<tr>\n<td style=\"width: 160px; height: 154px;\" rowspan=\"4\"><a href=\"https:\/\/www.pfarregersthof.at\/komm\/wp-content\/uploads\/2022\/05\/Johannes_Gruenbeck_2022a.jpg\"><img loading=\"lazy\" decoding=\"async\" class=\"alignnone size-thumbnail wp-image-10980\" src=\"https:\/\/www.pfarregersthof.at\/komm\/wp-content\/uploads\/2022\/05\/Johannes_Gruenbeck_2022a-150x150.jpg\" alt=\"\" width=\"150\" height=\"150\"><\/a><\/td>\n<td><strong>Johannes GR\u00dcNBECK<\/strong><\/td>\n<\/tr>\n<tr>\n<td>Jahrgang: 2001<\/td>\n<\/tr>\n<tr>\n<td>Gew\u00e4hltes Mitglied<\/td>\n<\/tr>\n<tr>\n<td>M\u00f6chte beitragen zu Jugendarbeit und Ministranten, allgemeiner Pfarrgemeindearbeit<\/td>\n<\/tr>\n<\/tbody>\n<\/table>\n<hr>\n<table style=\"width: 80%;\">\n<tbody>\n<tr>\n<td style=\"width: 160px;\" rowspan=\"4\"><img loading=\"lazy\" decoding=\"async\" class=\"alignnone size-thumbnail wp-image-8195\" src=\"https:\/\/www.pfarregersthof.at\/komm\/wp-content\/uploads\/2020\/12\/Hecht-Toni-150x150.jpg\" alt=\"\" width=\"150\" height=\"150\" srcset=\"https:\/\/www.pfarregersthof.at\/komm\/wp-content\/uploads\/2020\/12\/Hecht-Toni-150x150.jpg 150w, https:\/\/www.pfarregersthof.at\/komm\/wp-content\/uploads\/2020\/12\/Hecht-Toni-300x300.jpg 300w, https:\/\/www.pfarregersthof.at\/komm\/wp-content\/uploads\/2020\/12\/Hecht-Toni-800x800.jpg 800w, https:\/\/www.pfarregersthof.at\/komm\/wp-content\/uploads\/2020\/12\/Hecht-Toni-768x768.jpg 768w, https:\/\/www.pfarregersthof.at\/komm\/wp-content\/uploads\/2020\/12\/Hecht-Toni-1536x1536.jpg 1536w, https:\/\/www.pfarregersthof.at\/komm\/wp-content\/uploads\/2020\/12\/Hecht-Toni-696x696.jpg 696w, https:\/\/www.pfarregersthof.at\/komm\/wp-content\/uploads\/2020\/12\/Hecht-Toni-1068x1068.jpg 1068w, https:\/\/www.pfarregersthof.at\/komm\/wp-content\/uploads\/2020\/12\/Hecht-Toni-420x420.jpg 420w, https:\/\/www.pfarregersthof.at\/komm\/wp-content\/uploads\/2020\/12\/Hecht-Toni-1920x1920.jpg 1920w, https:\/\/www.pfarregersthof.at\/komm\/wp-content\/uploads\/2020\/12\/Hecht-Toni.jpg 2017w\" sizes=\"auto, (max-width: 150px) 100vw, 150px\" \/><\/td>\n<td><strong>Anton HECHT, Diakon<\/strong><\/td>\n<\/tr>\n<tr>\n<td>Jahrgang: 1949<\/td>\n<\/tr>\n<tr>\n<td>Amtliches Mitglied als Vertreter der Diakone<\/td>\n<\/tr>\n<tr>\n<td>&nbsp;<\/td>\n<\/tr>\n<\/tbody>\n<\/table>\n<hr>\n<table style=\"width: 80%;\">\n<tbody>\n<tr>\n<td style=\"width: 160px;\" rowspan=\"4\"><a href=\"https:\/\/www.pfarregersthof.at\/komm\/wp-content\/uploads\/2022\/05\/Alexander_Kainz_2022a.jpg\"><img loading=\"lazy\" decoding=\"async\" class=\"alignnone size-thumbnail wp-image-10970\" src=\"https:\/\/www.pfarregersthof.at\/komm\/wp-content\/uploads\/2022\/05\/Alexander_Kainz_2022a-150x150.jpg\" alt=\"\" width=\"150\" height=\"150\"><\/a><\/td>\n<td><strong>Alexander KAINZ<\/strong><\/td>\n<\/tr>\n<tr>\n<td>Jahrgang: 1996<\/td>\n<\/tr>\n<tr>\n<td>Gew\u00e4hltes Mitglied<\/td>\n<\/tr>\n<tr>\n<td>M\u00f6chte beitragen zu Jugendarbeit und Ministranten, Wiederbelebung des Pfarrgemeindelebens nach der Pandemie&nbsp;<\/td>\n<\/tr>\n<\/tbody>\n<\/table>\n<hr>\n<table style=\"width: 80%;\">\n<tbody>\n<tr>\n<td style=\"width: 160px;\" rowspan=\"4\"><a href=\"https:\/\/www.pfarregersthof.at\/komm\/wp-content\/uploads\/2022\/05\/Maria_Kissich_2022a.jpg\"><img loading=\"lazy\" decoding=\"async\" class=\"alignnone size-thumbnail wp-image-10969\" src=\"https:\/\/www.pfarregersthof.at\/komm\/wp-content\/uploads\/2022\/05\/Maria_Kissich_2022a-150x150.jpg\" alt=\"\" width=\"150\" height=\"150\"><\/a><\/td>\n<td><strong>Maria KISSICH<\/strong><\/td>\n<\/tr>\n<tr>\n<td>Jahrgang: 1955<\/td>\n<\/tr>\n<tr>\n<td>Gew\u00e4hltes Mitglied<\/td>\n<\/tr>\n<tr>\n<td>M\u00f6chte beitragen zur Pfarrcaritas, Vertretung der Gemeinschaft der Johannes-Nepomuk-Kapelle<\/td>\n<\/tr>\n<\/tbody>\n<\/table>\n<hr>\n<table style=\"width: 80%;\">\n<tbody>\n<tr>\n<td style=\"width: 160px;\" rowspan=\"4\"><a href=\"https:\/\/www.pfarregersthof.at\/komm\/wp-content\/uploads\/2022\/09\/ArthurKolker_2022a.jpg\"><img loading=\"lazy\" decoding=\"async\" class=\"alignnone size-thumbnail wp-image-10970\" src=\"https:\/\/www.pfarregersthof.at\/komm\/wp-content\/uploads\/2022\/09\/ArthurKolker_2022a-150x150.jpg\" alt=\"\" width=\"150\" height=\"150\"><\/a><\/td>\n<td><strong>Arthur KOLKER<\/strong><\/td>\n<\/tr>\n<tr>\n<td>&nbsp;<\/td>\n<\/tr>\n<tr>\n<td>Amtliches Mitglied als Pastoralassistent<\/td>\n<\/tr>\n<tr>\n<td>Ist ab September 2022 in der Pfarre aktiv, m\u00f6chte sie jetzt einmal kennenlernen.<\/td>\n<\/tr>\n<\/tbody>\n<\/table>\n<hr>\n<table style=\"width: 80%;\">\n<tbody>\n<tr>\n<td style=\"width: 160px; height: 154px;\" rowspan=\"4\"><img loading=\"lazy\" decoding=\"async\" class=\"alignnone size-thumbnail wp-image-8197\" src=\"https:\/\/www.pfarregersthof.at\/komm\/wp-content\/uploads\/2020\/12\/Kromer-Elisabeth-150x150.jpg\" alt=\"\" width=\"150\" height=\"150\" srcset=\"https:\/\/www.pfarregersthof.at\/komm\/wp-content\/uploads\/2020\/12\/Kromer-Elisabeth-150x150.jpg 150w, https:\/\/www.pfarregersthof.at\/komm\/wp-content\/uploads\/2020\/12\/Kromer-Elisabeth-300x300.jpg 300w, https:\/\/www.pfarregersthof.at\/komm\/wp-content\/uploads\/2020\/12\/Kromer-Elisabeth-420x420.jpg 420w, https:\/\/www.pfarregersthof.at\/komm\/wp-content\/uploads\/2020\/12\/Kromer-Elisabeth.jpg 500w\" sizes=\"auto, (max-width: 150px) 100vw, 150px\" \/><\/td>\n<td><strong>Elisabeth KROMER<\/strong><\/td>\n<\/tr>\n<tr>\n<td>Jahrgang: 1965<\/td>\n<\/tr>\n<tr>\n<td>Amtliches Mitglied als Mitglied des Pfarrleitungsteams<\/td>\n<\/tr>\n<tr>\n<td>&nbsp;<\/td>\n<\/tr>\n<\/tbody>\n<\/table>\n<hr>\n<table style=\"width: 80%;\">\n<tbody>\n<tr>\n<td style=\"width: 160px;\" rowspan=\"4\"><a href=\"https:\/\/www.pfarregersthof.at\/komm\/wp-content\/uploads\/2022\/05\/David_Poetz_2022a.jpg\"><img loading=\"lazy\" decoding=\"async\" class=\"alignnone size-thumbnail wp-image-10975\" src=\"https:\/\/www.pfarregersthof.at\/komm\/wp-content\/uploads\/2022\/05\/David_Poetz_2022a-150x150.jpg\" alt=\"\" width=\"150\" height=\"150\"><\/a><\/td>\n<td><strong>David Bernhard P\u00d6TZ<\/strong><\/td>\n<\/tr>\n<tr>\n<td>Jahrgang: 1979<\/td>\n<\/tr>\n<tr>\n<td>Gew\u00e4hltes Mitglied<\/td>\n<\/tr>\n<tr>\n<td>M\u00f6chte beitragen zu einer Balance aus zeitgem\u00e4\u00dfem Gemeindeleben und intellektuellem Austausch mit Blick auf Christus<\/td>\n<\/tr>\n<\/tbody>\n<\/table>\n<hr>\n<table style=\"width: 80%; height: 184px;\">\n<tbody>\n<tr>\n<td style=\"width: 160px; height: 184px;\" rowspan=\"4\">\n<p><a href=\"https:\/\/www.pfarregersthof.at\/komm\/wp-content\/uploads\/2022\/05\/MariaScherzerScholz1-scaled.jpg\"><img loading=\"lazy\" decoding=\"async\" class=\"alignleft wp-image-11572 size-thumbnail\" src=\"https:\/\/www.pfarregersthof.at\/komm\/wp-content\/uploads\/2022\/05\/MariaScherzerScholz1-150x150.jpg\" alt=\"\" width=\"150\" height=\"150\" srcset=\"https:\/\/www.pfarregersthof.at\/komm\/wp-content\/uploads\/2022\/05\/MariaScherzerScholz1-150x150.jpg 150w, https:\/\/www.pfarregersthof.at\/komm\/wp-content\/uploads\/2022\/05\/MariaScherzerScholz1-300x300.jpg 300w, https:\/\/www.pfarregersthof.at\/komm\/wp-content\/uploads\/2022\/05\/MariaScherzerScholz1-800x800.jpg 800w, https:\/\/www.pfarregersthof.at\/komm\/wp-content\/uploads\/2022\/05\/MariaScherzerScholz1-768x768.jpg 768w, https:\/\/www.pfarregersthof.at\/komm\/wp-content\/uploads\/2022\/05\/MariaScherzerScholz1-1536x1536.jpg 1536w, https:\/\/www.pfarregersthof.at\/komm\/wp-content\/uploads\/2022\/05\/MariaScherzerScholz1-2048x2048.jpg 2048w, https:\/\/www.pfarregersthof.at\/komm\/wp-content\/uploads\/2022\/05\/MariaScherzerScholz1-696x696.jpg 696w, https:\/\/www.pfarregersthof.at\/komm\/wp-content\/uploads\/2022\/05\/MariaScherzerScholz1-1068x1068.jpg 1068w, https:\/\/www.pfarregersthof.at\/komm\/wp-content\/uploads\/2022\/05\/MariaScherzerScholz1-420x420.jpg 420w, https:\/\/www.pfarregersthof.at\/komm\/wp-content\/uploads\/2022\/05\/MariaScherzerScholz1-1920x1920.jpg 1920w\" sizes=\"auto, (max-width: 150px) 100vw, 150px\" \/><\/a><\/p>\n<\/td>\n<td><strong>Maria SCHERZER-SCHOLZ<\/strong><\/td>\n<\/tr>\n<tr>\n<td>Jahrgang: 1971<\/td>\n<\/tr>\n<tr>\n<td>Bestelltes Mitglied<\/td>\n<\/tr>\n<tr>\n<td>&nbsp;<\/td>\n<\/tr>\n<\/tbody>\n<\/table>\n<hr>\n<table style=\"width: 80%; height: 154px;\">\n<tbody>\n<tr style=\"height: 32px;\">\n<td style=\"width: 160px; height: 154px;\" rowspan=\"4\"><a href=\"https:\/\/www.pfarregersthof.at\/komm\/wp-content\/uploads\/2022\/05\/Dorli_Schiller-Berg_2022a.jpg\"><img loading=\"lazy\" decoding=\"async\" class=\"alignnone size-thumbnail wp-image-10972\" src=\"https:\/\/www.pfarregersthof.at\/komm\/wp-content\/uploads\/2022\/05\/Dorli_Schiller-Berg_2022a-150x150.jpg\" alt=\"\" width=\"150\" height=\"150\"><\/a><\/td>\n<td style=\"height: 32px;\"><strong>Dorli SCHILLER-BERG<\/strong><\/td>\n<\/tr>\n<tr style=\"height: 32px;\">\n<td style=\"height: 32px;\">Jahrgang: 1950<\/td>\n<\/tr>\n<tr style=\"height: 32px;\">\n<td style=\"height: 32px;\">Gew\u00e4hltes Mitglied<\/td>\n<\/tr>\n<tr style=\"height: 58px;\">\n<td style=\"height: 58px;\">M\u00f6chte beitragen zu harmonischem und lebendigem Pfarrgemeindeleben<\/td>\n<\/tr>\n<\/tbody>\n<\/table>\n<hr>\n<table style=\"width: 80%;\">\n<tbody>\n<tr>\n<td style=\"width: 160px;\" rowspan=\"4\"><a href=\"https:\/\/www.pfarregersthof.at\/komm\/wp-content\/uploads\/2022\/02\/mwsat-20220227-_DSF6133.jpg\"><img loading=\"lazy\" decoding=\"async\" class=\"alignnone size-thumbnail wp-image-10967\" src=\"https:\/\/www.pfarregersthof.at\/komm\/wp-content\/uploads\/2022\/02\/mwsat-20220227-_DSF6133-150x150.jpg\" alt=\"\" width=\"150\" height=\"150\" srcset=\"https:\/\/www.pfarregersthof.at\/komm\/wp-content\/uploads\/2022\/02\/mwsat-20220227-_DSF6133-150x150.jpg 150w, https:\/\/www.pfarregersthof.at\/komm\/wp-content\/uploads\/2022\/02\/mwsat-20220227-_DSF6133-300x300.jpg 300w, https:\/\/www.pfarregersthof.at\/komm\/wp-content\/uploads\/2022\/02\/mwsat-20220227-_DSF6133-800x800.jpg 800w, https:\/\/www.pfarregersthof.at\/komm\/wp-content\/uploads\/2022\/02\/mwsat-20220227-_DSF6133-768x768.jpg 768w, https:\/\/www.pfarregersthof.at\/komm\/wp-content\/uploads\/2022\/02\/mwsat-20220227-_DSF6133-696x696.jpg 696w, https:\/\/www.pfarregersthof.at\/komm\/wp-content\/uploads\/2022\/02\/mwsat-20220227-_DSF6133-420x420.jpg 420w, https:\/\/www.pfarregersthof.at\/komm\/wp-content\/uploads\/2022\/02\/mwsat-20220227-_DSF6133.jpg 1000w\" sizes=\"auto, (max-width: 150px) 100vw, 150px\" \/><\/a><\/td>\n<td><strong>Erwin SCHINNER<\/strong><\/td>\n<\/tr>\n<tr>\n<td>Jahrgang: 1956<\/td>\n<\/tr>\n<tr>\n<td>Gew\u00e4hltes Mitglied<\/td>\n<\/tr>\n<tr>\n<td>M\u00f6chte beitragen zu Liturgie, Multimedia und Kirchenraumgestaltung<\/td>\n<\/tr>\n<\/tbody>\n<\/table>\n<hr>\n<table style=\"width: 80%;\">\n<tbody>\n<tr>\n<td style=\"width: 160px;\" rowspan=\"4\"><a href=\"https:\/\/www.pfarregersthof.at\/komm\/wp-content\/uploads\/2022\/05\/Michael_Steidl_2022a.jpg\"><img loading=\"lazy\" decoding=\"async\" class=\"alignnone size-thumbnail wp-image-10965\" src=\"https:\/\/www.pfarregersthof.at\/komm\/wp-content\/uploads\/2022\/05\/Michael_Steidl_2022a-150x150.jpg\" alt=\"\" width=\"150\" height=\"150\"><\/a><\/td>\n<td><strong>Michael STEIDL<\/strong><\/td>\n<\/tr>\n<tr>\n<td>Jahrgang: 1955<\/td>\n<\/tr>\n<tr>\n<td>Bestelltes Mitglied<\/td>\n<\/tr>\n<tr>\n<td>M\u00f6chte beitragen zur Kommunikation in verschiedenen Formen (Web, Papier und Social Media); Leben der Botschaften Christi im Alltag<\/td>\n<\/tr>\n<\/tbody>\n<\/table>\n<hr>\n<table style=\"width: 80%;\">\n<tbody>\n<tr>\n<td style=\"width: 160px;\" rowspan=\"4\"><a href=\"https:\/\/www.pfarregersthof.at\/komm\/wp-content\/uploads\/2022\/05\/Wolfgang_Twaroch_2022a.jpg\"><img loading=\"lazy\" decoding=\"async\" class=\"alignnone size-thumbnail wp-image-10973\" src=\"https:\/\/www.pfarregersthof.at\/komm\/wp-content\/uploads\/2022\/05\/Wolfgang_Twaroch_2022a-150x150.jpg\" alt=\"\" width=\"150\" height=\"150\"><\/a><\/td>\n<td><strong>Wolfgang TWAROCH<\/strong><\/td>\n<\/tr>\n<tr>\n<td>Jahrgang: 1972<\/td>\n<\/tr>\n<tr>\n<td>Gew\u00e4hltes Mitglied<\/td>\n<\/tr>\n<tr>\n<td>M\u00f6chte beitragen zur Gesamtsicht auf die Pfarrgemeinde, Weiterentwicklung, Wallfahrt Mariazell, Ehe- und Segensvorbereitung<\/td>\n<\/tr>\n<\/tbody>\n<\/table>\n<hr>\n<table style=\"width: 80%; height: 154px;\">\n<tbody>\n<tr style=\"height: 32px;\">\n<td style=\"width: 160px; height: 154px;\" rowspan=\"4\"><a href=\"https:\/\/www.pfarregersthof.at\/komm\/wp-content\/uploads\/2022\/05\/Christopher_Weninger_2022a.jpg\"><img loading=\"lazy\" decoding=\"async\" class=\"alignnone size-thumbnail wp-image-10971\" src=\"https:\/\/www.pfarregersthof.at\/komm\/wp-content\/uploads\/2022\/05\/Christopher_Weninger_2022a-150x150.jpg\" alt=\"\" width=\"150\" height=\"150\"><\/a><\/td>\n<td style=\"height: 32px;\"><strong>Christopher WENINGER<\/strong><\/td>\n<\/tr>\n<tr style=\"height: 32px;\">\n<td style=\"height: 32px;\">Jahrgang: 2001<\/td>\n<\/tr>\n<tr style=\"height: 32px;\">\n<td style=\"height: 32px;\">Gew\u00e4hltes Mitglied<\/td>\n<\/tr>\n<tr style=\"height: 58px;\">\n<td style=\"height: 58px;\">M\u00f6chte beitragen zu Ministranten, zu einer auch f\u00fcr junge Christen attraktiven Kirche<\/td>\n<\/tr>\n<\/tbody>\n<\/table>\n<hr>\n<table style=\"width: 80%;\">\n<tbody>\n<tr>\n<td style=\"width: 160px;\" rowspan=\"4\">&nbsp;<\/td>\n<td><strong>Heinrich WENINGER<\/strong><\/td>\n<\/tr>\n<tr>\n<td>Jahrgang: 1959<\/td>\n<\/tr>\n<tr>\n<td>Amtliches Mitglied als Stv. Vorsitzender des Verm\u00f6gensverwaltungsrates (VVR)<\/td>\n<\/tr>\n<tr>\n<td>&nbsp;<\/td>\n<\/tr>\n<\/tbody>\n<\/table>\n<hr>\n<table style=\"width: 80%;\">\n<tbody>\n<tr>\n<td style=\"width: 160px;\" rowspan=\"4\"><a href=\"https:\/\/www.pfarregersthof.at\/komm\/wp-content\/uploads\/2022\/05\/Alexander_Winkler_2022a.jpg\"><img loading=\"lazy\" decoding=\"async\" class=\"alignnone size-thumbnail wp-image-10968\" src=\"https:\/\/www.pfarregersthof.at\/komm\/wp-content\/uploads\/2022\/05\/Alexander_Winkler_2022a-150x150.jpg\" alt=\"\" width=\"150\" height=\"150\"><\/a><\/td>\n<td><strong>Alexander WINKLER, Stv. Vorsitzender<\/strong><\/td>\n<\/tr>\n<tr>\n<td>Jahrgang: 1973<\/td>\n<\/tr>\n<tr>\n<td>Gew\u00e4hltes Mitglied<\/td>\n<\/tr>\n<tr>\n<td>M\u00f6chte beitragen zu Jugend, Organisation, Verm\u00f6gensverwaltung<\/td>\n<\/tr>\n<\/tbody>\n<\/table>\n<hr>\n<table style=\"width: 80%;\">\n<tbody>\n<tr>\n<td style=\"width: 160px;\" rowspan=\"4\"><img loading=\"lazy\" decoding=\"async\" class=\"alignleft size-thumbnail wp-image-8048\" src=\"https:\/\/www.pfarregersthof.at\/komm\/wp-content\/uploads\/2020\/11\/Zakreta-150x150.jpg\" alt=\"\" width=\"150\" height=\"150\" srcset=\"https:\/\/www.pfarregersthof.at\/komm\/wp-content\/uploads\/2020\/11\/Zakreta-150x150.jpg 150w, https:\/\/www.pfarregersthof.at\/komm\/wp-content\/uploads\/2020\/11\/Zakreta-300x300.jpg 300w, https:\/\/www.pfarregersthof.at\/komm\/wp-content\/uploads\/2020\/11\/Zakreta-420x420.jpg 420w, https:\/\/www.pfarregersthof.at\/komm\/wp-content\/uploads\/2020\/11\/Zakreta.jpg 500w\" sizes=\"auto, (max-width: 150px) 100vw, 150px\" \/><\/td>\n<td><strong>P. Arkadiusz ZAKRETA CM, Pfarrer<\/strong><\/td>\n<\/tr>\n<tr>\n<td>Jahrgang: 1963<\/td>\n<\/tr>\n<tr>\n<td>Amtliches Mitglied<\/td>\n<\/tr>\n<tr>\n<td>&nbsp;<\/td>\n<\/tr>\n<\/tbody>\n<\/table>\n<p><sup>Fotos: P. Marek Kalisz CM, Xaver Muri, Michael Steidl, Wolfgang Twaroch<\/sup><\/p>\n","protected":false},"excerpt":{"rendered":"<p>Folgende Personen sind derzeit Mitglieder des Pfarrgemeinderates in der Funktionsperiode 2022 bis 2027 \u2013 in alphabetischer Reihenfolge ihrer Zunamen: P. Matthias CEPIELIK CM Jahrgang: 1992 Amtliches Mitglied als Vertreter der Priester &nbsp; Johannes GR\u00dcNBECK Jahrgang: 2001 Gew\u00e4hltes Mitglied M\u00f6chte beitragen zu Jugendarbeit und Ministranten, allgemeiner Pfarrgemeindearbeit Anton HECHT, Diakon Jahrgang: 1949 Amtliches Mitglied als Vertreter [&hellip;]<\/p>\n","protected":false},"author":2,"featured_media":0,"parent":526,"menu_order":0,"comment_status":"closed","ping_status":"closed","template":"","meta":{"ngg_post_thumbnail":0,"footnotes":""},"class_list":["post-11153","page","type-page","status-publish"],"publishpress_future_action":{"enabled":false,"date":"2026-05-09 19:04:07","action":"change-status","newStatus":"draft","terms":[],"taxonomy":"category","extraData":[]},"publishpress_future_workflow_manual_trigger":{"enabledWorkflows":[]},"_links":{"self":[{"href":"https:\/\/www.pfarregersthof.at\/komm\/wp-json\/wp\/v2\/pages\/11153","targetHints":{"allow":["GET"]}}],"collection":[{"href":"https:\/\/www.pfarregersthof.at\/komm\/wp-json\/wp\/v2\/pages"}],"about":[{"href":"https:\/\/www.pfarregersthof.at\/komm\/wp-json\/wp\/v2\/types\/page"}],"author":[{"embeddable":true,"href":"https:\/\/www.pfarregersthof.at\/komm\/wp-json\/wp\/v2\/users\/2"}],"replies":[{"embeddable":true,"href":"https:\/\/www.pfarregersthof.at\/komm\/wp-json\/wp\/v2\/comments?post=11153"}],"version-history":[{"count":39,"href":"https:\/\/www.pfarregersthof.at\/komm\/wp-json\/wp\/v2\/pages\/11153\/revisions"}],"predecessor-version":[{"id":18618,"href":"https:\/\/www.pfarregersthof.at\/komm\/wp-json\/wp\/v2\/pages\/11153\/revisions\/18618"}],"up":[{"embeddable":true,"href":"https:\/\/www.pfarregersthof.at\/komm\/wp-json\/wp\/v2\/pages\/526"}],"wp:attachment":[{"href":"https:\/\/www.pfarregersthof.at\/komm\/wp-json\/wp\/v2\/media?parent=11153"}],"curies":[{"name":"wp","href":"https:\/\/api.w.org\/{rel}","templated":true}]}}