{"id":1221,"date":"2012-12-09T16:45:11","date_gmt":"2012-12-09T14:45:11","guid":{"rendered":"http:\/\/www.pfarregersthof.at\/komm\/?page_id=1221"},"modified":"2019-08-08T17:27:53","modified_gmt":"2019-08-08T16:27:53","slug":"ministrantinnen","status":"publish","type":"page","link":"https:\/\/www.pfarregersthof.at\/komm\/pfarre-von-a-z\/gruppen-initiativen\/ministrantinnen\/","title":{"rendered":"MinistrantInnen"},"content":{"rendered":"<h3>Aufgabe\/Ziel\/Beschreibung<\/h3>\n<p>MinistrantInnen absolvieren einen wichtigen Dienst als liturgische Rollentr\u00e4gerInnen im Altarraum. Derzeit (Stand Ende 2012) erf\u00fcllen 16 GruppenleiterInnen und 70 Kinder\/Jugendliche diesen Dienst. Die \u201eMinis&#8220; sind jahrgangsweise in Minigruppen mit \u00fcblicher Weise zwei GruppenleiterInnen, die sich w\u00f6chentlich f\u00fcr eine Stunde treffen. In diesen Gruppenstunden findet ein altersgem\u00e4\u00dfes, vielf\u00e4ltiges Programm statt: Hinf\u00fchrung zum und Ein\u00fcbung des liturgischen Geschehens, Zugang zu, und Diskussion von Glaube und Liturgie und nat\u00fcrlich viel Spa\u00df und Spiel. Neben den Gruppenstunden gibt es ein reichhaltiges Angebot an monatlichen Events wie z.B. ein Faschingsfest, Videonights, die Nachtwanderung oder das Weihnachtsbasteln, sowie das hei\u00df ersehnte Minilager im Sommer. \u00dcber den Dienst als und das Heranwachsen in der Gemeinschaft der MinistrantInnen werden Kinder und Jugendliche in die Gemeinde integriert und spielerisch an wichtige Themen des Glaubens und des Lebens herangef\u00fchrt.<\/p>\n<h3>Wie kann man mitmachen?<\/h3>\n<p>Kernaufgabe der Minis ist und bleibt der liturgische Dienst bei Gemeindemessen und im Anlassfall auch bei Beerdigungen, Hochzeiten und Taufen. Davon ausgehend lernen die Kinder nicht nur, wie sie diesen Dienst aus\u00fcben, sondern erkennen und erfahren auch die Verbindung von Gottesdienst und Glaube, Liturgie und Leben. Davon abgesehen wird mit der Einbindung in die Minigruppe und den w\u00f6chentlichen Gruppenstunden eine M\u00f6glichkeit geschaffen, \u00fcber die die Kinder Freunde finden, Spa\u00df haben und einiges lernen k\u00f6nnen. Im Idealfall dauert die Mitgliedschaft bei den Minis von der Erstkommunion bis zur Firmung und dar\u00fcber hinaus. \u201eMini&#8220; sein ist f\u00fcr viele Kinder und Jugendliche fester und wichtiger Bestandteil ihres Lebens.<\/p>\n<h3>Regelm\u00e4\u00dfige Treffen<\/h3>\n<ul>\n<li>w\u00f6chentliche Gruppenstunden (jede Gruppe entscheidet am Schulbeginn gemeinsam \u00fcber den Termin der Stunde)<\/li>\n<li>Altardienst in einem der Gottesdienste der Pfarre<\/li>\n<li>monatliche Aktivit\u00e4ten der MinistrantInnen (werden 3 Wochen vorher angek\u00fcndigt)<\/li>\n<li>MinistrantInnenlager (in der letzten Sommerferienwoche)<\/li>\n<\/ul>\n<p align=\"left\">Details sind zu finden im Web unter&nbsp;<a href=\"http:\/\/www.minisgersthof.at\" target=\"_blank\" rel=\"noopener noreferrer\"> www.minisgersthof.at<\/a><\/p>\n","protected":false},"excerpt":{"rendered":"<p>Aufgabe\/Ziel\/Beschreibung MinistrantInnen absolvieren einen wichtigen Dienst als liturgische Rollentr\u00e4gerInnen im Altarraum. Derzeit (Stand Ende 2012) erf\u00fcllen 16 GruppenleiterInnen und 70 Kinder\/Jugendliche diesen Dienst. Die \u201eMinis&#8220; sind jahrgangsweise in Minigruppen mit \u00fcblicher Weise zwei GruppenleiterInnen, die sich w\u00f6chentlich f\u00fcr eine Stunde treffen. In diesen Gruppenstunden findet ein altersgem\u00e4\u00dfes, vielf\u00e4ltiges Programm statt: Hinf\u00fchrung zum und Ein\u00fcbung des [&hellip;]<\/p>\n","protected":false},"author":2,"featured_media":0,"parent":1071,"menu_order":0,"comment_status":"open","ping_status":"open","template":"","meta":{"ngg_post_thumbnail":0,"footnotes":""},"class_list":["post-1221","page","type-page","status-publish"],"publishpress_future_action":{"enabled":false,"date":"2026-04-23 19:43:56","action":"change-status","newStatus":"draft","terms":[],"taxonomy":"category","extraData":[]},"publishpress_future_workflow_manual_trigger":{"enabledWorkflows":[]},"_links":{"self":[{"href":"https:\/\/www.pfarregersthof.at\/komm\/wp-json\/wp\/v2\/pages\/1221","targetHints":{"allow":["GET"]}}],"collection":[{"href":"https:\/\/www.pfarregersthof.at\/komm\/wp-json\/wp\/v2\/pages"}],"about":[{"href":"https:\/\/www.pfarregersthof.at\/komm\/wp-json\/wp\/v2\/types\/page"}],"author":[{"embeddable":true,"href":"https:\/\/www.pfarregersthof.at\/komm\/wp-json\/wp\/v2\/users\/2"}],"replies":[{"embeddable":true,"href":"https:\/\/www.pfarregersthof.at\/komm\/wp-json\/wp\/v2\/comments?post=1221"}],"version-history":[{"count":7,"href":"https:\/\/www.pfarregersthof.at\/komm\/wp-json\/wp\/v2\/pages\/1221\/revisions"}],"predecessor-version":[{"id":5890,"href":"https:\/\/www.pfarregersthof.at\/komm\/wp-json\/wp\/v2\/pages\/1221\/revisions\/5890"}],"up":[{"embeddable":true,"href":"https:\/\/www.pfarregersthof.at\/komm\/wp-json\/wp\/v2\/pages\/1071"}],"wp:attachment":[{"href":"https:\/\/www.pfarregersthof.at\/komm\/wp-json\/wp\/v2\/media?parent=1221"}],"curies":[{"name":"wp","href":"https:\/\/api.w.org\/{rel}","templated":true}]}}