{"id":1329,"date":"2013-01-09T21:57:12","date_gmt":"2013-01-09T19:57:12","guid":{"rendered":"http:\/\/www.pfarregersthof.at\/komm\/?page_id=1329"},"modified":"2013-01-09T22:21:57","modified_gmt":"2013-01-09T20:21:57","slug":"glaubensbaume-im-18-bezirk","status":"publish","type":"page","link":"https:\/\/www.pfarregersthof.at\/komm\/pfarre-von-a-z\/gruppen-initiativen\/glaubensbaume-im-18-bezirk\/","title":{"rendered":"Glaubensb\u00e4ume im 18. Bezirk"},"content":{"rendered":"<h1>Glaubensb\u00e4ume bl\u00fchen im ganzen Bezirk W\u00e4hring in der Osterzeit<\/h1>\n<h2>Das Projekt<\/h2>\n<p><a href=\"https:\/\/www.pfarregersthof.at\/komm\/pfarre-von-a-z\/gruppen-initiativen\/glaubensbaume-im-18-bezirk\/wbaum2\/\" rel=\"attachment wp-att-1330\"><img loading=\"lazy\" decoding=\"async\" class=\"alignleft size-thumbnail wp-image-1330\" alt=\"Wissensbaum1\" src=\"https:\/\/www.pfarregersthof.at\/komm\/wp-content\/uploads\/2013\/01\/WBaum2-150x112.jpg\" width=\"150\" height=\"112\" srcset=\"https:\/\/www.pfarregersthof.at\/komm\/wp-content\/uploads\/2013\/01\/WBaum2-150x112.jpg 150w, https:\/\/www.pfarregersthof.at\/komm\/wp-content\/uploads\/2013\/01\/WBaum2-300x225.jpg 300w, https:\/\/www.pfarregersthof.at\/komm\/wp-content\/uploads\/2013\/01\/WBaum2.jpg 683w\" sizes=\"auto, (max-width: 150px) 100vw, 150px\" \/><\/a>Im \u201eJahr des Glaubens 2013\u201c sind alle Christinnen und Christen besonders eingeladen, weithin sichtbare Zeichen ihres Glaubens zu setzen. Wir leisten dazu einen Beitrag!<br \/>\nDas Projekt \u201eGlaubensb\u00e4ume in W\u00e4hring\u201c wird w\u00e4hrend der gesamten Osterzeit 2013 auf 21\u00a0\u00a0 Glaubensb\u00e4umen (Bilder siehe unten) Glaubenszeugnisse von insgesamt 126 Personen aus W\u00e4hring und ganz Wien pr\u00e4sentieren. Die B\u00e4ume\u00a0 werden zu Ostern an 7 frequentierten Pl\u00e4tzen (z.B. Kutschkermarkt, Gersthofer Platzl, Aumannplatz, P\u00f6tzleinsdorfer Park, etc.) in Dreiergruppen aufgestellt und bis Pfingsten 2013 gezeigt. Ein Glaubensbaum zeigt 6 Personen mit Ihren Aussagen und Fotos. Jede Woche werden die B\u00e4ume der Standpl\u00e4tze rotiert, sodass nach 7 Wochen alle B\u00e4ume an allen Standorten zu sehen waren. Das Projekt schlie\u00dft mit einem gemeinsamen Glaubensfest ab, zu dem alle Autoren, Gl\u00e4ubigen und Interessierten besonders geladen sind.<\/p>\n<h2>Ziel<\/h2>\n<p><a href=\"https:\/\/www.pfarregersthof.at\/komm\/pfarre-von-a-z\/gruppen-initiativen\/glaubensbaume-im-18-bezirk\/wbaum3\/\" rel=\"attachment wp-att-1332\"><img loading=\"lazy\" decoding=\"async\" class=\"size-thumbnail wp-image-1332 alignright\" alt=\"Wissensbaum3\" src=\"https:\/\/www.pfarregersthof.at\/komm\/wp-content\/uploads\/2013\/01\/WBaum3-150x112.jpg\" width=\"150\" height=\"112\" srcset=\"https:\/\/www.pfarregersthof.at\/komm\/wp-content\/uploads\/2013\/01\/WBaum3-150x112.jpg 150w, https:\/\/www.pfarregersthof.at\/komm\/wp-content\/uploads\/2013\/01\/WBaum3-300x225.jpg 300w, https:\/\/www.pfarregersthof.at\/komm\/wp-content\/uploads\/2013\/01\/WBaum3-800x600.jpg 800w, https:\/\/www.pfarregersthof.at\/komm\/wp-content\/uploads\/2013\/01\/WBaum3-1024x767.jpg 1024w, https:\/\/www.pfarregersthof.at\/komm\/wp-content\/uploads\/2013\/01\/WBaum3-768x576.jpg 768w, https:\/\/www.pfarregersthof.at\/komm\/wp-content\/uploads\/2013\/01\/WBaum3.jpg 1387w\" sizes=\"auto, (max-width: 150px) 100vw, 150px\" \/><\/a>Mit den 126 Glaubenszeugnissen soll Glaube als wichtiger und wertvoller Teil des t\u00e4glichen Lebens vermittelt werden. Menschen sollen angeregt werden, \u00fcber ihren Glauben neu nachdenken, der Mut zum Glauben soll wachsen. Der Glaube der Christinnen und Christen soll \u00f6ffentlich verk\u00fcndet, eine Br\u00fccke zur Gesellschaft gebaut werden. Mit der Einbindung von Nicht-ChristInnen setzen wir ein Zeichen des Respekts vor anderen Religionen und des religi\u00f6sen Dialogs.<\/p>\n<h2>Mache mit!<\/h2>\n<p><a href=\"https:\/\/www.pfarregersthof.at\/komm\/pfarre-von-a-z\/gruppen-initiativen\/glaubensbaume-im-18-bezirk\/wbaum1\/\" rel=\"attachment wp-att-1331\"><img loading=\"lazy\" decoding=\"async\" class=\"alignleft size-thumbnail wp-image-1331\" alt=\"Wissensbaum2\" src=\"https:\/\/www.pfarregersthof.at\/komm\/wp-content\/uploads\/2013\/01\/WBaum1-150x112.jpg\" width=\"150\" height=\"112\" \/><\/a>Wir laden Sie bzw. Dich herzlich ein, an diesem Projekt teilzunehmen und ein Glaubenszeugnis beizutragen. Anregungen f\u00fcr den Text (auch L\u00e4nge, etc.) \u00a0sind in einem vorbereiteten Word\/OpenDoc-etc-Dokument (<a title=\"Zeugnis-Dokument\" href=\"https:\/\/www.pfarregersthof.at\/dokus\/Glaubensbaeume18Bezirk-EinZeugnis.rtf\" target=\"_blank\">hier herunterladen<\/a>) zu finden.<\/p>\n<p>&nbsp;<\/p>\n<p>Bitte den Text und das Foto <strong>bis sp\u00e4testens 15. Februar 2013<\/strong> per Email an den Organisator des Projektes, Andreas Brandner, senden: <a href=\"mailto:andreas.brandner@km-a.net\">andreas.brandner@km-a.net<\/a>.<br \/>\nBei Fragen bitte ihn einfach anrufen: 0664\/145 13 13.<\/p>\n","protected":false},"excerpt":{"rendered":"<p>Glaubensb\u00e4ume bl\u00fchen im ganzen Bezirk W\u00e4hring in der Osterzeit Das Projekt Im \u201eJahr des Glaubens 2013\u201c sind alle Christinnen und Christen besonders eingeladen, weithin sichtbare Zeichen ihres Glaubens zu setzen. Wir leisten dazu einen Beitrag! Das Projekt \u201eGlaubensb\u00e4ume in W\u00e4hring\u201c wird w\u00e4hrend der gesamten Osterzeit 2013 auf 21\u00a0\u00a0 Glaubensb\u00e4umen (Bilder siehe unten) Glaubenszeugnisse von insgesamt [&hellip;]<\/p>\n","protected":false},"author":2,"featured_media":0,"parent":1071,"menu_order":0,"comment_status":"open","ping_status":"open","template":"","meta":{"ngg_post_thumbnail":0,"footnotes":""},"class_list":["post-1329","page","type-page","status-publish"],"publishpress_future_action":{"enabled":false,"date":"2026-04-19 14:39:16","action":"change-status","newStatus":"draft","terms":[],"taxonomy":"category","extraData":[]},"publishpress_future_workflow_manual_trigger":{"enabledWorkflows":[]},"_links":{"self":[{"href":"https:\/\/www.pfarregersthof.at\/komm\/wp-json\/wp\/v2\/pages\/1329","targetHints":{"allow":["GET"]}}],"collection":[{"href":"https:\/\/www.pfarregersthof.at\/komm\/wp-json\/wp\/v2\/pages"}],"about":[{"href":"https:\/\/www.pfarregersthof.at\/komm\/wp-json\/wp\/v2\/types\/page"}],"author":[{"embeddable":true,"href":"https:\/\/www.pfarregersthof.at\/komm\/wp-json\/wp\/v2\/users\/2"}],"replies":[{"embeddable":true,"href":"https:\/\/www.pfarregersthof.at\/komm\/wp-json\/wp\/v2\/comments?post=1329"}],"version-history":[{"count":7,"href":"https:\/\/www.pfarregersthof.at\/komm\/wp-json\/wp\/v2\/pages\/1329\/revisions"}],"predecessor-version":[{"id":1335,"href":"https:\/\/www.pfarregersthof.at\/komm\/wp-json\/wp\/v2\/pages\/1329\/revisions\/1335"}],"up":[{"embeddable":true,"href":"https:\/\/www.pfarregersthof.at\/komm\/wp-json\/wp\/v2\/pages\/1071"}],"wp:attachment":[{"href":"https:\/\/www.pfarregersthof.at\/komm\/wp-json\/wp\/v2\/media?parent=1329"}],"curies":[{"name":"wp","href":"https:\/\/api.w.org\/{rel}","templated":true}]}}