{"id":13473,"date":"2023-02-21T20:32:03","date_gmt":"2023-02-21T19:32:03","guid":{"rendered":"https:\/\/www.pfarregersthof.at\/komm\/?page_id=13473"},"modified":"2023-02-21T20:32:04","modified_gmt":"2023-02-21T19:32:04","slug":"predigt-am-19-2-2023","status":"publish","type":"page","link":"https:\/\/www.pfarregersthof.at\/komm\/predigten\/predigt-am-19-2-2023\/","title":{"rendered":"Predigt am 19.2.2023"},"content":{"rendered":"\n<p>Predigt von Gabi Huber am 19.2.2023 zu den Lesungen 1. Koritherbrief 3,16 -23, Evangelium nach Matth\u00e4us 5,38 \u2013 48<\/p>\n<p><em>Liebe Gemeinde !<\/em><\/p>\n<p><em>\u201eWisst ihr nicht, dass ihr Tempel Gottes seid und der Geist Gottes in euch wohnt ?\u201c<\/em><br><em>Das ist ein gro\u00dfer und gewaltiger Satz, den Paulus hier an die Gemeinde in Korinth schreibt. Wisst ihr nicht, dass ihr Gottes Tempel seid ?<\/em><br><em>Dieses Wort richtet Paulus an die Gemeinde, also auch an uns, die wir zur Gemeinschaft der Christen geh\u00f6ren.<\/em><br><em>Ich war betroffen und habe mich von diesem Satz der Lesung ber\u00fchren lassen.<\/em><\/p>\n<p><em>Ein Tempel Gottes sein ? Was ist und hei\u00dft das \u00fcberhaupt ?<\/em><\/p>\n<p><em>Der Tempel Gottes, das ist der Ort, wo Gottes Geist wohnt.&nbsp; Das ist das Heiligtum in dem der Mensch seinem Gott begegnet und ihn verehrt. Das ist der Ort, die Zeit, in der sich Gott und Mensch ber\u00fchren. Und dieser Tempel geh\u00f6rt Gott.<\/em><br><em>Wenn ich Gottes Tempel bin, dann wohnt Gottes Geist in mir, dann bin ich ein Heiligtum, das Gott geh\u00f6rt.<\/em><br><em>Und wenn ich das so betrachte, da wird mir doch ein wenig bange zumute. Kann ich das, will ich das \u00fcberhaupt ? Welch ein Anspruch \u2013 das pack ich doch nie !<\/em><\/p>\n<p><em>Aber zugleich \u2013 welch eine Zusage ! Gott selbst wohnt in mir, ich bin ein Heiligtum Gottes! Das kann ich vielleicht glauben, erhoffen \u2013 aber Paulus erwartet noch mehr: Wisst ihr nicht ?<\/em><br><em>Wenn ich es wirklich w\u00fcsste, nicht nur mit dem Kopf, sondern auch mit dem Herzen, dann k\u00f6nnte ich wirklich anders&nbsp; dastehen und leben und sein. Wenn ich ein Tempel Gottes bin, dann darf all das in mir leben, was Gottes ist: Liebe und Gr\u00f6\u00dfe und Freiheit und Lebendigkeit und Hoffnung und\u2026 dann wei\u00df ich um meinen Wert, dann bin ich mir selbst kostbar.<\/em><\/p>\n<p><em>Es ist ein gro\u00dfes Geschenk, das Gott uns da zusagt. Er selbst erkl\u00e4rt uns Menschen zum Heiligtum, er will in uns wohnen. Wir sind wertvoll und kostbar f\u00fcr ihn. Er schenkt sich uns \u2013 und er traut uns zu, dass wir damit gut umgehen.<\/em><br><em>Unser Leben soll widerspiegeln, dass wir sein Tempel sind. Unser Leben soll Gottes Geist atmen, den Geist der Liebe, der Weisheit, der Kraft, des Mutes, der Hoffnung. Und davon k\u00f6nnen wir durchaus Zeugnis geben in unserem ganz normalen Alltag, zwischen Computer und Supermarkt, zwischen W\u00e4schewaschen und Aufr\u00e4umen, im Sprechen und im Schweigen, im Handeln und im Lassen.<\/em><\/p>\n<p><em>Diesen Vorschuss an Vertrauen kann ich durchaus auch missbrauchen, wenn ich nicht mehr Gott in mir wohnen lasse, sondern Geld und Gewinn, Besitz und Macht, Angst und Misstrauen, wenn ich nur noch darauf schaue wie ich auf meine Kosten komme.<\/em><br><em>Ich entweihe den Tempel, wenn ich nicht achtsam mit mir umgehe, mich selbst nicht gern habe und mir mehr abverlange als ich geben kann.<\/em><\/p>\n<p><em>Wenn jeder Mensch ein Tempel Gottes ist, dann ist die N\u00e4chstenliebe die logische Konsequenz.<\/em><br><em>Wir sollen uns selber wertsch\u00e4tzen, gut zu uns selber sein und genauso auch mit unserem N\u00e4chsten umgehen.<\/em><br><em>Nur wenn ich mich sch\u00e4tze, kann ich auch ein Schatz f\u00fcr andere sein.<\/em><\/p>\n<p><em><sub>Frei nach Texten von Andrea Schwarz<\/sub><\/em><\/p>\n","protected":false},"excerpt":{"rendered":"<p>Predigt von Gabi Huber am 19.2.2023 zu den Lesungen 1. Koritherbrief 3,16 -23, Evangelium nach Matth\u00e4us 5,38 \u2013 48 Liebe Gemeinde ! \u201eWisst ihr nicht, dass ihr Tempel Gottes seid und der Geist Gottes in euch wohnt ?\u201cDas ist ein gro\u00dfer und gewaltiger Satz, den Paulus hier an die Gemeinde in Korinth schreibt. Wisst ihr [&hellip;]<\/p>\n","protected":false},"author":2,"featured_media":0,"parent":6833,"menu_order":0,"comment_status":"closed","ping_status":"closed","template":"","meta":{"ngg_post_thumbnail":0,"footnotes":""},"class_list":["post-13473","page","type-page","status-publish"],"publishpress_future_action":{"enabled":false,"date":"2026-04-23 08:33:34","action":"change-status","newStatus":"draft","terms":[],"taxonomy":"category","extraData":[]},"publishpress_future_workflow_manual_trigger":{"enabledWorkflows":[]},"_links":{"self":[{"href":"https:\/\/www.pfarregersthof.at\/komm\/wp-json\/wp\/v2\/pages\/13473","targetHints":{"allow":["GET"]}}],"collection":[{"href":"https:\/\/www.pfarregersthof.at\/komm\/wp-json\/wp\/v2\/pages"}],"about":[{"href":"https:\/\/www.pfarregersthof.at\/komm\/wp-json\/wp\/v2\/types\/page"}],"author":[{"embeddable":true,"href":"https:\/\/www.pfarregersthof.at\/komm\/wp-json\/wp\/v2\/users\/2"}],"replies":[{"embeddable":true,"href":"https:\/\/www.pfarregersthof.at\/komm\/wp-json\/wp\/v2\/comments?post=13473"}],"version-history":[{"count":1,"href":"https:\/\/www.pfarregersthof.at\/komm\/wp-json\/wp\/v2\/pages\/13473\/revisions"}],"predecessor-version":[{"id":13474,"href":"https:\/\/www.pfarregersthof.at\/komm\/wp-json\/wp\/v2\/pages\/13473\/revisions\/13474"}],"up":[{"embeddable":true,"href":"https:\/\/www.pfarregersthof.at\/komm\/wp-json\/wp\/v2\/pages\/6833"}],"wp:attachment":[{"href":"https:\/\/www.pfarregersthof.at\/komm\/wp-json\/wp\/v2\/media?parent=13473"}],"curies":[{"name":"wp","href":"https:\/\/api.w.org\/{rel}","templated":true}]}}