{"id":17131,"date":"2024-10-03T21:50:20","date_gmt":"2024-10-03T19:50:20","guid":{"rendered":"https:\/\/www.pfarregersthof.at\/komm\/?page_id=17131"},"modified":"2024-11-25T19:13:17","modified_gmt":"2024-11-25T17:13:17","slug":"adventimpulse","status":"publish","type":"page","link":"https:\/\/www.pfarregersthof.at\/komm\/adventimpulse\/","title":{"rendered":"Adventimpulse"},"content":{"rendered":"\n<p><a href=\"https:\/\/www.pfarregersthof.at\/komm\/wp-content\/uploads\/2024\/10\/advimp-tag1.jpg\"><img loading=\"lazy\" decoding=\"async\" class=\"alignleft wp-image-17268\" src=\"https:\/\/www.pfarregersthof.at\/komm\/wp-content\/uploads\/2024\/10\/advimp-tag1-75x150.jpg\" alt=\"\" width=\"50\" height=\"100\" srcset=\"https:\/\/www.pfarregersthof.at\/komm\/wp-content\/uploads\/2024\/10\/advimp-tag1-75x150.jpg 75w, https:\/\/www.pfarregersthof.at\/komm\/wp-content\/uploads\/2024\/10\/advimp-tag1.jpg 130w\" sizes=\"auto, (max-width: 50px) 100vw, 50px\" \/><\/a><a href=\"https:\/\/www.pfarregersthof.at\/komm\/wp-content\/uploads\/2024\/10\/advimp-tag24.jpg\"><img loading=\"lazy\" decoding=\"async\" class=\"alignleft wp-image-17291\" src=\"https:\/\/www.pfarregersthof.at\/komm\/wp-content\/uploads\/2024\/10\/advimp-tag24-38x150.jpg\" alt=\"\" width=\"26\" height=\"100\" srcset=\"https:\/\/www.pfarregersthof.at\/komm\/wp-content\/uploads\/2024\/10\/advimp-tag24-77x300.jpg 77w, https:\/\/www.pfarregersthof.at\/komm\/wp-content\/uploads\/2024\/10\/advimp-tag24.jpg 83w\" sizes=\"auto, (max-width: 26px) 100vw, 26px\" \/><\/a>Die Zeit von Anfang Dezember bis zum Weihnachtsfest ist eine vielf\u00e4ltige: Geschenke sollen beschafft werden, in der Arbeit kommt das Jahresende immer n\u00e4her, ein Christbaum soll aufgestellt werden und andere zu besuchen, wird auch noch geplant. Und es sollten ein paar Gedanken daran, was zu Weihnachten gefeiert wird, Platz haben.<\/p>\n<p>Hier gibt es 24 Impulse f\u00fcr Gedanken, Aktivit\u00e4ten &#8211; gemacht, ausgesucht, gestaltet von j\u00fcngeren bis \u00e4lteren Menschen aus unserer Pfarrgemeinde:<\/p>\n<ul>\n<li><a href=\"https:\/\/www.pfarregersthof.at\/komm\/adventimpulse\/tag-1\">Impuls 1: Hallo Welt, bin bald bei euch<\/a><\/li>\n<li><a href=\"https:\/\/www.pfarregersthof.at\/komm\/adventimpulse\/tag-2\">Impuls 2: Zweiter Dezember im Leben von Gott&nbsp;<\/a><\/li>\n<li><a href=\"https:\/\/www.pfarregersthof.at\/komm\/adventimpulse\/tag-3\">Impuls 3: Adventmusik<\/a><\/li>\n<li><a href=\"https:\/\/www.pfarregersthof.at\/komm\/adventimpulse\/tag-4\">Impuls 4: Einladungen zum Lesen<\/a>&nbsp;<\/li>\n<li><a href=\"https:\/\/www.pfarregersthof.at\/komm\/adventimpulse\/tag-5\">Impuls 5: Rorate-Gedanken &#8211; Hab&#8216; erbarmen mit uns<\/a><\/li>\n<li><a href=\"https:\/\/www.pfarregersthof.at\/komm\/adventimpulse\/tag-6\">Impuls 6: Nikolaus und das besondere Geschenk<\/a><\/li>\n<li><a href=\"https:\/\/www.pfarregersthof.at\/komm\/adventimpulse\/tag-7\">Impuls 7: Advent ist nicht Weihnachten<\/a><\/li>\n<li><a href=\"https:\/\/www.pfarregersthof.at\/komm\/adventimpulse\/tag-8\">Impuls 8: Ruhe finden &#8211; den anderen finden<\/a><\/li>\n<li><a href=\"https:\/\/www.pfarregersthof.at\/komm\/adventimpulse\/tag-9\">Impuls 9: Wort Gottes &#8211; deine eigene Predigt<\/a><\/li>\n<li><a href=\"https:\/\/www.pfarregersthof.at\/komm\/adventimpulse\/tag-10\">Impuls 10: Weihnachtseink\u00e4ufe &#8211; alternativ<\/a><\/li>\n<li><a href=\"https:\/\/www.pfarregersthof.at\/komm\/adventimpulse\/tag-11\">Impuls 11: Maranatha Lied<\/a><\/li>\n<li><a href=\"https:\/\/www.pfarregersthof.at\/komm\/adventimpulse\/tag-12\">Impuls 12: Rorate-Gedanken &#8211; An Gott glauben !?!<\/a><\/li>\n<li><a href=\"https:\/\/www.pfarregersthof.at\/komm\/adventimpulse\/tag-13\">Impuls 13: Therapiezentrum in Bosnien<\/a><\/li>\n<li><a href=\"https:\/\/www.pfarregersthof.at\/komm\/adventimpulse\/tag-14\">Impuls 14: Das l\u00e4chelnde Christkind<\/a><\/li>\n<li><a href=\"https:\/\/www.pfarregersthof.at\/komm\/adventimpulse\/tag-15\">Impuls 15: Danke &#8230;<\/a><\/li>\n<li><a href=\"https:\/\/www.pfarregersthof.at\/komm\/adventimpulse\/tag-16\">Impuls 16: Ein sinnvolles Weihnachten<\/a><\/li>\n<li><a href=\"https:\/\/www.pfarregersthof.at\/komm\/adventimpulse\/tag-17\">Impuls 17: O Weisheit &#8230;<\/a><\/li>\n<li><a href=\"https:\/\/www.pfarregersthof.at\/komm\/adventimpulse\/tag-18\">Impuls 18: Weihnachten &#8211; ein Fest f\u00fcr Erwachsene<\/a><\/li>\n<li><a href=\"https:\/\/www.pfarregersthof.at\/komm\/adventimpulse\/tag-19\">Impuls 19: Rotate-Gedanken &#8211; Maria begegnet dem Engel<\/a><\/li>\n<li><a href=\"https:\/\/www.pfarregersthof.at\/komm\/adventimpulse\/tag-20\">Impuls 20: Weihnachten weltweit<\/a><\/li>\n<li><a href=\"https:\/\/www.pfarregersthof.at\/komm\/adventimpulse\/tag-21\">Impuls 21: Sternsinger &#8211; was wollen die?<\/a><\/li>\n<li><a href=\"https:\/\/www.pfarregersthof.at\/komm\/adventimpulse\/tag-22\">Impuls 22: Der kommende Gott<\/a><\/li>\n<li><a href=\"https:\/\/www.pfarregersthof.at\/komm\/adventimpulse\/tag-23\">Impuls 23: Kinder stellen heute die Krippenfiguren auf<\/a><\/li>\n<li><a href=\"https:\/\/www.pfarregersthof.at\/komm\/adventimpulse\/tag-24\">Impuls 24: Jesus kommt unter uns<\/a><\/li>\n<\/ul>\n","protected":false},"excerpt":{"rendered":"<p>Die Zeit von Anfang Dezember bis zum Weihnachtsfest ist eine vielf\u00e4ltige: Geschenke sollen beschafft werden, in der Arbeit kommt das Jahresende immer n\u00e4her, ein Christbaum soll aufgestellt werden und andere zu besuchen, wird auch noch geplant. Und es sollten ein paar Gedanken daran, was zu Weihnachten gefeiert wird, Platz haben. Hier gibt es 24 Impulse [&hellip;]<\/p>\n","protected":false},"author":2,"featured_media":0,"parent":0,"menu_order":0,"comment_status":"closed","ping_status":"closed","template":"","meta":{"ngg_post_thumbnail":0,"footnotes":""},"class_list":["post-17131","page","type-page","status-publish"],"publishpress_future_action":{"enabled":false,"date":"2026-04-29 10:12:56","action":"change-status","newStatus":"draft","terms":[],"taxonomy":"category","extraData":[]},"publishpress_future_workflow_manual_trigger":{"enabledWorkflows":[]},"_links":{"self":[{"href":"https:\/\/www.pfarregersthof.at\/komm\/wp-json\/wp\/v2\/pages\/17131","targetHints":{"allow":["GET"]}}],"collection":[{"href":"https:\/\/www.pfarregersthof.at\/komm\/wp-json\/wp\/v2\/pages"}],"about":[{"href":"https:\/\/www.pfarregersthof.at\/komm\/wp-json\/wp\/v2\/types\/page"}],"author":[{"embeddable":true,"href":"https:\/\/www.pfarregersthof.at\/komm\/wp-json\/wp\/v2\/users\/2"}],"replies":[{"embeddable":true,"href":"https:\/\/www.pfarregersthof.at\/komm\/wp-json\/wp\/v2\/comments?post=17131"}],"version-history":[{"count":46,"href":"https:\/\/www.pfarregersthof.at\/komm\/wp-json\/wp\/v2\/pages\/17131\/revisions"}],"predecessor-version":[{"id":17726,"href":"https:\/\/www.pfarregersthof.at\/komm\/wp-json\/wp\/v2\/pages\/17131\/revisions\/17726"}],"wp:attachment":[{"href":"https:\/\/www.pfarregersthof.at\/komm\/wp-json\/wp\/v2\/media?parent=17131"}],"curies":[{"name":"wp","href":"https:\/\/api.w.org\/{rel}","templated":true}]}}