{"id":17137,"date":"2024-10-03T21:58:02","date_gmt":"2024-10-03T19:58:02","guid":{"rendered":"https:\/\/www.pfarregersthof.at\/komm\/?page_id=17137"},"modified":"2024-11-19T22:23:41","modified_gmt":"2024-11-19T20:23:41","slug":"tag-4","status":"publish","type":"page","link":"https:\/\/www.pfarregersthof.at\/komm\/adventimpulse\/tag-4\/","title":{"rendered":"Einladungen zum Lesen"},"content":{"rendered":"\n<p>Zur Abwechslung in einem Buch etwas Interessantes lesen?<br>Wir stellen hier vier B\u00fccher f\u00fcr Erwachsene und drei f\u00fcr J\u00fcngere vor.&nbsp;<br>Sie sind zum Onlineshop der Buchhandlung Herder in der Innenstadt verlinkt.<\/p>\n<p><a href=\"https:\/\/www.pfarregersthof.at\/komm\/wp-content\/uploads\/2024\/11\/buch_geist-der-hoffnung.jpg\"><img loading=\"lazy\" decoding=\"async\" class=\"alignleft size-thumbnail wp-image-17540\" src=\"https:\/\/www.pfarregersthof.at\/komm\/wp-content\/uploads\/2024\/11\/buch_geist-der-hoffnung-99x150.jpg\" alt=\"\" width=\"99\" height=\"150\" srcset=\"https:\/\/www.pfarregersthof.at\/komm\/wp-content\/uploads\/2024\/11\/buch_geist-der-hoffnung-99x150.jpg 99w, https:\/\/www.pfarregersthof.at\/komm\/wp-content\/uploads\/2024\/11\/buch_geist-der-hoffnung-278x420.jpg 278w, https:\/\/www.pfarregersthof.at\/komm\/wp-content\/uploads\/2024\/11\/buch_geist-der-hoffnung-199x300.jpg 199w, https:\/\/www.pfarregersthof.at\/komm\/wp-content\/uploads\/2024\/11\/buch_geist-der-hoffnung.jpg 297w\" sizes=\"auto, (max-width: 99px) 100vw, 99px\" \/><\/a><a href=\"https:\/\/herder.at\/item\/Der_Geist_der_Hoffnung\/Byung-Chul_Han\/63469143\" target=\"_blank\" rel=\"noopener\"><strong>Der Geist der Hoffnung<\/strong><\/a><br>Wider die Gesellschaft der Angst | Eine philosophische Gegenposition zum derzeitigen Krisenmodus <br>Von Byung-Chul Han<br>Angstvoll blicken wir in eine d\u00fcstere Zukunft. \u00dcberall fehlt es an Hoffnung. Und das Leben verk\u00fcmmert zum \u00dcberleben. Dagegen beschw\u00f6rt Byung-Chul Han mit&nbsp;aller Kraft den Geist der Hoffnung.<br><br><\/p>\n<p style=\"text-align: right;\"><a href=\"https:\/\/www.pfarregersthof.at\/komm\/wp-content\/uploads\/2024\/11\/buch_herzschlag.jpg\"><img loading=\"lazy\" decoding=\"async\" class=\"alignright size-thumbnail wp-image-17538\" src=\"https:\/\/www.pfarregersthof.at\/komm\/wp-content\/uploads\/2024\/11\/buch_herzschlag-96x150.jpg\" alt=\"\" width=\"96\" height=\"150\" srcset=\"https:\/\/www.pfarregersthof.at\/komm\/wp-content\/uploads\/2024\/11\/buch_herzschlag-96x150.jpg 96w, https:\/\/www.pfarregersthof.at\/komm\/wp-content\/uploads\/2024\/11\/buch_herzschlag-269x420.jpg 269w, https:\/\/www.pfarregersthof.at\/komm\/wp-content\/uploads\/2024\/11\/buch_herzschlag-192x300.jpg 192w, https:\/\/www.pfarregersthof.at\/komm\/wp-content\/uploads\/2024\/11\/buch_herzschlag.jpg 294w\" sizes=\"auto, (max-width: 96px) 100vw, 96px\" \/><\/a><a href=\"https:\/\/herder.at\/item\/Herzschlag\/Heiner_Wilmer\/71025091\" target=\"_blank\" rel=\"noopener\"><strong>Herzschlag<\/strong><\/a><br>Etty Hillesum \u2013 Eine Begegnung<br>Von Heiner Wilmer<br>Sie war das denkende Herz der Baracke in Auschwitz und ihre Aufzeichnungen machten sie weltbekannt: Etty Hillesums Werk geh\u00f6rt zu den spirituellen Klassikern und zugleich ist sie als Pers\u00f6nlichkeit so faszinierend wie widerspr\u00fcchlich.<br>Das Werk faszinierte Heiner Wilmer, er stellt sie uns vor.<\/p>\n<p style=\"text-align: left;\"><a href=\"https:\/\/www.pfarregersthof.at\/komm\/wp-content\/uploads\/2024\/11\/buch_das-kind-in-der-krippe.jpg\"><img loading=\"lazy\" decoding=\"async\" class=\"alignleft size-thumbnail wp-image-17539\" src=\"https:\/\/www.pfarregersthof.at\/komm\/wp-content\/uploads\/2024\/11\/buch_das-kind-in-der-krippe-99x150.jpg\" alt=\"\" width=\"99\" height=\"150\" srcset=\"https:\/\/www.pfarregersthof.at\/komm\/wp-content\/uploads\/2024\/11\/buch_das-kind-in-der-krippe-99x150.jpg 99w, https:\/\/www.pfarregersthof.at\/komm\/wp-content\/uploads\/2024\/11\/buch_das-kind-in-der-krippe-278x420.jpg 278w, https:\/\/www.pfarregersthof.at\/komm\/wp-content\/uploads\/2024\/11\/buch_das-kind-in-der-krippe-198x300.jpg 198w, https:\/\/www.pfarregersthof.at\/komm\/wp-content\/uploads\/2024\/11\/buch_das-kind-in-der-krippe.jpg 298w\" sizes=\"auto, (max-width: 99px) 100vw, 99px\" \/><\/a><a href=\"https:\/\/herder.at\/item\/Das_Kind_in_der_Krippe\/Annette_Jantzen\/70971194\" target=\"_blank\" rel=\"noopener\"><strong>Das Kind in der Krippe<\/strong><\/a><br>Die Weihnachtsbotschaft \u2013 entstaubt, durchgel\u00fcftet, neuentdeckt<br>Von Annette Jantzen<br>Eine Erkundung der altvertrauten biblischen Erz\u00e4hlungen von der Geburt Jesu: was verstanden die Zeitgenossen Jesu unter Engeln, Stern und Hirten, Jungfrauengeburt und Gotteskindschaft?<\/p>\n<p style=\"text-align: right;\"><a href=\"https:\/\/herder.at\/item\/Ich_tat_die_Augen_auf_und_sah_das_Helle\/Mascha_Kalko\/70997995\" target=\"_blank\" rel=\"noopener\"><strong>Ich tat die Augen auf und sah das Helle<\/strong><\/a><a href=\"https:\/\/www.pfarregersthof.at\/komm\/wp-content\/uploads\/2024\/11\/buch_ich-tat-die-augen.jpg\"><img loading=\"lazy\" decoding=\"async\" class=\"size-thumbnail wp-image-17537 alignright\" src=\"https:\/\/www.pfarregersthof.at\/komm\/wp-content\/uploads\/2024\/11\/buch_ich-tat-die-augen-98x150.jpg\" alt=\"\" width=\"98\" height=\"150\" srcset=\"https:\/\/www.pfarregersthof.at\/komm\/wp-content\/uploads\/2024\/11\/buch_ich-tat-die-augen-98x150.jpg 98w, https:\/\/www.pfarregersthof.at\/komm\/wp-content\/uploads\/2024\/11\/buch_ich-tat-die-augen-274x420.jpg 274w, https:\/\/www.pfarregersthof.at\/komm\/wp-content\/uploads\/2024\/11\/buch_ich-tat-die-augen-196x300.jpg 196w, https:\/\/www.pfarregersthof.at\/komm\/wp-content\/uploads\/2024\/11\/buch_ich-tat-die-augen.jpg 295w\" sizes=\"auto, (max-width: 98px) 100vw, 98px\" \/><\/a><br>Gedichte und Prosa. Ausgew\u00e4hlt und mit einem Vorwort von Daniel Kehlmann<br>Von Mascha Kal\u00e9ko<br>Mascha Kal\u00e9ko ist eine leuchtende Ausnahmeerscheinung in der deutschen Literatur. Niemand verk\u00f6rpert das Berlin der Weimarer Republik zwischen Schreibmaschinengrau, hellen Kinoreklamen und nicht enden wollenden N\u00e4chten im Romanischen Caf\u00e9 so sehr wie die melancholische Gro\u00dfstadtdichterin mit ihrem spr\u00fchenden Witz.&nbsp;<\/p>\n<p style=\"text-align: left;\"><a href=\"https:\/\/www.pfarregersthof.at\/komm\/wp-content\/uploads\/2024\/11\/buch_vom-engel-und-dem-kind.jpg\"><img loading=\"lazy\" decoding=\"async\" class=\"alignleft size-thumbnail wp-image-17541\" src=\"https:\/\/www.pfarregersthof.at\/komm\/wp-content\/uploads\/2024\/11\/buch_vom-engel-und-dem-kind-129x150.jpg\" alt=\"\" width=\"129\" height=\"150\" srcset=\"https:\/\/www.pfarregersthof.at\/komm\/wp-content\/uploads\/2024\/11\/buch_vom-engel-und-dem-kind-129x150.jpg 129w, https:\/\/www.pfarregersthof.at\/komm\/wp-content\/uploads\/2024\/11\/buch_vom-engel-und-dem-kind-258x300.jpg 258w, https:\/\/www.pfarregersthof.at\/komm\/wp-content\/uploads\/2024\/11\/buch_vom-engel-und-dem-kind.jpg 295w\" sizes=\"auto, (max-width: 129px) 100vw, 129px\" \/><\/a><a href=\"https:\/\/herder.at\/item\/61942251\" target=\"_blank\" rel=\"noopener\"><strong>Vom Engel und dem heiligen Kind<\/strong><\/a><br>Maria erz\u00e4hlt die Weihnachtsgeschichte<br>Von Willeke Brouwer<br>In dieser Graphic Novel berichtet Maria nicht nur von den spannenden Begebenheiten rund um Jesu Geburt, sondern gibt jungen Lesern auch ganz pers\u00f6nliche Einblicke in ihr Leben: Wie f\u00fchlt sich das an, wenn pl\u00f6tzlich ein Engel vor dir steht? Und welche \u00c4ngste und Zweifel \u00fcberkommen dich, wenn du h\u00f6rst, dass du Mutter eines g\u00f6ttlichen Kindes sein wirst?<\/p>\n<p style=\"text-align: right;\"><a href=\"https:\/\/herder.at\/item\/62631938\" target=\"_blank\" rel=\"noopener\"><strong>Leah und der Stern von Betlehem<\/strong><\/a><a href=\"https:\/\/www.pfarregersthof.at\/komm\/wp-content\/uploads\/2024\/11\/buch_leah-und-der-stern-von-bethlehem.jpg\"><img loading=\"lazy\" decoding=\"async\" class=\"alignright size-thumbnail wp-image-17543\" src=\"https:\/\/www.pfarregersthof.at\/komm\/wp-content\/uploads\/2024\/11\/buch_leah-und-der-stern-von-bethlehem-129x150.jpg\" alt=\"\" width=\"129\" height=\"150\" srcset=\"https:\/\/www.pfarregersthof.at\/komm\/wp-content\/uploads\/2024\/11\/buch_leah-und-der-stern-von-bethlehem-129x150.jpg 129w, https:\/\/www.pfarregersthof.at\/komm\/wp-content\/uploads\/2024\/11\/buch_leah-und-der-stern-von-bethlehem-257x300.jpg 257w, https:\/\/www.pfarregersthof.at\/komm\/wp-content\/uploads\/2024\/11\/buch_leah-und-der-stern-von-bethlehem.jpg 299w\" sizes=\"auto, (max-width: 129px) 100vw, 129px\" \/><\/a><br>Von Margaret Bateson-Hill<br>Eine ganz besondere Nacherz\u00e4hlung der biblischen Weihnachtsgeschichte: Leah, die Tochter des Herbergsvaters, erz\u00e4hlt von ihrer ganz besonderen Begegnung mit Maria und Josef und dem neugeborenen Jesuskind. Sie berichtet von der aufregenden Nacht im Stall und dem Wunder von Jesu Geburt, das sie miterlebt.<\/p>\n<p><a href=\"https:\/\/www.pfarregersthof.at\/komm\/wp-content\/uploads\/2024\/11\/buch_der-stolperengel.jpg\"><img loading=\"lazy\" decoding=\"async\" class=\"alignleft size-thumbnail wp-image-17542\" src=\"https:\/\/www.pfarregersthof.at\/komm\/wp-content\/uploads\/2024\/11\/buch_der-stolperengel-103x150.jpg\" alt=\"\" width=\"103\" height=\"150\" srcset=\"https:\/\/www.pfarregersthof.at\/komm\/wp-content\/uploads\/2024\/11\/buch_der-stolperengel-103x150.jpg 103w, https:\/\/www.pfarregersthof.at\/komm\/wp-content\/uploads\/2024\/11\/buch_der-stolperengel-290x420.jpg 290w, https:\/\/www.pfarregersthof.at\/komm\/wp-content\/uploads\/2024\/11\/buch_der-stolperengel-207x300.jpg 207w, https:\/\/www.pfarregersthof.at\/komm\/wp-content\/uploads\/2024\/11\/buch_der-stolperengel.jpg 304w\" sizes=\"auto, (max-width: 103px) 100vw, 103px\" \/><\/a><a href=\"https:\/\/herder.at\/item\/Der_Stolperengel\/Susanne_Niemeyer\/70974269\" target=\"_blank\" rel=\"noopener\"><strong>Der Stolperengel<\/strong><\/a><br>Funkelnagelneue Weihnachtsgeschichten<br>Von Susanne Niemeyer<br>\u00bbWeihnachten hei\u00dft: Nichts bleibt, wie es ist.\u00ab, ruft der Engel Josef zu. Funkelnagelneu sind auch die Weihnachtsgeschichten in diesem Buch. Sie erz\u00e4hlen von Kettenbriefen mit Waffelduft, von einer Wunschmaschine und Omas Superkraft. Maria sagt Nein, ein Engel bringt die Welt ins Stolpern, und trotzdem wird es Weihnachten \u2013 oder gerade deswegen.<\/p>\n\n\n\n<hr class=\"wp-block-separator has-alpha-channel-opacity\"\/>\n\n\n\n<p>Wir danken der Buchhandlung Herder f\u00fcr diese Empfehlungen.<br>Der Webshop der Buchhandlung ist <a href=\"https:\/\/herder.at\/\" target=\"_blank\" rel=\"noopener\">hier erreichbar<\/a> &#8230;<br>&#8230; und man kann die B\u00fccher in der Buchhandlung selbst ansehen: Wollzeile 33, 1010 Wien. Mo &#8211; Fr 9:30 &#8211; 18:30 Uhr, Sa 9:30 &#8211; 18 Uhr<\/p>\n<p><a href=\"https:\/\/www.pfarregersthof.at\/komm\/wp-content\/uploads\/2024\/10\/advimp-tag4.jpg\"><img loading=\"lazy\" decoding=\"async\" class=\"size-full wp-image-17271 aligncenter\" src=\"https:\/\/www.pfarregersthof.at\/komm\/wp-content\/uploads\/2024\/10\/advimp-tag4.jpg\" alt=\"\" width=\"134\" height=\"272\" srcset=\"https:\/\/www.pfarregersthof.at\/komm\/wp-content\/uploads\/2024\/10\/advimp-tag4.jpg 134w, https:\/\/www.pfarregersthof.at\/komm\/wp-content\/uploads\/2024\/10\/advimp-tag4-74x150.jpg 74w\" sizes=\"auto, (max-width: 134px) 100vw, 134px\" \/><\/a><\/p>\n","protected":false},"excerpt":{"rendered":"<p>Zur Abwechslung in einem Buch etwas Interessantes lesen?Wir stellen hier vier B\u00fccher f\u00fcr Erwachsene und drei f\u00fcr J\u00fcngere vor.&nbsp;Sie sind zum Onlineshop der Buchhandlung Herder in der Innenstadt verlinkt. Der Geist der HoffnungWider die Gesellschaft der Angst | Eine philosophische Gegenposition zum derzeitigen Krisenmodus Von Byung-Chul HanAngstvoll blicken wir in eine d\u00fcstere Zukunft. \u00dcberall fehlt [&hellip;]<\/p>\n","protected":false},"author":2,"featured_media":0,"parent":17131,"menu_order":0,"comment_status":"closed","ping_status":"closed","template":"","meta":{"ngg_post_thumbnail":0,"footnotes":""},"class_list":["post-17137","page","type-page","status-publish"],"publishpress_future_action":{"enabled":false,"date":"2026-04-29 10:12:01","action":"change-status","newStatus":"draft","terms":[],"taxonomy":"category","extraData":[]},"publishpress_future_workflow_manual_trigger":{"enabledWorkflows":[]},"_links":{"self":[{"href":"https:\/\/www.pfarregersthof.at\/komm\/wp-json\/wp\/v2\/pages\/17137","targetHints":{"allow":["GET"]}}],"collection":[{"href":"https:\/\/www.pfarregersthof.at\/komm\/wp-json\/wp\/v2\/pages"}],"about":[{"href":"https:\/\/www.pfarregersthof.at\/komm\/wp-json\/wp\/v2\/types\/page"}],"author":[{"embeddable":true,"href":"https:\/\/www.pfarregersthof.at\/komm\/wp-json\/wp\/v2\/users\/2"}],"replies":[{"embeddable":true,"href":"https:\/\/www.pfarregersthof.at\/komm\/wp-json\/wp\/v2\/comments?post=17137"}],"version-history":[{"count":8,"href":"https:\/\/www.pfarregersthof.at\/komm\/wp-json\/wp\/v2\/pages\/17137\/revisions"}],"predecessor-version":[{"id":17619,"href":"https:\/\/www.pfarregersthof.at\/komm\/wp-json\/wp\/v2\/pages\/17137\/revisions\/17619"}],"up":[{"embeddable":true,"href":"https:\/\/www.pfarregersthof.at\/komm\/wp-json\/wp\/v2\/pages\/17131"}],"wp:attachment":[{"href":"https:\/\/www.pfarregersthof.at\/komm\/wp-json\/wp\/v2\/media?parent=17137"}],"curies":[{"name":"wp","href":"https:\/\/api.w.org\/{rel}","templated":true}]}}