{"id":17144,"date":"2024-10-03T22:02:15","date_gmt":"2024-10-03T20:02:15","guid":{"rendered":"https:\/\/www.pfarregersthof.at\/komm\/?page_id=17144"},"modified":"2024-11-19T22:36:46","modified_gmt":"2024-11-19T20:36:46","slug":"tag-6","status":"publish","type":"page","link":"https:\/\/www.pfarregersthof.at\/komm\/adventimpulse\/tag-6\/","title":{"rendered":"Nikolaus und das besondere Geschenk"},"content":{"rendered":"\n<p><span style=\"color: #993300;\"><em>F\u00fcr Kinder &#8211; oder vielleicht doch nicht nur f\u00fcr sie?<\/em><\/span><\/p>\n<p><a href=\"https:\/\/www.pfarregersthof.at\/komm\/wp-content\/uploads\/2024\/11\/dorf-im-schnee_1.jpg\"><img loading=\"lazy\" decoding=\"async\" class=\"size-medium wp-image-17620 alignleft\" src=\"https:\/\/www.pfarregersthof.at\/komm\/wp-content\/uploads\/2024\/11\/dorf-im-schnee_1-300x171.jpg\" alt=\"\" width=\"300\" height=\"171\" srcset=\"https:\/\/www.pfarregersthof.at\/komm\/wp-content\/uploads\/2024\/11\/dorf-im-schnee_1-300x171.jpg 300w, https:\/\/www.pfarregersthof.at\/komm\/wp-content\/uploads\/2024\/11\/dorf-im-schnee_1-1536x878.jpg 1536w, https:\/\/www.pfarregersthof.at\/komm\/wp-content\/uploads\/2024\/11\/dorf-im-schnee_1-735x420.jpg 735w, https:\/\/www.pfarregersthof.at\/komm\/wp-content\/uploads\/2024\/11\/dorf-im-schnee_1-696x398.jpg 696w, https:\/\/www.pfarregersthof.at\/komm\/wp-content\/uploads\/2024\/11\/dorf-im-schnee_1-1068x610.jpg 1068w, https:\/\/www.pfarregersthof.at\/komm\/wp-content\/uploads\/2024\/11\/dorf-im-schnee_1-150x86.jpg 150w, https:\/\/www.pfarregersthof.at\/komm\/wp-content\/uploads\/2024\/11\/dorf-im-schnee_1-768x439.jpg 768w, https:\/\/www.pfarregersthof.at\/komm\/wp-content\/uploads\/2024\/11\/dorf-im-schnee_1-800x457.jpg 800w, https:\/\/www.pfarregersthof.at\/komm\/wp-content\/uploads\/2024\/11\/dorf-im-schnee_1.jpg 1792w\" sizes=\"auto, (max-width: 300px) 100vw, 300px\" \/><\/a>In einem verschneiten Dorf, wo die D\u00e4cher wie mit Zuckerguss \u00fcberzogen glitzerten, lebte der Nikolaus in einem gem\u00fctlichen Holzhaus am Waldrand. Jeden Dezember machte er sich auf den Weg, um den Kindern Freude zu bringen. Doch dieses Jahr war etwas anders.<\/p>\n<p>Der alte Nikolaus hatte bemerkt, dass die Menschen in letzter Zeit weniger l\u00e4chelten. Sie hasteten durch die Stra\u00dfen, den Blick auf ihre Telefone gerichtet, und verga\u00dfen dabei die kleinen Wunder um sich herum.<\/p>\n<p>&#8222;Das muss sich \u00e4ndern&#8220;, murmelte er eines Abends, w\u00e4hrend er in seinem gro\u00dfen roten Sessel sa\u00df und seinen wei\u00dfen Bart strich. Seine Augen funkelten, als ihm eine Idee kam.<\/p>\n<p>In dieser Nacht f\u00fcllte er seinen Sack nicht nur mit Spielzeug und S\u00fc\u00dfigkeiten. Er sammelte auch die sch\u00f6nsten Sonnenunterg\u00e4nge, das Glitzern von Schneeflocken im Mondlicht, das Lachen spielender Kinder und das warme Gef\u00fchl einer Umarmung. All diese besonderen Momente verwandelte er in kleine, goldene Funken.<\/p>\n<p>Als er von Haus zu Haus ging, legte er jedem neben die \u00fcblichen Geschenke auch einen dieser goldenen Funken vor die T\u00fcr.<br><a href=\"https:\/\/www.pfarregersthof.at\/komm\/wp-content\/uploads\/2024\/11\/goldener-funke.jpg\"><img loading=\"lazy\" decoding=\"async\" class=\"size-full wp-image-17624 aligncenter\" src=\"https:\/\/www.pfarregersthof.at\/komm\/wp-content\/uploads\/2024\/11\/goldener-funke.jpg\" alt=\"\" width=\"300\" height=\"300\" srcset=\"https:\/\/www.pfarregersthof.at\/komm\/wp-content\/uploads\/2024\/11\/goldener-funke.jpg 300w, https:\/\/www.pfarregersthof.at\/komm\/wp-content\/uploads\/2024\/11\/goldener-funke-150x150.jpg 150w\" sizes=\"auto, (max-width: 300px) 100vw, 300px\" \/><\/a> <br>Sobald die Menschen am n\u00e4chsten Morgen erwachten und den Funken entdeckten, geschah etwas Magisches: Sie konnten pl\u00f6tzlich wieder die Sch\u00f6nheit in den kleinen Dingen sehen.<\/p>\n<p>Die B\u00e4ckerin bemerkte das zufriedene L\u00e4cheln ihrer Kunden, wenn sie frische Semmeln kauften. Der gestresste Gesch\u00e4ftsmann hielt inne, um einem spielenden Eichh\u00f6rnchen zuzusehen. Einige Familien kramten ihre alten Brettspiele aus dem Abstellraum und verbrachten einen fr\u00f6hlichen Abend miteinander.<\/p>\n<p>Das ganze Dorf schien von einem warmen Glanz erf\u00fcllt zu sein. Der Nikolaus beobachtete zufrieden von seinem Fenster aus, wie die Menschen wieder miteinander redeten, lachten und Zeit miteinander verbrachten.<\/p>\n<p>An diesem Abend schrieb er in sein altes, in Leder gebundenes Tagebuch: \u201eManchmal sind die wertvollsten Geschenke diejenigen, die man nicht in Papier einwickeln kann. Sie sind die Momente, die uns daran erinnern, was wirklich wichtig ist: die Verbindung zu anderen Menschen und die F\u00e4higkeit, die Magie im Allt\u00e4glichen zu sehen.\u201c<\/p>\n<p>Und wenn ihr genau hinschaut, k\u00f6nnt ihr vielleicht auch heute noch einen dieser goldenen Funken entdecken, die der Nikolaus in jener besonderen Nacht verteilte. Sie sind \u00fcberall dort zu finden, wo Menschen innehalten, um die kleinen Wunder des Lebens zu bestaunen und miteinander zu teilen.<\/p>\n<p><a href=\"https:\/\/www.pfarregersthof.at\/komm\/wp-content\/uploads\/2024\/10\/advimp-tag6.jpg\"><img loading=\"lazy\" decoding=\"async\" class=\"aligncenter size-full wp-image-17273\" src=\"https:\/\/www.pfarregersthof.at\/komm\/wp-content\/uploads\/2024\/10\/advimp-tag6.jpg\" alt=\"\" width=\"133\" height=\"263\" srcset=\"https:\/\/www.pfarregersthof.at\/komm\/wp-content\/uploads\/2024\/10\/advimp-tag6.jpg 133w, https:\/\/www.pfarregersthof.at\/komm\/wp-content\/uploads\/2024\/10\/advimp-tag6-76x150.jpg 76w\" sizes=\"auto, (max-width: 133px) 100vw, 133px\" \/><\/a><\/p>\n","protected":false},"excerpt":{"rendered":"<p>F\u00fcr Kinder &#8211; oder vielleicht doch nicht nur f\u00fcr sie? In einem verschneiten Dorf, wo die D\u00e4cher wie mit Zuckerguss \u00fcberzogen glitzerten, lebte der Nikolaus in einem gem\u00fctlichen Holzhaus am Waldrand. Jeden Dezember machte er sich auf den Weg, um den Kindern Freude zu bringen. Doch dieses Jahr war etwas anders. Der alte Nikolaus hatte [&hellip;]<\/p>\n","protected":false},"author":2,"featured_media":0,"parent":17131,"menu_order":0,"comment_status":"closed","ping_status":"closed","template":"","meta":{"ngg_post_thumbnail":0,"footnotes":""},"class_list":["post-17144","page","type-page","status-publish"],"publishpress_future_action":{"enabled":false,"date":"2026-04-29 10:12:36","action":"change-status","newStatus":"draft","terms":[],"taxonomy":"category","extraData":[]},"publishpress_future_workflow_manual_trigger":{"enabledWorkflows":[]},"_links":{"self":[{"href":"https:\/\/www.pfarregersthof.at\/komm\/wp-json\/wp\/v2\/pages\/17144","targetHints":{"allow":["GET"]}}],"collection":[{"href":"https:\/\/www.pfarregersthof.at\/komm\/wp-json\/wp\/v2\/pages"}],"about":[{"href":"https:\/\/www.pfarregersthof.at\/komm\/wp-json\/wp\/v2\/types\/page"}],"author":[{"embeddable":true,"href":"https:\/\/www.pfarregersthof.at\/komm\/wp-json\/wp\/v2\/users\/2"}],"replies":[{"embeddable":true,"href":"https:\/\/www.pfarregersthof.at\/komm\/wp-json\/wp\/v2\/comments?post=17144"}],"version-history":[{"count":7,"href":"https:\/\/www.pfarregersthof.at\/komm\/wp-json\/wp\/v2\/pages\/17144\/revisions"}],"predecessor-version":[{"id":17627,"href":"https:\/\/www.pfarregersthof.at\/komm\/wp-json\/wp\/v2\/pages\/17144\/revisions\/17627"}],"up":[{"embeddable":true,"href":"https:\/\/www.pfarregersthof.at\/komm\/wp-json\/wp\/v2\/pages\/17131"}],"wp:attachment":[{"href":"https:\/\/www.pfarregersthof.at\/komm\/wp-json\/wp\/v2\/media?parent=17144"}],"curies":[{"name":"wp","href":"https:\/\/api.w.org\/{rel}","templated":true}]}}