{"id":17159,"date":"2024-10-03T22:15:18","date_gmt":"2024-10-03T20:15:18","guid":{"rendered":"https:\/\/www.pfarregersthof.at\/komm\/?page_id=17159"},"modified":"2024-11-19T22:48:35","modified_gmt":"2024-11-19T20:48:35","slug":"tag-9","status":"publish","type":"page","link":"https:\/\/www.pfarregersthof.at\/komm\/adventimpulse\/tag-9\/","title":{"rendered":"Wort Gottes &#8230; deine eigene Predigt"},"content":{"rendered":"\n<p>Besch\u00e4ftigung mit dem Glauben &#8211; Interpretation der Bibel<\/p>\n<p>Ein wesentlicher Teil des christlichen Glaubens ist es sich mit dem Wort Gottes zu besch\u00e4ftigen. <br>Die Bibel ist aber ein menschliches Dokument, geschrieben von Personen die zwar an den gleichen Gott und die gleichen Werte glauben, aber aus einer g\u00e4nzlich anderen Zeit stammen. <br>Daher ist die Bibel nicht wortw\u00f6rtlich zu lesen, sondern zu interpretieren. Da fr\u00fcher die meisten Menschen nicht lesen konnten hat diese Aufgabe der Priester \u00fcbernommen und dem Volk seine Interpretation mitgegeben. Diese Tradition ist heute noch in der Predigt vorhanden.<\/p>\n<p>Wer jedoch wirklich an Gott glaubt muss sich auch sein eigenes Bild von Gott machen &#8211; und das hei\u00dft die Bibel selber lesen und selbst interpretieren. Dazu kann folgende \u00dcbung helfen:<br>Lies das heutige Evangelium (<a href=\"https:\/\/www.bibleserver.com\/EU\/Matth%C3%A4us21%2C23-27\" target=\"_blank\" rel=\"noopener\">z.B. 9. Dezember 2024<\/a>, Lukas 5. Kapitel, Verse 17 bis 26) und schreib&#8216; deine eigene Predigt. Du musst sie nicht mit anderen teilen oder daraus vorlesen, wenn du m\u00f6chtest ist sie nur f\u00fcr dich da. Du kannst dich aber auch mit anderen dar\u00fcber austauschen &#8211; vielleicht bekommst du so einen ganz neuen Blick auf den Text des Evangeliums.<\/p>\n<p><em>Ausgedacht, geschrieben und gestaltet von Christof aus einer Mini-Gruppe.<\/em><\/p>\n<p><a href=\"https:\/\/www.pfarregersthof.at\/komm\/wp-content\/uploads\/2024\/10\/advimp-tag9.jpg\"><img loading=\"lazy\" decoding=\"async\" class=\"size-medium wp-image-17276 aligncenter\" src=\"https:\/\/www.pfarregersthof.at\/komm\/wp-content\/uploads\/2024\/10\/advimp-tag9-75x300.jpg\" alt=\"\" width=\"75\" height=\"300\" srcset=\"https:\/\/www.pfarregersthof.at\/komm\/wp-content\/uploads\/2024\/10\/advimp-tag9-75x300.jpg 75w, https:\/\/www.pfarregersthof.at\/komm\/wp-content\/uploads\/2024\/10\/advimp-tag9.jpg 90w\" sizes=\"auto, (max-width: 75px) 100vw, 75px\" \/><\/a><\/p>\n<p>&nbsp;<\/p>\n\n\n","protected":false},"excerpt":{"rendered":"<p>Besch\u00e4ftigung mit dem Glauben &#8211; Interpretation der Bibel Ein wesentlicher Teil des christlichen Glaubens ist es sich mit dem Wort Gottes zu besch\u00e4ftigen. Die Bibel ist aber ein menschliches Dokument, geschrieben von Personen die zwar an den gleichen Gott und die gleichen Werte glauben, aber aus einer g\u00e4nzlich anderen Zeit stammen. Daher ist die Bibel [&hellip;]<\/p>\n","protected":false},"author":2,"featured_media":0,"parent":17131,"menu_order":0,"comment_status":"closed","ping_status":"closed","template":"","meta":{"ngg_post_thumbnail":0,"footnotes":""},"class_list":["post-17159","page","type-page","status-publish"],"publishpress_future_action":{"enabled":false,"date":"2026-04-29 10:12:41","action":"change-status","newStatus":"draft","terms":[],"taxonomy":"category","extraData":[]},"publishpress_future_workflow_manual_trigger":{"enabledWorkflows":[]},"_links":{"self":[{"href":"https:\/\/www.pfarregersthof.at\/komm\/wp-json\/wp\/v2\/pages\/17159","targetHints":{"allow":["GET"]}}],"collection":[{"href":"https:\/\/www.pfarregersthof.at\/komm\/wp-json\/wp\/v2\/pages"}],"about":[{"href":"https:\/\/www.pfarregersthof.at\/komm\/wp-json\/wp\/v2\/types\/page"}],"author":[{"embeddable":true,"href":"https:\/\/www.pfarregersthof.at\/komm\/wp-json\/wp\/v2\/users\/2"}],"replies":[{"embeddable":true,"href":"https:\/\/www.pfarregersthof.at\/komm\/wp-json\/wp\/v2\/comments?post=17159"}],"version-history":[{"count":6,"href":"https:\/\/www.pfarregersthof.at\/komm\/wp-json\/wp\/v2\/pages\/17159\/revisions"}],"predecessor-version":[{"id":17633,"href":"https:\/\/www.pfarregersthof.at\/komm\/wp-json\/wp\/v2\/pages\/17159\/revisions\/17633"}],"up":[{"embeddable":true,"href":"https:\/\/www.pfarregersthof.at\/komm\/wp-json\/wp\/v2\/pages\/17131"}],"wp:attachment":[{"href":"https:\/\/www.pfarregersthof.at\/komm\/wp-json\/wp\/v2\/media?parent=17159"}],"curies":[{"name":"wp","href":"https:\/\/api.w.org\/{rel}","templated":true}]}}