{"id":17163,"date":"2024-10-03T22:17:14","date_gmt":"2024-10-03T20:17:14","guid":{"rendered":"https:\/\/www.pfarregersthof.at\/komm\/?page_id=17163"},"modified":"2024-11-18T11:24:33","modified_gmt":"2024-11-18T09:24:33","slug":"tag-13","status":"publish","type":"page","link":"https:\/\/www.pfarregersthof.at\/komm\/adventimpulse\/tag-13\/","title":{"rendered":"Therapiezentrum in Bosnien"},"content":{"rendered":"\n<p>In Tuzla, in Bosnien, hilft das Therapiezentrum Koraci Nade vor allem Kindern und Jugendlichen mit ihrem eingeschr\u00e4nkten K\u00f6rper besser umzugehen. Menschen aus der Pfarrgemeinde Gersthof unterst\u00fctzen dieses Therapiezentrum.<\/p>\n<p>Hier werden die verschiedenen Einrichtungen des Zentrum und die dort aktiven Menschen gezeigt.<\/p>\n\n\n\n<figure class=\"wp-block-embed is-type-video is-provider-youtube wp-block-embed-youtube wp-embed-aspect-16-9 wp-has-aspect-ratio\"><div class=\"wp-block-embed__wrapper\">\n<iframe loading=\"lazy\" title=\"Pfarre Gersthof hilft Therapiezentrum in Bosnien\" width=\"696\" height=\"392\" src=\"https:\/\/www.youtube.com\/embed\/baxOdXU_je0?feature=oembed\" frameborder=\"0\" allow=\"accelerometer; autoplay; clipboard-write; encrypted-media; gyroscope; picture-in-picture; web-share\" referrerpolicy=\"strict-origin-when-cross-origin\" allowfullscreen><\/iframe>\n<\/div><\/figure>\n\n\n\n<p><a href=\"https:\/\/www.pfarregersthof.at\/komm\/wp-content\/uploads\/2024\/10\/advimp-tag13.jpg\"><img loading=\"lazy\" decoding=\"async\" class=\"aligncenter size-medium wp-image-17280\" src=\"https:\/\/www.pfarregersthof.at\/komm\/wp-content\/uploads\/2024\/10\/advimp-tag13-73x300.jpg\" alt=\"\" width=\"73\" height=\"300\" srcset=\"https:\/\/www.pfarregersthof.at\/komm\/wp-content\/uploads\/2024\/10\/advimp-tag13-73x300.jpg 73w, https:\/\/www.pfarregersthof.at\/komm\/wp-content\/uploads\/2024\/10\/advimp-tag13.jpg 89w\" sizes=\"auto, (max-width: 73px) 100vw, 73px\" \/><\/a><\/p>\n","protected":false},"excerpt":{"rendered":"<p>In Tuzla, in Bosnien, hilft das Therapiezentrum Koraci Nade vor allem Kindern und Jugendlichen mit ihrem eingeschr\u00e4nkten K\u00f6rper besser umzugehen. Menschen aus der Pfarrgemeinde Gersthof unterst\u00fctzen dieses Therapiezentrum. Hier werden die verschiedenen Einrichtungen des Zentrum und die dort aktiven Menschen gezeigt.<\/p>\n","protected":false},"author":2,"featured_media":0,"parent":17131,"menu_order":0,"comment_status":"closed","ping_status":"closed","template":"","meta":{"ngg_post_thumbnail":0,"footnotes":""},"class_list":["post-17163","page","type-page","status-publish"],"publishpress_future_action":{"enabled":false,"date":"2026-04-29 10:12:26","action":"change-status","newStatus":"draft","terms":[],"taxonomy":"category","extraData":[]},"publishpress_future_workflow_manual_trigger":{"enabledWorkflows":[]},"_links":{"self":[{"href":"https:\/\/www.pfarregersthof.at\/komm\/wp-json\/wp\/v2\/pages\/17163","targetHints":{"allow":["GET"]}}],"collection":[{"href":"https:\/\/www.pfarregersthof.at\/komm\/wp-json\/wp\/v2\/pages"}],"about":[{"href":"https:\/\/www.pfarregersthof.at\/komm\/wp-json\/wp\/v2\/types\/page"}],"author":[{"embeddable":true,"href":"https:\/\/www.pfarregersthof.at\/komm\/wp-json\/wp\/v2\/users\/2"}],"replies":[{"embeddable":true,"href":"https:\/\/www.pfarregersthof.at\/komm\/wp-json\/wp\/v2\/comments?post=17163"}],"version-history":[{"count":4,"href":"https:\/\/www.pfarregersthof.at\/komm\/wp-json\/wp\/v2\/pages\/17163\/revisions"}],"predecessor-version":[{"id":17588,"href":"https:\/\/www.pfarregersthof.at\/komm\/wp-json\/wp\/v2\/pages\/17163\/revisions\/17588"}],"up":[{"embeddable":true,"href":"https:\/\/www.pfarregersthof.at\/komm\/wp-json\/wp\/v2\/pages\/17131"}],"wp:attachment":[{"href":"https:\/\/www.pfarregersthof.at\/komm\/wp-json\/wp\/v2\/media?parent=17163"}],"curies":[{"name":"wp","href":"https:\/\/api.w.org\/{rel}","templated":true}]}}