{"id":17167,"date":"2024-10-03T22:18:34","date_gmt":"2024-10-03T20:18:34","guid":{"rendered":"https:\/\/www.pfarregersthof.at\/komm\/?page_id=17167"},"modified":"2024-11-25T18:49:22","modified_gmt":"2024-11-25T16:49:22","slug":"tag-15","status":"publish","type":"page","link":"https:\/\/www.pfarregersthof.at\/komm\/adventimpulse\/tag-15\/","title":{"rendered":"Danke &#8230;"},"content":{"rendered":"\n<p><a href=\"https:\/\/www.pfarregersthof.at\/komm\/wp-content\/uploads\/2024\/11\/mwsat-20221211-_DSF9036.jpg\"><img loading=\"lazy\" decoding=\"async\" class=\"size-large wp-image-17717\" src=\"https:\/\/www.pfarregersthof.at\/komm\/wp-content\/uploads\/2024\/11\/mwsat-20221211-_DSF9036-800x534.jpg\" alt=\"\" width=\"696\" height=\"465\" srcset=\"https:\/\/www.pfarregersthof.at\/komm\/wp-content\/uploads\/2024\/11\/mwsat-20221211-_DSF9036-800x534.jpg 800w, https:\/\/www.pfarregersthof.at\/komm\/wp-content\/uploads\/2024\/11\/mwsat-20221211-_DSF9036-630x420.jpg 630w, https:\/\/www.pfarregersthof.at\/komm\/wp-content\/uploads\/2024\/11\/mwsat-20221211-_DSF9036-696x464.jpg 696w, https:\/\/www.pfarregersthof.at\/komm\/wp-content\/uploads\/2024\/11\/mwsat-20221211-_DSF9036-150x100.jpg 150w, https:\/\/www.pfarregersthof.at\/komm\/wp-content\/uploads\/2024\/11\/mwsat-20221211-_DSF9036-300x200.jpg 300w, https:\/\/www.pfarregersthof.at\/komm\/wp-content\/uploads\/2024\/11\/mwsat-20221211-_DSF9036-768x512.jpg 768w, https:\/\/www.pfarregersthof.at\/komm\/wp-content\/uploads\/2024\/11\/mwsat-20221211-_DSF9036.jpg 1000w\" sizes=\"auto, (max-width: 696px) 100vw, 696px\" \/><\/a><\/p>\n<p>&#8230; dass wieder so viele mitmachen und mit&nbsp; <a href=\"\/komm\/2024\/11\/24-weihnachtspaket-aktion-startet\/\">Weihnachtspaketen<\/a> einsamen Menschen gro\u00dfe Freude bringen!<\/p>\n<p>Aber das Schenken kann noch weitergehen, wenn ihr &#8230;<\/p>\n<ul>\n<li>&#8230; jemandem auf der Stra\u00dfe ein L\u00e4cheln schenkt<\/li>\n<li>&#8230; in der Stra\u00dfenbahn dem Gegen\u00fcber einen freundlichen statt einem m\u00fcrrischen Blick zuwerft<\/li>\n<li>&#8230; jemandem ein nettes Kompliment macht<\/li>\n<li>&#8230; der Kassiererin im Gesch\u00e4ft einen sch\u00f6nen Tag w\u00fcnscht<\/li>\n<li>&#8230; den lang versprochenen Anruf endlich macht<\/li>\n<\/ul>\n<p>Kurz: euch den Mitmenschen zu- und nicht von ihnen abwendet.<\/p>\n<p>Die Freude der anderen wird euch ein Geschenk sein!!!<\/p>\n","protected":false},"excerpt":{"rendered":"<p>&#8230; dass wieder so viele mitmachen und mit&nbsp; Weihnachtspaketen einsamen Menschen gro\u00dfe Freude bringen! Aber das Schenken kann noch weitergehen, wenn ihr &#8230; &#8230; jemandem auf der Stra\u00dfe ein L\u00e4cheln schenkt &#8230; in der Stra\u00dfenbahn dem Gegen\u00fcber einen freundlichen statt einem m\u00fcrrischen Blick zuwerft &#8230; jemandem ein nettes Kompliment macht &#8230; der Kassiererin im Gesch\u00e4ft [&hellip;]<\/p>\n","protected":false},"author":2,"featured_media":0,"parent":17131,"menu_order":0,"comment_status":"closed","ping_status":"closed","template":"","meta":{"ngg_post_thumbnail":0,"footnotes":""},"class_list":["post-17167","page","type-page","status-publish"],"publishpress_future_action":{"enabled":false,"date":"2026-04-27 16:25:11","action":"change-status","newStatus":"draft","terms":[],"taxonomy":"category","extraData":[]},"publishpress_future_workflow_manual_trigger":{"enabledWorkflows":[]},"_links":{"self":[{"href":"https:\/\/www.pfarregersthof.at\/komm\/wp-json\/wp\/v2\/pages\/17167","targetHints":{"allow":["GET"]}}],"collection":[{"href":"https:\/\/www.pfarregersthof.at\/komm\/wp-json\/wp\/v2\/pages"}],"about":[{"href":"https:\/\/www.pfarregersthof.at\/komm\/wp-json\/wp\/v2\/types\/page"}],"author":[{"embeddable":true,"href":"https:\/\/www.pfarregersthof.at\/komm\/wp-json\/wp\/v2\/users\/2"}],"replies":[{"embeddable":true,"href":"https:\/\/www.pfarregersthof.at\/komm\/wp-json\/wp\/v2\/comments?post=17167"}],"version-history":[{"count":3,"href":"https:\/\/www.pfarregersthof.at\/komm\/wp-json\/wp\/v2\/pages\/17167\/revisions"}],"predecessor-version":[{"id":17720,"href":"https:\/\/www.pfarregersthof.at\/komm\/wp-json\/wp\/v2\/pages\/17167\/revisions\/17720"}],"up":[{"embeddable":true,"href":"https:\/\/www.pfarregersthof.at\/komm\/wp-json\/wp\/v2\/pages\/17131"}],"wp:attachment":[{"href":"https:\/\/www.pfarregersthof.at\/komm\/wp-json\/wp\/v2\/media?parent=17167"}],"curies":[{"name":"wp","href":"https:\/\/api.w.org\/{rel}","templated":true}]}}