{"id":17177,"date":"2024-10-03T22:22:38","date_gmt":"2024-10-03T20:22:38","guid":{"rendered":"https:\/\/www.pfarregersthof.at\/komm\/?page_id=17177"},"modified":"2024-11-07T22:09:13","modified_gmt":"2024-11-07T20:09:13","slug":"tag-20","status":"publish","type":"page","link":"https:\/\/www.pfarregersthof.at\/komm\/adventimpulse\/tag-20\/","title":{"rendered":"Weihnachten weltweit"},"content":{"rendered":"\n<p>Weihnachtskulturen sind weltweit sehr vielf\u00e4ltig und unterscheiden sich in vielen Aspekten von den Br\u00e4uchen, die man in \u00d6sterreich kennt. W\u00e4hrend in \u00d6sterreich das Christkind, Weihnachtsm\u00e4rkte und der Nikolaus eine zentrale Rolle spielen, gibt es in anderen L\u00e4ndern oft ganz andere Traditionen. Hier ist ein \u00dcberblick \u00fcber einige au\u00dfergew\u00f6hnliche und faszinierende Weihnachtskulturen, die sich von der \u00f6sterreichischen unterscheiden.<\/p>\n<h3>Weihnachten in Japan: Ein Fest der Romantik und des KFC<\/h3>\n<p><a href=\"https:\/\/www.pfarregersthof.at\/komm\/wp-content\/uploads\/2024\/11\/Flag_of_Japan_b200.png\"><img loading=\"lazy\" decoding=\"async\" class=\"alignleft size-thumbnail wp-image-17460\" src=\"https:\/\/www.pfarregersthof.at\/komm\/wp-content\/uploads\/2024\/11\/Flag_of_Japan_b200-150x100.png\" alt=\"\" width=\"150\" height=\"100\" srcset=\"https:\/\/www.pfarregersthof.at\/komm\/wp-content\/uploads\/2024\/11\/Flag_of_Japan_b200-150x100.png 150w, https:\/\/www.pfarregersthof.at\/komm\/wp-content\/uploads\/2024\/11\/Flag_of_Japan_b200.png 200w\" sizes=\"auto, (max-width: 150px) 100vw, 150px\" \/><\/a>In Japan hat Weihnachten keinen religi\u00f6sen Hintergrund, sondern wird haupts\u00e4chlich als kommerzielles und romantisches Fest gefeiert. Anstatt mit der Familie zu feiern, gehen viele Paare am 24. Dezember zu einem festlichen Abendessen aus, \u00e4hnlich wie beim Valentinstag. Ein weiteres Kuriosum: Ein traditionelles japanisches Weihnachtsessen besteht aus KFC-H\u00e4hnchen! Diese ungew\u00f6hnliche Tradition begann in den 1970er Jahren durch eine Werbekampagne von Kentucky Fried Chicken. Seitdem bestellen Millionen von Japanern an Heiligabend vor allem Chicken Buckets.<\/p>\n<h3>Weihnachten in Island: Die 13 Weihnachtskerle<\/h3>\n<p><a href=\"https:\/\/www.pfarregersthof.at\/komm\/wp-content\/uploads\/2024\/11\/Flag_of_Iceland_b200.png\"><img loading=\"lazy\" decoding=\"async\" class=\"alignleft size-thumbnail wp-image-17459\" src=\"https:\/\/www.pfarregersthof.at\/komm\/wp-content\/uploads\/2024\/11\/Flag_of_Iceland_b200-150x108.png\" alt=\"\" width=\"150\" height=\"108\" srcset=\"https:\/\/www.pfarregersthof.at\/komm\/wp-content\/uploads\/2024\/11\/Flag_of_Iceland_b200-150x108.png 150w, https:\/\/www.pfarregersthof.at\/komm\/wp-content\/uploads\/2024\/11\/Flag_of_Iceland_b200.png 200w\" sizes=\"auto, (max-width: 150px) 100vw, 150px\" \/><\/a>In Island gibt es nicht nur einen Weihnachtsmann, sondern gleich 13! Diese sogenannten \u201eJ\u00f3lasveinar\u201c (Weihnachtskerle) kommen in den 13 Tagen vor Weihnachten zu den Kindern. Jeden Tag legt ein anderer der J\u00f3lasveinar den braven Kindern ein kleines Geschenk in die Schuhe, die sie in ihr Fenster gestellt haben. Unartige Kinder bekommen hingegen eine Kartoffel. Die Weihnachtskerle sind urspr\u00fcnglich Teil isl\u00e4ndischer Folklore und hatten einst eher gruselige Charakterz\u00fcge, bevor sie im 20. Jahrhundert freundlicher wurden.<\/p>\n<h3>Weihnachten in Mexiko: Las Posadas und die Pi\u00f1ata<\/h3>\n<p><a href=\"https:\/\/www.pfarregersthof.at\/komm\/wp-content\/uploads\/2024\/11\/Flag_of_Mexico_b200.png\"><img loading=\"lazy\" decoding=\"async\" class=\"alignleft size-thumbnail wp-image-17461\" src=\"https:\/\/www.pfarregersthof.at\/komm\/wp-content\/uploads\/2024\/11\/Flag_of_Mexico_b200-150x86.png\" alt=\"\" width=\"150\" height=\"86\" srcset=\"https:\/\/www.pfarregersthof.at\/komm\/wp-content\/uploads\/2024\/11\/Flag_of_Mexico_b200-150x86.png 150w, https:\/\/www.pfarregersthof.at\/komm\/wp-content\/uploads\/2024\/11\/Flag_of_Mexico_b200.png 200w\" sizes=\"auto, (max-width: 150px) 100vw, 150px\" \/><\/a>In Mexiko beginnen die Weihnachtsfeiern bereits am 16. Dezember mit den sogenannten \u201eLas Posadas\u201c. Diese neunt\u00e4gigen Feierlichkeiten erinnern an die Herbergssuche von Maria und Josef. Jeden Abend findet eine Prozession statt, bei der Menschen von Haus zu Haus ziehen und Lieder singen, bis ihnen schlie\u00dflich Einlass gew\u00e4hrt wird. Eine weitere beliebte Tradition ist das Zerschlagen einer Pi\u00f1ata \u2013 einer bunt geschm\u00fcckten Figur, die mit S\u00fc\u00dfigkeiten gef\u00fcllt ist. Diese Rituale vermitteln ein starkes Gemeinschaftsgef\u00fchl und werden von der ganzen Familie und den Nachbarn gefeiert.<\/p>\n<h3>Weihnachten in Norwegen: Besen verstecken<\/h3>\n<p><a href=\"https:\/\/www.pfarregersthof.at\/komm\/wp-content\/uploads\/2024\/11\/Flag_of_Norway_b200.png\"><img loading=\"lazy\" decoding=\"async\" class=\"alignleft size-thumbnail wp-image-17464\" src=\"https:\/\/www.pfarregersthof.at\/komm\/wp-content\/uploads\/2024\/11\/Flag_of_Norway_b200-150x110.png\" alt=\"\" width=\"150\" height=\"110\" srcset=\"https:\/\/www.pfarregersthof.at\/komm\/wp-content\/uploads\/2024\/11\/Flag_of_Norway_b200-150x110.png 150w, https:\/\/www.pfarregersthof.at\/komm\/wp-content\/uploads\/2024\/11\/Flag_of_Norway_b200-80x60.png 80w, https:\/\/www.pfarregersthof.at\/komm\/wp-content\/uploads\/2024\/11\/Flag_of_Norway_b200.png 200w\" sizes=\"auto, (max-width: 150px) 100vw, 150px\" \/><\/a>Eine alte Tradition in Norwegen besagt, dass b\u00f6se Geister und Hexen in der Weihnachtsnacht aktiv sind. Um zu verhindern, dass Hexen einen Besen stehlen und darauf durch die Nacht fliegen, verstecken die Norweger an Heiligabend ihre Besen. Auch wenn dieser Brauch heute nicht mehr weit verbreitet ist, wird er in l\u00e4ndlichen Gegenden immer noch gepflegt und sorgt f\u00fcr eine mystische Atmosph\u00e4re w\u00e4hrend der Feiertage.<\/p>\n<h3>Weihnachten in Venezuela: Rollschuhfahren zur Kirche<\/h3>\n<p><a href=\"https:\/\/www.pfarregersthof.at\/komm\/wp-content\/uploads\/2024\/11\/Flag_of_Venezuela_b200.png\"><img loading=\"lazy\" decoding=\"async\" class=\"alignleft size-thumbnail wp-image-17463\" src=\"https:\/\/www.pfarregersthof.at\/komm\/wp-content\/uploads\/2024\/11\/Flag_of_Venezuela_b200-150x100.png\" alt=\"\" width=\"150\" height=\"100\" srcset=\"https:\/\/www.pfarregersthof.at\/komm\/wp-content\/uploads\/2024\/11\/Flag_of_Venezuela_b200-150x100.png 150w, https:\/\/www.pfarregersthof.at\/komm\/wp-content\/uploads\/2024\/11\/Flag_of_Venezuela_b200.png 200w\" sizes=\"auto, (max-width: 150px) 100vw, 150px\" \/><\/a>Eine der farbenfrohesten und vielleicht ungew\u00f6hnlichsten Weihnachtstraditionen findet man in Caracas, der Hauptstadt Venezuelas. Dort ist es Brauch, an Heiligmorgen zur Fr\u00fchmesse (Misa de Aguinaldo) zu gehen \u2013 allerdings auf Rollschuhen! Die Stra\u00dfen werden sogar gesperrt, damit die Menschen sicher zur Kirche fahren k\u00f6nnen. Diese Tradition verleiht dem Fest eine sportliche und gleichzeitig fr\u00f6hliche Note und macht Weihnachten zu einem dynamischen Event.<\/p>\n\n\n\n<hr class=\"wp-block-separator has-alpha-channel-opacity\"\/>\n\n\n\n<p>Weihnachten wird weltweit auf sehr unterschiedliche Weise gefeiert, und jede Kultur bringt ihre eigenen spannenden Br\u00e4uche und Rituale ein. Diese Vielfalt zeigt, wie universell das Bed\u00fcrfnis ist, Freude und Gemeinschaft zu erleben \u2013 auf ganz individuelle Art und Weise.<\/p>\n<p><em>Ausgedacht, geschrieben und gestaltet von Magdalena aus einer Ministranten-Gruppe.<\/em><\/p>\n<p><a href=\"https:\/\/www.pfarregersthof.at\/komm\/wp-content\/uploads\/2024\/10\/advimp-tag20.jpg\"><img loading=\"lazy\" decoding=\"async\" class=\"aligncenter size-full wp-image-17287\" src=\"https:\/\/www.pfarregersthof.at\/komm\/wp-content\/uploads\/2024\/10\/advimp-tag20.jpg\" alt=\"\" width=\"84\" height=\"332\" srcset=\"https:\/\/www.pfarregersthof.at\/komm\/wp-content\/uploads\/2024\/10\/advimp-tag20.jpg 84w, https:\/\/www.pfarregersthof.at\/komm\/wp-content\/uploads\/2024\/10\/advimp-tag20-38x150.jpg 38w, https:\/\/www.pfarregersthof.at\/komm\/wp-content\/uploads\/2024\/10\/advimp-tag20-76x300.jpg 76w\" sizes=\"auto, (max-width: 84px) 100vw, 84px\" \/><\/a><\/p>\n","protected":false},"excerpt":{"rendered":"<p>Weihnachtskulturen sind weltweit sehr vielf\u00e4ltig und unterscheiden sich in vielen Aspekten von den Br\u00e4uchen, die man in \u00d6sterreich kennt. W\u00e4hrend in \u00d6sterreich das Christkind, Weihnachtsm\u00e4rkte und der Nikolaus eine zentrale Rolle spielen, gibt es in anderen L\u00e4ndern oft ganz andere Traditionen. Hier ist ein \u00dcberblick \u00fcber einige au\u00dfergew\u00f6hnliche und faszinierende Weihnachtskulturen, die sich von der [&hellip;]<\/p>\n","protected":false},"author":2,"featured_media":0,"parent":17131,"menu_order":0,"comment_status":"closed","ping_status":"closed","template":"","meta":{"ngg_post_thumbnail":0,"footnotes":""},"class_list":["post-17177","page","type-page","status-publish"],"publishpress_future_action":{"enabled":false,"date":"2026-04-29 12:58:48","action":"change-status","newStatus":"draft","terms":[],"taxonomy":"category","extraData":[]},"publishpress_future_workflow_manual_trigger":{"enabledWorkflows":[]},"_links":{"self":[{"href":"https:\/\/www.pfarregersthof.at\/komm\/wp-json\/wp\/v2\/pages\/17177","targetHints":{"allow":["GET"]}}],"collection":[{"href":"https:\/\/www.pfarregersthof.at\/komm\/wp-json\/wp\/v2\/pages"}],"about":[{"href":"https:\/\/www.pfarregersthof.at\/komm\/wp-json\/wp\/v2\/types\/page"}],"author":[{"embeddable":true,"href":"https:\/\/www.pfarregersthof.at\/komm\/wp-json\/wp\/v2\/users\/2"}],"replies":[{"embeddable":true,"href":"https:\/\/www.pfarregersthof.at\/komm\/wp-json\/wp\/v2\/comments?post=17177"}],"version-history":[{"count":3,"href":"https:\/\/www.pfarregersthof.at\/komm\/wp-json\/wp\/v2\/pages\/17177\/revisions"}],"predecessor-version":[{"id":17467,"href":"https:\/\/www.pfarregersthof.at\/komm\/wp-json\/wp\/v2\/pages\/17177\/revisions\/17467"}],"up":[{"embeddable":true,"href":"https:\/\/www.pfarregersthof.at\/komm\/wp-json\/wp\/v2\/pages\/17131"}],"wp:attachment":[{"href":"https:\/\/www.pfarregersthof.at\/komm\/wp-json\/wp\/v2\/media?parent=17177"}],"curies":[{"name":"wp","href":"https:\/\/api.w.org\/{rel}","templated":true}]}}