{"id":17183,"date":"2024-10-03T22:25:27","date_gmt":"2024-10-03T20:25:27","guid":{"rendered":"https:\/\/www.pfarregersthof.at\/komm\/?page_id=17183"},"modified":"2024-11-22T18:16:48","modified_gmt":"2024-11-22T16:16:48","slug":"tag-24","status":"publish","type":"page","link":"https:\/\/www.pfarregersthof.at\/komm\/adventimpulse\/tag-24\/","title":{"rendered":"Jesus kommt unter uns"},"content":{"rendered":"\n<p>Am 24. Dezember gehen Christen in Gersthof auf die Geburt Jesu zu &#8211; mit anderen, zu unterschiedlichen Zeiten.<\/p>\n<h3>16 Uhr Familienkrippenfeier<\/h3>\n<p>Ort: Pfarrkirche, Bischof-Faber-Platz<br>Mit dem Theaterst\u00fcck \u201cdie Wunderwolle\u201d.<br>Die Kirche ganz weihnachtlich beleuchtet. Ein einzigartiges Krippenspiel. Gemeinsam Weihnachtslieder singen. Lass dich in eine Welt voller Weihnachtsstimmung entf\u00fchren!<\/p>\n<h3>18:30 Uhr Gottesdienst &#8222;Am Heiligen Abend&#8220;<\/h3>\n<p>Ort: Pfarrkirche, Bischof-Faber-Platz<br>Diese Messfeier ist als letzte Etappe auf unserem Adventweg zu verstehen. Aus dem Zur\u00fcckschauen auf Gottes Heilshandeln n\u00e4hrt sich die Hoffnung auf die Zukunft.<\/p>\n<h3>?? Uhr Eigene Feier<\/h3>\n<p>Ort: zuhause, bei anderen der Familie, bei Freunden, bei &#8230;<br>Weihnachten feiern, dabei hoffentlich viel Freude und Zuneigung erfahren und auch schenken k\u00f6nnen.<\/p>\n<p>Zur Erinnerung, was \u00fcber dieses Ereignis in der Bibel zu lesen ist.<\/p>\n<p>Im Evangelium nach Matth\u00e4us, 1. Kapitel<br>Mit der Geburt Jesu Christi war es so: Maria, seine Mutter, war mit Josef verlobt; noch bevor sie zusammengekommen waren, zeigte sich, dass sie ein Kind erwartete &#8211; durch das Wirken des Heiligen Geistes.\u2002<br>Josef, ihr Mann, der gerecht war und sie nicht blo\u00dfstellen wollte, beschloss, sich in aller Stille von ihr zu trennen.\u2002W\u00e4hrend er noch dar\u00fcber nachdachte, siehe, da erschien ihm ein Engel des Herrn im Traum und sagte: Josef, Sohn Davids, f\u00fcrchte dich nicht, Maria als deine Frau zu dir zu nehmen; denn das Kind, das sie erwartet, ist vom Heiligen Geist. Sie wird einen Sohn geb\u00e4ren; ihm sollst du den Namen Jesus geben; denn er wird sein Volk von seinen S\u00fcnden erl\u00f6sen.\u2002Dies alles ist geschehen, damit sich erf\u00fcllte, was der Herr durch den Propheten gesagt hat:\u2002Siehe: Die Jungfrau wird empfangen und einen Sohn geb\u00e4ren und sie werden ihm den Namen Immanuel geben, das hei\u00dft \u00fcbersetzt: Gott mit uns. <br>Als Josef erwachte, tat er, was der Engel des Herrn ihm befohlen hatte, und nahm seine Frau zu sich.\u2002Er erkannte<sup>1)<\/sup> sie aber nicht, bis sie ihren Sohn gebar. Und er gab ihm den Namen Jesus.<br><sub>1) Im Alten Orient war &#8222;erkennen&#8220; eine Umschreibung f\u00fcr den ehelichen Verkehr.<\/sub><\/p>\n<p>Im Evangelium nach Lukas, 2. Kapitel<br>Es geschah aber in jenen Tagen, dass Kaiser Augustus den Befehl erlie\u00df, den ganzen Erdkreis in Steuerlisten einzutragen. Diese Aufzeichnung war die erste; damals war Quirinius Statthalter von Syrien.\u2002Da ging jeder in seine Stadt, um sich eintragen zu lassen.\u2002So zog auch Josef von der Stadt Nazaret in Galil\u00e4a hinauf nach Jud\u00e4a in die Stadt Davids, die Betlehem hei\u00dft; denn er war aus dem Haus und Geschlecht Davids.\u2002Er wollte sich eintragen lassen mit Maria, seiner Verlobten, die ein Kind erwartete.\u2002<br>Es geschah, als sie dort waren, da erf\u00fcllten sich die Tage, dass sie geb\u00e4ren sollte,\u2002und sie gebar ihren Sohn, den Erstgeborenen. Sie wickelte ihn in Windeln und legte ihn in eine Krippe, weil in der Herberge kein Platz f\u00fcr sie war.<br>In dieser Gegend lagerten Hirten auf freiem Feld und hielten Nachtwache bei ihrer Herde.\u2002Da trat ein Engel des Herrn zu ihnen und die Herrlichkeit des Herrn umstrahlte sie und sie f\u00fcrchteten sich sehr.\u2002Der Engel sagte zu ihnen: F\u00fcrchtet euch nicht, denn siehe, ich verk\u00fcnde euch eine gro\u00dfe Freude, die dem ganzen Volk zuteilwerden soll:\u2002Heute ist euch in der Stadt Davids der Retter geboren; er ist der Christus, der Herr.\u2002Und das soll euch als Zeichen dienen: Ihr werdet ein Kind finden, das, in Windeln gewickelt, in einer Krippe liegt.\u2002Und pl\u00f6tzlich war bei dem Engel ein gro\u00dfes himmlisches Heer, das Gott lobte und sprach:\u2002Ehre sei Gott in der H\u00f6he und Friede auf Erden den Menschen seines Wohlgefallens.<\/p>\n<h3>24 Uhr \/ 0 Uhr Mette &#8222;In der Heiligen Nacht&#8220;<\/h3>\n<p>Ort: Pfarrkirche, Bischof-Faber-Platz<br>Zu Weihnachten ergeht die Einladung zur Feier der Geburt Jesu an uns dreifach: &#8222;Lass dich hinf\u00fchren zum menschgewordenen Gottessohn &#8211; durch die Engel zum heute geborenen Retter &#8211; durch die Hirten zum Kind in der Krippe &#8211; durch den Vater zum Wort, das Licht und Leben ist.&#8220;<\/p>\n","protected":false},"excerpt":{"rendered":"<p>Am 24. Dezember gehen Christen in Gersthof auf die Geburt Jesu zu &#8211; mit anderen, zu unterschiedlichen Zeiten. 16 Uhr Familienkrippenfeier Ort: Pfarrkirche, Bischof-Faber-PlatzMit dem Theaterst\u00fcck \u201cdie Wunderwolle\u201d.Die Kirche ganz weihnachtlich beleuchtet. Ein einzigartiges Krippenspiel. Gemeinsam Weihnachtslieder singen. Lass dich in eine Welt voller Weihnachtsstimmung entf\u00fchren! 18:30 Uhr Gottesdienst &#8222;Am Heiligen Abend&#8220; Ort: Pfarrkirche, Bischof-Faber-PlatzDiese [&hellip;]<\/p>\n","protected":false},"author":2,"featured_media":0,"parent":17131,"menu_order":0,"comment_status":"closed","ping_status":"closed","template":"","meta":{"ngg_post_thumbnail":0,"footnotes":""},"class_list":["post-17183","page","type-page","status-publish"],"publishpress_future_action":{"enabled":false,"date":"2026-04-29 12:58:48","action":"change-status","newStatus":"draft","terms":[],"taxonomy":"category","extraData":[]},"publishpress_future_workflow_manual_trigger":{"enabledWorkflows":[]},"_links":{"self":[{"href":"https:\/\/www.pfarregersthof.at\/komm\/wp-json\/wp\/v2\/pages\/17183","targetHints":{"allow":["GET"]}}],"collection":[{"href":"https:\/\/www.pfarregersthof.at\/komm\/wp-json\/wp\/v2\/pages"}],"about":[{"href":"https:\/\/www.pfarregersthof.at\/komm\/wp-json\/wp\/v2\/types\/page"}],"author":[{"embeddable":true,"href":"https:\/\/www.pfarregersthof.at\/komm\/wp-json\/wp\/v2\/users\/2"}],"replies":[{"embeddable":true,"href":"https:\/\/www.pfarregersthof.at\/komm\/wp-json\/wp\/v2\/comments?post=17183"}],"version-history":[{"count":5,"href":"https:\/\/www.pfarregersthof.at\/komm\/wp-json\/wp\/v2\/pages\/17183\/revisions"}],"predecessor-version":[{"id":17693,"href":"https:\/\/www.pfarregersthof.at\/komm\/wp-json\/wp\/v2\/pages\/17183\/revisions\/17693"}],"up":[{"embeddable":true,"href":"https:\/\/www.pfarregersthof.at\/komm\/wp-json\/wp\/v2\/pages\/17131"}],"wp:attachment":[{"href":"https:\/\/www.pfarregersthof.at\/komm\/wp-json\/wp\/v2\/media?parent=17183"}],"curies":[{"name":"wp","href":"https:\/\/api.w.org\/{rel}","templated":true}]}}