{"id":1820,"date":"2013-08-29T21:04:42","date_gmt":"2013-08-29T19:04:42","guid":{"rendered":"http:\/\/www.pfarregersthof.at\/komm\/?page_id=1820"},"modified":"2013-08-29T21:33:02","modified_gmt":"2013-08-29T19:33:02","slug":"matriken-nachlesen","status":"publish","type":"page","link":"https:\/\/www.pfarregersthof.at\/komm\/pfarre-von-a-z\/information\/matriken-nachlesen\/","title":{"rendered":"Matriken nachlesen"},"content":{"rendered":"<p>In jeder katholischen Pfarre wurden und werden Aufzeichnungen \u00fcber Taufen, Trauungen und Todesf\u00e4lle gef\u00fchrt, diese Aufzeichnungen werden Matriken genannt.<\/p>\n<p>F\u00fcr die Pfarre Gersthof gibt es diese seit 1784, dem Jahr ihrer Gr\u00fcndung. Nun k\u00f6nnen diese Gersthofer Matriken im Web nachgelesen werden.<\/p>\n<p><b>\u00a0So konkret finden Sie die B\u00fccher auf <\/b><a href=\"http:\/\/www.matricula-online.eu\" target=\"_blank\"><b>www.matricula-online.eu<\/b><\/a><b>:<\/b><\/p>\n<p>1)\u009f Auf der Startseite auf &#8222;Recherche&#8220; oder &#8222;Zu den Matriken&#8220; klicken<\/p>\n<p>2)\u009f Es \u00f6ffnet sich eine Beschreibung der Nutzungsbedingungen, diese &#8222;Akzeptieren&#8220;, sie werden auf die Startseite der Matriken\u00fcbersicht gef\u00fchrt.<\/p>\n<p>\u009f3) Hier k\u00f6nnen Sie links oben weiteres ausw\u00e4hlen.<br \/>\nUm zu den Matrikenb\u00fcchern der Pfarre Gersthof zu gelangen, w\u00e4hlen Sie <i>nacheinander <\/i>folgendes aus:<\/p>\n<ul>\n<li>\u00a0AT \u00d6sterreich \/ Austria<\/li>\n<li>\u00a0AT-W Wien, rk Erzdi\u00f6zese<\/li>\n<li>\u00a0Wien Stadt<\/li>\n<li>\u00a018., Gersthof<\/li>\n<\/ul>\n<p>In Gersthof angelangt, sehen Sie die Beschreibung des Pfarrgebietes. \u00dcber dem Bild des Pfarrgebietes gibt es den Link zu den Kirchenb\u00fcchern der Pfarre:<\/p>\n<p>-&gt; Liste der B\u00e4nde der Gemeinde <b>18., Gersthof<\/b><\/p>\n<p>In Gersthof gibt es<\/p>\n<ul>\n<li>Taufb\u00fccher<\/li>\n<li>Trauungsb\u00fccher<\/li>\n<li>Sterbeb\u00fccher<\/li>\n<li>Index-B\u00fccher<\/li>\n<\/ul>\n<p>f\u00fcr den Zeitraum von 1784-1939.<br \/>\nAufgrund des Datenschutzes gibt es derzeit eine Sperrfrist von 100 Jahren bei allen B\u00fcchern. Ab November 2013 gibt es neue Fristen bei Taufb\u00fcchern von 100 Jahren, bei Trauungsb\u00fcchern von 75 Jahren und bei Sterbeb\u00fcchern von 30 Jahren.<\/p>\n<p><img loading=\"lazy\" decoding=\"async\" class=\"size-large wp-image-1821  alignleft\" alt=\"\" src=\"https:\/\/www.pfarregersthof.at\/komm\/wp-content\/uploads\/2013\/08\/PfGersthof-Taufbuch1785EintragAug-800x514.jpg\" width=\"800\" height=\"514\" \/><\/p>\n<p>Eintrag im Taufbuch, August 1785<\/p>\n<p><img loading=\"lazy\" decoding=\"async\" class=\"size-full wp-image-1825\" alt=\"Taufbuch Pfarre Gersthof, erster Eintrag im Jahr 1912, Teil 1\" src=\"https:\/\/www.pfarregersthof.at\/komm\/wp-content\/uploads\/2013\/08\/PfGersthof-Taufbuch2Jan1912links.jpg\" width=\"849\" height=\"571\" srcset=\"https:\/\/www.pfarregersthof.at\/komm\/wp-content\/uploads\/2013\/08\/PfGersthof-Taufbuch2Jan1912links.jpg 849w, https:\/\/www.pfarregersthof.at\/komm\/wp-content\/uploads\/2013\/08\/PfGersthof-Taufbuch2Jan1912links-150x101.jpg 150w, https:\/\/www.pfarregersthof.at\/komm\/wp-content\/uploads\/2013\/08\/PfGersthof-Taufbuch2Jan1912links-300x202.jpg 300w, https:\/\/www.pfarregersthof.at\/komm\/wp-content\/uploads\/2013\/08\/PfGersthof-Taufbuch2Jan1912links-800x538.jpg 800w, https:\/\/www.pfarregersthof.at\/komm\/wp-content\/uploads\/2013\/08\/PfGersthof-Taufbuch2Jan1912links-768x517.jpg 768w\" sizes=\"auto, (max-width: 849px) 100vw, 849px\" \/><\/p>\n<p><img loading=\"lazy\" decoding=\"async\" class=\"size-full wp-image-1826 alignnone\" alt=\"\" src=\"https:\/\/www.pfarregersthof.at\/komm\/wp-content\/uploads\/2013\/08\/PfGersthof-Taufbuch2Jan1912rechts.jpg\" width=\"850\" height=\"571\" srcset=\"https:\/\/www.pfarregersthof.at\/komm\/wp-content\/uploads\/2013\/08\/PfGersthof-Taufbuch2Jan1912rechts.jpg 850w, https:\/\/www.pfarregersthof.at\/komm\/wp-content\/uploads\/2013\/08\/PfGersthof-Taufbuch2Jan1912rechts-150x101.jpg 150w, https:\/\/www.pfarregersthof.at\/komm\/wp-content\/uploads\/2013\/08\/PfGersthof-Taufbuch2Jan1912rechts-300x202.jpg 300w, https:\/\/www.pfarregersthof.at\/komm\/wp-content\/uploads\/2013\/08\/PfGersthof-Taufbuch2Jan1912rechts-800x537.jpg 800w, https:\/\/www.pfarregersthof.at\/komm\/wp-content\/uploads\/2013\/08\/PfGersthof-Taufbuch2Jan1912rechts-768x516.jpg 768w\" sizes=\"auto, (max-width: 850px) 100vw, 850px\" \/><\/p>\n<p>Erster Eintrag im Taufbuch 1912.<\/p>\n<p><b>Eine kleine Anleitung zum Erstellen eines Familienstammbaumes in \u00d6sterreich<\/b><\/p>\n<p>F\u00fcr die Suche nach einem Eintrag zu einer Person ben\u00f6tigen Sie den genauen Ort (Pfarre), den genauen Namen sowie Geburts-\/Taufdatum, Hochzeitsdatum oder auch Sterbedatum der gesuchten Person bzw. Familie. Wenn Sie den Eintrag gefunden haben, erfahren sie dadurch meist weitere Angaben oder Anhaltspunkte zur Person &#8211; bei der Taufe etwa die Namen der Eltern -, mit denen Sie weiterforschen k\u00f6nnen.<\/p>\n<p>Auf der Seite <a href=\"http:\/\/www.matricula-online.eu\">www.matricula-online.eu<\/a> sind auch Matrikenb\u00fccher anderer Pfarren der Stadt Wien einsehbar. Weitere Pfarren werden derzeit digitalisiert und sind danach auch auf dieser Adresse abrufbar. Weiters sind auch schon gro\u00dfteils die Matrikenb\u00fccher der Pfarren in Nieder\u00f6sterreich und Ober\u00f6sterreich hier zu finden. Zur Familienforschung in ganz \u00d6sterreich gibt die unten genannte Brosch\u00fcre viele Ausk\u00fcnfte aber auch die (ehrenamtlichen) Vereine f\u00fcr Familienforschung in Wien und ganz \u00d6sterreich:<\/p>\n<p><i>Tipps f\u00fcr Familienforscher in \u00d6sterreich:<\/i> <a href=\"http:\/\/www.kirchen.net\/upload\/53432_Tipps_Familienforscher_UEberarbeitung_2012.pdf\" target=\"_blank\">http:\/\/www.kirchen.net\/upload\/53432_Tipps_Familienforscher_UEberarbeitung_2012.pdf<\/a><\/p>\n<p>(Schriftenreihe der Arbeitsgemeinschaft der Di\u00f6zesanarchive \u00d6sterreichs, Herausgegeben von Kerstin Hederer und Robert Kluger, Online-Ausgabe (3.Auflage 2012), \u00a9 2012 Di\u00f6zesanarchive \u00d6sterreich)<\/p>\n<p>&nbsp;<\/p>\n","protected":false},"excerpt":{"rendered":"<p>In jeder katholischen Pfarre wurden und werden Aufzeichnungen \u00fcber Taufen, Trauungen und Todesf\u00e4lle gef\u00fchrt, diese Aufzeichnungen werden Matriken genannt. F\u00fcr die Pfarre Gersthof gibt es diese seit 1784, dem Jahr ihrer Gr\u00fcndung. Nun k\u00f6nnen diese Gersthofer Matriken im Web nachgelesen werden. \u00a0So konkret finden Sie die B\u00fccher auf www.matricula-online.eu: 1)\u009f Auf der Startseite auf &#8222;Recherche&#8220; [&hellip;]<\/p>\n","protected":false},"author":2,"featured_media":1822,"parent":619,"menu_order":0,"comment_status":"open","ping_status":"open","template":"","meta":{"ngg_post_thumbnail":0,"footnotes":""},"class_list":["post-1820","page","type-page","status-publish","has-post-thumbnail"],"publishpress_future_action":{"enabled":false,"date":"2026-04-23 21:16:00","action":"change-status","newStatus":"draft","terms":[],"taxonomy":"category","extraData":[]},"publishpress_future_workflow_manual_trigger":{"enabledWorkflows":[]},"_links":{"self":[{"href":"https:\/\/www.pfarregersthof.at\/komm\/wp-json\/wp\/v2\/pages\/1820","targetHints":{"allow":["GET"]}}],"collection":[{"href":"https:\/\/www.pfarregersthof.at\/komm\/wp-json\/wp\/v2\/pages"}],"about":[{"href":"https:\/\/www.pfarregersthof.at\/komm\/wp-json\/wp\/v2\/types\/page"}],"author":[{"embeddable":true,"href":"https:\/\/www.pfarregersthof.at\/komm\/wp-json\/wp\/v2\/users\/2"}],"replies":[{"embeddable":true,"href":"https:\/\/www.pfarregersthof.at\/komm\/wp-json\/wp\/v2\/comments?post=1820"}],"version-history":[{"count":16,"href":"https:\/\/www.pfarregersthof.at\/komm\/wp-json\/wp\/v2\/pages\/1820\/revisions"}],"predecessor-version":[{"id":1844,"href":"https:\/\/www.pfarregersthof.at\/komm\/wp-json\/wp\/v2\/pages\/1820\/revisions\/1844"}],"up":[{"embeddable":true,"href":"https:\/\/www.pfarregersthof.at\/komm\/wp-json\/wp\/v2\/pages\/619"}],"wp:featuredmedia":[{"embeddable":true,"href":"https:\/\/www.pfarregersthof.at\/komm\/wp-json\/wp\/v2\/media\/1822"}],"wp:attachment":[{"href":"https:\/\/www.pfarregersthof.at\/komm\/wp-json\/wp\/v2\/media?parent=1820"}],"curies":[{"name":"wp","href":"https:\/\/api.w.org\/{rel}","templated":true}]}}