{"id":19400,"date":"2025-11-28T22:05:31","date_gmt":"2025-11-28T21:05:31","guid":{"rendered":"https:\/\/www.pfarregersthof.at\/komm\/?page_id=19400"},"modified":"2025-11-28T22:05:32","modified_gmt":"2025-11-28T21:05:32","slug":"mini-aufnahme-am-christkoenigssonntag-23-11-2025-clara-winkler","status":"publish","type":"page","link":"https:\/\/www.pfarregersthof.at\/komm\/predigten\/mini-aufnahme-am-christkoenigssonntag-23-11-2025-clara-winkler\/","title":{"rendered":"Mini-Aufnahme am Christk\u00f6nigssonntag (23.11.2025), Clara Winkler"},"content":{"rendered":"\n<p><em>In der Pfarrgemeinde Gersthof werden seit vielen Jahren am Christk\u00f6nigssonntag neue Ministranten in die Mini-Gemeinschaft aufgenommen. Am 23.11.2025 hat Clara Winkler, eine Mini-Gruppenleiterin, nach den Lesungen aus der Bibel dazu gesprochen:<\/em><\/p>\n<p>Liebe Gemeinde und besonders Liebe Mini Dinos, lieber Hagop, liebe Sahra und liebe Valentina.<\/p>\n<p>Wir haben schon geh\u00f6rt es gibt heute zwei Feste, die gefeiert werden: Christk\u00f6nig und die Miniaufnahme. Eure Miniaufnahme meine lieben Mini Dinos. Noch sitzt ihr mir gegen\u00fcber, auf der Seite des Volkes. Aber in ein paar Minuten werdet ihr feierlich eure Minigew\u00e4nder \u00fcberreicht bekommen und dann d\u00fcrft ihr zu all den anderen Minis in den Altarraum kommen. Wir alle sind heute da, um mit euch gemeinsam zu feiern.<\/p>\n<p>Ich kann mich noch erinnern, vor genau 10 Jahren sa\u00df ich da wo ihr gerade sitzt und wurde zu den Minis aufgenommen. In diesen 10 Jahren ist viel passiert, viel hat sich ver\u00e4ndert aber die Minis sind ein Teil meines Lebens geblieben und es freut mich sehr, dass sie das auch weiterhin sein werden und besonders, dass ihr alle jetzt auch Teil davon seid.<\/p>\n<p>Auch das Christk\u00f6nigsfest hat heuer ein Jubil\u00e4um. Denn Christk\u00f6nig ist ein recht neues Fest, zumindest verglichen mit anderen kirchlichen Festen. Es existiert erst seit 100 Jahren.<\/p>\n<p>Als Papst Pius XI. 1925 das Christk\u00f6nigsfest einf\u00fchrte, befand sich die Welt im politischen Umbruch: der Erste Weltkrieg und seine Folgen waren immer noch pr\u00e4sent und \u00fcberall in Europa hatten jahrhundertealte Monarchien ihre Macht verloren und wurden von Demokratien abgel\u00f6st.<\/p>\n<p>Um dem gesellschaftlichen und politischen Wandel und dem Laizismus, das bedeutet die strenge Trennung von Kirche und Staat, entgegenzuwirken, wollte Papst Pius XI. mit diesem Fest an das K\u00f6nigreich von Jesu erinnern und den Menschen Orientierung f\u00fcr das eigene Leben geben.<\/p>\n<p>Was aber ist das K\u00f6nigreich von Jesus? Ein K\u00f6nigreich allgemein ist ja ein Staat, der von einem K\u00f6nig regiert wird. F\u00fcr uns Menschen ist der Begriff \u201eK\u00f6nig\u201c ein starkes Symbol, das tief in unserer Kultur verankert ist. Ein K\u00f6nig steht f\u00fcr Struktur und Sicherheit, f\u00fcr Verantwortung, oft f\u00fcr Prunk und nicht zuallerletzt f\u00fcr Macht. Aber Christus ist nicht so ein K\u00f6nig.<\/p>\n<p>Das K\u00f6nigreich Gottes unterscheidet sich aber in wichtigen Aspekten von den K\u00f6nigreichen die wir aus der Menschheitsgeschichte kennen. Es ist kein geographisches Reich, keine Grenzen auf einer Landkarte limitieren es. Es ist vielmehr ein Reich, welches durch Taten und Werte sichtbar wird.<\/p>\n<p>Ein menschliches K\u00f6nigreich umfasst aber viele Menschen, die darin leben, sehr oft aber nur wenige, die bestimmen k\u00f6nnen. Im K\u00f6nigreich Christi ist Platz f\u00fcr alle Menschen, die Teil dieses K\u00f6nigreichs sein wollen und jeder ist aufgerufen dieses K\u00f6nigreich mitzugestalten. Und so finden ganz unterschiedliche Menschen, die sich sonst wahrscheinlich nie finden w\u00fcrden, im Glauben zusammen.<\/p>\n<p>Die Gemeinschaft dieser Menschen entsteht, wenn sie f\u00fcr einander einstehen, wenn sie ihre F\u00e4higkeiten und ihr K\u00f6nnen teilen und erkennen, dass sie zusammen st\u00e4rker sind als alleine. Menschen, die durch ihr Wirken diese Gemeinschaft zu einem Wohlf\u00fchlort machen sind unglaublich wichtig f\u00fcr uns alle.<\/p>\n<p>Es gibt verschiedene M\u00f6glichkeiten sich einzubringen. Ihr, liebe Mini Dinos tut das auch auf eure eigene Art. Indem ihr zusammen lacht, zusammenspielt, zusammen bl\u00f6delt, einander zuh\u00f6rt (meistens zumindest) und f\u00fcr einander da seid. Aber ihr leistet auch einen deutlich sichtbaren Beitrag f\u00fcr die Gemeinschaft wenn ihr ministriert.<\/p>\n<p>Ministrant kommt vom lateinischen Wort ministrare, was \u00fcbersetzt bedeutet sich k\u00fcmmern, dienen. Aber als Ministrant dienen bedeutet keinen stummen Gehorsam wie es vom Diener eines K\u00f6nigs erwartet wird. Jesus ist ja auch kein normaler K\u00f6nig. Ich w\u00fcrde ministrare in dem Sinn verstehen, dass unser Dienst f\u00fcr die Gemeinde ist, dass wir uns umeinander k\u00fcmmern, auf einander achten und f\u00fcr einander da sind. Ich w\u00fcnsche mir, liebe Mini Dinos, dass ihr eure verschiedenen Kr\u00e4fte und Talente, die so unterschiedlich und vielf\u00e4ltig wie die verschiedenen Dinosaurier Arten, die es auf der Erde gab, sind daf\u00fcr einsetzt.<\/p>\n<p>Das Leben ist ein Geben und Nehmen. Wenn wir nicht bereit sind Energie, Arbeit und Zeit in unsere Gemeinschaft zu stecken dann werden wir auch nicht von dieser Gemeinschaft profitieren k\u00f6nnen. Wir m\u00fcssen also bereit sein, Verantwortung zu \u00fcbernehmen und verl\u00e4sslich zu sein.<\/p>\n<p>F\u00fcr mich bedeutet Kirche, bedeutet Gersthof, bedeuten die Minis Gemeinschaft. Und es ist wahnsinnig sch\u00f6n zu sehen, dass diese Gemeinschaft mit euch w\u00e4chst. Mit den Mini Dinos gibt es auch dieses Jahr eine neue Generation von Minis, die dazu beitragen wird, dass die Minis Gersthof ein Ort bleiben wo gelacht, geliebt und gelebt wird.<\/p>\n<p>Meine lieben Mini Dinos, seid gespannt was alles noch auf euch zukommen wird, dann neben dem Ministrieren bedeutet Mini sein noch so viel mehr. Bis sp\u00e4t in die Nacht am Lagerfeuer sitzen, durch den Wald rennen und versuchen dem gegnerischen Team zu entkommen, mit Klob\u00fcrsten ein Selbstportr\u00e4t malen, so viel S\u00fc\u00dfes und Toast essen, dass einem schlecht wird, und sich einen Wecker f\u00fcr 3h nachts zu stellen um zu versuchen heimlich einen Streich zu spielen. Mini sein bedeutet Teil einer Gemeinschaft zu sein, die zusammenw\u00e4chst und f\u00fcr einander da ist.<\/p>\n<p>Und genauso wie meine Rede neigt sich auch das jetzige Kirchenjahr dem Ende zu. Denn Christk\u00f6nig ist immer der letzte Sonntag im Kirchenjahr. N\u00e4chste Woche mit dem ersten Adventsonntag, dem Beginn eines neuen Kirchenjahres seid ihr alle;<\/p>\n<p>Theresa, Hagop, Pauline, Benjamin, Sara, Caro, Valentina, Andres, Sahra, Konrad, Anabel, Oli, Matthias, Alice und Leopold dann auch ganz offiziell Minis. Und wir freuen uns, dass ihr somit auch ein Teil von unserer gro\u00dfen Minischar seid und k\u00f6nnen es kaum erwarten mit euch zu ministrieren, auf Lager zu fahren, zu spielen und ganz viel Spa\u00df zu haben.<\/p>\n","protected":false},"excerpt":{"rendered":"<p>In der Pfarrgemeinde Gersthof werden seit vielen Jahren am Christk\u00f6nigssonntag neue Ministranten in die Mini-Gemeinschaft aufgenommen. Am 23.11.2025 hat Clara Winkler, eine Mini-Gruppenleiterin, nach den Lesungen aus der Bibel dazu gesprochen: Liebe Gemeinde und besonders Liebe Mini Dinos, lieber Hagop, liebe Sahra und liebe Valentina. Wir haben schon geh\u00f6rt es gibt heute zwei Feste, die [&hellip;]<\/p>\n","protected":false},"author":2,"featured_media":0,"parent":6833,"menu_order":0,"comment_status":"closed","ping_status":"closed","template":"","meta":{"ngg_post_thumbnail":0,"footnotes":""},"class_list":["post-19400","page","type-page","status-publish"],"publishpress_future_action":{"enabled":false,"date":"2026-04-23 08:43:26","action":"change-status","newStatus":"draft","terms":[],"taxonomy":"category","extraData":[]},"publishpress_future_workflow_manual_trigger":{"enabledWorkflows":[]},"_links":{"self":[{"href":"https:\/\/www.pfarregersthof.at\/komm\/wp-json\/wp\/v2\/pages\/19400","targetHints":{"allow":["GET"]}}],"collection":[{"href":"https:\/\/www.pfarregersthof.at\/komm\/wp-json\/wp\/v2\/pages"}],"about":[{"href":"https:\/\/www.pfarregersthof.at\/komm\/wp-json\/wp\/v2\/types\/page"}],"author":[{"embeddable":true,"href":"https:\/\/www.pfarregersthof.at\/komm\/wp-json\/wp\/v2\/users\/2"}],"replies":[{"embeddable":true,"href":"https:\/\/www.pfarregersthof.at\/komm\/wp-json\/wp\/v2\/comments?post=19400"}],"version-history":[{"count":1,"href":"https:\/\/www.pfarregersthof.at\/komm\/wp-json\/wp\/v2\/pages\/19400\/revisions"}],"predecessor-version":[{"id":19401,"href":"https:\/\/www.pfarregersthof.at\/komm\/wp-json\/wp\/v2\/pages\/19400\/revisions\/19401"}],"up":[{"embeddable":true,"href":"https:\/\/www.pfarregersthof.at\/komm\/wp-json\/wp\/v2\/pages\/6833"}],"wp:attachment":[{"href":"https:\/\/www.pfarregersthof.at\/komm\/wp-json\/wp\/v2\/media?parent=19400"}],"curies":[{"name":"wp","href":"https:\/\/api.w.org\/{rel}","templated":true}]}}