{"id":3456,"date":"2015-08-31T20:38:41","date_gmt":"2015-08-31T18:38:41","guid":{"rendered":"http:\/\/www.pfarregersthof.at\/komm\/?page_id=3456"},"modified":"2023-08-29T10:58:19","modified_gmt":"2023-08-29T08:58:19","slug":"firmung-konkret","status":"publish","type":"page","link":"https:\/\/www.pfarregersthof.at\/komm\/pfarre-von-a-z\/angebote\/firmung\/firmung-konkret\/","title":{"rendered":"Firmung konkret"},"content":{"rendered":"<p><strong>F\u00fcr alle, die dar\u00fcber nachdenken, sich firmen zu lassen.<\/strong><\/p>\n<p>Die Vorbereitungszeit auf die Firmung findet ihren H\u00f6hepunkt im Firmfest. Die FirmkandidatInnen werden von Firmspender Siegfried Kettner, Provinzial der Salesianer Don Bosco, am Samstag, 8. Juni 2024, oder am Sonntag, 9. Juni 2024, gefirmt.<\/p>\n<p>Interessante Fakten, die die Firmvorbereitung in Gersthof einzigartig machen:<\/p>\n<p><strong>#FACT\u2014BEGLEITET VON JUGENDLICHEN&nbsp; &#8211;&nbsp; <\/strong>Das besondere unserer Vorbereitung ist, dass sie von Jugendlichen begleitet wird.<\/p>\n<p><strong>#FACT\u2014MIT DEINEN FREUNDEN&nbsp; &#8211;&nbsp; <\/strong>Du selbst, unabh\u00e4ngig von Ort der Schule oder Wohnort, kannst entscheiden, wo du gefirmt werden m\u00f6chtest. Auch deine Freunde sind herzlich eingeladen bei unserem Programm mitzumachen!<\/p>\n<p><strong>#FACT\u2014SPASS | SPANNEND | KEIN UNTERRICHT&nbsp; &#8211;&nbsp; <\/strong>Es geht bei uns um deine eigenen Gedanken zum Leben und zu deinem Glauben, wobei Gemeinschaftsgef\u00fchl und ein abwechslungsreiches Programm im Vordergrund stehen.<\/p>\n<p><strong>#PROGRAMM&nbsp; &#8211;&nbsp; <\/strong>Ein Kennenlern-Wochenende, ein Outdoor Wochenende, einige Dienstagabende und ein Sozialprojekt. Wir starten ab <strong>Februar 2024.<\/strong><\/p>\n<p><strong>#FIRMFEIER &#8211;&nbsp; <\/strong>Du bist bei deiner Feier im Mittelpunkt, daher feiern wir einen selbst gestalteten Gottesdienst in jugendgerechter Sprache, moderner Musik und selbstdekorierter Kirche.<\/p>\n<h3>Infoabend<\/h3>\n<p>Du und deine Eltern k\u00f6nnen genaue Informationen \u00fcber das Programm und die Firmung am Informationsabend am Dienstag, 26. September 2023, um 19.30 in der Pfarrkirche erfahren (Bischof Faber Platz).<\/p>\n<h3>Anmeldung<\/h3>\n<p>Am Informationsabend und bis Freitag, den 3. November kannst du gerne im Pfarrsekretariat am Bischof-Faber-Platz 7 vorbeikommen (Mo bis Fr. von 9-12 Uhr, und <strong>Do<\/strong><strong> von 17\u201319 Uhr *<\/strong>) und dich anmelden.<br \/>\nWenn dir diese Zeiten ung\u00fcnstig sind, bitte ich um einen Anruf oder ein E-Mail, sodass wir gemeinsam einen Termin f\u00fcr die Anmeldung vereinbaren k\u00f6nnen.<\/p>\n<p>Was du brauchst bei der Anmeldung:<\/p>\n<ul>\n<li>Ausgef\u00fclltes und unterschriebenes <a href=\"https:\/\/www.pfarregersthof.at\/dokus\/div\/Anmeldung_Firmung_2024.pdf\">Anmeldeformular<\/a><\/li>\n<li>Deinen Original-Taufschein.<\/li>\n<li>Bei den verschiedenen Treffen entstehen Kosten f\u00fcr Material, Verpflegung, 2 Wochenenden, Professionelle Musik und Fotografen, Fotos, usw. Deshalb bring bitte auch 105 Euro mit (es soll nat\u00fcrlich nicht am Geld scheitern: wende dich bitte an mich, falls es finanzielle Schwierigkeiten geben sollte).<\/li>\n<\/ul>\n<p><strong>Mehr Infos<\/strong><\/p>\n<p>Willst du mehr wissen!? Ruf&#8216; mich an (01 4792292 oder 0664 6216868), schreib mir ein E-Mail (arthur.kolker@pfarregersthof.at) oder mach&#8216; einen Besuch im B\u00fcro.<\/p>\n<p>Ich freue mich auf ein gegenseitiges Kennenlernen und unsere gemeinsame Zeit.<\/p>\n<p>Liebe Gr\u00fc\u00dfe,<br \/>\n<span style=\"color: #3366ff;\"><em>Pastoralassistent Arthur<\/em><\/span><\/p>\n<p><sup>*)<\/sup> Das Pfarrsekretariat am Bischof-Faber-Platz 7 hat von Montag bis Freitag von 9 bis 12 Uhr offen &#8211; nicht so gut f\u00fcr Sch\u00fcler &#8211; und am Donnerstag von 17 bis 19 Uhr.<\/p>\n<p><strong>Dein Weg zur Firmung 2023:<\/strong><\/p>\n<div class=\"em em-view-container\" id=\"em-view-536540440\" data-view=\"list-grouped\">\r\n\t<div class=\"em-list em-events-list em-events-list-grouped\" id=\"em-events-list-grouped-536540440\">\r\n\t<h4>Dienstag, 21.04.2026<\/h4>18:30 &#8211; 20:30: &lt;span style=background-color:#1e73be&gt;&amp;nbsp;&amp;nbsp;&lt;\/span&gt; Treffen der Jugendlichen zur Firmvorbereitung   (<a href=\"https:\/\/www.pfarregersthof.at\/komm\/ort\/gemeindezentrum-der-pfarre-gersthof\/\">Gemeindezentrum<\/a>) &lt;br \/&gt;\t<\/div>\r\n<\/div>\n<p>&nbsp;<\/p>\n<p><strong>Orte:<\/strong><br \/>\nPfarrkirche: auf dem Bischof-Faber-Platz<br \/>\nGemeindezentrum: Bastiengasse 18<\/p>\n<p>&nbsp;<\/p>\n<p>&nbsp;<\/p>\n","protected":false},"excerpt":{"rendered":"<p>F\u00fcr alle, die dar\u00fcber nachdenken, sich firmen zu lassen. Die Vorbereitungszeit auf die Firmung findet ihren H\u00f6hepunkt im Firmfest. Die FirmkandidatInnen werden von Firmspender Siegfried Kettner, Provinzial der Salesianer Don Bosco, am Samstag, 8. Juni 2024, oder am Sonntag, 9. Juni 2024, gefirmt. Interessante Fakten, die die Firmvorbereitung in Gersthof einzigartig machen: #FACT\u2014BEGLEITET VON JUGENDLICHEN&nbsp; [&hellip;]<\/p>\n","protected":false},"author":2,"featured_media":0,"parent":681,"menu_order":0,"comment_status":"closed","ping_status":"closed","template":"","meta":{"ngg_post_thumbnail":0,"footnotes":""},"class_list":["post-3456","page","type-page","status-publish"],"publishpress_future_action":{"enabled":false,"date":"2026-04-28 04:44:46","action":"change-status","newStatus":"draft","terms":[],"taxonomy":"category","extraData":[]},"publishpress_future_workflow_manual_trigger":{"enabledWorkflows":[]},"_links":{"self":[{"href":"https:\/\/www.pfarregersthof.at\/komm\/wp-json\/wp\/v2\/pages\/3456","targetHints":{"allow":["GET"]}}],"collection":[{"href":"https:\/\/www.pfarregersthof.at\/komm\/wp-json\/wp\/v2\/pages"}],"about":[{"href":"https:\/\/www.pfarregersthof.at\/komm\/wp-json\/wp\/v2\/types\/page"}],"author":[{"embeddable":true,"href":"https:\/\/www.pfarregersthof.at\/komm\/wp-json\/wp\/v2\/users\/2"}],"replies":[{"embeddable":true,"href":"https:\/\/www.pfarregersthof.at\/komm\/wp-json\/wp\/v2\/comments?post=3456"}],"version-history":[{"count":35,"href":"https:\/\/www.pfarregersthof.at\/komm\/wp-json\/wp\/v2\/pages\/3456\/revisions"}],"predecessor-version":[{"id":14540,"href":"https:\/\/www.pfarregersthof.at\/komm\/wp-json\/wp\/v2\/pages\/3456\/revisions\/14540"}],"up":[{"embeddable":true,"href":"https:\/\/www.pfarregersthof.at\/komm\/wp-json\/wp\/v2\/pages\/681"}],"wp:attachment":[{"href":"https:\/\/www.pfarregersthof.at\/komm\/wp-json\/wp\/v2\/media?parent=3456"}],"curies":[{"name":"wp","href":"https:\/\/api.w.org\/{rel}","templated":true}]}}