{"id":3506,"date":"2015-09-13T16:01:51","date_gmt":"2015-09-13T14:01:51","guid":{"rendered":"http:\/\/www.pfarregersthof.at\/komm\/?page_id=3506"},"modified":"2015-09-13T16:26:15","modified_gmt":"2015-09-13T14:26:15","slug":"barmherzigkeit","status":"publish","type":"page","link":"https:\/\/www.pfarregersthof.at\/komm\/pfarre-von-a-z\/themen\/barmherzigkeit\/","title":{"rendered":"Barmherzigkeit"},"content":{"rendered":"<h2>Das Thema begleitet die Pfarrgemeinde Gersthof im Jahr 2015\/2016<\/h2>\n<p>Diese Seite bietet einen \u00dcberblick zu diesem Thema:<\/p>\n<ul>\n<li><a href=\"#einbegleitung\">Einbegleitung<\/a><\/li>\n<li><a href=\"#startlesungen\">Bibellesungen zum Start des Themas in der Gemeinde<\/a><\/li>\n<li><a href=\"#mehr\">Mehr zum Thema<\/a><\/li>\n<\/ul>\n<h3 id=\"einbegleitung\">Einbegleitung<\/h3>\n<p><a href=\"https:\/\/www.pfarregersthof.at\/komm\/wp-content\/uploads\/2015\/09\/mwsat-20150913-IMG_3739-hoch.jpg\"><img loading=\"lazy\" decoding=\"async\" class=\"size-medium wp-image-3513 alignleft\" src=\"https:\/\/www.pfarregersthof.at\/komm\/wp-content\/uploads\/2015\/09\/mwsat-20150913-IMG_3739-hoch-155x300.jpg\" alt=\"mwsat-20150913-IMG_3739-hoch\" width=\"155\" height=\"300\" srcset=\"https:\/\/www.pfarregersthof.at\/komm\/wp-content\/uploads\/2015\/09\/mwsat-20150913-IMG_3739-hoch-155x300.jpg 155w, https:\/\/www.pfarregersthof.at\/komm\/wp-content\/uploads\/2015\/09\/mwsat-20150913-IMG_3739-hoch-77x150.jpg 77w, https:\/\/www.pfarregersthof.at\/komm\/wp-content\/uploads\/2015\/09\/mwsat-20150913-IMG_3739-hoch-412x800.jpg 412w, https:\/\/www.pfarregersthof.at\/komm\/wp-content\/uploads\/2015\/09\/mwsat-20150913-IMG_3739-hoch.jpg 1000w\" sizes=\"auto, (max-width: 155px) 100vw, 155px\" \/><\/a>Der Begriff Barmherzigkeit wird oft verwendet, aber auch unterschiedlich verstanden. Die Deutungen reichen von \u201eNett-Sein zu Leuten, so dass sie eine Ruhe geben\u201c, \u00fcber \u201edem anderen Liebe, Erbarmen zu schenken und dabei nicht darauf schauen, ob das auch gerecht ist\u201c bis zu \u201edas ist die zentrale Eigenschaft unseres christlichen Gottes, etwas was ihn von anderen unterscheidet\u201c.<br \/>\nIn Gersthof haben wir uns entschlossen, uns in diesem Gemeindejahr damit auseinanderzusetzen, wie dieser Begriff verstanden wird und wie er unser Leben pr\u00e4gen kann. Jede und jeder ist eingeladen, dies f\u00fcr sich selbst zu bedenken und auch Schlussfolgerungen zu ziehen.<br \/>\nIm September 2015 wurde diese Auseinandersezung begonnen, im Laufe des Jahres wird die Auseinandersetzung sicher breiter werden, denn Papst Franziskus hat zum Thema Barmherzigkeit ein Heiliges Jahr ausgerufen, das am 8. Dezember beginnen wird.<br \/>\nLassen wir uns gemeinsam auf dieses Thema ein.<\/p>\n<h3 id=\"startlesungen\">Lesungen Start des Themas Barmherzigkeit (13.9.2015)<\/h3>\n<p><strong>Lesung nach Hosea 11 und Jesaja 54<\/strong><\/p>\n<p>Als mein Volk Israel jung war, gewann ich sie lieb.<br \/>\nIch rief meine S\u00f6hne und T\u00f6chter aus \u00c4gypten.<br \/>\nJe mehr ich sie rief, desto mehr liefen sie von mir weg.<br \/>\nIch war es, der sie gehen lehrte und ich nahm sie auf meine Arme.<br \/>\nSie aber haben nicht erkannt, dass ich sie heilen wollte.<br \/>\nMit menschlichen Fesseln zog ich sie an mich, mit den Ketten der Liebe.<br \/>\nIch war f\u00fcr sie da, wie Eltern, die ihren S\u00e4ugling an ihre Wangen heben.<br \/>\nIch neigte mich ihnen zu und gab ihnen zu essen.<br \/>\nDoch sie sind immer wieder vor mir davongelaufen<br \/>\nund haben sich geweigert, umzukehren.<br \/>\nWie k\u00f6nnte ich dich preisgeben, Efraim,<br \/>\nWie dich aufgeben, Israel?<br \/>\nMein Herz wendet sich gegen mich, Mitleid lodert auf.<br \/>\nDenn ich bin Gott, nicht ein Mensch,<br \/>\nDer Heilige in eurer Mitte.<br \/>\nNur f\u00fcr eine kleine Weile habe ich dich verlassen,<br \/>\nDoch mit grossem Erbarmen hole ich dich heim.<br \/>\nEinen Augenblick verbarg ich vor dir mein Gesicht in aufwallendem Zorn;<br \/>\nAber mit ewiger Huld habe ich Erbarmen mit dir,<br \/>\nspricht dein Erl\u00f6ser, der Herr.<br \/>\nAuch wenn die Berge von ihrem Platz weichen<br \/>\nund die H\u00fcgel zu wanken beginnen,<br \/>\nMeine Huld wird nie von dir weichen!<\/p>\n<p><strong>Lesung aus dem Evangelium nach Lukas, 15. Kapitel, vom barmherzigen Vater<\/strong><\/p>\n<p>11 Weiter sagte Jesus: Ein Mann hatte zwei S\u00f6hne.<br \/>\n12 Der j\u00fcngere von ihnen sagte zu seinem Vater: Vater, gib mir das Erbteil, das mir zusteht. Da teilte der Vater das Verm\u00f6gen auf.1<br \/>\n13 Nach wenigen Tagen packte der j\u00fcngere Sohn alles zusammen und zog in ein fernes Land. Dort f\u00fchrte er ein z\u00fcgelloses Leben und verschleuderte sein Verm\u00f6gen.<br \/>\n14 Als er alles durchgebracht hatte, kam eine gro\u00dfe Hungersnot \u00fcber das Land und es ging ihm sehr schlecht.<br \/>\n15 Da ging er zu einem B\u00fcrger des Landes und dr\u00e4ngte sich ihm auf; der schickte ihn aufs Feld zum Schweineh\u00fcten.<br \/>\n16 Er h\u00e4tte gern seinen Hunger mit den Futterschoten gestillt, die die Schweine fra\u00dfen; aber niemand gab ihm davon.<br \/>\n17 Da ging er in sich und sagte: Wie viele Tagel\u00f6hner meines Vaters haben mehr als genug zu essen und ich komme hier vor Hunger um.<br \/>\n18 Ich will aufbrechen und zu meinem Vater gehen und zu ihm sagen: Vater, ich habe mich gegen den Himmel und gegen dich vers\u00fcndigt.<br \/>\n19 Ich bin nicht mehr wert, dein Sohn zu sein; mach mich zu einem deiner Tagel\u00f6hner.<br \/>\n20 Dann brach er auf und ging zu seinem Vater. Der Vater sah ihn schon von weitem kommen und er hatte Mitleid mit ihm. Er lief dem Sohn entgegen, fiel ihm um den Hals und k\u00fcsste ihn.<br \/>\n21 Da sagte der Sohn: Vater, ich habe mich gegen den Himmel und gegen dich vers\u00fcndigt; ich bin nicht mehr wert, dein Sohn zu sein.2<br \/>\n22 Der Vater aber sagte zu seinen Knechten: Holt schnell das beste Gewand und zieht es ihm an, steckt ihm einen Ring an die Hand und zieht ihm Schuhe an.<br \/>\n23 Bringt das Mastkalb her und schlachtet es; wir wollen essen und fr\u00f6hlich sein.<br \/>\n24 Denn mein Sohn war tot und lebt wieder; er war verloren und ist wiedergefunden worden. Und sie begannen, ein fr\u00f6hliches Fest zu feiern.<\/p>\n<h3 id=\"mehr\">Mehr zum Thema<\/h3>\n<ul>\n<li>\u201eWer in der Barmherzigkeit lebt, kennt nicht Empfindlichkeit, nicht Entt\u00e4uschung. Er verschenkt sich einfach, sich selbst vergessend, freudig mit der ganzen Glut seines Herzens, frei &#8211; ohne eine Gegenleistung zu erwarten\u201c (<a href=\"http:\/\/www.quatember.de\/J1955\/q55227.htm\">Regel von Taiz\u00e9<\/a>).<\/li>\n<li>Was <a href=\"https:\/\/de.wikipedia.org\/wiki\/Barmherzigkeit\" target=\"_blank\">Wikipedia dazu sagt<\/a>.<\/li>\n<li><a href=\"http:\/\/herder.de\/buecher\/religion_spiritualitaet\/detailseiten\/Barmherzigkeit.30642.html\" target=\"_blank\">Buch des deutschen Kurienkardinals Walter Kasper<\/a> zum Thema Barmherzigkeit (2013)<br \/>\n<a href=\"http:\/\/www.zeit.de\/2013\/51\/barmherzigkeit-kardinal-walter-kasper\" target=\"_blank\">Interview mit dem Kardinal<\/a> dazu in der Wochenzeitung Die Zeit.<\/li>\n<li><a href=\"https:\/\/w2.vatican.va\/content\/francesco\/de\/apost_letters\/documents\/papa-francesco_bolla_20150411_misericordiae-vultus.pdf\" target=\"_blank\">Papst Franziskus&#8216; Bulle <\/a>zur Ank\u00fcndigung des Heiligen Jahres 2015\/16 zum Thema Barmherzigkeit.<\/li>\n<li><a href=\"http:\/\/www.iubilaeummisericordiae.va\/content\/gdm\/de.html\" target=\"_blank\">Homepage des Vatikan zu diesem Heiligen Jahr<\/a><\/li>\n<li>Praxis der Barmherzigkeit\n<ul>\n<li><a href=\"http:\/\/www.hausderbarmherzigkeit.at\/\" target=\"_blank\">Haus der Barmherzigkeit<\/a> in Wien<\/li>\n<li><a href=\"http:\/\/www.faustyna.pl\/zmbm\/de\/\" target=\"_blank\">Kongregation der Muttergottes der Barmherzigkeit<\/a>, Polen<\/li>\n<li><a href=\"http:\/\/www.taize.fr\/de_article19193.html\" target=\"_blank\">Taize, Barmherzigkeitsikone<\/a><\/li>\n<\/ul>\n<\/li>\n<\/ul>\n<p>&nbsp;<\/p>\n","protected":false},"excerpt":{"rendered":"<p>Das Thema begleitet die Pfarrgemeinde Gersthof im Jahr 2015\/2016 Diese Seite bietet einen \u00dcberblick zu diesem Thema: Einbegleitung Bibellesungen zum Start des Themas in der Gemeinde Mehr zum Thema Einbegleitung Der Begriff Barmherzigkeit wird oft verwendet, aber auch unterschiedlich verstanden. Die Deutungen reichen von \u201eNett-Sein zu Leuten, so dass sie eine Ruhe geben\u201c, \u00fcber \u201edem [&hellip;]<\/p>\n","protected":false},"author":2,"featured_media":0,"parent":621,"menu_order":0,"comment_status":"closed","ping_status":"closed","template":"","meta":{"ngg_post_thumbnail":0,"footnotes":""},"class_list":["post-3506","page","type-page","status-publish"],"publishpress_future_action":{"enabled":false,"date":"2026-05-12 17:49:25","action":"change-status","newStatus":"draft","terms":[],"taxonomy":"category","extraData":[]},"publishpress_future_workflow_manual_trigger":{"enabledWorkflows":[]},"_links":{"self":[{"href":"https:\/\/www.pfarregersthof.at\/komm\/wp-json\/wp\/v2\/pages\/3506","targetHints":{"allow":["GET"]}}],"collection":[{"href":"https:\/\/www.pfarregersthof.at\/komm\/wp-json\/wp\/v2\/pages"}],"about":[{"href":"https:\/\/www.pfarregersthof.at\/komm\/wp-json\/wp\/v2\/types\/page"}],"author":[{"embeddable":true,"href":"https:\/\/www.pfarregersthof.at\/komm\/wp-json\/wp\/v2\/users\/2"}],"replies":[{"embeddable":true,"href":"https:\/\/www.pfarregersthof.at\/komm\/wp-json\/wp\/v2\/comments?post=3506"}],"version-history":[{"count":9,"href":"https:\/\/www.pfarregersthof.at\/komm\/wp-json\/wp\/v2\/pages\/3506\/revisions"}],"predecessor-version":[{"id":3516,"href":"https:\/\/www.pfarregersthof.at\/komm\/wp-json\/wp\/v2\/pages\/3506\/revisions\/3516"}],"up":[{"embeddable":true,"href":"https:\/\/www.pfarregersthof.at\/komm\/wp-json\/wp\/v2\/pages\/621"}],"wp:attachment":[{"href":"https:\/\/www.pfarregersthof.at\/komm\/wp-json\/wp\/v2\/media?parent=3506"}],"curies":[{"name":"wp","href":"https:\/\/api.w.org\/{rel}","templated":true}]}}