{"id":43,"date":"2012-01-24T17:44:03","date_gmt":"2012-01-24T17:44:03","guid":{"rendered":"http:\/\/www.pfarregersthof.at\/komm\/?page_id=43"},"modified":"2020-06-10T11:24:32","modified_gmt":"2020-06-10T10:24:32","slug":"impressum","status":"publish","type":"page","link":"https:\/\/www.pfarregersthof.at\/komm\/impressum\/","title":{"rendered":"Impressum"},"content":{"rendered":"<p>Diese Homepage &#8211; oder besser Website &#8211; der Pfarre Gersthof-St.Leopold bietet die wichtigsten Informationen \u00fcber die Pfarre an. Da eine Pfarre ein sehr lebendiges und vielf\u00e4ltiges Gesch\u00f6pf ist, k\u00f6nnen nicht alle ihre Aktivit\u00e4ten pr\u00e4sentiert werden.<\/p>\n<p>Medieninhaber<br \/>\nR\u00f6m.kath. Pfarrgemeinde Gersthof-St.Leopold, Bischof-Faber Platz 7, 1180 Wien, \u00d6sterreich<\/p>\n<p>Herausgeber<br \/>\nPfarrgemeinderat der r\u00f6m.-kath. Pfarrgemeinde Gersthof-St.Leopold<br \/>\nAnschrift: Bischof Faber Platz 7, 1180 Wien, \u00d6sterreich,<br \/>\nTel.: <a href=\"tel:+4314792292\">+43 (1) 479 22 92<\/a><\/p>\n<p>Redaktion (<a href=\"mailto:web@pfarregersthof.at\">E-Mail senden<\/a>)<\/p>\n<p>Grundlegende Richtung: \u00d6ffentliche Information \u00fcber die Aktivit\u00e4ten der Pfarre Gersthof-St.Leopold.<\/p>\n<p>(DVR Nummer bis 2018: 0029874(1183))<\/p>\n","protected":false},"excerpt":{"rendered":"<p>Diese Homepage &#8211; oder besser Website &#8211; der Pfarre Gersthof-St.Leopold bietet die wichtigsten Informationen \u00fcber die Pfarre an. Da eine Pfarre ein sehr lebendiges und vielf\u00e4ltiges Gesch\u00f6pf ist, k\u00f6nnen nicht alle ihre Aktivit\u00e4ten pr\u00e4sentiert werden. Medieninhaber R\u00f6m.kath. Pfarrgemeinde Gersthof-St.Leopold, Bischof-Faber Platz 7, 1180 Wien, \u00d6sterreich Herausgeber Pfarrgemeinderat der r\u00f6m.-kath. Pfarrgemeinde Gersthof-St.Leopold Anschrift: Bischof Faber Platz [&hellip;]<\/p>\n","protected":false},"author":2,"featured_media":0,"parent":0,"menu_order":99,"comment_status":"open","ping_status":"closed","template":"","meta":{"ngg_post_thumbnail":0,"footnotes":""},"class_list":["post-43","page","type-page","status-publish"],"publishpress_future_action":{"enabled":false,"date":"2026-04-28 12:09:15","action":"change-status","newStatus":"draft","terms":[],"taxonomy":"category","extraData":[]},"publishpress_future_workflow_manual_trigger":{"enabledWorkflows":[]},"_links":{"self":[{"href":"https:\/\/www.pfarregersthof.at\/komm\/wp-json\/wp\/v2\/pages\/43","targetHints":{"allow":["GET"]}}],"collection":[{"href":"https:\/\/www.pfarregersthof.at\/komm\/wp-json\/wp\/v2\/pages"}],"about":[{"href":"https:\/\/www.pfarregersthof.at\/komm\/wp-json\/wp\/v2\/types\/page"}],"author":[{"embeddable":true,"href":"https:\/\/www.pfarregersthof.at\/komm\/wp-json\/wp\/v2\/users\/2"}],"replies":[{"embeddable":true,"href":"https:\/\/www.pfarregersthof.at\/komm\/wp-json\/wp\/v2\/comments?post=43"}],"version-history":[{"count":8,"href":"https:\/\/www.pfarregersthof.at\/komm\/wp-json\/wp\/v2\/pages\/43\/revisions"}],"predecessor-version":[{"id":6862,"href":"https:\/\/www.pfarregersthof.at\/komm\/wp-json\/wp\/v2\/pages\/43\/revisions\/6862"}],"wp:attachment":[{"href":"https:\/\/www.pfarregersthof.at\/komm\/wp-json\/wp\/v2\/media?parent=43"}],"curies":[{"name":"wp","href":"https:\/\/api.w.org\/{rel}","templated":true}]}}