{"id":4346,"date":"2017-02-26T18:22:43","date_gmt":"2017-02-26T17:22:43","guid":{"rendered":"http:\/\/www.pfarregersthof.at\/komm\/?page_id=4346"},"modified":"2017-02-26T18:24:17","modified_gmt":"2017-02-26T17:24:17","slug":"pgr-bericht-2012-2017","status":"publish","type":"page","link":"https:\/\/www.pfarregersthof.at\/komm\/pgr-2\/pgr-bericht-2012-2017\/","title":{"rendered":"PGR Bericht 2012-2017"},"content":{"rendered":"<p>In der Zeit von April 2012 bis M\u00e4rz 2017 hat der Pfarrgemeinderat mit diesen Mitgliedern das Leben der Pfarrgemeinde unterst\u00fctzt und die Verm\u00f6gensverwaltung inne gehabt: Uwe Eglau (Diakon), Dr. Wolfgang Fellner, Mag. Monika Gamillscheg, Mag. Benedikt Gamillscheg, Anton Hecht (Diakon),&nbsp; Pia Hecht <sup>*)<\/sup>, Helmut Janota, Norbert Kaiser, Mag. Peter Kucera (Stv. Vorsitzender), Johannes M\u00fchlbacher, Xaver Muri, Elisabeth P\u00e4chter, Dr. Norbert Rodt (Pfarrer, Vorsitzender), Maria Scherzer-Scholz, Julian Schmidt <sup>*)<\/sup>, Michael Steidl, Mag. Alexander Winkler, Gerda Winner (Pastoralassistentin)<br \/>\n*) w\u00e4hrend der Funktionsperiode ausgeschieden<\/p>\n<p>Am Ende dieser Funktionsperiode freut sich dieser PGR, eine Zusammenfassung seiner 5-j\u00e4hrigen T\u00e4tigkeit vorzustellen, die auch <a href=\"\/dokus\/pgr\/PGR-Bericht-2012-2017.pdf\" target=\"_blank\">als PDF heruntergeladen<\/a> werden kann.<\/p>\n<p><a href=\"https:\/\/www.pfarregersthof.at\/komm\/wp-content\/uploads\/2017\/02\/PGR-Bericht2017-1.jpg\"><img loading=\"lazy\" decoding=\"async\" class=\"aligncenter size-thumbnail wp-image-4353\" src=\"https:\/\/www.pfarregersthof.at\/komm\/wp-content\/uploads\/2017\/02\/PGR-Bericht2017-1-150x142.jpg\" alt=\"\" width=\"150\" height=\"142\" srcset=\"https:\/\/www.pfarregersthof.at\/komm\/wp-content\/uploads\/2017\/02\/PGR-Bericht2017-1-150x142.jpg 150w, https:\/\/www.pfarregersthof.at\/komm\/wp-content\/uploads\/2017\/02\/PGR-Bericht2017-1-300x284.jpg 300w, https:\/\/www.pfarregersthof.at\/komm\/wp-content\/uploads\/2017\/02\/PGR-Bericht2017-1.jpg 561w\" sizes=\"auto, (max-width: 150px) 100vw, 150px\" \/><\/a><br \/>\n&nbsp;<br \/>\n<a href=\"https:\/\/www.pfarregersthof.at\/komm\/wp-content\/uploads\/2017\/02\/PGR-Bericht2017-2.jpg\"><img loading=\"lazy\" decoding=\"async\" class=\"aligncenter size-large wp-image-4348\" src=\"https:\/\/www.pfarregersthof.at\/komm\/wp-content\/uploads\/2017\/02\/PGR-Bericht2017-2-800x608.jpg\" alt=\"\" width=\"800\" height=\"608\" srcset=\"https:\/\/www.pfarregersthof.at\/komm\/wp-content\/uploads\/2017\/02\/PGR-Bericht2017-2-800x608.jpg 800w, https:\/\/www.pfarregersthof.at\/komm\/wp-content\/uploads\/2017\/02\/PGR-Bericht2017-2-150x114.jpg 150w, https:\/\/www.pfarregersthof.at\/komm\/wp-content\/uploads\/2017\/02\/PGR-Bericht2017-2-300x228.jpg 300w, https:\/\/www.pfarregersthof.at\/komm\/wp-content\/uploads\/2017\/02\/PGR-Bericht2017-2-768x584.jpg 768w, https:\/\/www.pfarregersthof.at\/komm\/wp-content\/uploads\/2017\/02\/PGR-Bericht2017-2-1024x779.jpg 1024w, https:\/\/www.pfarregersthof.at\/komm\/wp-content\/uploads\/2017\/02\/PGR-Bericht2017-2.jpg 1068w\" sizes=\"auto, (max-width: 800px) 100vw, 800px\" \/><\/a><\/p>\n<p>&nbsp;<\/p>\n<p><a href=\"https:\/\/www.pfarregersthof.at\/komm\/wp-content\/uploads\/2017\/02\/PGR-Bericht2017-4.jpg\"><img loading=\"lazy\" decoding=\"async\" class=\"aligncenter wp-image-4351 size-large\" src=\"https:\/\/www.pfarregersthof.at\/komm\/wp-content\/uploads\/2017\/02\/PGR-Bericht2017-4-800x574.jpg\" width=\"800\" height=\"574\" srcset=\"https:\/\/www.pfarregersthof.at\/komm\/wp-content\/uploads\/2017\/02\/PGR-Bericht2017-4-800x574.jpg 800w, https:\/\/www.pfarregersthof.at\/komm\/wp-content\/uploads\/2017\/02\/PGR-Bericht2017-4-150x108.jpg 150w, https:\/\/www.pfarregersthof.at\/komm\/wp-content\/uploads\/2017\/02\/PGR-Bericht2017-4-300x215.jpg 300w, https:\/\/www.pfarregersthof.at\/komm\/wp-content\/uploads\/2017\/02\/PGR-Bericht2017-4-768x551.jpg 768w, https:\/\/www.pfarregersthof.at\/komm\/wp-content\/uploads\/2017\/02\/PGR-Bericht2017-4-1024x735.jpg 1024w, https:\/\/www.pfarregersthof.at\/komm\/wp-content\/uploads\/2017\/02\/PGR-Bericht2017-4.jpg 1271w\" sizes=\"auto, (max-width: 800px) 100vw, 800px\" \/><\/a><\/p>\n<p>&nbsp;<\/p>\n<p><a href=\"https:\/\/www.pfarregersthof.at\/komm\/wp-content\/uploads\/2017\/02\/PGR-Bericht2017-5.jpg\"><img loading=\"lazy\" decoding=\"async\" class=\"aligncenter size-large wp-image-4352\" src=\"https:\/\/www.pfarregersthof.at\/komm\/wp-content\/uploads\/2017\/02\/PGR-Bericht2017-5-800x625.jpg\" alt=\"\" width=\"800\" height=\"625\" srcset=\"https:\/\/www.pfarregersthof.at\/komm\/wp-content\/uploads\/2017\/02\/PGR-Bericht2017-5-800x625.jpg 800w, https:\/\/www.pfarregersthof.at\/komm\/wp-content\/uploads\/2017\/02\/PGR-Bericht2017-5-150x117.jpg 150w, https:\/\/www.pfarregersthof.at\/komm\/wp-content\/uploads\/2017\/02\/PGR-Bericht2017-5-300x234.jpg 300w, https:\/\/www.pfarregersthof.at\/komm\/wp-content\/uploads\/2017\/02\/PGR-Bericht2017-5-768x600.jpg 768w, https:\/\/www.pfarregersthof.at\/komm\/wp-content\/uploads\/2017\/02\/PGR-Bericht2017-5-1024x800.jpg 1024w, https:\/\/www.pfarregersthof.at\/komm\/wp-content\/uploads\/2017\/02\/PGR-Bericht2017-5.jpg 1105w\" sizes=\"auto, (max-width: 800px) 100vw, 800px\" \/><\/a><\/p>\n<p>&nbsp;<\/p>\n<h2 style=\"text-align: center;\">Organigramm<\/h2>\n<p><a href=\"https:\/\/www.pfarregersthof.at\/komm\/wp-content\/uploads\/2017\/02\/PGR-Bericht2017-3b.jpg\"><img loading=\"lazy\" decoding=\"async\" class=\"aligncenter size-large wp-image-4349\" src=\"https:\/\/www.pfarregersthof.at\/komm\/wp-content\/uploads\/2017\/02\/PGR-Bericht2017-3b-800x661.jpg\" alt=\"\" width=\"800\" height=\"661\" srcset=\"https:\/\/www.pfarregersthof.at\/komm\/wp-content\/uploads\/2017\/02\/PGR-Bericht2017-3b-800x661.jpg 800w, https:\/\/www.pfarregersthof.at\/komm\/wp-content\/uploads\/2017\/02\/PGR-Bericht2017-3b-150x124.jpg 150w, https:\/\/www.pfarregersthof.at\/komm\/wp-content\/uploads\/2017\/02\/PGR-Bericht2017-3b-300x248.jpg 300w, https:\/\/www.pfarregersthof.at\/komm\/wp-content\/uploads\/2017\/02\/PGR-Bericht2017-3b-768x635.jpg 768w, https:\/\/www.pfarregersthof.at\/komm\/wp-content\/uploads\/2017\/02\/PGR-Bericht2017-3b.jpg 990w\" sizes=\"auto, (max-width: 800px) 100vw, 800px\" \/><\/a><a href=\"https:\/\/www.pfarregersthof.at\/komm\/wp-content\/uploads\/2017\/02\/PGR-Bericht2017-3c.jpg\"><img loading=\"lazy\" decoding=\"async\" class=\"aligncenter size-large wp-image-4350\" src=\"https:\/\/www.pfarregersthof.at\/komm\/wp-content\/uploads\/2017\/02\/PGR-Bericht2017-3c-800x304.jpg\" alt=\"\" width=\"800\" height=\"304\" srcset=\"https:\/\/www.pfarregersthof.at\/komm\/wp-content\/uploads\/2017\/02\/PGR-Bericht2017-3c-800x304.jpg 800w, https:\/\/www.pfarregersthof.at\/komm\/wp-content\/uploads\/2017\/02\/PGR-Bericht2017-3c-150x57.jpg 150w, https:\/\/www.pfarregersthof.at\/komm\/wp-content\/uploads\/2017\/02\/PGR-Bericht2017-3c-300x114.jpg 300w, https:\/\/www.pfarregersthof.at\/komm\/wp-content\/uploads\/2017\/02\/PGR-Bericht2017-3c-768x292.jpg 768w, https:\/\/www.pfarregersthof.at\/komm\/wp-content\/uploads\/2017\/02\/PGR-Bericht2017-3c-1024x389.jpg 1024w, https:\/\/www.pfarregersthof.at\/komm\/wp-content\/uploads\/2017\/02\/PGR-Bericht2017-3c.jpg 1230w\" sizes=\"auto, (max-width: 800px) 100vw, 800px\" \/><\/a><\/p>\n<p>&nbsp;<\/p>\n","protected":false},"excerpt":{"rendered":"<p>In der Zeit von April 2012 bis M\u00e4rz 2017 hat der Pfarrgemeinderat mit diesen Mitgliedern das Leben der Pfarrgemeinde unterst\u00fctzt und die Verm\u00f6gensverwaltung inne gehabt: Uwe Eglau (Diakon), Dr. Wolfgang Fellner, Mag. Monika Gamillscheg, Mag. Benedikt Gamillscheg, Anton Hecht (Diakon),&nbsp; Pia Hecht *), Helmut Janota, Norbert Kaiser, Mag. Peter Kucera (Stv. Vorsitzender), Johannes M\u00fchlbacher, Xaver [&hellip;]<\/p>\n","protected":false},"author":2,"featured_media":4353,"parent":526,"menu_order":0,"comment_status":"closed","ping_status":"closed","template":"tpl-full_width.php","meta":{"ngg_post_thumbnail":0,"footnotes":""},"class_list":["post-4346","page","type-page","status-publish","has-post-thumbnail"],"publishpress_future_action":{"enabled":false,"date":"2026-05-02 12:32:38","action":"change-status","newStatus":"draft","terms":[],"taxonomy":"category","extraData":[]},"publishpress_future_workflow_manual_trigger":{"enabledWorkflows":[]},"_links":{"self":[{"href":"https:\/\/www.pfarregersthof.at\/komm\/wp-json\/wp\/v2\/pages\/4346","targetHints":{"allow":["GET"]}}],"collection":[{"href":"https:\/\/www.pfarregersthof.at\/komm\/wp-json\/wp\/v2\/pages"}],"about":[{"href":"https:\/\/www.pfarregersthof.at\/komm\/wp-json\/wp\/v2\/types\/page"}],"author":[{"embeddable":true,"href":"https:\/\/www.pfarregersthof.at\/komm\/wp-json\/wp\/v2\/users\/2"}],"replies":[{"embeddable":true,"href":"https:\/\/www.pfarregersthof.at\/komm\/wp-json\/wp\/v2\/comments?post=4346"}],"version-history":[{"count":4,"href":"https:\/\/www.pfarregersthof.at\/komm\/wp-json\/wp\/v2\/pages\/4346\/revisions"}],"predecessor-version":[{"id":4356,"href":"https:\/\/www.pfarregersthof.at\/komm\/wp-json\/wp\/v2\/pages\/4346\/revisions\/4356"}],"up":[{"embeddable":true,"href":"https:\/\/www.pfarregersthof.at\/komm\/wp-json\/wp\/v2\/pages\/526"}],"wp:featuredmedia":[{"embeddable":true,"href":"https:\/\/www.pfarregersthof.at\/komm\/wp-json\/wp\/v2\/media\/4353"}],"wp:attachment":[{"href":"https:\/\/www.pfarregersthof.at\/komm\/wp-json\/wp\/v2\/media?parent=4346"}],"curies":[{"name":"wp","href":"https:\/\/api.w.org\/{rel}","templated":true}]}}