{"id":5925,"date":"2019-08-12T17:03:13","date_gmt":"2019-08-12T16:03:13","guid":{"rendered":"https:\/\/www.pfarregersthof.at\/komm\/?page_id=5925"},"modified":"2019-08-12T17:05:01","modified_gmt":"2019-08-12T16:05:01","slug":"lektoren","status":"publish","type":"page","link":"https:\/\/www.pfarregersthof.at\/komm\/pfarre-von-a-z\/gruppen-initiativen\/lektoren\/","title":{"rendered":"Lektorinnen und Lektoren"},"content":{"rendered":"\n<h2>Aufgabe<\/h2>\n<p>Die Lektor\/inn\/en wirken an der liturgischen Gestaltung der Gottesdienste mit. Sie lesen Einf\u00fchrungstexte in die Gottesdienste, Lesungen, F\u00fcrbitten, Meditationen und Verlautbarungen.<\/p>\n<h2>Treffen<\/h2>\n<p>Unsere Gruppe umfasst ca 25 Personen. Wir treffen uns vier Mal j\u00e4hrlich, um die Dienste f\u00fcr alle Messen untereinander aufzuteilen, uns gegenseitig Feedback zu geben, liturgische \u00dcberlegungen anzustellen und gemeinsam dar\u00fcber nachzudenken, wie wir das Wort Gottes deutlich und gut verstanden den Mitfeiernden im Gottesdienst nahebringen k\u00f6nnen. Gelegentlich bedienen wir uns externer professioneller Expert\/inn\/en, um unsere Sprechtechnik zu verbessern.<\/p>\n<h2>Ansprechpersonen<\/h2>\n<p>Christina &amp; Michael Lang, Michael Steidl<br>E-Mail: <a href=\"mailto:lektor_inn_en@pfarregersthof.at\">lektor_inn_en@pfarregersthof.at <\/a><\/p>\n<p>&nbsp;<\/p>\n","protected":false},"excerpt":{"rendered":"<p>Aufgabe Die Lektor\/inn\/en wirken an der liturgischen Gestaltung der Gottesdienste mit. Sie lesen Einf\u00fchrungstexte in die Gottesdienste, Lesungen, F\u00fcrbitten, Meditationen und Verlautbarungen. Treffen Unsere Gruppe umfasst ca 25 Personen. Wir treffen uns vier Mal j\u00e4hrlich, um die Dienste f\u00fcr alle Messen untereinander aufzuteilen, uns gegenseitig Feedback zu geben, liturgische \u00dcberlegungen anzustellen und gemeinsam dar\u00fcber nachzudenken, [&hellip;]<\/p>\n","protected":false},"author":2,"featured_media":0,"parent":1071,"menu_order":0,"comment_status":"closed","ping_status":"closed","template":"","meta":{"ngg_post_thumbnail":0,"footnotes":""},"class_list":["post-5925","page","type-page","status-publish"],"publishpress_future_action":{"enabled":false,"date":"2026-04-29 16:48:29","action":"change-status","newStatus":"draft","terms":[],"taxonomy":"category","extraData":[]},"publishpress_future_workflow_manual_trigger":{"enabledWorkflows":[]},"_links":{"self":[{"href":"https:\/\/www.pfarregersthof.at\/komm\/wp-json\/wp\/v2\/pages\/5925","targetHints":{"allow":["GET"]}}],"collection":[{"href":"https:\/\/www.pfarregersthof.at\/komm\/wp-json\/wp\/v2\/pages"}],"about":[{"href":"https:\/\/www.pfarregersthof.at\/komm\/wp-json\/wp\/v2\/types\/page"}],"author":[{"embeddable":true,"href":"https:\/\/www.pfarregersthof.at\/komm\/wp-json\/wp\/v2\/users\/2"}],"replies":[{"embeddable":true,"href":"https:\/\/www.pfarregersthof.at\/komm\/wp-json\/wp\/v2\/comments?post=5925"}],"version-history":[{"count":2,"href":"https:\/\/www.pfarregersthof.at\/komm\/wp-json\/wp\/v2\/pages\/5925\/revisions"}],"predecessor-version":[{"id":5928,"href":"https:\/\/www.pfarregersthof.at\/komm\/wp-json\/wp\/v2\/pages\/5925\/revisions\/5928"}],"up":[{"embeddable":true,"href":"https:\/\/www.pfarregersthof.at\/komm\/wp-json\/wp\/v2\/pages\/1071"}],"wp:attachment":[{"href":"https:\/\/www.pfarregersthof.at\/komm\/wp-json\/wp\/v2\/media?parent=5925"}],"curies":[{"name":"wp","href":"https:\/\/api.w.org\/{rel}","templated":true}]}}