{"id":5929,"date":"2019-08-12T17:08:58","date_gmt":"2019-08-12T16:08:58","guid":{"rendered":"https:\/\/www.pfarregersthof.at\/komm\/?page_id=5929"},"modified":"2019-08-12T17:09:47","modified_gmt":"2019-08-12T16:09:47","slug":"lima","status":"publish","type":"page","link":"https:\/\/www.pfarregersthof.at\/komm\/pfarre-von-a-z\/gruppen-initiativen\/lima\/","title":{"rendered":"LIMA"},"content":{"rendered":"\n<h2>Aufgabe<\/h2>\n<p>LIMA steht f\u00fcr Lebensqualit\u00e4t im Alter und ist ein Training f\u00fcr K\u00f6rper, Geist und Seele. Jede Einheit ist eine Kombination aus Ged\u00e4chtnis &#8211; und Bewegungstraining und besteht aus \u00dcbungen f\u00fcr Konzentation, Aufmerksamkeit und Merkf\u00e4higkeit bzw. aus Spielen, die Spa\u00df machen, Atem\u00fcbungen, T\u00e4nzen im Sitzen und Entspannungs\u00fcbungen. In alltagsbezogenen Fragen, sowie Sinn- und Lebensfragen versuchen wir mit den Ver\u00e4nderungen des Alters umzugehen und nehmen Anteil aneinander, verbunden mit der Erfahrung nicht alleine zu sein.<\/p>\n<h2>Treffen<\/h2>\n<p>Finden w\u00e4hrend des Jahres laufend statt. Konkrete Tage und Zeiten sind in den <a href=\"\/komm\/gg-wochentermine\/\">Wochenterminen<\/a> zu finden.<\/p>\n<h2>Ansprechperson<\/h2>\n<p>Gabi Huber, Tel: 0650 4947831<\/p>\n","protected":false},"excerpt":{"rendered":"<p>Aufgabe LIMA steht f\u00fcr Lebensqualit\u00e4t im Alter und ist ein Training f\u00fcr K\u00f6rper, Geist und Seele. Jede Einheit ist eine Kombination aus Ged\u00e4chtnis &#8211; und Bewegungstraining und besteht aus \u00dcbungen f\u00fcr Konzentation, Aufmerksamkeit und Merkf\u00e4higkeit bzw. aus Spielen, die Spa\u00df machen, Atem\u00fcbungen, T\u00e4nzen im Sitzen und Entspannungs\u00fcbungen. In alltagsbezogenen Fragen, sowie Sinn- und Lebensfragen versuchen [&hellip;]<\/p>\n","protected":false},"author":2,"featured_media":0,"parent":1071,"menu_order":0,"comment_status":"closed","ping_status":"closed","template":"","meta":{"ngg_post_thumbnail":0,"footnotes":""},"class_list":["post-5929","page","type-page","status-publish"],"publishpress_future_action":{"enabled":false,"date":"2026-04-23 19:38:29","action":"change-status","newStatus":"draft","terms":[],"taxonomy":"category","extraData":[]},"publishpress_future_workflow_manual_trigger":{"enabledWorkflows":[]},"_links":{"self":[{"href":"https:\/\/www.pfarregersthof.at\/komm\/wp-json\/wp\/v2\/pages\/5929","targetHints":{"allow":["GET"]}}],"collection":[{"href":"https:\/\/www.pfarregersthof.at\/komm\/wp-json\/wp\/v2\/pages"}],"about":[{"href":"https:\/\/www.pfarregersthof.at\/komm\/wp-json\/wp\/v2\/types\/page"}],"author":[{"embeddable":true,"href":"https:\/\/www.pfarregersthof.at\/komm\/wp-json\/wp\/v2\/users\/2"}],"replies":[{"embeddable":true,"href":"https:\/\/www.pfarregersthof.at\/komm\/wp-json\/wp\/v2\/comments?post=5929"}],"version-history":[{"count":1,"href":"https:\/\/www.pfarregersthof.at\/komm\/wp-json\/wp\/v2\/pages\/5929\/revisions"}],"predecessor-version":[{"id":5930,"href":"https:\/\/www.pfarregersthof.at\/komm\/wp-json\/wp\/v2\/pages\/5929\/revisions\/5930"}],"up":[{"embeddable":true,"href":"https:\/\/www.pfarregersthof.at\/komm\/wp-json\/wp\/v2\/pages\/1071"}],"wp:attachment":[{"href":"https:\/\/www.pfarregersthof.at\/komm\/wp-json\/wp\/v2\/media?parent=5929"}],"curies":[{"name":"wp","href":"https:\/\/api.w.org\/{rel}","templated":true}]}}