{"id":5932,"date":"2019-08-12T17:18:48","date_gmt":"2019-08-12T16:18:48","guid":{"rendered":"https:\/\/www.pfarregersthof.at\/komm\/?page_id=5932"},"modified":"2022-10-05T10:34:28","modified_gmt":"2022-10-05T09:34:28","slug":"taufe","status":"publish","type":"page","link":"https:\/\/www.pfarregersthof.at\/komm\/pfarre-von-a-z\/angebote\/taufe\/","title":{"rendered":"Taufe"},"content":{"rendered":"\n<p>Taufe ist Ausgangspunkt und Fundament christlichen Glaubens, der sich besonders in einer gut vorbereiteten Tauffeier erleben l\u00e4sst.<\/p>\n<p>Ein Team von haupt- und ehrenamtlichen Mitarbeiter*innen tr\u00e4gt die Verantwortung f\u00fcr Taufpastoral.<\/p>\n<p>Taufspender sind: Pfarrer P. Arkadiusz Zakreta, Diakon Anton Hecht, Diakon Uwe Eglau<\/p>\n<p>Taufgespr\u00e4chsleiterinnen sind: Hemma, Marit, Carmen, Caroline, Eszter, Monika, Clemens<\/p>\n<h3>Anmeldung<\/h3>\n<p>Taufanmeldung im Pfarrsekretariat: (Bischof Faber Platz 7)<\/p>\n<ul>\n<li>Montag &#8211; Freitag, 9.00 \u2013 12.00<\/li>\n<li>Donnerstag, 17.00 \u2013 19.00<\/li>\n<li>Anmeldung mindestens 1 Monate vor dem Wunschtermin!<\/li>\n<\/ul>\n<p>Ansprechperson ist <a href=\"\/komm\/pfarre-von-a-z\/information\/kontakt-aufnehmen\/#pfarrsek\">Elisabeth Kromer<\/a>, Pfarrsekret\u00e4rin<\/p>\n","protected":false},"excerpt":{"rendered":"<p>Taufe ist Ausgangspunkt und Fundament christlichen Glaubens, der sich besonders in einer gut vorbereiteten Tauffeier erleben l\u00e4sst. Ein Team von haupt- und ehrenamtlichen Mitarbeiter*innen tr\u00e4gt die Verantwortung f\u00fcr Taufpastoral. Taufspender sind: Pfarrer P. Arkadiusz Zakreta, Diakon Anton Hecht, Diakon Uwe Eglau Taufgespr\u00e4chsleiterinnen sind: Hemma, Marit, Carmen, Caroline, Eszter, Monika, Clemens Anmeldung Taufanmeldung im Pfarrsekretariat: (Bischof [&hellip;]<\/p>\n","protected":false},"author":2,"featured_media":0,"parent":611,"menu_order":0,"comment_status":"closed","ping_status":"closed","template":"","meta":{"ngg_post_thumbnail":0,"footnotes":""},"class_list":["post-5932","page","type-page","status-publish"],"publishpress_future_action":{"enabled":false,"date":"2026-04-23 21:16:52","action":"change-status","newStatus":"draft","terms":[],"taxonomy":"category","extraData":[]},"publishpress_future_workflow_manual_trigger":{"enabledWorkflows":[]},"_links":{"self":[{"href":"https:\/\/www.pfarregersthof.at\/komm\/wp-json\/wp\/v2\/pages\/5932","targetHints":{"allow":["GET"]}}],"collection":[{"href":"https:\/\/www.pfarregersthof.at\/komm\/wp-json\/wp\/v2\/pages"}],"about":[{"href":"https:\/\/www.pfarregersthof.at\/komm\/wp-json\/wp\/v2\/types\/page"}],"author":[{"embeddable":true,"href":"https:\/\/www.pfarregersthof.at\/komm\/wp-json\/wp\/v2\/users\/2"}],"replies":[{"embeddable":true,"href":"https:\/\/www.pfarregersthof.at\/komm\/wp-json\/wp\/v2\/comments?post=5932"}],"version-history":[{"count":3,"href":"https:\/\/www.pfarregersthof.at\/komm\/wp-json\/wp\/v2\/pages\/5932\/revisions"}],"predecessor-version":[{"id":12510,"href":"https:\/\/www.pfarregersthof.at\/komm\/wp-json\/wp\/v2\/pages\/5932\/revisions\/12510"}],"up":[{"embeddable":true,"href":"https:\/\/www.pfarregersthof.at\/komm\/wp-json\/wp\/v2\/pages\/611"}],"wp:attachment":[{"href":"https:\/\/www.pfarregersthof.at\/komm\/wp-json\/wp\/v2\/media?parent=5932"}],"curies":[{"name":"wp","href":"https:\/\/api.w.org\/{rel}","templated":true}]}}