{"id":5981,"date":"2019-09-03T12:10:55","date_gmt":"2019-09-03T11:10:55","guid":{"rendered":"https:\/\/www.pfarregersthof.at\/komm\/?page_id=5981"},"modified":"2019-09-09T17:20:39","modified_gmt":"2019-09-09T16:20:39","slug":"wwpartner-uganda-helping-hands","status":"publish","type":"page","link":"https:\/\/www.pfarregersthof.at\/komm\/pfarre-von-a-z\/information\/weltweite-partnerschaften\/wwpartner-uganda-helping-hands\/","title":{"rendered":"WWPartner Uganda &#8222;Helping Hands&#8220;"},"content":{"rendered":"\n<p>[zur\u00fcck zur<a title=\"Weltweite Partnerschaften\" href=\"https:\/\/www.pfarregersthof.at\/komm\/pfarre-von-a-z\/information\/weltweite-partnerschaften\/\"> \u00dcbersicht Weltweite Partnerschaften<\/a>]<\/p>\n<p>Christine Fenb\u00f6ck, dipl. Kinderkrankenschwester, ist seit einigen Jahren in unserer Pfarre als Kantorin und Organistin, nun auch als Wort-Gottes-Feier-Leiterin, t\u00e4tig. Sie hat vor 20 Jahren begonnen, Waisenkindern in Uganda zu helfen und seit 2013 eine Grundschule und eine Klinik aufgebaut.<\/p>\n<p><strong>Kontakt zur Partnergemeinde<\/strong>: Es besteht ein enger Kontakt zwischen Christine Fenb\u00f6ck und dem Projektleiter Bischof Stephen Mulungi. Dieser war 2014 und 2019 in \u00d6sterreich, zuletzt auch Gast in der Pfarre Gersthof. Sie selbst f\u00e4hrt einmal im Jahr nach Uganda (im Zuge dessen: Projektbegleitung, Kontakthalten, Neues in Angriff nehmen)<\/p>\n<p><strong>Aktivit\u00e4ten<\/strong>: eine dreiw\u00f6chige Projektreise im Sommer mit Volont\u00e4ren; auch l\u00e4ngere Volontariate sind m\u00f6glich. Ansonsten: Patenschaften f\u00fcr den Schulbesuch von Waisenkindern; in Gersthof: ein Pfarrkaffee.<\/p>\n<p><strong>Spenden<\/strong>: Bitte um \u00dcberweisung auf das Konto von Helping Hands AT67 1919 0000 0026 7500<\/p>\n<p><strong>Ansprechpartnerin<\/strong>: Christine Fenb\u00f6ck, Web: <a href=\"http:\/\/www.helpinghandsfamily.org\">www.helpinghandsfamily.org<\/a>; <br>E-Mail: <a href=\"mailto:wwp-uganda@pfarregersthof.at\">wwp-uganda@pfarregersthof.at<\/a><\/p>\n<h2>&nbsp;<\/h2>\n","protected":false},"excerpt":{"rendered":"<p>[zur\u00fcck zur \u00dcbersicht Weltweite Partnerschaften] Christine Fenb\u00f6ck, dipl. Kinderkrankenschwester, ist seit einigen Jahren in unserer Pfarre als Kantorin und Organistin, nun auch als Wort-Gottes-Feier-Leiterin, t\u00e4tig. Sie hat vor 20 Jahren begonnen, Waisenkindern in Uganda zu helfen und seit 2013 eine Grundschule und eine Klinik aufgebaut. Kontakt zur Partnergemeinde: Es besteht ein enger Kontakt zwischen Christine [&hellip;]<\/p>\n","protected":false},"author":2,"featured_media":0,"parent":712,"menu_order":0,"comment_status":"closed","ping_status":"closed","template":"","meta":{"ngg_post_thumbnail":0,"footnotes":""},"class_list":["post-5981","page","type-page","status-publish"],"publishpress_future_action":{"enabled":false,"date":"2026-04-23 21:16:00","action":"change-status","newStatus":"draft","terms":[],"taxonomy":"category","extraData":[]},"publishpress_future_workflow_manual_trigger":{"enabledWorkflows":[]},"_links":{"self":[{"href":"https:\/\/www.pfarregersthof.at\/komm\/wp-json\/wp\/v2\/pages\/5981","targetHints":{"allow":["GET"]}}],"collection":[{"href":"https:\/\/www.pfarregersthof.at\/komm\/wp-json\/wp\/v2\/pages"}],"about":[{"href":"https:\/\/www.pfarregersthof.at\/komm\/wp-json\/wp\/v2\/types\/page"}],"author":[{"embeddable":true,"href":"https:\/\/www.pfarregersthof.at\/komm\/wp-json\/wp\/v2\/users\/2"}],"replies":[{"embeddable":true,"href":"https:\/\/www.pfarregersthof.at\/komm\/wp-json\/wp\/v2\/comments?post=5981"}],"version-history":[{"count":3,"href":"https:\/\/www.pfarregersthof.at\/komm\/wp-json\/wp\/v2\/pages\/5981\/revisions"}],"predecessor-version":[{"id":6006,"href":"https:\/\/www.pfarregersthof.at\/komm\/wp-json\/wp\/v2\/pages\/5981\/revisions\/6006"}],"up":[{"embeddable":true,"href":"https:\/\/www.pfarregersthof.at\/komm\/wp-json\/wp\/v2\/pages\/712"}],"wp:attachment":[{"href":"https:\/\/www.pfarregersthof.at\/komm\/wp-json\/wp\/v2\/media?parent=5981"}],"curies":[{"name":"wp","href":"https:\/\/api.w.org\/{rel}","templated":true}]}}