{"id":6013,"date":"2019-09-09T18:06:47","date_gmt":"2019-09-09T17:06:47","guid":{"rendered":"https:\/\/www.pfarregersthof.at\/komm\/?page_id=6013"},"modified":"2025-06-25T16:12:23","modified_gmt":"2025-06-25T14:12:23","slug":"trauercafe","status":"publish","type":"page","link":"https:\/\/www.pfarregersthof.at\/komm\/pfarre-von-a-z\/angebote\/trauercafe\/","title":{"rendered":"Trauercafe"},"content":{"rendered":"\n<p><span data-sheets-value=\"{&quot;1&quot;:2,&quot;2&quot;:&quot;Bereits seit vielen Jahren l\u00e4dt das Team der Pfarrcaritas  einmal im Monat, nach einem Trauergottesdienst, die Angeh\u00f6rigen der Verstorbenen des vergangenen Monats zu einem Trauercafe ein. Diese Einladung und das gemeinsame Fr\u00fchst\u00fcck bedeutet den trauernden Familien sehr viel! Mit festlich gedeckten Tischen und einem guten Fr\u00fchst\u00fcck versuchen wir  den Menschen das Gef\u00fchl der Geborgenheit und der Anteilnahme zu vermitteln. Es ergeben sich immer Gespr\u00e4che, wobei das Zuh\u00f6ren das wichtigste ist.&quot;}\" data-sheets-userformat=\"{&quot;2&quot;:897,&quot;3&quot;:{&quot;1&quot;:0},&quot;10&quot;:0,&quot;11&quot;:4,&quot;12&quot;:0}\">Bereits seit vielen Jahren l\u00e4dt das Team der Pfarrcaritas nach einem <a href=\"\/komm\/pfarre-von-a-z\/themen\/krankheit-tod-auferstehung\/\">Auferstehungsgottesdienst<\/a>, der meist am letzten Donnerstag eines Monats um 18 Uhr beginnt, die Angeh\u00f6rigen der Verstorbenen zu einem Trauercaf\u00e9 in das Gemeindezentrum der Pfarre ein. <\/span><\/p>\n<p><span data-sheets-value=\"{&quot;1&quot;:2,&quot;2&quot;:&quot;Bereits seit vielen Jahren l\u00e4dt das Team der Pfarrcaritas  einmal im Monat, nach einem Trauergottesdienst, die Angeh\u00f6rigen der Verstorbenen des vergangenen Monats zu einem Trauercafe ein. Diese Einladung und das gemeinsame Fr\u00fchst\u00fcck bedeutet den trauernden Familien sehr viel! Mit festlich gedeckten Tischen und einem guten Fr\u00fchst\u00fcck versuchen wir  den Menschen das Gef\u00fchl der Geborgenheit und der Anteilnahme zu vermitteln. Es ergeben sich immer Gespr\u00e4che, wobei das Zuh\u00f6ren das wichtigste ist.&quot;}\" data-sheets-userformat=\"{&quot;2&quot;:897,&quot;3&quot;:{&quot;1&quot;:0},&quot;10&quot;:0,&quot;11&quot;:4,&quot;12&quot;:0}\">Diese Einladung und das gemeinsame Essen und Trinken bedeutet den trauernden Familien sehr viel! Mit festlich gedeckten Tischen und einem guten Fr\u00fchst\u00fcck versuchen wir den Menschen das Gef\u00fchl der Geborgenheit und der Anteilnahme zu vermitteln. Es ergeben sich immer Gespr\u00e4che, wobei das Zuh\u00f6ren das wichtigste ist.<\/span><\/p>\n<p><strong>Ansprechperson<\/strong>: Maria Kissich (Tel: +43 664 54 23 979<span data-sheets-value=\"{&quot;1&quot;:2,&quot;2&quot;:&quot;0676 936 14 73&quot;}\" data-sheets-userformat=\"{&quot;2&quot;:641,&quot;3&quot;:{&quot;1&quot;:0},&quot;10&quot;:0,&quot;12&quot;:0}\">)<br>E-Mail: <a href=\"mailto:caritasteam@pfarregersthof.at\">caritasteam@pfarregersthof.at<\/a><\/span><\/p>\n","protected":false},"excerpt":{"rendered":"<p>Bereits seit vielen Jahren l\u00e4dt das Team der Pfarrcaritas nach einem Auferstehungsgottesdienst, der meist am letzten Donnerstag eines Monats um 18 Uhr beginnt, die Angeh\u00f6rigen der Verstorbenen zu einem Trauercaf\u00e9 in das Gemeindezentrum der Pfarre ein. Diese Einladung und das gemeinsame Essen und Trinken bedeutet den trauernden Familien sehr viel! Mit festlich gedeckten Tischen und [&hellip;]<\/p>\n","protected":false},"author":2,"featured_media":0,"parent":611,"menu_order":0,"comment_status":"closed","ping_status":"closed","template":"","meta":{"ngg_post_thumbnail":0,"footnotes":""},"class_list":["post-6013","page","type-page","status-publish"],"publishpress_future_action":{"enabled":false,"date":"2026-04-23 19:38:29","action":"change-status","newStatus":"draft","terms":[],"taxonomy":"category","extraData":[]},"publishpress_future_workflow_manual_trigger":{"enabledWorkflows":[]},"_links":{"self":[{"href":"https:\/\/www.pfarregersthof.at\/komm\/wp-json\/wp\/v2\/pages\/6013","targetHints":{"allow":["GET"]}}],"collection":[{"href":"https:\/\/www.pfarregersthof.at\/komm\/wp-json\/wp\/v2\/pages"}],"about":[{"href":"https:\/\/www.pfarregersthof.at\/komm\/wp-json\/wp\/v2\/types\/page"}],"author":[{"embeddable":true,"href":"https:\/\/www.pfarregersthof.at\/komm\/wp-json\/wp\/v2\/users\/2"}],"replies":[{"embeddable":true,"href":"https:\/\/www.pfarregersthof.at\/komm\/wp-json\/wp\/v2\/comments?post=6013"}],"version-history":[{"count":3,"href":"https:\/\/www.pfarregersthof.at\/komm\/wp-json\/wp\/v2\/pages\/6013\/revisions"}],"predecessor-version":[{"id":18804,"href":"https:\/\/www.pfarregersthof.at\/komm\/wp-json\/wp\/v2\/pages\/6013\/revisions\/18804"}],"up":[{"embeddable":true,"href":"https:\/\/www.pfarregersthof.at\/komm\/wp-json\/wp\/v2\/pages\/611"}],"wp:attachment":[{"href":"https:\/\/www.pfarregersthof.at\/komm\/wp-json\/wp\/v2\/media?parent=6013"}],"curies":[{"name":"wp","href":"https:\/\/api.w.org\/{rel}","templated":true}]}}