{"id":6124,"date":"2019-10-21T13:19:36","date_gmt":"2019-10-21T12:19:36","guid":{"rendered":"https:\/\/www.pfarregersthof.at\/komm\/?page_id=6124"},"modified":"2019-10-21T13:19:37","modified_gmt":"2019-10-21T12:19:37","slug":"aktuelle-situation-mitte-oktober-2019","status":"publish","type":"page","link":"https:\/\/www.pfarregersthof.at\/komm\/pfarre-von-a-z\/information\/zukunft-der-pfarre-gersthof-st-leopold\/aktuelle-situation-mitte-oktober-2019\/","title":{"rendered":"Aktuelle Situation Mitte Oktober 2019"},"content":{"rendered":"\n<p>(Dieser Text wurde in allen Gottesdiensten am 19. und 20. Oktober 2019 von Bernhard Schleser pers\u00f6nlich vorgetragen.)<\/p>\n<p>Liebe Pfarrgemeinde!<\/p>\n<p>Wie bekannt und von mir am vergangenen Wochenende auch vorgetragen, plant die Erzdi\u00f6zese gravierende strukturelle Ver\u00e4nderungen mit gro\u00dfen Auswirkungen auf unsere Pfarre. Es werden zwei Modelle angeboten:<\/p>\n<ul>\n<li>Pfarre-Neu bzw. Pfarre mit Teilgemeinden, also eine gro\u00dfe, alle bisherigen Pfarren des<br>18. Bezirks umfassende zentrale Pfarre oder<\/li>\n<li>Pfarrverband, also selbst\u00e4ndig agierende Pfarren unter gemeinsamer Leitung (Pfarrer).<\/li>\n<\/ul>\n<p>Die wesentlichen Unterschiede beider Modelle haben wir im Pfarrgemeinderat vorgestellt und planen diese Vorstellung in den Gottesdiensten am Wochenende 2.\/3.11.2019 zu wiederholen.<\/p>\n<p><strong>Zur aktuellen Situation:<\/strong><\/p>\n<p>Als stellvertretender Vorsitzender des Gersthofer Pfarrgemeinderates war ich am Mittwoch, dem 16.10.2019, gemeinsam mit G\u00fcnter Schm\u00f6lz, Alexander Winkler, Diakon Toni und unserem Pfarrer Norbert Mitglied des Pastoralen Dekanatsrates (PDR). In diesem Gremium sind alle W\u00e4hringer Pfarren mit Pfarrer und den stellvertretenden Vorsitzenden vertreten. Den Vorsitz im pastoralen Dekanatsrat hat unser Dechant Pater Arkadiusz Zakreta. Zus\u00e4tzlich geladen waren diesmal unser Bischofsvikar Mag. Dariusz Schutzki und ein Beauftragter der Erzdi\u00f6zese, der den Ver\u00e4nderungsprozess in den betroffenen Pfarren begleiten soll.<\/p>\n<p>Unser erster Eindruck des Treffens im pastoralen Dekanatsrates war: die pastorale Schiene war zu schmal, die organisatorische zu breit angelegt. Vier W\u00e4hringer Gemeinden \u2013 P\u00f6tzleinsdorf, Weinhaus, St.Severin und vermutlich auch W\u00e4hring &#8211; haben eine mehr oder weniger reflektierte gemeinsame Meinung Richtung Pfarre-Neu\u201c. Wir Gersthofer waren schnell als die \u201eExoten\u201c erkannt und wurden mit der Etikette \u201eWiderstand\u201c belegt. Denn Gersthof hat sich gegen das Modell Pfarre-Neu ausgesprochen, vielmehr erscheint uns f\u00fcr Gersthof das Modell \u201ePfarrverband\u201c geeignet. Dieser Weg ist der moderatere gegen\u00fcber dem beschleunigten Weg zu einer Pfarre-Neu.<\/p>\n<p>Unsere weitere Vorgehensweise:<br>(1) Diese heutige Information.<br>(2) Einladung des den Prozess der Strukturver\u00e4nderung begleitenden di\u00f6zesanen<br>Beauftragten in die n\u00e4chste Sitzung des Pfarrgemeinderates, um Klarheiten zu schaffen.<br>(3) Flankierende, d.h. informative Kontakte und Gespr\u00e4che mit VertreterInnen der<br>Nachbarpfarren.<br>(4) Laufende weitere Informationen an die Gottesdienst feiernde Gemeinde bei uns in<br>Gersthof.<br>(5) \u201eHerabrufung des Hl. Geistes\u201c in Gebeten f\u00fcr ein gutes Gelingen der Strukturver\u00e4nderung.<\/p>\n<p>Getrennt von den \u00dcberlegungen hinsichtlich der geplanten Strukturver\u00e4nderung sehen wir die Diskussion um die Zukunft unseres zu weiteren Diensten in Gersthof bereiten Pfarrers Norbert.<br>Hoffnung gibt uns die Aussage von Bischofsvikar Mag. Schutzki: Er kann sich an keine<br>Entscheidung gegen den Willen einer Pfarrgemeinde von Kardinal Sch\u00f6nborn erinnern.<br>F\u00fcr pers\u00f6nliche Kontaktaufnahmen stehe ich nach der Kirche auf dem Vorplatz gerne zur<br>Verf\u00fcgung oder per Mail an <a href=\"mailto:bernhard.schleser@pfarregersthof.at\">bernhard.schleser@pfarregersthof.at<\/a> .<\/p>\n<p><span style=\"color: #3366ff;\"><em>Bernhard Schleser<\/em><\/span><br>Stellvertretender Vorsitzender des PGR Gersthof, 17.10.2019<\/p>\n","protected":false},"excerpt":{"rendered":"<p>(Dieser Text wurde in allen Gottesdiensten am 19. und 20. Oktober 2019 von Bernhard Schleser pers\u00f6nlich vorgetragen.) Liebe Pfarrgemeinde! Wie bekannt und von mir am vergangenen Wochenende auch vorgetragen, plant die Erzdi\u00f6zese gravierende strukturelle Ver\u00e4nderungen mit gro\u00dfen Auswirkungen auf unsere Pfarre. Es werden zwei Modelle angeboten: Pfarre-Neu bzw. Pfarre mit Teilgemeinden, also eine gro\u00dfe, alle [&hellip;]<\/p>\n","protected":false},"author":2,"featured_media":0,"parent":6115,"menu_order":1,"comment_status":"closed","ping_status":"closed","template":"","meta":{"ngg_post_thumbnail":0,"footnotes":""},"class_list":["post-6124","page","type-page","status-publish"],"publishpress_future_action":{"enabled":false,"date":"2026-05-11 13:06:21","action":"change-status","newStatus":"draft","terms":[],"taxonomy":"category","extraData":[]},"publishpress_future_workflow_manual_trigger":{"enabledWorkflows":[]},"_links":{"self":[{"href":"https:\/\/www.pfarregersthof.at\/komm\/wp-json\/wp\/v2\/pages\/6124","targetHints":{"allow":["GET"]}}],"collection":[{"href":"https:\/\/www.pfarregersthof.at\/komm\/wp-json\/wp\/v2\/pages"}],"about":[{"href":"https:\/\/www.pfarregersthof.at\/komm\/wp-json\/wp\/v2\/types\/page"}],"author":[{"embeddable":true,"href":"https:\/\/www.pfarregersthof.at\/komm\/wp-json\/wp\/v2\/users\/2"}],"replies":[{"embeddable":true,"href":"https:\/\/www.pfarregersthof.at\/komm\/wp-json\/wp\/v2\/comments?post=6124"}],"version-history":[{"count":1,"href":"https:\/\/www.pfarregersthof.at\/komm\/wp-json\/wp\/v2\/pages\/6124\/revisions"}],"predecessor-version":[{"id":6125,"href":"https:\/\/www.pfarregersthof.at\/komm\/wp-json\/wp\/v2\/pages\/6124\/revisions\/6125"}],"up":[{"embeddable":true,"href":"https:\/\/www.pfarregersthof.at\/komm\/wp-json\/wp\/v2\/pages\/6115"}],"wp:attachment":[{"href":"https:\/\/www.pfarregersthof.at\/komm\/wp-json\/wp\/v2\/media?parent=6124"}],"curies":[{"name":"wp","href":"https:\/\/api.w.org\/{rel}","templated":true}]}}