{"id":613,"date":"2012-08-21T18:57:54","date_gmt":"2012-08-21T16:57:54","guid":{"rendered":"http:\/\/www.pfarregersthof.at\/komm\/?page_id=613"},"modified":"2024-09-10T22:05:59","modified_gmt":"2024-09-10T20:05:59","slug":"angebot-kinderkirche-und-junge-kirche","status":"publish","type":"page","link":"https:\/\/www.pfarregersthof.at\/komm\/pfarre-von-a-z\/angebote\/angebot-kinderkirche-und-junge-kirche\/","title":{"rendered":"Kinderkirche"},"content":{"rendered":"<p><span style=\"color: #008000;\"><strong>Kinderkirche<\/strong> <\/span>ist eine Feier f\u00fcr Kinder mit der ganzen Familie. Ihr d\u00fcrft euch hier zu Hause und wohl f\u00fchlen. Wir z\u00fcnden eine Kerze an, singen ein Lied, h\u00f6ren eine kurze Bibelgeschichte, spielen sie nach oder basteln etwas dazu. Danach gehen wir gemeinsam in die Kirche f\u00fcr einen gemeinsamen Abschluss.<\/p>\n<p>Eine Kinderkirche kann an diesen Sonntagen im Gemeindezentrum (Bastiengasse 18) gefeiert werden:<\/p>\n<ul>\n<li>15. September 2024<\/li>\n<li>6. Oktober 2024<\/li>\n<li>13. Oktober 2024<\/li>\n<li>24. November 2024<\/li>\n<li>8. Dezember 2024<\/li>\n<li>19. J\u00e4nner 2025<\/li>\n<li>16. Februar 2025<\/li>\n<li>23. Februar 2025<\/li>\n<li>2. M\u00e4rz 2025<\/li>\n<li>16. M\u00e4rz 2025<\/li>\n<li>27. April 2025<\/li>\n<li>4. Mai 2025<\/li>\n<li>25. Mai 2025<\/li>\n<\/ul>\n<p><span style=\"color: initial;\">Zeit und Ort: jeweils 10.00 Uhr, im Gemeindezentrum (Bastiengasse 18)<\/span><\/p>\n<p>Hinweis: es gibt an einem anderen Sonntag in jedem Monat auch einen <a href=\"\/komm\/pfarre-von-a-z\/angebote\/familiengottesdienste\/\">Familiengottesdienst<\/a>.<\/p>\n","protected":false},"excerpt":{"rendered":"<p>Kinderkirche ist eine Feier f\u00fcr Kinder mit der ganzen Familie. Ihr d\u00fcrft euch hier zu Hause und wohl f\u00fchlen. Wir z\u00fcnden eine Kerze an, singen ein Lied, h\u00f6ren eine kurze Bibelgeschichte, spielen sie nach oder basteln etwas dazu. Danach gehen wir gemeinsam in die Kirche f\u00fcr einen gemeinsamen Abschluss. Eine Kinderkirche kann an diesen Sonntagen [&hellip;]<\/p>\n","protected":false},"author":2,"featured_media":0,"parent":611,"menu_order":0,"comment_status":"open","ping_status":"open","template":"","meta":{"ngg_post_thumbnail":0,"footnotes":""},"class_list":["post-613","page","type-page","status-publish"],"publishpress_future_action":{"enabled":false,"date":"2026-05-11 15:54:29","action":"change-status","newStatus":"draft","terms":[],"taxonomy":"category","extraData":[]},"publishpress_future_workflow_manual_trigger":{"enabledWorkflows":[]},"_links":{"self":[{"href":"https:\/\/www.pfarregersthof.at\/komm\/wp-json\/wp\/v2\/pages\/613","targetHints":{"allow":["GET"]}}],"collection":[{"href":"https:\/\/www.pfarregersthof.at\/komm\/wp-json\/wp\/v2\/pages"}],"about":[{"href":"https:\/\/www.pfarregersthof.at\/komm\/wp-json\/wp\/v2\/types\/page"}],"author":[{"embeddable":true,"href":"https:\/\/www.pfarregersthof.at\/komm\/wp-json\/wp\/v2\/users\/2"}],"replies":[{"embeddable":true,"href":"https:\/\/www.pfarregersthof.at\/komm\/wp-json\/wp\/v2\/comments?post=613"}],"version-history":[{"count":31,"href":"https:\/\/www.pfarregersthof.at\/komm\/wp-json\/wp\/v2\/pages\/613\/revisions"}],"predecessor-version":[{"id":17062,"href":"https:\/\/www.pfarregersthof.at\/komm\/wp-json\/wp\/v2\/pages\/613\/revisions\/17062"}],"up":[{"embeddable":true,"href":"https:\/\/www.pfarregersthof.at\/komm\/wp-json\/wp\/v2\/pages\/611"}],"wp:attachment":[{"href":"https:\/\/www.pfarregersthof.at\/komm\/wp-json\/wp\/v2\/media?parent=613"}],"curies":[{"name":"wp","href":"https:\/\/api.w.org\/{rel}","templated":true}]}}