{"id":657,"date":"2012-08-21T22:41:22","date_gmt":"2012-08-21T20:41:22","guid":{"rendered":"http:\/\/www.pfarregersthof.at\/komm\/?page_id=657"},"modified":"2025-11-18T10:59:43","modified_gmt":"2025-11-18T09:59:43","slug":"trauung-und-segensfeier","status":"publish","type":"page","link":"https:\/\/www.pfarregersthof.at\/komm\/pfarre-von-a-z\/themen\/trauung-und-segensfeier\/","title":{"rendered":"Trauung und Segensfeier"},"content":{"rendered":"<h1>Vorbereitung auf Trauung und Segensfeier<\/h1>\n<div id=\"accordion\">\n<h3>In Beziehung leben &#8230;<\/h3>\n<p>.. dient und hilft dem Lebensgl\u00fcck von Menschen, von Frau und Mann!<br>Beziehung soll gelingen, da zahlt es sich aus, sich einzubringen:<\/p>\n<ul>\n<li>Mitgestalten statt Berieselung<\/li>\n<li>Miteinander sprechen statt Belehrung<\/li>\n<li>Pers\u00f6nliche Begegnung statt Anonymit\u00e4t<\/li>\n<li>Vom Paar zum PA(A)RADIES<\/li>\n<\/ul>\n<p>In Gersthof wollen wir f\u00fcr Paare, die ihre Beziehung vor Gott und die Gemeinde tragen, und bekennend \u201eJA\u201c zueinander sagen wollen, unterst\u00fctzend da sein. Unabh\u00e4ngig davon, ob das Bed\u00fcrfnis nach einer Trauung oder einer Segensfeier (auch f\u00fcr einen Neuanfang nach Scheidung) besteht.<\/p>\n<p>Gedanken zur Segensfeier und Feier der Trauung zum <a href=\"https:\/\/www.pfarregersthof.at\/dokus\/201010_InBeziehungLeben.pdf\" target=\"_blank\" rel=\"noopener\">Herunterladen<\/a><\/p>\n<h2>Vorbereitung auf die kirchliche Trauung<\/h2>\n<div>\n<p>Ehevorbereitung ist in Gersthof mehr als Information.<br>Das Eheseminar ist ein fixer Bestandteil in der Vorbereitung auf die kirchliche Trauung.<br>Dabei wollen wir gemeinsam versuchen:<br>Im Trubel der Vorbereitungen des Hochzeitsfestes innehalten &#8230;&#8230;<br>Miteinander wichtige Themen der Ehe diskutieren &#8230;&#8230;<br>Erfahrungen \u00fcber Partnerschaft &#8211; Gl\u00fcck und Umgang mit Konflikten &#8211; austauschen &#8230;&#8230;<\/p>\n<h4>Ehevorbereitung: so geht&#8217;s konkret<\/h4>\n<p>Mehrere Ehepaare aus unserer Pfarre gestalten mit zwei bis vier Paaren, die getraut werden wollen, zu den oben angesprochenen Themen&nbsp;zwei Abende oder einen Nachmittag &#8230; oder (in Ausnahmef\u00e4llen) nur einen Abend.<\/p>\n<p>W\u00e4hlen Sie einen Wunschtermin f\u00fcr ein Eheseminar &#8230;<\/p>\n<ul>\n<li>am Samstag, 21.3.2026, 15:00-19:00 bei Ehepaar Mechthild und Bernhard Schleser<\/li>\n<li>am Samstag, 11.4.2026, 14:30 \u2013 19:00 Uhr bei Ehepaar Erna und Sascha Frey<\/li>\n<li>am Donnerstag, 7.5. + 21.5.2026, (19:30 Uhr) bei Ehepaar Elisabeth und Wolfgang Liebhart<\/li>\n<\/ul>\n<p>Individuelle Termine vereinbaren &#8230;<\/p>\n<ul>\n<li>bei Ehepaar Maria und Michael Hubl<\/li>\n<li>bei Ehepaar Margit und Alexander Winkler<\/li>\n<\/ul>\n<p>Eine Jubelmesse f\u00fcr frisch verm\u00e4hlte aber auch jubilierende Ehepaare ist am Samstag, 10.10.2026, um 18:00 Uhr in der Pfarrkirche (Bischof-Faber-Platz.<\/p>\n<p>Anmeldung bitte \u00fcber das <a href=\"https:\/\/www.pfarregersthof.at\/komm\/pfarre-von-a-z\/information\/kontakt-aufnehmen\/#pfarrsek\">Pfarrsekretariat<\/a>.<br>(F\u00fcr die Teilnahme am Seminar bitten wir um eine Aufwandsentsch\u00e4digung von 50 EUR)<\/p>\n<table id=\"evtermine\" border=\"0\" cellpadding=\"5\">\n<tbody>\n<tr>\n<td><a href=\"https:\/\/www.pfarregersthof.at\/komm\/wp-content\/uploads\/2012\/08\/mwsat-20171126-IMG_8846.jpg\"><img loading=\"lazy\" decoding=\"async\" class=\"alignnone size-medium wp-image-4962\" src=\"https:\/\/www.pfarregersthof.at\/komm\/wp-content\/uploads\/2012\/08\/mwsat-20171126-IMG_8846-300x200.jpg\" alt=\"\" width=\"300\" height=\"200\" srcset=\"https:\/\/www.pfarregersthof.at\/komm\/wp-content\/uploads\/2012\/08\/mwsat-20171126-IMG_8846-300x200.jpg 300w, https:\/\/www.pfarregersthof.at\/komm\/wp-content\/uploads\/2012\/08\/mwsat-20171126-IMG_8846-150x100.jpg 150w, https:\/\/www.pfarregersthof.at\/komm\/wp-content\/uploads\/2012\/08\/mwsat-20171126-IMG_8846-768x512.jpg 768w, https:\/\/www.pfarregersthof.at\/komm\/wp-content\/uploads\/2012\/08\/mwsat-20171126-IMG_8846-800x534.jpg 800w, https:\/\/www.pfarregersthof.at\/komm\/wp-content\/uploads\/2012\/08\/mwsat-20171126-IMG_8846.jpg 1000w\" sizes=\"auto, (max-width: 300px) 100vw, 300px\" \/><\/a>&nbsp;&nbsp;\n<p>Mechthild &amp; Bernhard Schleser<\/p>\n<\/td>\n<\/tr>\n<tr>\n<td>&nbsp;<a href=\"https:\/\/www.pfarregersthof.at\/komm\/wp-content\/uploads\/2012\/08\/mwsat-20171126-IMG_8840.jpg\"><img loading=\"lazy\" decoding=\"async\" class=\"alignnone size-medium wp-image-4961\" src=\"https:\/\/www.pfarregersthof.at\/komm\/wp-content\/uploads\/2012\/08\/mwsat-20171126-IMG_8840-300x200.jpg\" alt=\"\" width=\"300\" height=\"200\" srcset=\"https:\/\/www.pfarregersthof.at\/komm\/wp-content\/uploads\/2012\/08\/mwsat-20171126-IMG_8840-300x200.jpg 300w, https:\/\/www.pfarregersthof.at\/komm\/wp-content\/uploads\/2012\/08\/mwsat-20171126-IMG_8840-150x100.jpg 150w, https:\/\/www.pfarregersthof.at\/komm\/wp-content\/uploads\/2012\/08\/mwsat-20171126-IMG_8840-768x512.jpg 768w, https:\/\/www.pfarregersthof.at\/komm\/wp-content\/uploads\/2012\/08\/mwsat-20171126-IMG_8840-800x534.jpg 800w, https:\/\/www.pfarregersthof.at\/komm\/wp-content\/uploads\/2012\/08\/mwsat-20171126-IMG_8840.jpg 1000w\" sizes=\"auto, (max-width: 300px) 100vw, 300px\" \/><\/a>&nbsp;&nbsp;\n<p>Erna &amp; Sascha Frey<\/p>\n<\/td>\n<\/tr>\n<tr>\n<td>&nbsp;<\/td>\n<\/tr>\n<tr>\n<td><a href=\"https:\/\/www.pfarregersthof.at\/komm\/wp-content\/uploads\/2012\/08\/mwsat-20171126-IMG_8851.jpg\"><img loading=\"lazy\" decoding=\"async\" class=\"alignnone size-medium wp-image-4958\" src=\"https:\/\/www.pfarregersthof.at\/komm\/wp-content\/uploads\/2012\/08\/mwsat-20171126-IMG_8851-300x200.jpg\" alt=\"\" width=\"300\" height=\"200\" srcset=\"https:\/\/www.pfarregersthof.at\/komm\/wp-content\/uploads\/2012\/08\/mwsat-20171126-IMG_8851-300x200.jpg 300w, https:\/\/www.pfarregersthof.at\/komm\/wp-content\/uploads\/2012\/08\/mwsat-20171126-IMG_8851-150x100.jpg 150w, https:\/\/www.pfarregersthof.at\/komm\/wp-content\/uploads\/2012\/08\/mwsat-20171126-IMG_8851-768x512.jpg 768w, https:\/\/www.pfarregersthof.at\/komm\/wp-content\/uploads\/2012\/08\/mwsat-20171126-IMG_8851-800x534.jpg 800w, https:\/\/www.pfarregersthof.at\/komm\/wp-content\/uploads\/2012\/08\/mwsat-20171126-IMG_8851.jpg 1000w\" sizes=\"auto, (max-width: 300px) 100vw, 300px\" \/><\/a>&nbsp;&nbsp;\n<p>Elisabeth &amp; Wolfgang Liebhart<\/p>\n<\/td>\n<\/tr>\n<\/tbody>\n<\/table>\n<p>Und hier noch einige kleine Web-Tipps zum Thema Ehe, Hochzeit und heiraten:<\/p>\n<ul>\n<li><a href=\"http:\/\/www.beziehungleben.at\" target=\"_blank\" rel=\"noopener\">www.beziehungleben.at<\/a><\/li>\n<li><a href=\"http:\/\/www.kirchliche-hochzeit.at\" target=\"_blank\" rel=\"noopener\">www.kirchliche-hochzeit.at<\/a><\/li>\n<li><a href=\"http:\/\/www.kardinal-koenig-haus.at\/\" target=\"_blank\" rel=\"noopener\">www.kardinal-koenig-haus.at<\/a>&nbsp;<\/li>\n<li><a href=\"http:\/\/www.kirchlichheiraten.at\" target=\"_blank\" rel=\"noopener\">www.kirchlichheiraten.at<\/a><\/li>\n<li><em style=\"color: initial;\"><a href=\"http:\/\/www.eheonline.at\" target=\"_blank\" rel=\"noopener\">www.eheonline.at<\/a><\/em><\/li>\n<li><em><a href=\"http:\/\/www.eltern-bildung.at\" target=\"_blank\" rel=\"noopener\">www.eltern-bildung.at<\/a><\/em><\/li>\n<li><em><a href=\"http:\/\/www.make-my-day.at\" target=\"_blank\" rel=\"noopener\">www.make-my-day.at<\/a><\/em><\/li>\n<\/ul>\n<ul>\n<li style=\"list-style-type: none;\">&nbsp;<\/li>\n<\/ul>\n<p>&nbsp;<\/p>\n<p><span style=\"color: #111111; font-family: Roboto, sans-serif; font-size: 27px;\">Vorbereitung auf die Segensfeier<\/span><\/p>\n<\/div>\n<div><span style=\"color: initial;\">Die Segensfeier als Bekr\u00e4ftigung des gemeinsamen Willens zum partnerschaftlichen Leben soll gut vorbereitet sein und den individuellen Bed\u00fcrfnissen des Segenspaares entsprechen.<\/span><\/div>\n<div>\n<p>In Anlehnung an das vorbereitende Eheseminar wollen wir Paare bei diesem ausdrucksvollen Schritt gerne unterst\u00fctzen. Mehrere Ehepaare aus der Pfarrgemeinde stehen zur Verf\u00fcgung, um an einem Nachmittag oder Abend offene Themen rund um die pers\u00f6nliche Situation des Segenspaares zu besprechen, auf das Leben in Partnerschaft einzustimmen und Hilfestellung bei der Gestaltung der Feier zu bieten.<\/p>\n<p>Die liturgische Vorbereitung der Segensfeier erfolgt sp\u00e4ter mit Pfarrer P. Arkadiusz pers\u00f6nlich.<\/p>\n<h4>Vorbereitung Segensfeiern \u2013 konkret:<\/h4>\n<p>Diese Paare stehen f\u00fcr die Vorbereitung von Segensfeiern zur Verf\u00fcgung \u2013 Terminvereinbarung bitte \u00fcber das <a href=\"https:\/\/www.pfarregersthof.at\/sts\/kontaktaufnahme.php\">Pfarrsekretariat<\/a>:<\/p>\n<table id=\"segtermine\" border=\"0\" cellpadding=\"5\">\n<tbody>\n<tr>\n<td>&nbsp;<\/td>\n<\/tr>\n<tr>\n<td><a href=\"https:\/\/www.pfarregersthof.at\/komm\/wp-content\/uploads\/2012\/08\/mwsat-20171126-IMG_8856.jpg\"><img loading=\"lazy\" decoding=\"async\" class=\"alignnone size-medium wp-image-4959\" src=\"https:\/\/www.pfarregersthof.at\/komm\/wp-content\/uploads\/2012\/08\/mwsat-20171126-IMG_8856-300x200.jpg\" alt=\"\" width=\"300\" height=\"200\" srcset=\"https:\/\/www.pfarregersthof.at\/komm\/wp-content\/uploads\/2012\/08\/mwsat-20171126-IMG_8856-300x200.jpg 300w, https:\/\/www.pfarregersthof.at\/komm\/wp-content\/uploads\/2012\/08\/mwsat-20171126-IMG_8856-150x100.jpg 150w, https:\/\/www.pfarregersthof.at\/komm\/wp-content\/uploads\/2012\/08\/mwsat-20171126-IMG_8856-768x512.jpg 768w, https:\/\/www.pfarregersthof.at\/komm\/wp-content\/uploads\/2012\/08\/mwsat-20171126-IMG_8856-800x534.jpg 800w, https:\/\/www.pfarregersthof.at\/komm\/wp-content\/uploads\/2012\/08\/mwsat-20171126-IMG_8856.jpg 1000w\" sizes=\"auto, (max-width: 300px) 100vw, 300px\" \/><\/a>&nbsp;&nbsp;\n<p>Gudrun Reinhart-Twaroch und Wolfgang Twaroch<\/p>\n<\/td>\n<\/tr>\n<tr>\n<td><a href=\"https:\/\/www.pfarregersthof.at\/komm\/wp-content\/uploads\/2012\/08\/mwsat-20171126-IMG_8858.jpg\"><img loading=\"lazy\" decoding=\"async\" class=\"alignnone size-medium wp-image-4957\" src=\"https:\/\/www.pfarregersthof.at\/komm\/wp-content\/uploads\/2012\/08\/mwsat-20171126-IMG_8858-300x200.jpg\" alt=\"\" width=\"300\" height=\"200\" srcset=\"https:\/\/www.pfarregersthof.at\/komm\/wp-content\/uploads\/2012\/08\/mwsat-20171126-IMG_8858-300x200.jpg 300w, https:\/\/www.pfarregersthof.at\/komm\/wp-content\/uploads\/2012\/08\/mwsat-20171126-IMG_8858-150x100.jpg 150w, https:\/\/www.pfarregersthof.at\/komm\/wp-content\/uploads\/2012\/08\/mwsat-20171126-IMG_8858-768x512.jpg 768w, https:\/\/www.pfarregersthof.at\/komm\/wp-content\/uploads\/2012\/08\/mwsat-20171126-IMG_8858-800x534.jpg 800w, https:\/\/www.pfarregersthof.at\/komm\/wp-content\/uploads\/2012\/08\/mwsat-20171126-IMG_8858.jpg 1000w\" sizes=\"auto, (max-width: 300px) 100vw, 300px\" \/><\/a>&nbsp;&nbsp;\n<p>Eva und Rudolf Fischer<\/p>\n<\/td>\n<\/tr>\n<\/tbody>\n<\/table>\n<\/div>\n<div>&nbsp;<\/div>\n<div>Weitere Informationen: <a href=\"http:\/\/www.erzdioezese-wien.at\/wige\" target=\"_blank\" rel=\"noopener\">Plattform f\u00fcr wiederverheiratete Geschiedene<br>Brosch\u00fcre &#8222;Aufmerksamkeiten&#8220;<\/a><br><a href=\"http:\/\/www.ehevorbereitung.at\/\" target=\"_blank\" rel=\"noopener\">Links zu Angeboten aller Di\u00f6zesen<\/a><br><a href=\"http:\/\/www.eheonline.at\/\" target=\"_blank\" rel=\"noopener\">Forum Beziehung, Ehe und Familie der Katholischen Aktion<br><\/a><\/div>\n<\/div>\n\n","protected":false},"excerpt":{"rendered":"<p>Vorbereitung auf Trauung und Segensfeier In Beziehung leben &#8230; .. dient und hilft dem Lebensgl\u00fcck von Menschen, von Frau und Mann!Beziehung soll gelingen, da zahlt es sich aus, sich einzubringen: Mitgestalten statt Berieselung Miteinander sprechen statt Belehrung Pers\u00f6nliche Begegnung statt Anonymit\u00e4t Vom Paar zum PA(A)RADIES In Gersthof wollen wir f\u00fcr Paare, die ihre Beziehung vor [&hellip;]<\/p>\n","protected":false},"author":2,"featured_media":0,"parent":621,"menu_order":0,"comment_status":"open","ping_status":"open","template":"","meta":{"ngg_post_thumbnail":0,"footnotes":""},"class_list":["post-657","page","type-page","status-publish"],"publishpress_future_action":{"enabled":false,"date":"2026-04-23 19:42:37","action":"change-status","newStatus":"draft","terms":[],"taxonomy":"category","extraData":[]},"publishpress_future_workflow_manual_trigger":{"enabledWorkflows":[]},"_links":{"self":[{"href":"https:\/\/www.pfarregersthof.at\/komm\/wp-json\/wp\/v2\/pages\/657","targetHints":{"allow":["GET"]}}],"collection":[{"href":"https:\/\/www.pfarregersthof.at\/komm\/wp-json\/wp\/v2\/pages"}],"about":[{"href":"https:\/\/www.pfarregersthof.at\/komm\/wp-json\/wp\/v2\/types\/page"}],"author":[{"embeddable":true,"href":"https:\/\/www.pfarregersthof.at\/komm\/wp-json\/wp\/v2\/users\/2"}],"replies":[{"embeddable":true,"href":"https:\/\/www.pfarregersthof.at\/komm\/wp-json\/wp\/v2\/comments?post=657"}],"version-history":[{"count":24,"href":"https:\/\/www.pfarregersthof.at\/komm\/wp-json\/wp\/v2\/pages\/657\/revisions"}],"predecessor-version":[{"id":19305,"href":"https:\/\/www.pfarregersthof.at\/komm\/wp-json\/wp\/v2\/pages\/657\/revisions\/19305"}],"up":[{"embeddable":true,"href":"https:\/\/www.pfarregersthof.at\/komm\/wp-json\/wp\/v2\/pages\/621"}],"wp:attachment":[{"href":"https:\/\/www.pfarregersthof.at\/komm\/wp-json\/wp\/v2\/media?parent=657"}],"curies":[{"name":"wp","href":"https:\/\/api.w.org\/{rel}","templated":true}]}}