{"id":662,"date":"2012-08-21T22:45:55","date_gmt":"2012-08-21T20:45:55","guid":{"rendered":"http:\/\/www.pfarregersthof.at\/komm\/?page_id=662"},"modified":"2022-06-25T17:26:58","modified_gmt":"2022-06-25T16:26:58","slug":"ehebegleitung","status":"publish","type":"page","link":"https:\/\/www.pfarregersthof.at\/komm\/pfarre-von-a-z\/themen\/ehebegleitung\/","title":{"rendered":"Ehebegleitung"},"content":{"rendered":"<div>\n<h1>Ehebegleitung in der Pfarre Gersthof<\/h1>\n<p>F\u00f6rdern statt Fordern<br>Wachstum statt Stillstand<br>Kommunikation statt Frustration<br>Beziehung statt Entfremdung<br>Wertsch\u00e4tzung statt Geringachtung<br>Erbl\u00fchen statt Verduften<br>MITEINANDER statt NEBENEINANDER<\/p>\n<p>Unsere Ehebegleitung ist ein Angebot f\u00fcr Paare, Ihre Beziehung zu reflektieren und zu vertiefen, Beziehungsfallen und fehlerhafte Kommunikation zu erkennen und zu vermeiden..<\/p>\n<h3>AKTIVIT\u00c4TEN in unserer Pfarre:<\/h3>\n<h4>JUBIL\u00c4EN<\/h4>\n<p>Wir feiern einmal im Jahr, am zweiten Samstag im Oktober um 18 Uhr, Gottesdienst, ein gem\u00fctlichem Beisammensein im Gemeindezentrum schlie\u00dft an.<\/p>\n<p>Kontakt: Pfarrsekretariat Tel. 479 22 92 bzw. Email: <a href=\"mailto:sekretariat@pfarregersthof.at\">sekretariat@pfarregersthof.at<\/a><\/p>\n<h4>EHE &#8211; FAMILIEN &#8211; und LEBENSBERATUNGSSTELLEN der Erzdi\u00f6zese Wien<\/h4>\n<p>Mehr dazu <a href=\"https:\/\/www.erzdioezese-wien.at\/pages\/inst\/18762017\">auf dieser Seite<\/a>.<\/p>\n<p>Weitere Angebote f\u00fcr Beziehung &#8211; Partnerschaft &#8211; Familie aus dem Seminarangebot des Kardinal K\u00f6nig Hauses finden Sie unter: <a href=\"http:\/\/www.kardinal-koenig-haus.at\" target=\"_blank\" rel=\"noopener noreferrer\">www.kardinal-koenig-haus.at<\/a><\/p>\n<\/div>\n\n","protected":false},"excerpt":{"rendered":"<p>Ehebegleitung in der Pfarre Gersthof F\u00f6rdern statt FordernWachstum statt StillstandKommunikation statt FrustrationBeziehung statt EntfremdungWertsch\u00e4tzung statt GeringachtungErbl\u00fchen statt VerduftenMITEINANDER statt NEBENEINANDER Unsere Ehebegleitung ist ein Angebot f\u00fcr Paare, Ihre Beziehung zu reflektieren und zu vertiefen, Beziehungsfallen und fehlerhafte Kommunikation zu erkennen und zu vermeiden.. AKTIVIT\u00c4TEN in unserer Pfarre: JUBIL\u00c4EN Wir feiern einmal im Jahr, am zweiten [&hellip;]<\/p>\n","protected":false},"author":2,"featured_media":0,"parent":621,"menu_order":0,"comment_status":"open","ping_status":"open","template":"","meta":{"ngg_post_thumbnail":0,"footnotes":""},"class_list":["post-662","page","type-page","status-publish"],"publishpress_future_action":{"enabled":false,"date":"2026-04-23 19:35:00","action":"change-status","newStatus":"draft","terms":[],"taxonomy":"category","extraData":[]},"publishpress_future_workflow_manual_trigger":{"enabledWorkflows":[]},"_links":{"self":[{"href":"https:\/\/www.pfarregersthof.at\/komm\/wp-json\/wp\/v2\/pages\/662","targetHints":{"allow":["GET"]}}],"collection":[{"href":"https:\/\/www.pfarregersthof.at\/komm\/wp-json\/wp\/v2\/pages"}],"about":[{"href":"https:\/\/www.pfarregersthof.at\/komm\/wp-json\/wp\/v2\/types\/page"}],"author":[{"embeddable":true,"href":"https:\/\/www.pfarregersthof.at\/komm\/wp-json\/wp\/v2\/users\/2"}],"replies":[{"embeddable":true,"href":"https:\/\/www.pfarregersthof.at\/komm\/wp-json\/wp\/v2\/comments?post=662"}],"version-history":[{"count":4,"href":"https:\/\/www.pfarregersthof.at\/komm\/wp-json\/wp\/v2\/pages\/662\/revisions"}],"predecessor-version":[{"id":12007,"href":"https:\/\/www.pfarregersthof.at\/komm\/wp-json\/wp\/v2\/pages\/662\/revisions\/12007"}],"up":[{"embeddable":true,"href":"https:\/\/www.pfarregersthof.at\/komm\/wp-json\/wp\/v2\/pages\/621"}],"wp:attachment":[{"href":"https:\/\/www.pfarregersthof.at\/komm\/wp-json\/wp\/v2\/media?parent=662"}],"curies":[{"name":"wp","href":"https:\/\/api.w.org\/{rel}","templated":true}]}}