{"id":665,"date":"2012-08-21T22:48:22","date_gmt":"2012-08-21T20:48:22","guid":{"rendered":"http:\/\/www.pfarregersthof.at\/komm\/?page_id=665"},"modified":"2021-07-11T19:59:22","modified_gmt":"2021-07-11T18:59:22","slug":"segen-und-segensgebete","status":"publish","type":"page","link":"https:\/\/www.pfarregersthof.at\/komm\/pfarre-von-a-z\/themen\/segen-und-segensgebete\/","title":{"rendered":"Segen und Segensgebete"},"content":{"rendered":"<div>\n<h1>Segen und Segensgebete<\/h1>\n<p>Das Segnen geh\u00f6rt zu Urgesten des Menschen. Denn Segnungen sind in allen Religionen anzutreffen. Eine besondere Bedeutung gewinnt der Segen in der Geschichte des Gottesvolkes Israel, woher sich unsere Kirche durch Jesus Christus als Glaubensgemeinschaft ableitet.<br \/>\nAuf diese Lebensgemeinschaft von Gott und Mensch spricht die Bibel in doppelter Form: Gott wirkt, d.h. er schenkt Segen, der Mensch antwortet (Lobpreis). Der Segen Gottes hat sein Ziel erst dann erreicht, wenn der Mensch auf diesen Segen Gottes antwortet (Lobpreis).<br \/>\nGestaltung und Elemente (Unten finden Sie eine Vollform, Vereinfachungen sind m\u00f6glich):<\/p>\n<ul>\n<li>Er\u00f6ffnung mit Gesang<\/li>\n<li>Begr\u00fc\u00dfung und Einf\u00fchrung<\/li>\n<li>Er\u00f6ffnungsgebet<\/li>\n<li>Schriftlesung<\/li>\n<li>Antwortgesang<\/li>\n<li>Ansprache<\/li>\n<li>Segnung<\/li>\n<li>F\u00fcrbitte<\/li>\n<li>Vater unser<\/li>\n<li>Entlassung<\/li>\n<\/ul>\n<p>&nbsp;<\/p>\n<h2>Segnungen im Laufe des Kirchenjahres<\/h2>\n<h3>Segnung des Adventkranzes<\/h3>\n<p>Adventkr\u00e4nze und \u2013lichter sind im Volke beliebte Zeichen. Denn Licht weist Weg, vertreibt Angst und f\u00f6rdert Gemeinschaft. Das Licht der 4&nbsp;Kerzen zeigt den stufenweisen Aufstieg zum vollen Licht der Weihnacht, der gr\u00fcne Kranz bedeutet Leben und Gemeinschaft du ist Zeichen der Hoffnung, das nicht Dunkel und Tod, sondern Licht und Leben siegen werden.<\/p>\n<h3>Blasiussegen<\/h3>\n<p>Der heilige Blasius hat, die lebende berichtet, als M\u00e4rtyrer im Gef\u00e4ngnis ein halskrankes Kind gesegnet und gerettet. So erinnert der Blasiussegen (Nachmittag des 2. und am ganzen Tag des 3. Februar als Gedenktag) an die F\u00fcrbitte dieses M\u00e4rtyrers, der F\u00fcrsprecher auch und vor allem f\u00fcr unsere leibliche Gesundheit ist.<\/p>\n<h3>Aschenkreuz<\/h3>\n<p>Die 40 Tage (ohne Sonntage), daher Quadragesima genannt, sind eher bekannt als \u201eFastenzeit\u201c. Der Sinn: Der ganze Mensch soll frei und gesund werden; sich selbst wieder finden: das Ein\u00fcben du Verwirklichen, was er durch die Taufe geworden ist \u2013 neuer Mensch in dem Christus sichtbar wird!<br \/>\nSichtbares Zeichen des Starts in diese neue Zeit ist die Austeilung des Aschenkreuzes.<br \/>\nDie Religionsgeschichte weist die Asche als Bild der Verg\u00e4nglichkeit aus. Sich das Haupt mit Asche zu bestreuen, galt bei Israeliten aber davor bei \u00c4gyptern, Arabern und Griechen, als ausdrucksvolle Geb\u00e4rde der Klage. Im Christentum wurde das Zeichen verdichtet als altkirchliche Sitte, das \u00f6ffentlich bekannte S\u00fcnderInnen im grauen Gewand mit Asche bestreut ihre Bu\u00dfzeit antreten, um zu Ostern als B\u00fc\u00dfer entlassen und als Erneuerte lebendig zu werden.<\/p>\n<h3>Die Feier der Segnung f\u00fcr Kinder<\/h3>\n<p>Kinder sind heute mehr denn je existentieller Reichtum und finanzieller Schatz, denn aus unserer christlichen Sicht kann Kind nie \u201eSchadenfall\u201c sein.<br \/>\nDarum bitten Eltern (in leiblicher und sozialer Verantwortlichkeit) um Segen f\u00fcr ihr Kind\/ihre Kinder, weil sie besonders auf Hilfe und Schutz in g\u00f6ttlicher und menschlicher Form angewiesen sind.<br \/>\nDer Eintritt in die Schule ist f\u00fcr jedes Kind ein wichtiger Lebensabschnitt. F\u00fcr unsere Kindergartenkinder halten wir zumeist Ende Mai, Anfang Juni eine solche Feier mit Gesang, Tanz, Gebet, Handauflegung und Segnung.<\/p>\n<h3>Die Feier des Segnung einer Wohnung &#8230;<\/h3>\n<p>&#8230; eines Hauses, eines Gesch\u00e4ftes, einer Bankfiliale, eines Kraftfahrzeuges, \u2026<br \/>\nIn der Bibel unserer \u00e4lteren Geschwister im Glauben (das von Gott erw\u00e4hlte Volk Israel) verwendet f\u00fcr Segen das Wort \u201eberek\u201c, d.h. im Namen Gottes wird Menschen oder Gegenst\u00e4nden eine neue, d.h. \u00fcber Augenblick und Sachlichkeit hinausweisende, von Gottes Ebenbild abgeleitete, neue Wirklichkeit zugesprochen.<br \/>\nAll das gilt vor allem und insbesondere auch bei Segnungen von religi\u00f6sen Zeichen und Devotionalien.<\/p>\n<h3>Segen, den \u201ePriester\u201c sprechen sollen (vgl. Num 6,24ff.),<br \/>\nals Aaronitischer Segen<\/h3>\n<p>\u201eDer&nbsp; Herr Segne dich und beh\u00fcte dich.<br \/>\nDer Herr lasse sein Angesicht \u00fcber dir leuchten und sei dir gn\u00e4dig.<br \/>\nDer Herr wende sein Angesicht dir zu und schenke dir Heil.\u201c<br \/>\n(Einheits\u00fcbersetzung)<\/p>\n<p>\u201eDer Herr m\u00f6ge euch reich beschenken und euch besch\u00fctzen.<br \/>\nFreundlich blicke er euch an und wende euch seine Liebe zu!<br \/>\nEr sei euch nahe und schenke euch Gl\u00fcck und Frieden!\u201c<br \/>\n(Bibel in heutigem Deutsch)<\/p>\n<\/div>\n","protected":false},"excerpt":{"rendered":"<p>Segen und Segensgebete Das Segnen geh\u00f6rt zu Urgesten des Menschen. Denn Segnungen sind in allen Religionen anzutreffen. Eine besondere Bedeutung gewinnt der Segen in der Geschichte des Gottesvolkes Israel, woher sich unsere Kirche durch Jesus Christus als Glaubensgemeinschaft ableitet. Auf diese Lebensgemeinschaft von Gott und Mensch spricht die Bibel in doppelter Form: Gott wirkt, d.h. [&hellip;]<\/p>\n","protected":false},"author":2,"featured_media":0,"parent":621,"menu_order":0,"comment_status":"open","ping_status":"open","template":"","meta":{"ngg_post_thumbnail":0,"footnotes":""},"class_list":["post-665","page","type-page","status-publish"],"publishpress_future_action":{"enabled":false,"date":"2026-04-23 20:00:58","action":"change-status","newStatus":"draft","terms":[],"taxonomy":"category","extraData":[]},"publishpress_future_workflow_manual_trigger":{"enabledWorkflows":[]},"_links":{"self":[{"href":"https:\/\/www.pfarregersthof.at\/komm\/wp-json\/wp\/v2\/pages\/665","targetHints":{"allow":["GET"]}}],"collection":[{"href":"https:\/\/www.pfarregersthof.at\/komm\/wp-json\/wp\/v2\/pages"}],"about":[{"href":"https:\/\/www.pfarregersthof.at\/komm\/wp-json\/wp\/v2\/types\/page"}],"author":[{"embeddable":true,"href":"https:\/\/www.pfarregersthof.at\/komm\/wp-json\/wp\/v2\/users\/2"}],"replies":[{"embeddable":true,"href":"https:\/\/www.pfarregersthof.at\/komm\/wp-json\/wp\/v2\/comments?post=665"}],"version-history":[{"count":2,"href":"https:\/\/www.pfarregersthof.at\/komm\/wp-json\/wp\/v2\/pages\/665\/revisions"}],"predecessor-version":[{"id":9603,"href":"https:\/\/www.pfarregersthof.at\/komm\/wp-json\/wp\/v2\/pages\/665\/revisions\/9603"}],"up":[{"embeddable":true,"href":"https:\/\/www.pfarregersthof.at\/komm\/wp-json\/wp\/v2\/pages\/621"}],"wp:attachment":[{"href":"https:\/\/www.pfarregersthof.at\/komm\/wp-json\/wp\/v2\/media?parent=665"}],"curies":[{"name":"wp","href":"https:\/\/api.w.org\/{rel}","templated":true}]}}