{"id":667,"date":"2012-08-21T22:50:42","date_gmt":"2012-08-21T20:50:42","guid":{"rendered":"http:\/\/www.pfarregersthof.at\/komm\/?page_id=667"},"modified":"2025-10-08T18:31:01","modified_gmt":"2025-10-08T16:31:01","slug":"gebete","status":"publish","type":"page","link":"https:\/\/www.pfarregersthof.at\/komm\/pfarre-von-a-z\/angebote\/gebete\/","title":{"rendered":"Gebete"},"content":{"rendered":"<h1>M\u00f6glichkeiten zum Gebet &#8211; mit anderen, alleine<\/h1>\n<p>Eine aktuelle \u00dcbersicht der demn\u00e4chst angebotenen M\u00f6glichkeiten ist <a href=\"\/komm\/termin\/kategorie\/gebet-gespraech\/\">auf dieser Seite unseres Terminkalenders<\/a> zu finden!<\/p>\n<h2>Rosenkranzgebet, mittwochs 8:25 Uhr<\/h2>\n<p>Findet an vielen Mittwoch-Tagen um 8:25 Uhr vor dem Gottesdienst f\u00fcr Frauen von Frauen statt &#8211; au\u00dfer an Feiertagen und in Ferien &#8211; siehe unsere <a href=\"https:\/\/www.pfarregersthof.at\/komm\/termine\/aktuelle\/\">Aktuellen Termine<\/a>.<br \/>\n<strong>Ort<\/strong>: Gemeindezentrum (Bastiengasse 18) oder Pfarrkirche (siehe AKTUELLE TERMINE)<\/p>\n<h2 id=\"oase\">Gebetsoase &#8211; Gebetsabende am 1. und 3. Dienstag eines Monats<\/h2>\n<p>Bei diesem Angebot h\u00f6ren wir gemeinsam das Tagesevangelium und laden danach zum Gebet in Stille ein. Zum Abschluss kann auch kurz \u00fcber den Bibeltext und eigene Gedanken gesprochen werden.<\/p>\n<p><strong>Termine im Gemeindejahr 2025\/26<br \/>\n<\/strong><\/p>\n<p>2. + 16. September, 7. + 21. Oktober 2025 &#8230; in der Osterkapelle\/Pfarrkirche<br \/>\n4. + 18. November, 2. + 16. Dezember 2025, 20. J\u00e4nner, 3. + 17. Februar, 3. + 17. M\u00e4rz, 7. + 21. April, 5. + 19. Mai, 2. Juni 2026 &#8230; im Besprechungszimmer im Pfarrhaus (Bischof-Faber-Platz 7)<br \/>\n16. Juni 2026 &#8230; in der Osterkapelle\/Pfarrkirche<\/p>\n<p><strong>Beginn: 19.30 Uhr <\/strong>Ende: zirka 20:45 Uhr<strong><br \/>\nOrt: siehe Termine<\/strong><strong><br \/>\n<\/strong><\/p>\n<p>Ansprechpersonen:<br \/>\nHermi Steidl und Ulli Hecht, E-Mail: <a href=\"mailto:oasederstille@pfarregersthof.at\">oasederstille@pfarregersthof.at<\/a><\/p>\n","protected":false},"excerpt":{"rendered":"<p>M\u00f6glichkeiten zum Gebet &#8211; mit anderen, alleine Eine aktuelle \u00dcbersicht der demn\u00e4chst angebotenen M\u00f6glichkeiten ist auf dieser Seite unseres Terminkalenders zu finden! Rosenkranzgebet, mittwochs 8:25 Uhr Findet an vielen Mittwoch-Tagen um 8:25 Uhr vor dem Gottesdienst f\u00fcr Frauen von Frauen statt &#8211; au\u00dfer an Feiertagen und in Ferien &#8211; siehe unsere Aktuellen Termine. Ort: Gemeindezentrum [&hellip;]<\/p>\n","protected":false},"author":2,"featured_media":0,"parent":611,"menu_order":0,"comment_status":"open","ping_status":"open","template":"","meta":{"ngg_post_thumbnail":0,"footnotes":""},"class_list":["post-667","page","type-page","status-publish"],"publishpress_future_action":{"enabled":false,"date":"2026-05-09 15:50:43","action":"change-status","newStatus":"draft","terms":[],"taxonomy":"category","extraData":[]},"publishpress_future_workflow_manual_trigger":{"enabledWorkflows":[]},"_links":{"self":[{"href":"https:\/\/www.pfarregersthof.at\/komm\/wp-json\/wp\/v2\/pages\/667","targetHints":{"allow":["GET"]}}],"collection":[{"href":"https:\/\/www.pfarregersthof.at\/komm\/wp-json\/wp\/v2\/pages"}],"about":[{"href":"https:\/\/www.pfarregersthof.at\/komm\/wp-json\/wp\/v2\/types\/page"}],"author":[{"embeddable":true,"href":"https:\/\/www.pfarregersthof.at\/komm\/wp-json\/wp\/v2\/users\/2"}],"replies":[{"embeddable":true,"href":"https:\/\/www.pfarregersthof.at\/komm\/wp-json\/wp\/v2\/comments?post=667"}],"version-history":[{"count":62,"href":"https:\/\/www.pfarregersthof.at\/komm\/wp-json\/wp\/v2\/pages\/667\/revisions"}],"predecessor-version":[{"id":19065,"href":"https:\/\/www.pfarregersthof.at\/komm\/wp-json\/wp\/v2\/pages\/667\/revisions\/19065"}],"up":[{"embeddable":true,"href":"https:\/\/www.pfarregersthof.at\/komm\/wp-json\/wp\/v2\/pages\/611"}],"wp:attachment":[{"href":"https:\/\/www.pfarregersthof.at\/komm\/wp-json\/wp\/v2\/media?parent=667"}],"curies":[{"name":"wp","href":"https:\/\/api.w.org\/{rel}","templated":true}]}}