{"id":672,"date":"2012-08-21T22:57:21","date_gmt":"2012-08-21T20:57:21","guid":{"rendered":"http:\/\/www.pfarregersthof.at\/komm\/?page_id=672"},"modified":"2025-06-25T16:15:56","modified_gmt":"2025-06-25T14:15:56","slug":"krankheit-tod-auferstehung","status":"publish","type":"page","link":"https:\/\/www.pfarregersthof.at\/komm\/pfarre-von-a-z\/themen\/krankheit-tod-auferstehung\/","title":{"rendered":"Krankheit, Tod, Auferstehung"},"content":{"rendered":"<p><strong>Kranke besuchen<\/strong><br \/>\n<strong>Sterbende begleiten<\/strong><br \/>\n<strong>Trauernde tr\u00f6sten<\/strong><br \/>\n<strong>Tote verabschieden<\/strong><br \/>\n<strong>Auf die Auferstehung hoffen<\/strong><\/p>\n<h3>Krankheit<\/h3>\n<p>ist immer ein Ausnahmezustand, zu Hause wie im Krankenhaus. Im Krankenhaus gibt es zumeist eine dort verankerte Krankenhausseelsorge, im Wohnhaus und in der Wohnung hat die zust\u00e4ndige Pfarre Sorge zu tragen, wie Krankenbesuch, Krankenkommunion, Krankensalbung.<br \/>\nN\u00e4here Ausk\u00fcnfte dar\u00fcber was hier unsere Pfarre anbietet, erhalten Sie im <a title=\"Kontakt aufnehmen\" href=\"https:\/\/www.pfarregersthof.at\/komm\/pfarre-von-a-z\/information\/kontakt-aufnehmen\/\">Pfarrsekretariat<\/a> (1180, Bischof-Faber-Platz 7, Tel 479 22 92)<\/p>\n<h3>Im Todesfall<\/h3>\n<p>einer\/eines Angeh\u00f6rigen, sind meist sehr kurzfristig die notwendigen Entscheidungen zu treffen. Vieles ist dabei zu bedenken und zu organisieren.<\/p>\n<p>Besonders bei unerwarteten Todesf\u00e4llen, wie z. B. durch Unfall, ist das Abschiednehmen f\u00fcr die weitere Bew\u00e4ltigung der Trauer von gro\u00dfer Bedeutung. Ein Bestattungsunternehmen nimmt Ihnen auf Wunsch viele Wege ab und hilft weiter.<\/p>\n<p>Mitarbeiter\/innen unserer Pfarre &nbsp;stehen Ihnen auf Wunsch in einem pers\u00f6nlichen Kondolenzgespr\u00e4ch begleitend zur Verf\u00fcgung. Wir unterst\u00fctzen Sie bei der Vorbereitung der Trauerfeier und stellen eine w\u00fcrdevolle Begr\u00e4bnisfeier sicher, bei der das Leben und Wirken der\/des Verstorbenen angemessen und einf\u00fchlsam gew\u00fcrdigt wird. Sofern ausdr\u00fccklich Pfarrer P. Arkadiusz Zakreta als Begr\u00e4bnisleiter gew\u00fcnscht wird, ist eine Terminabstimmung vor der Festsetzung beim Bestattungsunternehmen unbedingt &nbsp;erforderlich. Die Diakone Toni Hecht und Uwe Eglau sowie Ulli Hecht, Gerda Winner und Wolfgang Gehring stehen als entsprechend ausgebildete und bef\u00e4higte, bisch\u00f6flich beauftragte Begr\u00e4bnisleiter\/innen zur Verf\u00fcgung.<\/p>\n<p>F\u00fcr Hinterbliebene von Verstorbenen, die aus der Kirche ausgetreten sind, bieten wir eine vom Auferstehungsglauben gepr\u00e4gte, trostvolle Begleitung und Begr\u00e4bnisfeier an. Die Absprachen dazu erfolgen in einem pers\u00f6nlichen Kondolenzgespr\u00e4ch, das m\u00f6glichst schon vor dem Gespr\u00e4ch beim Bestattungsunternehmen vereinbart werden sollte.<\/p>\n<h3>Trauergottesdienst mit Auferstehungshoffnung<\/h3>\n<p style=\"text-align: left;\" align=\"center\">Die Auferstehungsgottesdienste finden in unserer Pfarrkirche am Bischof Faber Platz in der Regel am letzten Donnerstag eines Monats, jeweils um 18.00 Uhr, statt, die konkreten Termine sind unter <a href=\"\/komm\/termine\/aktuelle\/\">Aktuelle Termine<\/a> zu finden.<\/p>\n<p>Im Anschluss an die Feier in der Kirche gibt es ein Beisammensein als \u201eTrauerkaffee\u201c, vom Team der Pfarrcaritas organisiert, im Gemeindezentrum (Bastiengasse 18).<\/p>\n<p>In halbj\u00e4hrlichem Abstand, zu Allerseelen, 2.11., um 18 Uhr und an einem Samstag in der Osterzeit um 8.00 Uhr, laden wir jene trauernden Angeh\u00f6rigen zu einem Gottesdienst ein, die in den letzten Monaten durch Tod einen Menschen verloren haben. Anschlie\u00dfend wird Ihnen die M\u00f6glichkeit zu einem Beisammensein in unserem Gemeindezentrum angeboten. Dazu l\u00e4dt das Caritasteam herzlich ein!<\/p>\n<p>In einer besonderen<\/p>\n<h3>Feier f\u00fcr totgeborene, fr\u00fch verstorbene Kinder<\/h3>\n<p>bieten wir j\u00e4hrlich in der Zeit nach dem Ostersonntag eine Gedenkfeier an. Ausk\u00fcnfte zum konkreten Termin erhalten Sie \u00fcber das <a href=\"https:\/\/www.pfarregersthof.at\/komm\/pfarre-von-a-z\/information\/kontakt-aufnehmen\/#pfarrsek\/komm\/pfarre-von-a-z\/information\/kontakt-aufnehmen\/#pfarrsek\">Pfarrsekretariat<\/a><\/p>\n","protected":false},"excerpt":{"rendered":"<p>Kranke besuchen Sterbende begleiten Trauernde tr\u00f6sten Tote verabschieden Auf die Auferstehung hoffen Krankheit ist immer ein Ausnahmezustand, zu Hause wie im Krankenhaus. Im Krankenhaus gibt es zumeist eine dort verankerte Krankenhausseelsorge, im Wohnhaus und in der Wohnung hat die zust\u00e4ndige Pfarre Sorge zu tragen, wie Krankenbesuch, Krankenkommunion, Krankensalbung. N\u00e4here Ausk\u00fcnfte dar\u00fcber was hier unsere Pfarre [&hellip;]<\/p>\n","protected":false},"author":2,"featured_media":0,"parent":621,"menu_order":0,"comment_status":"open","ping_status":"open","template":"","meta":{"ngg_post_thumbnail":0,"footnotes":""},"class_list":["post-672","page","type-page","status-publish"],"publishpress_future_action":{"enabled":false,"date":"2026-04-23 19:42:36","action":"change-status","newStatus":"draft","terms":[],"taxonomy":"category","extraData":[]},"publishpress_future_workflow_manual_trigger":{"enabledWorkflows":[]},"_links":{"self":[{"href":"https:\/\/www.pfarregersthof.at\/komm\/wp-json\/wp\/v2\/pages\/672","targetHints":{"allow":["GET"]}}],"collection":[{"href":"https:\/\/www.pfarregersthof.at\/komm\/wp-json\/wp\/v2\/pages"}],"about":[{"href":"https:\/\/www.pfarregersthof.at\/komm\/wp-json\/wp\/v2\/types\/page"}],"author":[{"embeddable":true,"href":"https:\/\/www.pfarregersthof.at\/komm\/wp-json\/wp\/v2\/users\/2"}],"replies":[{"embeddable":true,"href":"https:\/\/www.pfarregersthof.at\/komm\/wp-json\/wp\/v2\/comments?post=672"}],"version-history":[{"count":14,"href":"https:\/\/www.pfarregersthof.at\/komm\/wp-json\/wp\/v2\/pages\/672\/revisions"}],"predecessor-version":[{"id":18806,"href":"https:\/\/www.pfarregersthof.at\/komm\/wp-json\/wp\/v2\/pages\/672\/revisions\/18806"}],"up":[{"embeddable":true,"href":"https:\/\/www.pfarregersthof.at\/komm\/wp-json\/wp\/v2\/pages\/621"}],"wp:attachment":[{"href":"https:\/\/www.pfarregersthof.at\/komm\/wp-json\/wp\/v2\/media?parent=672"}],"curies":[{"name":"wp","href":"https:\/\/api.w.org\/{rel}","templated":true}]}}