{"id":707,"date":"2012-08-25T22:29:23","date_gmt":"2012-08-25T20:29:23","guid":{"rendered":"http:\/\/www.pfarregersthof.at\/komm\/?page_id=707"},"modified":"2023-09-29T09:50:38","modified_gmt":"2023-09-29T07:50:38","slug":"kantorei-waehring-kirchenchor","status":"publish","type":"page","link":"https:\/\/www.pfarregersthof.at\/komm\/pfarre-von-a-z\/gruppen-initiativen\/kantorei-waehring-kirchenchor\/","title":{"rendered":"Kantorei W\u00e4hring &#8211; Kirchenchor"},"content":{"rendered":"<p>Unsere Chorgemeinschaft hat seit der Gr\u00fcndung im Jahr 1890 die Aufgabe, Gottesdienste musikalisch zu gestalten und den Besuchern der Kirche eine sch\u00f6ne, erbauliche Kirchenmusik zu bieten, wie es der damalige Dirigent und Magistratsrat Dr. Moritz Waas so treffend ausdr\u00fcckte.<br \/>\nDie Kantorei tr\u00e4gt diesem Gedanken und der mittlerweile wunderbaren Tradition weiterhin Rechnung.<\/p>\n<p>Von Oktober bis Ende Dezember 2023 werden von der Kantorei folgende Gottesdienste in der Pfarrkirche und ein Konzert musikalisch gestaltet:<\/p>\n<p><strong>Sonntag, 15. Oktober 2023<br \/>\n<\/strong>Werke von H. Purcell, J. Haydn, V. Bellini und L. von Beethoven<\/p>\n<p><strong>Sonntag, 19. November 2023 (Patrozinium)<br \/>\n<\/strong>Jubelmesse von C.M. von Weber<\/p>\n<p><strong>Freitag, 15. Dezember 2023<br \/>\n<\/strong>Advent- und Weihnachtskonzert<\/p>\n<p><strong>Sonntag, 25. Dezember 2023 (Christtag)<br \/>\n<\/strong>Werke von G. Weissel, G.F. H\u00e4ndel u.a.m.<\/p>\n<p>Die <strong>Chorproben<\/strong> finden jeden Mittwoch von 19.00 \u2013 21.00 Uhr, im Gemeindezentrum der Pfarre Gersthof, 1180 Wien, Bastiengasse 18, statt.<br \/>\nWer Freude am Singen und Musizieren hat, ist herzlich eingeladen! Die Anmeldung zu einer <strong>Schnupperprobe<\/strong> bitten wir,&nbsp; mit Namen und Telefonnummer an das Pfarrsekretariat unter <a href=\"mailto:sekretariat@pfarregersthof.at\">sekretariat@pfarregersthof.at<\/a>&nbsp; oder per Telefon an 01 479 22 92 zu richten.<\/p>\n<p style=\"text-align: center;\"><strong>Komm, sind und musiziere mit!<\/strong><\/p>\n<p><a href=\"https:\/\/www.pfarregersthof.at\/komm\/wp-content\/uploads\/2023\/08\/LangeNachtKirchen2022_Kirchenchor_2.jpg\"><img loading=\"lazy\" decoding=\"async\" class=\"aligncenter wp-image-14553\" src=\"https:\/\/www.pfarregersthof.at\/komm\/wp-content\/uploads\/2023\/08\/LangeNachtKirchen2022_Kirchenchor_2-800x457.jpg\" alt=\"\" width=\"899\" height=\"514\" srcset=\"https:\/\/www.pfarregersthof.at\/komm\/wp-content\/uploads\/2023\/08\/LangeNachtKirchen2022_Kirchenchor_2-800x457.jpg 800w, https:\/\/www.pfarregersthof.at\/komm\/wp-content\/uploads\/2023\/08\/LangeNachtKirchen2022_Kirchenchor_2-1536x878.jpg 1536w, https:\/\/www.pfarregersthof.at\/komm\/wp-content\/uploads\/2023\/08\/LangeNachtKirchen2022_Kirchenchor_2-696x398.jpg 696w, https:\/\/www.pfarregersthof.at\/komm\/wp-content\/uploads\/2023\/08\/LangeNachtKirchen2022_Kirchenchor_2-1068x610.jpg 1068w, https:\/\/www.pfarregersthof.at\/komm\/wp-content\/uploads\/2023\/08\/LangeNachtKirchen2022_Kirchenchor_2-150x86.jpg 150w, https:\/\/www.pfarregersthof.at\/komm\/wp-content\/uploads\/2023\/08\/LangeNachtKirchen2022_Kirchenchor_2-300x171.jpg 300w, https:\/\/www.pfarregersthof.at\/komm\/wp-content\/uploads\/2023\/08\/LangeNachtKirchen2022_Kirchenchor_2-768x439.jpg 768w, https:\/\/www.pfarregersthof.at\/komm\/wp-content\/uploads\/2023\/08\/LangeNachtKirchen2022_Kirchenchor_2.jpg 1655w\" sizes=\"auto, (max-width: 899px) 100vw, 899px\" \/><\/a><\/p>\n<p>&nbsp;<\/p>\n<p>&nbsp;<\/p>\n","protected":false},"excerpt":{"rendered":"<p>Unsere Chorgemeinschaft hat seit der Gr\u00fcndung im Jahr 1890 die Aufgabe, Gottesdienste musikalisch zu gestalten und den Besuchern der Kirche eine sch\u00f6ne, erbauliche Kirchenmusik zu bieten, wie es der damalige Dirigent und Magistratsrat Dr. Moritz Waas so treffend ausdr\u00fcckte. Die Kantorei tr\u00e4gt diesem Gedanken und der mittlerweile wunderbaren Tradition weiterhin Rechnung. Von Oktober bis Ende [&hellip;]<\/p>\n","protected":false},"author":2,"featured_media":0,"parent":1071,"menu_order":0,"comment_status":"open","ping_status":"open","template":"","meta":{"ngg_post_thumbnail":0,"footnotes":""},"class_list":["post-707","page","type-page","status-publish"],"publishpress_future_action":{"enabled":false,"date":"2026-04-23 19:42:44","action":"change-status","newStatus":"draft","terms":[],"taxonomy":"category","extraData":[]},"publishpress_future_workflow_manual_trigger":{"enabledWorkflows":[]},"_links":{"self":[{"href":"https:\/\/www.pfarregersthof.at\/komm\/wp-json\/wp\/v2\/pages\/707","targetHints":{"allow":["GET"]}}],"collection":[{"href":"https:\/\/www.pfarregersthof.at\/komm\/wp-json\/wp\/v2\/pages"}],"about":[{"href":"https:\/\/www.pfarregersthof.at\/komm\/wp-json\/wp\/v2\/types\/page"}],"author":[{"embeddable":true,"href":"https:\/\/www.pfarregersthof.at\/komm\/wp-json\/wp\/v2\/users\/2"}],"replies":[{"embeddable":true,"href":"https:\/\/www.pfarregersthof.at\/komm\/wp-json\/wp\/v2\/comments?post=707"}],"version-history":[{"count":17,"href":"https:\/\/www.pfarregersthof.at\/komm\/wp-json\/wp\/v2\/pages\/707\/revisions"}],"predecessor-version":[{"id":14676,"href":"https:\/\/www.pfarregersthof.at\/komm\/wp-json\/wp\/v2\/pages\/707\/revisions\/14676"}],"up":[{"embeddable":true,"href":"https:\/\/www.pfarregersthof.at\/komm\/wp-json\/wp\/v2\/pages\/1071"}],"wp:attachment":[{"href":"https:\/\/www.pfarregersthof.at\/komm\/wp-json\/wp\/v2\/media?parent=707"}],"curies":[{"name":"wp","href":"https:\/\/api.w.org\/{rel}","templated":true}]}}