{"id":712,"date":"2012-08-25T22:33:47","date_gmt":"2012-08-25T20:33:47","guid":{"rendered":"http:\/\/www.pfarregersthof.at\/komm\/?page_id=712"},"modified":"2021-11-21T15:48:23","modified_gmt":"2021-11-21T14:48:23","slug":"weltweite-partnerschaften","status":"publish","type":"page","link":"https:\/\/www.pfarregersthof.at\/komm\/pfarre-von-a-z\/information\/weltweite-partnerschaften\/","title":{"rendered":"Weltweite Partnerschaften"},"content":{"rendered":"<h1>Die weltweiten Partnerschaften der Pfarre<\/h1>\n<p>In politisch unsicheren Zeiten ist es wichtig, weltweit vor Ort zu helfen, um Probleme zu l\u00f6sen, bevor sie unl\u00f6sbar werden. Darum pflegen wir unsere Partnerschaften mit Gemeinden in anderen L\u00e4ndern. Wir erhalten Einblick in Probleme und deren Bew\u00e4ltigung und sind durch Gebet und F\u00fcrbitte bzw. mit finanzieller Hilfe verbunden.<\/p>\n<p>Finden sie die wesentlichen Informationen \u00fcber unsere Partnerschaften auf den unten angef\u00fchrten weiteren Seiten. Aktuelles ist auch in unserem Schaukasten \u201eWeltweite Partnerschaft\u201c im Vorraum der Pfarrkirche&nbsp; auf dem Bischof-Faber-Platz zu finden.<\/p>\n<p>Eine wichtige Quelle von Spenden f\u00fcr diese Projekte sind unsere&#8230;<\/p>\n<h3>&#8230; Suppensonntage<\/h3>\n<p>&#8230; sind geplant, und unter <a href=\"\/komm\/termine\/aktuelle\/\">Aktuelle Termine<\/a> im Voraus zu finden.<\/p>\n<p><strong>Ansprechpartner: <\/strong>Familie M\u00f6stl, Partnerschaft Bosnien und Gerda Winner (<a href=\"mailto:Gerda.Winner@PfarreGersthof.at\">Gerda.Winner@PfarreGersthof.at<\/a> )<\/p>\n<p>Koordiniert werden die Partnerschaften in einem <a href=\"\/komm\/pfarre-von-a-z\/gruppen-initiativen\/weltweite-partnerschaften-ausschuss\/\">Ausschuss des Pfarrgemeinderates<\/a>.<\/p>\n<p>Dankbar f\u00fcr alle Aktivit\u00e4ten in unserer Gemeinde sind<br \/>\n<em>Benedikt und Stefanie Gamillscheg<br \/>\n<\/em><\/p>\n<p>Unsere weltweiten Partner:<\/p>\n<ul>\n<li><a title=\"WWPartner: Kalagarh, Nordindien\" href=\"https:\/\/www.pfarregersthof.at\/komm\/pfarre-von-a-z\/information\/weltweite-partnerschaften\/wwpartner-kalagarh-nordindien\/\">Di\u00f6zese Bijnor, Nordindien <\/a><\/li>\n<li><a title=\"WWPartner: Hilfsprojekt Balkan\" href=\"https:\/\/www.pfarregersthof.at\/komm\/pfarre-von-a-z\/information\/weltweite-partnerschaften\/wwpartner-hilfsprojekt-bosnien\/\">Hilfsprojekt \u201eBosnien\u201c von Annemarie Kury<\/a><\/li>\n<li><a title=\"WWPartner: Madurantakam, S\u00fcdindien\" href=\"https:\/\/www.pfarregersthof.at\/komm\/pfarre-von-a-z\/information\/weltweite-partnerschaften\/wwpartner-madurantakam-sudindien\/\">Pfarre Madurantakam, S\u00fcdindien<\/a><\/li>\n<li><a title=\"WWPartner: Hilfsprojekt \u201eAustria pro Moldavia\u201c\" href=\"https:\/\/www.pfarregersthof.at\/komm\/pfarre-von-a-z\/information\/weltweite-partnerschaften\/wwpartner-hilfsprojekt-austria-pro-moldavia\/\">Austria pro Moldavia \u2013 Hilfsprojekt \u201eDr. Helmut Euler-Rolle\u201c<\/a><\/li>\n<li><a href=\"\/komm\/pfarre-von-a-z\/information\/weltweite-partnerschaften\/wwpartner-uganda-helping-hands\/\">Uganda, &#8222;Helping Hands&#8220;<\/a><\/li>\n<\/ul>\n<p>&nbsp;<\/p>\n","protected":false},"excerpt":{"rendered":"<p>Die weltweiten Partnerschaften der Pfarre In politisch unsicheren Zeiten ist es wichtig, weltweit vor Ort zu helfen, um Probleme zu l\u00f6sen, bevor sie unl\u00f6sbar werden. Darum pflegen wir unsere Partnerschaften mit Gemeinden in anderen L\u00e4ndern. Wir erhalten Einblick in Probleme und deren Bew\u00e4ltigung und sind durch Gebet und F\u00fcrbitte bzw. mit finanzieller Hilfe verbunden. Finden [&hellip;]<\/p>\n","protected":false},"author":2,"featured_media":0,"parent":619,"menu_order":0,"comment_status":"open","ping_status":"open","template":"","meta":{"ngg_post_thumbnail":0,"footnotes":""},"class_list":["post-712","page","type-page","status-publish"],"publishpress_future_action":{"enabled":false,"date":"2026-04-23 19:42:35","action":"change-status","newStatus":"draft","terms":[],"taxonomy":"category","extraData":[]},"publishpress_future_workflow_manual_trigger":{"enabledWorkflows":[]},"_links":{"self":[{"href":"https:\/\/www.pfarregersthof.at\/komm\/wp-json\/wp\/v2\/pages\/712","targetHints":{"allow":["GET"]}}],"collection":[{"href":"https:\/\/www.pfarregersthof.at\/komm\/wp-json\/wp\/v2\/pages"}],"about":[{"href":"https:\/\/www.pfarregersthof.at\/komm\/wp-json\/wp\/v2\/types\/page"}],"author":[{"embeddable":true,"href":"https:\/\/www.pfarregersthof.at\/komm\/wp-json\/wp\/v2\/users\/2"}],"replies":[{"embeddable":true,"href":"https:\/\/www.pfarregersthof.at\/komm\/wp-json\/wp\/v2\/comments?post=712"}],"version-history":[{"count":17,"href":"https:\/\/www.pfarregersthof.at\/komm\/wp-json\/wp\/v2\/pages\/712\/revisions"}],"predecessor-version":[{"id":10350,"href":"https:\/\/www.pfarregersthof.at\/komm\/wp-json\/wp\/v2\/pages\/712\/revisions\/10350"}],"up":[{"embeddable":true,"href":"https:\/\/www.pfarregersthof.at\/komm\/wp-json\/wp\/v2\/pages\/619"}],"wp:attachment":[{"href":"https:\/\/www.pfarregersthof.at\/komm\/wp-json\/wp\/v2\/media?parent=712"}],"curies":[{"name":"wp","href":"https:\/\/api.w.org\/{rel}","templated":true}]}}