{"id":715,"date":"2012-08-25T22:36:11","date_gmt":"2012-08-25T20:36:11","guid":{"rendered":"http:\/\/www.pfarregersthof.at\/komm\/?page_id=715"},"modified":"2019-09-09T17:15:00","modified_gmt":"2019-09-09T16:15:00","slug":"wwpartner-kalagarh-nordindien","status":"publish","type":"page","link":"https:\/\/www.pfarregersthof.at\/komm\/pfarre-von-a-z\/information\/weltweite-partnerschaften\/wwpartner-kalagarh-nordindien\/","title":{"rendered":"WWPartner: Di\u00f6zese Bijnor, Nordindien"},"content":{"rendered":"<p>[zur\u00fcck zur<a title=\"Weltweite Partnerschaften\" href=\"https:\/\/www.pfarregersthof.at\/komm\/pfarre-von-a-z\/information\/weltweite-partnerschaften\/\"> \u00dcbersicht Weltweite Partnerschaften<\/a>]<\/p>\n<h2>Partnerschaft Di\u00f6zese Bijnor, Schulzentrum Asha Deep, in Nordindien<\/h2>\n<p>Diese Partnerschaft existiert bald 30 Jahre und wurde von verschiedenen Personen betreut. Seit 2006 ist Familie Gamillscheg Ansprechpartner.<\/p>\n<p><strong>Kontakt zur Partnergemeinde<\/strong>: Durch Email- Kontakt, Besuch von Bischof John im Juli 2012 in Gersthof und von Altbischof Gratian im November 2014; direkter Kontakt mit dem Direktor des Schulzentrums. 2018 wurde eine Solaranlage, die die Stromversorgung sicherstellen soll, mit unseren Spenden der letzten 3 Jahre &#8211; 6.800 \u20ac &#8211; errichtet.<\/p>\n<p><strong>Aktivit\u00e4ten<\/strong>: Pfarrkaffee und Erl\u00f6s aus EZA-Angeboten<\/p>\n<p><strong>Spenden<\/strong>: bitte um \u00dcberweisung auf das Konto der Pfarre Gersthof AT11 2011 1292 1137 7500, Verwendungszweck \u201eIndien\u201c, oder Abgabe im <a href=\"\/komm\/pfarre-von-a-z\/information\/kontakt-aufnehmen\/#pfarrsek\">Pfarrsekretariat<\/a> m\u00f6glich<\/p>\n<p><b>Ansprechpartner: <\/b>Benedikt und Stefanie Gamillscheg, E-Mail: <a href=\"mailto:wwp-bijor@pfarregersthof.at\">wwp-bijnor@pfarregersthof.at<\/a><\/p>\n<p>&nbsp;<\/p>\n<p>&nbsp;<\/p>\n<p><img loading=\"lazy\" decoding=\"async\" src=\"https:\/\/www.pfarregersthof.at\/img\/wwpartner\/bild7.JPG\" alt=\"\" width=\"207\" height=\"153\"><\/p>\n","protected":false},"excerpt":{"rendered":"<p>[zur\u00fcck zur \u00dcbersicht Weltweite Partnerschaften] Partnerschaft Di\u00f6zese Bijnor, Schulzentrum Asha Deep, in Nordindien Diese Partnerschaft existiert bald 30 Jahre und wurde von verschiedenen Personen betreut. Seit 2006 ist Familie Gamillscheg Ansprechpartner. Kontakt zur Partnergemeinde: Durch Email- Kontakt, Besuch von Bischof John im Juli 2012 in Gersthof und von Altbischof Gratian im November 2014; direkter Kontakt [&hellip;]<\/p>\n","protected":false},"author":2,"featured_media":0,"parent":712,"menu_order":0,"comment_status":"open","ping_status":"open","template":"","meta":{"ngg_post_thumbnail":0,"footnotes":""},"class_list":["post-715","page","type-page","status-publish"],"publishpress_future_action":{"enabled":false,"date":"2026-04-29 13:32:40","action":"change-status","newStatus":"draft","terms":[],"taxonomy":"category","extraData":[]},"publishpress_future_workflow_manual_trigger":{"enabledWorkflows":[]},"_links":{"self":[{"href":"https:\/\/www.pfarregersthof.at\/komm\/wp-json\/wp\/v2\/pages\/715","targetHints":{"allow":["GET"]}}],"collection":[{"href":"https:\/\/www.pfarregersthof.at\/komm\/wp-json\/wp\/v2\/pages"}],"about":[{"href":"https:\/\/www.pfarregersthof.at\/komm\/wp-json\/wp\/v2\/types\/page"}],"author":[{"embeddable":true,"href":"https:\/\/www.pfarregersthof.at\/komm\/wp-json\/wp\/v2\/users\/2"}],"replies":[{"embeddable":true,"href":"https:\/\/www.pfarregersthof.at\/komm\/wp-json\/wp\/v2\/comments?post=715"}],"version-history":[{"count":10,"href":"https:\/\/www.pfarregersthof.at\/komm\/wp-json\/wp\/v2\/pages\/715\/revisions"}],"predecessor-version":[{"id":6002,"href":"https:\/\/www.pfarregersthof.at\/komm\/wp-json\/wp\/v2\/pages\/715\/revisions\/6002"}],"up":[{"embeddable":true,"href":"https:\/\/www.pfarregersthof.at\/komm\/wp-json\/wp\/v2\/pages\/712"}],"wp:attachment":[{"href":"https:\/\/www.pfarregersthof.at\/komm\/wp-json\/wp\/v2\/media?parent=715"}],"curies":[{"name":"wp","href":"https:\/\/api.w.org\/{rel}","templated":true}]}}