{"id":717,"date":"2012-08-25T22:37:39","date_gmt":"2012-08-25T20:37:39","guid":{"rendered":"http:\/\/www.pfarregersthof.at\/komm\/?page_id=717"},"modified":"2019-09-09T17:19:02","modified_gmt":"2019-09-09T16:19:02","slug":"wwpartner-madurantakam-sudindien","status":"publish","type":"page","link":"https:\/\/www.pfarregersthof.at\/komm\/pfarre-von-a-z\/information\/weltweite-partnerschaften\/wwpartner-madurantakam-sudindien\/","title":{"rendered":"WWPartner: Madurantakam, S\u00fcdindien"},"content":{"rendered":"<div>\n<p>[zur\u00fcck zur<a title=\"Weltweite Partnerschaften\" href=\"https:\/\/www.pfarregersthof.at\/komm\/pfarre-von-a-z\/information\/weltweite-partnerschaften\/\"> \u00dcbersicht Weltweite Partnerschaften<\/a>]<\/p>\n<h2>Partnerschaft mit Madurantakam, Pfarre Thandalam, S\u00fcdindien<\/h2>\n<div align=\"center\"><img loading=\"lazy\" decoding=\"async\" src=\"https:\/\/www.pfarregersthof.at\/img\/wwpartner\/bild5.JPG\" alt=\"\" width=\"198\" height=\"148\"><\/div>\n<p>&nbsp;<\/p>\n<p><span data-sheets-value=\"{&quot;1&quot;:2,&quot;2&quot;:&quot;Christa und Wolfgang M\u00f6stl haben 1986 mit dem Bau eines Bew\u00e4sserungskanal in Madurantakam begonnen. Daraus wurde eine sehr intensive Partnerschaft. Inzwischen ist der Standort Thandalam eine eigene Pfarre, es konnte dort ein Konvent mit Dispensary und ein Schulzentrum f\u00fcr 1000 Kinder mit Internat f\u00fcr 100 Kinder errichtet werden. Partner ist der Bischof von Chingleput Bischof  Neethinathan und der zust\u00e4ndige Pfarrer von Thandalam.\\nIm Herbst beginnen wir mit dem Aufbau eines weiteren Schulzentrums in Toklo f\u00fcr Tribals aus verschiedenen D\u00f6rfern, die derzeit in Blechh\u00fctten unterrichtet werden. Hier sollen 6  Schulklassen und ein Internatsgeb\u00e4ude f\u00fcr M\u00e4dchen neu gebaut werden.\\nSpendenkonto Indien : IBAN: AT87 1100 0014 1330 0300\\n&quot;}\" data-sheets-userformat=\"{&quot;2&quot;:897,&quot;3&quot;:{&quot;1&quot;:0},&quot;10&quot;:0,&quot;11&quot;:4,&quot;12&quot;:0}\">Christa und Wolfgang M\u00f6stl haben 1986 mit dem Bau eines Bew\u00e4sserungskanals in Madurantakam begonnen. Daraus wurde eine sehr intensive Partnerschaft. Inzwischen ist der Standort Thandalam eine eigene Pfarre, es konnte dort ein Konvent mit Dispensary und ein Schulzentrum f\u00fcr 1000 Kinder mit Internat f\u00fcr 100 Kinder errichtet werden. Partner ist der Bischof von Chingleput Bischof Neethinathan und der zust\u00e4ndige Pfarrer von Thandalam.<\/span><\/p>\n<\/div>\n<div><span data-sheets-value=\"{&quot;1&quot;:2,&quot;2&quot;:&quot;Christa und Wolfgang M\u00f6stl haben 1986 mit dem Bau eines Bew\u00e4sserungskanal in Madurantakam begonnen. Daraus wurde eine sehr intensive Partnerschaft. Inzwischen ist der Standort Thandalam eine eigene Pfarre, es konnte dort ein Konvent mit Dispensary und ein Schulzentrum f\u00fcr 1000 Kinder mit Internat f\u00fcr 100 Kinder errichtet werden. Partner ist der Bischof von Chingleput Bischof  Neethinathan und der zust\u00e4ndige Pfarrer von Thandalam.\\nIm Herbst beginnen wir mit dem Aufbau eines weiteren Schulzentrums in Toklo f\u00fcr Tribals aus verschiedenen D\u00f6rfern, die derzeit in Blechh\u00fctten unterrichtet werden. Hier sollen 6  Schulklassen und ein Internatsgeb\u00e4ude f\u00fcr M\u00e4dchen neu gebaut werden.\\nSpendenkonto Indien : IBAN: AT87 1100 0014 1330 0300\\n&quot;}\" data-sheets-userformat=\"{&quot;2&quot;:897,&quot;3&quot;:{&quot;1&quot;:0},&quot;10&quot;:0,&quot;11&quot;:4,&quot;12&quot;:0}\">Im Herbst 2019 beginnen wir mit dem Aufbau eines weiteren Schulzentrums in Toklo f\u00fcr Tribals aus verschiedenen D\u00f6rfern, die derzeit in Blechh\u00fctten unterrichtet werden. Hier sollen 6 Schulklassen und ein Internatsgeb\u00e4ude f\u00fcr M\u00e4dchen neu gebaut werden.<\/span><\/div>\n<div>&nbsp;<\/div>\n<div><b>Aktivit\u00e4ten: <\/b>Mithilfe bei den Suppensonntagen, diverse Projekte, Projektpatenschaften mit verschiedenen Personen in unserer Pfarre.<\/div>\n<div><strong>Spenden<\/strong>: Bitte um \u00dcberweisung auf das Konto Christa und Wolfgang M\u00f6stl<span data-sheets-value=\"{&quot;1&quot;:2,&quot;2&quot;:&quot;Christa und Wolfgang M\u00f6stl haben 1986 mit dem Bau eines Bew\u00e4sserungskanal in Madurantakam begonnen. Daraus wurde eine sehr intensive Partnerschaft. Inzwischen ist der Standort Thandalam eine eigene Pfarre, es konnte dort ein Konvent mit Dispensary und ein Schulzentrum f\u00fcr 1000 Kinder mit Internat f\u00fcr 100 Kinder errichtet werden. Partner ist der Bischof von Chingleput Bischof  Neethinathan und der zust\u00e4ndige Pfarrer von Thandalam.\\nIm Herbst beginnen wir mit dem Aufbau eines weiteren Schulzentrums in Toklo f\u00fcr Tribals aus verschiedenen D\u00f6rfern, die derzeit in Blechh\u00fctten unterrichtet werden. Hier sollen 6  Schulklassen und ein Internatsgeb\u00e4ude f\u00fcr M\u00e4dchen neu gebaut werden.\\nSpendenkonto Indien : IBAN: AT87 1100 0014 1330 0300\\n&quot;}\" data-sheets-userformat=\"{&quot;2&quot;:897,&quot;3&quot;:{&quot;1&quot;:0},&quot;10&quot;:0,&quot;11&quot;:4,&quot;12&quot;:0}\"> AT87 1100 0014 1330 0300<\/span>&nbsp;<\/p>\n<p><b>AnsprechpartnerInnen: <\/b>Christa und Wolfgang M\u00f6stl, E-Mail: <a href=\"mailto:wwp-madurantakam@pfarregersthof.at\">wwp-madurantakam@pfarregersthof.at<\/a><\/p>\n<p>&nbsp;<\/p>\n<\/div>\n","protected":false},"excerpt":{"rendered":"<p>[zur\u00fcck zur \u00dcbersicht Weltweite Partnerschaften] Partnerschaft mit Madurantakam, Pfarre Thandalam, S\u00fcdindien &nbsp; Christa und Wolfgang M\u00f6stl haben 1986 mit dem Bau eines Bew\u00e4sserungskanals in Madurantakam begonnen. Daraus wurde eine sehr intensive Partnerschaft. Inzwischen ist der Standort Thandalam eine eigene Pfarre, es konnte dort ein Konvent mit Dispensary und ein Schulzentrum f\u00fcr 1000 Kinder mit Internat [&hellip;]<\/p>\n","protected":false},"author":2,"featured_media":0,"parent":712,"menu_order":0,"comment_status":"open","ping_status":"open","template":"","meta":{"ngg_post_thumbnail":0,"footnotes":""},"class_list":["post-717","page","type-page","status-publish"],"publishpress_future_action":{"enabled":false,"date":"2026-04-29 13:32:45","action":"change-status","newStatus":"draft","terms":[],"taxonomy":"category","extraData":[]},"publishpress_future_workflow_manual_trigger":{"enabledWorkflows":[]},"_links":{"self":[{"href":"https:\/\/www.pfarregersthof.at\/komm\/wp-json\/wp\/v2\/pages\/717","targetHints":{"allow":["GET"]}}],"collection":[{"href":"https:\/\/www.pfarregersthof.at\/komm\/wp-json\/wp\/v2\/pages"}],"about":[{"href":"https:\/\/www.pfarregersthof.at\/komm\/wp-json\/wp\/v2\/types\/page"}],"author":[{"embeddable":true,"href":"https:\/\/www.pfarregersthof.at\/komm\/wp-json\/wp\/v2\/users\/2"}],"replies":[{"embeddable":true,"href":"https:\/\/www.pfarregersthof.at\/komm\/wp-json\/wp\/v2\/comments?post=717"}],"version-history":[{"count":10,"href":"https:\/\/www.pfarregersthof.at\/komm\/wp-json\/wp\/v2\/pages\/717\/revisions"}],"predecessor-version":[{"id":6005,"href":"https:\/\/www.pfarregersthof.at\/komm\/wp-json\/wp\/v2\/pages\/717\/revisions\/6005"}],"up":[{"embeddable":true,"href":"https:\/\/www.pfarregersthof.at\/komm\/wp-json\/wp\/v2\/pages\/712"}],"wp:attachment":[{"href":"https:\/\/www.pfarregersthof.at\/komm\/wp-json\/wp\/v2\/media?parent=717"}],"curies":[{"name":"wp","href":"https:\/\/api.w.org\/{rel}","templated":true}]}}