{"id":7237,"date":"2020-09-19T17:31:29","date_gmt":"2020-09-19T16:31:29","guid":{"rendered":"https:\/\/www.pfarregersthof.at\/komm\/?page_id=7237"},"modified":"2020-09-19T17:58:28","modified_gmt":"2020-09-19T16:58:28","slug":"pfarrer-p-arkadiusz-zakreta-cm","status":"publish","type":"page","link":"https:\/\/www.pfarregersthof.at\/komm\/pfarre-von-a-z\/personen\/pfarrer-p-arkadiusz-zakreta-cm\/","title":{"rendered":"Pfarrer P. Arkadiusz Zakreta CM"},"content":{"rendered":"\n<p>Liebe Christinnen und Christen in der Pfarrgemeinde Gersthof,<\/p>\n<p><a href=\"https:\/\/www.pfarregersthof.at\/komm\/wp-content\/uploads\/2020\/08\/mwsat-20200830-_DSF8491.jpg\"><img loading=\"lazy\" decoding=\"async\" class=\"alignleft size-medium wp-image-6998\" src=\"https:\/\/www.pfarregersthof.at\/komm\/wp-content\/uploads\/2020\/08\/mwsat-20200830-_DSF8491-300x300.jpg\" alt=\"\" width=\"300\" height=\"300\" srcset=\"https:\/\/www.pfarregersthof.at\/komm\/wp-content\/uploads\/2020\/08\/mwsat-20200830-_DSF8491-300x300.jpg 300w, https:\/\/www.pfarregersthof.at\/komm\/wp-content\/uploads\/2020\/08\/mwsat-20200830-_DSF8491-800x800.jpg 800w, https:\/\/www.pfarregersthof.at\/komm\/wp-content\/uploads\/2020\/08\/mwsat-20200830-_DSF8491-150x150.jpg 150w, https:\/\/www.pfarregersthof.at\/komm\/wp-content\/uploads\/2020\/08\/mwsat-20200830-_DSF8491-768x768.jpg 768w, https:\/\/www.pfarregersthof.at\/komm\/wp-content\/uploads\/2020\/08\/mwsat-20200830-_DSF8491-696x696.jpg 696w, https:\/\/www.pfarregersthof.at\/komm\/wp-content\/uploads\/2020\/08\/mwsat-20200830-_DSF8491-420x420.jpg 420w, https:\/\/www.pfarregersthof.at\/komm\/wp-content\/uploads\/2020\/08\/mwsat-20200830-_DSF8491.jpg 1000w\" sizes=\"auto, (max-width: 300px) 100vw, 300px\" \/><\/a>ich bin P. Dr. Arkadiusz Zakreta CM, geh\u00f6re dem Orden der Lazaristen an, und m\u00f6chte mich hier Ihnen als Ihr neuer Pfarrer vorstellen.<\/p>\n<p>Ich wurde am 14. Juli 1963 in Konin, im Zentrum von Polen, als erstes von f\u00fcnf Kindern geboren. Nach der Hauptschule und dem Elektronischen Technikum bin ich in das Lazaristen-Seminar in Krakau eingetreten. Im Jahr 1989 wurde ich zum &nbsp;Priester geweiht und &nbsp;habe die seelsorgliche Arbeit begonnen: zuerst ein Jahr in einer Pfarre in Krakau und dann vier Jahre in Warschau, wo ich Seelsorger von Ordensschwestern war. In diesen Jahren habe ich mit verschieden Gruppen gearbeitet: Ministranten, Jugendlichen, Senioren, als Religionslehrer, mit Ordensschwestern und als \u00d6konom in der Gemeinschaft der Lazaristen.<\/p>\n<p>In den Jahren 1994-1998 habe ich das Kirchenrecht-Studium in Rom weiter gef\u00fchrt und mit Doktorgrad beendet. Danach bin ich nach Krakau zur\u00fcckgekommen und habe an der Universit\u00e4t unterrichtet. Neun Jahre (2003-2012) habe ich als Provinzial der Polnischen Provinz der Lazaristen gearbeitet. Im Jahr 2015 wurde ich in Wien-W\u00e4hring zuerst zum Provisor in der Pfarre St. Severin, dann zum Moderator der Pfarre Weinhaus und sp\u00e4ter auch noch zum Moderator von der Pfarre P\u00f6tzleinsdorf bestellt.<\/p>\n<p>Kardinal Sch\u00f6nborn hat mich mit 1. September 2020 neben meinen anderen T\u00e4tigkeiten zum Pfarrer von Gersthof ernannt. Gemeinsam mit meinen vier Mitbr\u00fcdern werde ich diese T\u00e4tigkeit mit Gottes Hilfe und meinen Kr\u00e4ften aus\u00fcben.<\/p>\n<p>Wie lange bleibe ich in Wien? Das wei\u00df nur Gott!<\/p>\n<p>Eine Gruppe von uns Lazaristen der polnischen Provinz ist in Wien aktiv, <a href=\"\/komm\/pfarre-von-a-z\/gruppen-initiativen\/lazaristen-im-18-bezirk\/\">hier ist mehr dar\u00fcber zu erfahren<\/a>.<\/p>\n<p>Liebe Gr\u00fc\u00dfe<br><span style=\"color: #3366ff;\"><em>P. Arkadiusz Zakreta CM<\/em><\/span><\/p>\n<p>&nbsp;<\/p>\n","protected":false},"excerpt":{"rendered":"<p>Liebe Christinnen und Christen in der Pfarrgemeinde Gersthof, ich bin P. Dr. Arkadiusz Zakreta CM, geh\u00f6re dem Orden der Lazaristen an, und m\u00f6chte mich hier Ihnen als Ihr neuer Pfarrer vorstellen. Ich wurde am 14. Juli 1963 in Konin, im Zentrum von Polen, als erstes von f\u00fcnf Kindern geboren. Nach der Hauptschule und dem Elektronischen [&hellip;]<\/p>\n","protected":false},"author":2,"featured_media":0,"parent":7240,"menu_order":0,"comment_status":"closed","ping_status":"closed","template":"","meta":{"ngg_post_thumbnail":0,"footnotes":""},"class_list":["post-7237","page","type-page","status-publish"],"publishpress_future_action":{"enabled":false,"date":"2026-04-23 19:43:55","action":"change-status","newStatus":"draft","terms":[],"taxonomy":"category","extraData":[]},"publishpress_future_workflow_manual_trigger":{"enabledWorkflows":[]},"_links":{"self":[{"href":"https:\/\/www.pfarregersthof.at\/komm\/wp-json\/wp\/v2\/pages\/7237","targetHints":{"allow":["GET"]}}],"collection":[{"href":"https:\/\/www.pfarregersthof.at\/komm\/wp-json\/wp\/v2\/pages"}],"about":[{"href":"https:\/\/www.pfarregersthof.at\/komm\/wp-json\/wp\/v2\/types\/page"}],"author":[{"embeddable":true,"href":"https:\/\/www.pfarregersthof.at\/komm\/wp-json\/wp\/v2\/users\/2"}],"replies":[{"embeddable":true,"href":"https:\/\/www.pfarregersthof.at\/komm\/wp-json\/wp\/v2\/comments?post=7237"}],"version-history":[{"count":3,"href":"https:\/\/www.pfarregersthof.at\/komm\/wp-json\/wp\/v2\/pages\/7237\/revisions"}],"predecessor-version":[{"id":7259,"href":"https:\/\/www.pfarregersthof.at\/komm\/wp-json\/wp\/v2\/pages\/7237\/revisions\/7259"}],"up":[{"embeddable":true,"href":"https:\/\/www.pfarregersthof.at\/komm\/wp-json\/wp\/v2\/pages\/7240"}],"wp:attachment":[{"href":"https:\/\/www.pfarregersthof.at\/komm\/wp-json\/wp\/v2\/media?parent=7237"}],"curies":[{"name":"wp","href":"https:\/\/api.w.org\/{rel}","templated":true}]}}