{"id":7242,"date":"2020-09-19T17:36:34","date_gmt":"2020-09-19T16:36:34","guid":{"rendered":"https:\/\/www.pfarregersthof.at\/komm\/?page_id=7242"},"modified":"2020-09-19T17:36:35","modified_gmt":"2020-09-19T16:36:35","slug":"lazaristen-im-18-bezirk","status":"publish","type":"page","link":"https:\/\/www.pfarregersthof.at\/komm\/pfarre-von-a-z\/gruppen-initiativen\/lazaristen-im-18-bezirk\/","title":{"rendered":"Lazaristen im 18. Bezirk"},"content":{"rendered":"\n<p>&nbsp;<\/p>\n<p>Einige im 18. Bezirk aktiven Priester sind Lazaristen, in Deutschland Vinzentiner genannt, und geh\u00f6ren zu der Kongregation der Mission. Auf lateinisch hei\u00dft Congregatio Missionis. Von diesem Namen kommt die Abk\u00fcrzung, die wir zu unserem pers\u00f6nlichen Namen dazuschreiben: CM, um besser erkannt zu werden. Rechtlich gesagt, sind wir eine Gemeinschaft des Apostolischen Lebens, das bedeutet: wir leben in der Gemeinschaft und f\u00fchren apostolische Aktivit\u00e4ten.<\/p>\n<p>Als Lazaristen orientieren wir uns an Christus, dem Bringer der Frohbotschaft f\u00fcr die Armen. Die Kongregation der Mission wurde in Frankreich im Jahr 1625 von Vinzenz von Paul gegr\u00fcndet. Dieser Heilige ist auch Gr\u00fcnder des Ordens der Barmherzigen Schwestern. Es ist auch wichtig zu sagen, dass wir zur Polnischen Provinz der Lazaristen geh\u00f6ren.<\/p>\n<p>In Wien arbeiten wir seit 1994 in der Pfarre St. Severin, die wir von den \u00f6sterreichischen Lazaristen \u00fcbernommen haben.<\/p>\n<p>&nbsp;<\/p>\n","protected":false},"excerpt":{"rendered":"<p>&nbsp; Einige im 18. Bezirk aktiven Priester sind Lazaristen, in Deutschland Vinzentiner genannt, und geh\u00f6ren zu der Kongregation der Mission. Auf lateinisch hei\u00dft Congregatio Missionis. Von diesem Namen kommt die Abk\u00fcrzung, die wir zu unserem pers\u00f6nlichen Namen dazuschreiben: CM, um besser erkannt zu werden. Rechtlich gesagt, sind wir eine Gemeinschaft des Apostolischen Lebens, das bedeutet: [&hellip;]<\/p>\n","protected":false},"author":2,"featured_media":0,"parent":1071,"menu_order":0,"comment_status":"closed","ping_status":"closed","template":"","meta":{"ngg_post_thumbnail":0,"footnotes":""},"class_list":["post-7242","page","type-page","status-publish"],"publishpress_future_action":{"enabled":false,"date":"2026-04-21 17:36:01","action":"change-status","newStatus":"draft","terms":[],"taxonomy":"category","extraData":[]},"publishpress_future_workflow_manual_trigger":{"enabledWorkflows":[]},"_links":{"self":[{"href":"https:\/\/www.pfarregersthof.at\/komm\/wp-json\/wp\/v2\/pages\/7242","targetHints":{"allow":["GET"]}}],"collection":[{"href":"https:\/\/www.pfarregersthof.at\/komm\/wp-json\/wp\/v2\/pages"}],"about":[{"href":"https:\/\/www.pfarregersthof.at\/komm\/wp-json\/wp\/v2\/types\/page"}],"author":[{"embeddable":true,"href":"https:\/\/www.pfarregersthof.at\/komm\/wp-json\/wp\/v2\/users\/2"}],"replies":[{"embeddable":true,"href":"https:\/\/www.pfarregersthof.at\/komm\/wp-json\/wp\/v2\/comments?post=7242"}],"version-history":[{"count":1,"href":"https:\/\/www.pfarregersthof.at\/komm\/wp-json\/wp\/v2\/pages\/7242\/revisions"}],"predecessor-version":[{"id":7243,"href":"https:\/\/www.pfarregersthof.at\/komm\/wp-json\/wp\/v2\/pages\/7242\/revisions\/7243"}],"up":[{"embeddable":true,"href":"https:\/\/www.pfarregersthof.at\/komm\/wp-json\/wp\/v2\/pages\/1071"}],"wp:attachment":[{"href":"https:\/\/www.pfarregersthof.at\/komm\/wp-json\/wp\/v2\/media?parent=7242"}],"curies":[{"name":"wp","href":"https:\/\/api.w.org\/{rel}","templated":true}]}}