{"id":7246,"date":"2020-09-19T17:43:41","date_gmt":"2020-09-19T16:43:41","guid":{"rendered":"https:\/\/www.pfarregersthof.at\/komm\/?page_id=7246"},"modified":"2020-09-19T18:08:14","modified_gmt":"2020-09-19T17:08:14","slug":"p-pawel-malek","status":"publish","type":"page","link":"https:\/\/www.pfarregersthof.at\/komm\/pfarre-von-a-z\/personen\/p-pawel-malek\/","title":{"rendered":"P. Pawel Malek CM"},"content":{"rendered":"\n<p>Mein Name ist Dr. Pawe\u0142 Ma\u0142ek CM, ich wurde geboren am 5.7.1971, zum Priester 1997 geweiht, 1998-2011 Missionsarbeit in Ungarn: Seelsorger der Studenten, Kaplan der Schwestern, Direktor des Priesterseminars der Vinzentiner, Direktor des katholischen Gymnasiums St. Ladislaus, 2007 zum Doktor der Theologie promoviert, 2009-2011 Lehrauftr\u00e4ge am Institut f\u00fcr Kanonisches Recht der P\u00e4pstlichen Universit\u00e4t in Krakau.<\/p>\n<p>Von 2011-2016 war ich Seelsorger in der Schweiz, seit 1. Mai 2016 Pfarrvikar im 18. Bezirk.<\/p>\n<p>Ich geh\u00f6re der polnischen Provinz der Lazaristen an, eine Gruppe von uns ist in Wien aktiv,&nbsp;<a href=\"https:\/\/www.pfarregersthof.at\/komm\/pfarre-von-a-z\/gruppen-initiativen\/lazaristen-im-18-bezirk\/\">hier ist mehr dar\u00fcber zu erfahren<\/a>.<\/p>\n","protected":false},"excerpt":{"rendered":"<p>Mein Name ist Dr. Pawe\u0142 Ma\u0142ek CM, ich wurde geboren am 5.7.1971, zum Priester 1997 geweiht, 1998-2011 Missionsarbeit in Ungarn: Seelsorger der Studenten, Kaplan der Schwestern, Direktor des Priesterseminars der Vinzentiner, Direktor des katholischen Gymnasiums St. Ladislaus, 2007 zum Doktor der Theologie promoviert, 2009-2011 Lehrauftr\u00e4ge am Institut f\u00fcr Kanonisches Recht der P\u00e4pstlichen Universit\u00e4t in Krakau. [&hellip;]<\/p>\n","protected":false},"author":2,"featured_media":0,"parent":7240,"menu_order":0,"comment_status":"closed","ping_status":"closed","template":"","meta":{"ngg_post_thumbnail":0,"footnotes":""},"class_list":["post-7246","page","type-page","status-publish"],"publishpress_future_action":{"enabled":false,"date":"2026-04-30 18:35:36","action":"change-status","newStatus":"draft","terms":[],"taxonomy":"category","extraData":[]},"publishpress_future_workflow_manual_trigger":{"enabledWorkflows":[]},"_links":{"self":[{"href":"https:\/\/www.pfarregersthof.at\/komm\/wp-json\/wp\/v2\/pages\/7246","targetHints":{"allow":["GET"]}}],"collection":[{"href":"https:\/\/www.pfarregersthof.at\/komm\/wp-json\/wp\/v2\/pages"}],"about":[{"href":"https:\/\/www.pfarregersthof.at\/komm\/wp-json\/wp\/v2\/types\/page"}],"author":[{"embeddable":true,"href":"https:\/\/www.pfarregersthof.at\/komm\/wp-json\/wp\/v2\/users\/2"}],"replies":[{"embeddable":true,"href":"https:\/\/www.pfarregersthof.at\/komm\/wp-json\/wp\/v2\/comments?post=7246"}],"version-history":[{"count":2,"href":"https:\/\/www.pfarregersthof.at\/komm\/wp-json\/wp\/v2\/pages\/7246\/revisions"}],"predecessor-version":[{"id":7266,"href":"https:\/\/www.pfarregersthof.at\/komm\/wp-json\/wp\/v2\/pages\/7246\/revisions\/7266"}],"up":[{"embeddable":true,"href":"https:\/\/www.pfarregersthof.at\/komm\/wp-json\/wp\/v2\/pages\/7240"}],"wp:attachment":[{"href":"https:\/\/www.pfarregersthof.at\/komm\/wp-json\/wp\/v2\/media?parent=7246"}],"curies":[{"name":"wp","href":"https:\/\/api.w.org\/{rel}","templated":true}]}}