{"id":7254,"date":"2020-09-19T17:52:27","date_gmt":"2020-09-19T16:52:27","guid":{"rendered":"https:\/\/www.pfarregersthof.at\/komm\/?page_id=7254"},"modified":"2020-09-19T17:59:29","modified_gmt":"2020-09-19T16:59:29","slug":"p-marek-kalisz-cm","status":"publish","type":"page","link":"https:\/\/www.pfarregersthof.at\/komm\/pfarre-von-a-z\/personen\/p-marek-kalisz-cm\/","title":{"rendered":"P. Marek Kalisz CM"},"content":{"rendered":"\n<p>Das sind nur kurze \u00dcberblicke, die Ihnen helfen sollen mich kennenzulernen.<\/p>\n<p><a href=\"https:\/\/www.pfarregersthof.at\/komm\/wp-content\/uploads\/2020\/09\/P.Marek_Kalisz_1.jpg\"><img loading=\"lazy\" decoding=\"async\" class=\"alignleft size-medium wp-image-7251\" src=\"https:\/\/www.pfarregersthof.at\/komm\/wp-content\/uploads\/2020\/09\/P.Marek_Kalisz_1-200x300.jpg\" alt=\"\" width=\"200\" height=\"300\" srcset=\"https:\/\/www.pfarregersthof.at\/komm\/wp-content\/uploads\/2020\/09\/P.Marek_Kalisz_1-200x300.jpg 200w, https:\/\/www.pfarregersthof.at\/komm\/wp-content\/uploads\/2020\/09\/P.Marek_Kalisz_1-100x150.jpg 100w, https:\/\/www.pfarregersthof.at\/komm\/wp-content\/uploads\/2020\/09\/P.Marek_Kalisz_1.jpg 213w\" sizes=\"auto, (max-width: 200px) 100vw, 200px\" \/><\/a>Mein Name ist Marek Kalisz,&nbsp; ich wurde 1987 geboren und bin seit 5 Jahren Priester. Meine Kindheit verbrachte ich in Polen. Bis zum 19. Lebensjahr war ich Spieler der Polnischen Mannschaft im Rugby Sport. Das Piaristengymnasium habe ich in Krakau absolviert und anschlie\u00dfend studierte ich an der Technischen Universit\u00e4t in Krakau Automatisierung und Robotik. Danach war ich Angestellter in einer Elektronikfirma und arbeitete unter anderem als Manager bei McDonalds.<\/p>\n<p>Als N\u00e4chstes begab ich mich auf einen ganz anderen Weg. Ich studierte an der P\u00e4pstlichen Universit\u00e4t Johannes Paul II. Im Jahre 2015 wurde ich zum Priester geweiht und meine Arbeit als Geistlicher begann.<\/p>\n<p>Diese Arbeit war sehr vielf\u00e4ltig. Ich war Religionslehrer in der polnischen Sportclubs \u201eJuvenia\u201c in Krakau und \u201eOgniwo\u201c in Sopot und Kindertrainer im Rugby Sport. Ich sorgte f\u00fcr eine professionelle Trainingsunterst\u00fctzung der Nachwuchsspieler. Auch die Arbeit sowohl als Seelsorger in Sopot, einer Stadt in Polen, und das Veranstalten von religi\u00f6ser Musik und Pfarrfesten geh\u00f6rten zu meinen Pflichten. Als Kaplan war auch ich in der Klinik in Posen t\u00e4tig.<\/p>\n<p>Seit Mitte 2016 bin ich nun Priester in Wien. Ich betreue Ministranten und Ministrantinnen, halte Messen f\u00fcr Kinder und Jugendliche und nehme an Gebetsgruppen Legio Maria und Pater Pio teil.<\/p>\n<p>Inzwischen habe ich auch die Interkulturelle Akademie f\u00fcr Priester (IKAP) in Wien absolviert und besuche au\u00dferdem im dritten Jahr das Triennalkurs-Seminar.<\/p>\n<p>Ich arbeite leidenschaftlich gerne sowohl mit Kindern und Jugendlichen als auch mit \u00e4lteren, alten und hilfsbed\u00fcrftigen Menschen, die Gespr\u00e4che, Geduld und Trost brauchen.<\/p>\n<p>Ich leite Wortgottesdienste in Kinderg\u00e4rten und Gymnasien, spreche dort mit dem Personal und den Kindern oder nehme an \u00f6kumenischen Bibelstunden teil.<\/p>\n<p>\u201eHelfen als Lebensziel\u201c ist mein Lebensmotto.<\/p>\n<p>Eine Gruppe von uns Lazaristen der polnischen Provinz ist in Wien aktiv,&nbsp;<a href=\"https:\/\/www.pfarregersthof.at\/komm\/pfarre-von-a-z\/gruppen-initiativen\/lazaristen-im-18-bezirk\/\">hier ist mehr dar\u00fcber zu erfahren<\/a>.<\/p>\n","protected":false},"excerpt":{"rendered":"<p>Das sind nur kurze \u00dcberblicke, die Ihnen helfen sollen mich kennenzulernen. Mein Name ist Marek Kalisz,&nbsp; ich wurde 1987 geboren und bin seit 5 Jahren Priester. Meine Kindheit verbrachte ich in Polen. Bis zum 19. Lebensjahr war ich Spieler der Polnischen Mannschaft im Rugby Sport. Das Piaristengymnasium habe ich in Krakau absolviert und anschlie\u00dfend studierte [&hellip;]<\/p>\n","protected":false},"author":2,"featured_media":0,"parent":7240,"menu_order":0,"comment_status":"closed","ping_status":"closed","template":"","meta":{"ngg_post_thumbnail":0,"footnotes":""},"class_list":["post-7254","page","type-page","status-publish"],"publishpress_future_action":{"enabled":false,"date":"2026-04-21 13:50:08","action":"change-status","newStatus":"draft","terms":[],"taxonomy":"category","extraData":[]},"publishpress_future_workflow_manual_trigger":{"enabledWorkflows":[]},"_links":{"self":[{"href":"https:\/\/www.pfarregersthof.at\/komm\/wp-json\/wp\/v2\/pages\/7254","targetHints":{"allow":["GET"]}}],"collection":[{"href":"https:\/\/www.pfarregersthof.at\/komm\/wp-json\/wp\/v2\/pages"}],"about":[{"href":"https:\/\/www.pfarregersthof.at\/komm\/wp-json\/wp\/v2\/types\/page"}],"author":[{"embeddable":true,"href":"https:\/\/www.pfarregersthof.at\/komm\/wp-json\/wp\/v2\/users\/2"}],"replies":[{"embeddable":true,"href":"https:\/\/www.pfarregersthof.at\/komm\/wp-json\/wp\/v2\/comments?post=7254"}],"version-history":[{"count":2,"href":"https:\/\/www.pfarregersthof.at\/komm\/wp-json\/wp\/v2\/pages\/7254\/revisions"}],"predecessor-version":[{"id":7261,"href":"https:\/\/www.pfarregersthof.at\/komm\/wp-json\/wp\/v2\/pages\/7254\/revisions\/7261"}],"up":[{"embeddable":true,"href":"https:\/\/www.pfarregersthof.at\/komm\/wp-json\/wp\/v2\/pages\/7240"}],"wp:attachment":[{"href":"https:\/\/www.pfarregersthof.at\/komm\/wp-json\/wp\/v2\/media?parent=7254"}],"curies":[{"name":"wp","href":"https:\/\/api.w.org\/{rel}","templated":true}]}}