{"id":7256,"date":"2020-09-19T17:56:18","date_gmt":"2020-09-19T16:56:18","guid":{"rendered":"https:\/\/www.pfarregersthof.at\/komm\/?page_id=7256"},"modified":"2020-09-19T17:59:03","modified_gmt":"2020-09-19T16:59:03","slug":"p-maciej-cepielik-cm","status":"publish","type":"page","link":"https:\/\/www.pfarregersthof.at\/komm\/pfarre-von-a-z\/personen\/p-maciej-cepielik-cm\/","title":{"rendered":"P. Maciej Cepielik CM"},"content":{"rendered":"\n<p><a href=\"https:\/\/www.pfarregersthof.at\/komm\/wp-content\/uploads\/2020\/09\/P.Maciej_Cepielik_1.jpg\"><img loading=\"lazy\" decoding=\"async\" class=\"alignleft size-medium wp-image-7250\" src=\"https:\/\/www.pfarregersthof.at\/komm\/wp-content\/uploads\/2020\/09\/P.Maciej_Cepielik_1-200x300.jpg\" alt=\"\" width=\"200\" height=\"300\" srcset=\"https:\/\/www.pfarregersthof.at\/komm\/wp-content\/uploads\/2020\/09\/P.Maciej_Cepielik_1-200x300.jpg 200w, https:\/\/www.pfarregersthof.at\/komm\/wp-content\/uploads\/2020\/09\/P.Maciej_Cepielik_1-100x150.jpg 100w, https:\/\/www.pfarregersthof.at\/komm\/wp-content\/uploads\/2020\/09\/P.Maciej_Cepielik_1.jpg 257w\" sizes=\"auto, (max-width: 200px) 100vw, 200px\" \/><\/a>Ich hei\u00dfe Maciej, auf Deutsch Matthias, Cepielik. Ich wurde am 29. J\u00e4nner 1992 in Limanowa in Polen geboren. Ich wuchs mit meinen j\u00fcngeren Geschwistern, einem Bruder und einer Schwester, auf dem Land in S\u00fcdpolen auf.&nbsp;<\/p>\n<p>Nach der Matura trat ich am 27. September 2011 in die Kongregation der Mission ein. Im Priesterseminar studierte ich Philosophie und Theologie. Nach den Studien wurde ich am 19. Mai 2018 in Krakau zum Priester geweiht.&nbsp; Nach der Priesterweihe sandte mich unser Provinzial zum Haus unserer Kongregation nach Wien.<\/p>\n<p>Seitdem ich am 1. August 2018 nach Wien gekommen bin, mache ich die Kurse, welche die Erzdi\u00f6zese Wien den Priestern aus dem Ausland bietet.&nbsp; In meiner Freizeit lese ich gerne und lerne sch\u00f6ne interessante Gegenden in \u00d6sterreich kennen.<\/p>\n<p>Eine Gruppe von uns Lazaristen der polnischen Provinz ist in Wien aktiv,&nbsp;<a href=\"https:\/\/www.pfarregersthof.at\/komm\/pfarre-von-a-z\/gruppen-initiativen\/lazaristen-im-18-bezirk\/\">hier ist mehr dar\u00fcber zu erfahren<\/a>.<\/p>\n","protected":false},"excerpt":{"rendered":"<p>Ich hei\u00dfe Maciej, auf Deutsch Matthias, Cepielik. Ich wurde am 29. J\u00e4nner 1992 in Limanowa in Polen geboren. Ich wuchs mit meinen j\u00fcngeren Geschwistern, einem Bruder und einer Schwester, auf dem Land in S\u00fcdpolen auf.&nbsp; Nach der Matura trat ich am 27. September 2011 in die Kongregation der Mission ein. Im Priesterseminar studierte ich Philosophie [&hellip;]<\/p>\n","protected":false},"author":2,"featured_media":0,"parent":7240,"menu_order":0,"comment_status":"closed","ping_status":"closed","template":"","meta":{"ngg_post_thumbnail":0,"footnotes":""},"class_list":["post-7256","page","type-page","status-publish"],"publishpress_future_action":{"enabled":false,"date":"2026-04-21 13:54:58","action":"change-status","newStatus":"draft","terms":[],"taxonomy":"category","extraData":[]},"publishpress_future_workflow_manual_trigger":{"enabledWorkflows":[]},"_links":{"self":[{"href":"https:\/\/www.pfarregersthof.at\/komm\/wp-json\/wp\/v2\/pages\/7256","targetHints":{"allow":["GET"]}}],"collection":[{"href":"https:\/\/www.pfarregersthof.at\/komm\/wp-json\/wp\/v2\/pages"}],"about":[{"href":"https:\/\/www.pfarregersthof.at\/komm\/wp-json\/wp\/v2\/types\/page"}],"author":[{"embeddable":true,"href":"https:\/\/www.pfarregersthof.at\/komm\/wp-json\/wp\/v2\/users\/2"}],"replies":[{"embeddable":true,"href":"https:\/\/www.pfarregersthof.at\/komm\/wp-json\/wp\/v2\/comments?post=7256"}],"version-history":[{"count":2,"href":"https:\/\/www.pfarregersthof.at\/komm\/wp-json\/wp\/v2\/pages\/7256\/revisions"}],"predecessor-version":[{"id":7260,"href":"https:\/\/www.pfarregersthof.at\/komm\/wp-json\/wp\/v2\/pages\/7256\/revisions\/7260"}],"up":[{"embeddable":true,"href":"https:\/\/www.pfarregersthof.at\/komm\/wp-json\/wp\/v2\/pages\/7240"}],"wp:attachment":[{"href":"https:\/\/www.pfarregersthof.at\/komm\/wp-json\/wp\/v2\/media?parent=7256"}],"curies":[{"name":"wp","href":"https:\/\/api.w.org\/{rel}","templated":true}]}}