{"id":7391,"date":"2020-09-28T18:32:03","date_gmt":"2020-09-28T17:32:03","guid":{"rendered":"https:\/\/www.pfarregersthof.at\/komm\/?page_id=7391"},"modified":"2024-06-30T12:15:08","modified_gmt":"2024-06-30T10:15:08","slug":"aktuelle","status":"publish","type":"page","link":"https:\/\/www.pfarregersthof.at\/komm\/termine\/aktuelle\/","title":{"rendered":"Aktuelle Termine"},"content":{"rendered":"\n<p>Hier sind die Termine des aktuellen und des n\u00e4chsten Monats zu finden.<br>Die Liste kann sich \u00fcber mehrerer Seiten erstrecken, gleich unter der Liste links kann man weiterbl\u00e4ttern.<br><sub>[ Weitere \u00dcbersichten: <a href=\"\/komm\/termine\/alle-geplanten\">Alle geplanten Termine<\/a> &#8211; <a href=\"\/komm\/termine\/archiv\">R\u00fcckblick <\/a>&#8211; <a href=\"\/komm\/termine\/\">Auswahl aller Terminlisten<\/a> ]<\/sub><\/p>\n<p style=\"font-size: smaller;\">Die Termine werden so angezeigt: das Datum des Tages, die Uhrzeit des Beginns. Rechts davon ein farbiger Kasten f\u00fcr die Kategorie des Ereignisses; ein Klick darauf zeigt mehr Termine dieser Kategorie. Rechts davon den Titel des Ereignisses und den Ort, an dem es stattfindet. Wenn der Titel Blau angezeigt wird: auf ihn klicken, dann \u00f6ffnet sich eine Seite mit Details des Ereignisses.<\/p>\n\n\n<div class=\"em em-view-container\" id=\"em-view-1227219298\" data-view=\"list-grouped\">\r\n\t<div class=\"em-list em-events-list em-events-list-grouped\" id=\"em-events-list-grouped-1227219298\">\r\n\t<h4>Donnerstag, 16.04.2026<\/h4><span style=background-color:#bf4c4c>&nbsp;&nbsp;<\/span> <a href=\"https:\/\/www.pfarregersthof.at\/komm\/termin\/donnerstag-der-2-osterwoche-2\/\">Donnerstag der 2. Osterwoche<\/a> <br \/><h4>Freitag, 17.04.2026<\/h4><span style=background-color:#bf4c4c>&nbsp;&nbsp;<\/span> <a href=\"https:\/\/www.pfarregersthof.at\/komm\/termin\/freitag-der-2-osterwoche\/\">Freitag der 2. Osterwoche<\/a> <br \/>09:30 <a href=https:\/\/www.pfarregersthof.at\/komm\/termin\/kategorie\/aktivitaet\/><span style=background-color:#a8d144;color:#a8d144>8<\/span><\/a> LIMA Trainingsgruppe (<a href=\"https:\/\/www.pfarregersthof.at\/komm\/ort\/gemeindezentrum-der-pfarre-gersthof\/\">Gemeindezentrum<\/a>)<br \/>16:30 <a href=https:\/\/www.pfarregersthof.at\/komm\/termin\/kategorie\/aktivitaet\/><span style=background-color:#a8d144;color:#a8d144>8<\/span><\/a> Probe Familienchor (<a href=\"https:\/\/www.pfarregersthof.at\/komm\/ort\/gemeindezentrum-der-pfarre-gersthof\/\">Gemeindezentrum<\/a>)<br \/><h4>Samstag, 18.04.2026<\/h4><span style=background-color:#bf4c4c>&nbsp;&nbsp;<\/span> <a href=\"https:\/\/www.pfarregersthof.at\/komm\/termin\/samstag-der-2-osterwoche-2\/\">Samstag der 2. Osterwoche<\/a> <br \/>11:00 <a href=https:\/\/www.pfarregersthof.at\/komm\/termin\/kategorie\/taufe\/><span style=background-color:#1e73be;color:#1e73be>8<\/span><\/a> Tauffeier f\u00fcr das Kind Mira (<a href=\"https:\/\/www.pfarregersthof.at\/komm\/ort\/pfarrkirche-gersthof-st-leopold\/\">Pfarrkirche<\/a>)<br \/>18:00 <a href=https:\/\/www.pfarregersthof.at\/komm\/termin\/kategorie\/gottesdienst\/><span style=background-color:#dd9323;color:#dd9323>8<\/span><\/a> Gemeindegottesdienst am Abend (P.Marek) (<a href=\"https:\/\/www.pfarregersthof.at\/komm\/ort\/pfarrkirche-gersthof-st-leopold\/\">Pfarrkirche<\/a>)<br \/><h4>Sonntag, 19.04.2026<\/h4><span style=background-color:#bf4c4c>&nbsp;&nbsp;<\/span> <a href=\"https:\/\/www.pfarregersthof.at\/komm\/termin\/3-sonntag-der-osterzeit-4\/\">3. Sonntag der Osterzeit<\/a> <br \/>10:00 <a href=https:\/\/www.pfarregersthof.at\/komm\/termin\/kategorie\/gottesdienst\/><span style=background-color:#dd9323;color:#dd9323>8<\/span><\/a> Gemeindegottesdienst am Tag (P.Marek) (<a href=\"https:\/\/www.pfarregersthof.at\/komm\/ort\/pfarrkirche-gersthof-st-leopold\/\">Pfarrkirche<\/a>)<br \/>11:30 <a href=https:\/\/www.pfarregersthof.at\/komm\/termin\/kategorie\/gottesdienst\/><span style=background-color:#dd9323;color:#dd9323>8<\/span><\/a> Gemeindegottesdienst in Alt-Gersthof ( Pfr.P.Arkadiusz) (<a href=\"https:\/\/www.pfarregersthof.at\/komm\/ort\/johannes-nepomuk-kapelle-gersthof\/\">Johannes Nepomuk Kapelle<\/a>)<br \/>18:00 <a href=https:\/\/www.pfarregersthof.at\/komm\/termin\/kategorie\/gottesdienst\/><span style=background-color:#dd9323;color:#dd9323>8<\/span><\/a> Gemeindegottesdienst am Abend ( Pfr.i.R.Norbert) (<a href=\"https:\/\/www.pfarregersthof.at\/komm\/ort\/pfarrkirche-gersthof-st-leopold\/\">Pfarrkirche<\/a>)<br \/><h4>Montag, 20.04.2026<\/h4><span style=background-color:#bf4c4c>&nbsp;&nbsp;<\/span> <a href=\"https:\/\/www.pfarregersthof.at\/komm\/termin\/montag-der-3-osterwoche-2\/\">Montag der 3. Osterwoche<\/a> <br \/><h4>Dienstag, 21.04.2026<\/h4><span style=background-color:#bf4c4c>&nbsp;&nbsp;<\/span> <a href=\"https:\/\/www.pfarregersthof.at\/komm\/termin\/hl-anselm-bischof-von-canterbury-kirchenlehrer-1109\/\">Hl. Anselm, Bischof von Canterbury, Kirchenlehrer (1109)<\/a> <br \/><h4>Mittwoch, 22.04.2026<\/h4><span style=background-color:#bf4c4c>&nbsp;&nbsp;<\/span> <a href=\"https:\/\/www.pfarregersthof.at\/komm\/termin\/mittwoch-der-3-osterwoche-4\/\">Mittwoch der 3. Osterwoche<\/a> <br \/><h4>Donnerstag, 23.04.2026<\/h4><span style=background-color:#bf4c4c>&nbsp;&nbsp;<\/span> <a href=\"https:\/\/www.pfarregersthof.at\/komm\/termin\/bahnlesungen-donnerstag-der-3-osterwoche\/\">Donnerstag der 3. Osterwoche<\/a> <br \/><h4>Freitag, 24.04.2026<\/h4><span style=background-color:#bf4c4c>&nbsp;&nbsp;<\/span> <a href=\"https:\/\/www.pfarregersthof.at\/komm\/termin\/hl-fidelis-von-sigmaringen-ordenspriester-maertyrer-1622-2\/\">Hl. Fidelis von Sigmaringen, Ordenspriester, M\u00e4rtyrer (1622)<\/a> <br \/><h4>Samstag, 25.04.2026<\/h4><span style=background-color:#bf4c4c>&nbsp;&nbsp;<\/span> <a href=\"https:\/\/www.pfarregersthof.at\/komm\/termin\/hl-markus-evangelist-2\/\">Hl. Markus, Evangelist<\/a> <br \/><h4>Sonntag, 26.04.2026<\/h4><span style=background-color:#bf4c4c>&nbsp;&nbsp;<\/span> <a href=\"https:\/\/www.pfarregersthof.at\/komm\/termin\/4-sonntag-der-osterzeit-4\/\">4. Sonntag der Osterzeit<\/a> <br \/><h4>Montag, 27.04.2026<\/h4><span style=background-color:#bf4c4c>&nbsp;&nbsp;<\/span> <a href=\"https:\/\/www.pfarregersthof.at\/komm\/termin\/hl-petrus-kanisius-ordenspriester-kirchenlehrer-1597-2\/\">Hl. Petrus Kanisius, Ordenspriester, Kirchenlehrer (1597)<\/a> <br \/><h4>Dienstag, 28.04.2026<\/h4><span style=background-color:#bf4c4c>&nbsp;&nbsp;<\/span> <a href=\"https:\/\/www.pfarregersthof.at\/komm\/termin\/hl-ludwig-maria-grignion-de-montfort-priester-1716-2\/\">Hl. Ludwig Maria Grignion de Montfort, Priester (1716)<\/a> <br \/><h4>Mittwoch, 29.04.2026<\/h4><span style=background-color:#bf4c4c>&nbsp;&nbsp;<\/span> <a href=\"https:\/\/www.pfarregersthof.at\/komm\/termin\/hl-katharina-von-siena-ordensfrau-kirchenlehrerin-patronin-europas-1380-3\/\">Hl. Katharina von Siena, Ordensfrau, Kirchenlehrerin, Patronin Europas (1380)<\/a> <br \/><h4>Donnerstag, 30.04.2026<\/h4><span style=background-color:#bf4c4c>&nbsp;&nbsp;<\/span> <a href=\"https:\/\/www.pfarregersthof.at\/komm\/termin\/hl-pius-v-papst-1572-3\/\">Hl. Pius V., Papst (1572)<\/a> <br \/><h4>Freitag, 01.05.2026<\/h4><span style=background-color:#bf4c4c>&nbsp;&nbsp;<\/span> <a href=\"https:\/\/www.pfarregersthof.at\/komm\/termin\/hl-josef-der-arbeiter-3\/\">Hl. Josef der Arbeiter<\/a> <br \/><h4>Samstag, 02.05.2026<\/h4><span style=background-color:#bf4c4c>&nbsp;&nbsp;<\/span> <a href=\"https:\/\/www.pfarregersthof.at\/komm\/termin\/hl-athanasius-bischof-von-alexandrien-kirchenlehrer-373-3\/\">Hl. Athanasius, Bischof von Alexandrien, Kirchenlehrer (373)<\/a> <br \/><h4>Sonntag, 03.05.2026<\/h4><span style=background-color:#bf4c4c>&nbsp;&nbsp;<\/span> <a href=\"https:\/\/www.pfarregersthof.at\/komm\/termin\/5-sonntag-der-osterzeit-4\/\">5. Sonntag der Osterzeit<\/a> <br \/><h4>Montag, 04.05.2026<\/h4><span style=background-color:#bf4c4c>&nbsp;&nbsp;<\/span> <a href=\"https:\/\/www.pfarregersthof.at\/komm\/termin\/hl-florian-304-und-die-maertyrer-von-lorch-2\/\">Hl. Florian (304) und die M\u00e4rtyrer von Lorch<\/a> <br \/><h4>Dienstag, 05.05.2026<\/h4><span style=background-color:#bf4c4c>&nbsp;&nbsp;<\/span> <a href=\"https:\/\/www.pfarregersthof.at\/komm\/termin\/hl-godehard-bischof-von-hildesheim-1038-2\/\">Hl. Godehard, Bischof von Hildesheim (1038)<\/a> <br \/><h4>Mittwoch, 06.05.2026<\/h4><span style=background-color:#bf4c4c>&nbsp;&nbsp;<\/span> <a href=\"https:\/\/www.pfarregersthof.at\/komm\/termin\/mittwoch-der-5-osterwoche\/\">Mittwoch der 5. Osterwoche<\/a> <br \/><h4>Donnerstag, 07.05.2026<\/h4><span style=background-color:#bf4c4c>&nbsp;&nbsp;<\/span> <a href=\"https:\/\/www.pfarregersthof.at\/komm\/termin\/donnerstag-der-5-osterwoche-2\/\">Donnerstag der 5. Osterwoche<\/a> <br \/><h4>Freitag, 08.05.2026<\/h4><span style=background-color:#bf4c4c>&nbsp;&nbsp;<\/span> <a href=\"https:\/\/www.pfarregersthof.at\/komm\/termin\/freitag-der-5-osterwoche-2\/\">Freitag der 5. Osterwoche<\/a> <br \/><div class=\"em-pagination \" data-em-ajax=\"id=1227219298&amp;limit=30&amp;scope=1-months&amp;mode=daily\"> <span class=\"page-numbers current\">1<\/span> <a class=\"page-numbers\" href=\"\/komm\/wp-json\/wp\/v2\/pages\/7391?pno=2\" title=\"2\">2<\/a>  <a class=\"next page-numbers\" href=\"\/komm\/wp-json\/wp\/v2\/pages\/7391?pno=2\" title=\"2\">&gt;<\/a>  <\/div>\t<\/div>\r\n<\/div>\n\n\n\n<p><\/p>\n<p><strong>Kalenderblatt<\/strong><\/p>\n<p> <\/p>\n\t\t<div class=\"wpfc-calendar-wrapper\"><form class=\"wpfc-calendar\" id=\"wpfc-calendar-40558\"><\/form><div class=\"wpfc-loading\"><\/div><\/div>\r\n\t\t<div class=\"wpfc-calendar-search\" style=\"display:none;\">\r\n\t\t\t<select  name='event-categories' id='event-categories' class='wpfc-taxonomy event-categories'>\n\t<option value='0' selected='selected'>Alle Veranstaltung Categories<\/option>\n<option class=\"level-0\" value=\"26\">#dd9323 - Gottesdienst<\/option><option class=\"level-0\" value=\"39\">#10a0a5 - Gebet &amp; Gespr\u00e4ch<\/option><option class=\"level-0\" value=\"69\">#c41fb3 - Fest<\/option><option class=\"level-0\" value=\"106\">#1e73be - Sakrament<\/option><option class=\"level-1\" value=\"108\">&nbsp;&nbsp;&nbsp;#1e73be - Komm-Vorb.<\/option><option class=\"level-2\" value=\"112\">&nbsp;&nbsp;&nbsp;&nbsp;&nbsp;&nbsp;#1e73be - Komm-Vorb. Gr. A<\/option><option class=\"level-2\" value=\"113\">&nbsp;&nbsp;&nbsp;&nbsp;&nbsp;&nbsp;#1e73be - Komm-Vorb. Gr. B<\/option><option class=\"level-1\" value=\"109\">&nbsp;&nbsp;&nbsp;#1e73be - Firmung(-vorbereitung)<\/option><option class=\"level-1\" value=\"116\">&nbsp;&nbsp;&nbsp;#1e73be - Taufe<\/option><option class=\"level-1\" value=\"117\">&nbsp;&nbsp;&nbsp;#1e73be - Ehe(-Vorbereitung)<\/option><option class=\"level-0\" value=\"107\">#a8d144 - Aktivit\u00e4t<\/option><option class=\"level-0\" value=\"110\">#bf4c4c - Tagesinfo<\/option><option class=\"level-0\" value=\"114\">#707070 - Begr\u00e4bnis<\/option><option class=\"level-0\" value=\"115\">#007c44 - Besprechung<\/option><\/select>\n\t\t<\/div>\r\n\t\t<script type=\"text\/javascript\">\r\n\t\t\tWPFC.data = {\r\n\t\t\t\taction : 'WP_FullCalendar',\r\n\t\t\t\t'type' : 'event','month' : 3,'year' : 2026,\t\t\t };\r\n\t\t\tWPFC.month = 3;\r\n\t\t\tWPFC.year = 2026;\r\n\t\t<\/script>\r\n\t\t\n<p><\/p>\n","protected":false},"excerpt":{"rendered":"<p>Hier sind die Termine des aktuellen und des n\u00e4chsten Monats zu finden.Die Liste kann sich \u00fcber mehrerer Seiten erstrecken, gleich unter der Liste links kann man weiterbl\u00e4ttern.[ Weitere \u00dcbersichten: Alle geplanten Termine &#8211; R\u00fcckblick &#8211; Auswahl aller Terminlisten ] Die Termine werden so angezeigt: das Datum des Tages, die Uhrzeit des Beginns. Rechts davon ein [&hellip;]<\/p>\n","protected":false},"author":2,"featured_media":0,"parent":7389,"menu_order":0,"comment_status":"closed","ping_status":"closed","template":"","meta":{"ngg_post_thumbnail":0,"footnotes":""},"class_list":["post-7391","page","type-page","status-publish"],"publishpress_future_action":{"enabled":false,"date":"2026-04-23 17:54:14","action":"change-status","newStatus":"draft","terms":[],"taxonomy":"category","extraData":[]},"publishpress_future_workflow_manual_trigger":{"enabledWorkflows":[]},"_links":{"self":[{"href":"https:\/\/www.pfarregersthof.at\/komm\/wp-json\/wp\/v2\/pages\/7391","targetHints":{"allow":["GET"]}}],"collection":[{"href":"https:\/\/www.pfarregersthof.at\/komm\/wp-json\/wp\/v2\/pages"}],"about":[{"href":"https:\/\/www.pfarregersthof.at\/komm\/wp-json\/wp\/v2\/types\/page"}],"author":[{"embeddable":true,"href":"https:\/\/www.pfarregersthof.at\/komm\/wp-json\/wp\/v2\/users\/2"}],"replies":[{"embeddable":true,"href":"https:\/\/www.pfarregersthof.at\/komm\/wp-json\/wp\/v2\/comments?post=7391"}],"version-history":[{"count":40,"href":"https:\/\/www.pfarregersthof.at\/komm\/wp-json\/wp\/v2\/pages\/7391\/revisions"}],"predecessor-version":[{"id":16806,"href":"https:\/\/www.pfarregersthof.at\/komm\/wp-json\/wp\/v2\/pages\/7391\/revisions\/16806"}],"up":[{"embeddable":true,"href":"https:\/\/www.pfarregersthof.at\/komm\/wp-json\/wp\/v2\/pages\/7389"}],"wp:attachment":[{"href":"https:\/\/www.pfarregersthof.at\/komm\/wp-json\/wp\/v2\/media?parent=7391"}],"curies":[{"name":"wp","href":"https:\/\/api.w.org\/{rel}","templated":true}]}}