{"id":7394,"date":"2020-09-28T18:33:45","date_gmt":"2020-09-28T17:33:45","guid":{"rendered":"https:\/\/www.pfarregersthof.at\/komm\/?page_id=7394"},"modified":"2024-06-30T12:24:38","modified_gmt":"2024-06-30T10:24:38","slug":"alle-geplanten","status":"publish","type":"page","link":"https:\/\/www.pfarregersthof.at\/komm\/termine\/alle-geplanten\/","title":{"rendered":"Alle geplanten Termine"},"content":{"rendered":"\n<p>Hier sind alle f\u00fcr die n\u00e4chsten Wochen und Monate geplanten Termine zu finden.<br>Die Liste erstreckt sich \u00fcber mehrerer Seiten, ganz unten links kann man weiterbl\u00e4ttern.<br><sub>[ Weitere \u00dcbersichten: <a href=\"\/komm\/termine\/aktuelle\">Aktuelle Termine<\/a> &#8211; <a href=\"\/komm\/termine\/archiv\">R\u00fcckblick <\/a>&#8211; <a href=\"\/komm\/termine\/\">Auswahl aller Terminlisten<\/a> ]<\/sub><\/p>\n<p style=\"font-size: smaller;\">Die Termine werden so angezeigt: das Datum des Tages, die Uhrzeit des Beginns. Rechts davon ein farbiger Kasten f\u00fcr die Kategorie des Ereignisses; ein Klick darauf zeigt mehr Termine dieser Kategorie. Rechts davon den Titel des Ereignisses und den Ort, an dem es stattfindet. Wenn der Titel Blau angezeigt wird: auf ihn klicken, dann \u00f6ffnet sich eine Seite mit Details des Ereignisses.<\/p>\n\n\n<div class=\"em em-view-container\" id=\"em-view-1766623700\" data-view=\"list-grouped\">\r\n\t<div class=\"em-list em-events-list em-events-list-grouped\" id=\"em-events-list-grouped-1766623700\">\r\n\t<h4>Samstag, 09.05.2026<\/h4><span style=background-color:#bf4c4c>&nbsp;&nbsp;<\/span> <a href=\"https:\/\/www.pfarregersthof.at\/komm\/termin\/samstag-der-5-osterwoche-2\/\">Samstag der 5. Osterwoche<\/a> <br \/>11:00 <a href=https:\/\/www.pfarregersthof.at\/komm\/termin\/kategorie\/taufe\/><span style=background-color:#1e73be;color:#1e73be>8<\/span><\/a> Tauffeier f\u00fcr Lisann (Pfr.P.Arkadiusz) (<a href=\"https:\/\/www.pfarregersthof.at\/komm\/ort\/pfarrkirche-gersthof-st-leopold\/\">Pfarrkirche<\/a>)<br \/>15:00 <a href=https:\/\/www.pfarregersthof.at\/komm\/termin\/kategorie\/gottesdienst\/><span style=background-color:#dd9323;color:#dd9323>8<\/span><\/a> Trauungsfeier f\u00fcr das Paar Maria und Herwig (Pfr.i.R.Norbert) (<a href=\"https:\/\/www.pfarregersthof.at\/komm\/ort\/johannes-nepomuk-kapelle-gersthof\/\">Johannes Nepomuk Kapelle<\/a>)<br \/>18:00 <a href=https:\/\/www.pfarregersthof.at\/komm\/termin\/kategorie\/gottesdienst\/><span style=background-color:#dd9323;color:#dd9323>8<\/span><\/a> <a href=\"https:\/\/www.pfarregersthof.at\/komm\/termin\/gemeindegottesdienst-am-abend-p-matthias-9\/\">Gemeindegottesdienst am Abend (P.Matthias)<\/a> (<a href=\"https:\/\/www.pfarregersthof.at\/komm\/ort\/pfarrkirche-gersthof-st-leopold\/\">Pfarrkirche<\/a>)<br \/><h4>Sonntag, 10.05.2026<\/h4><span style=background-color:#bf4c4c>&nbsp;&nbsp;<\/span> <a href=\"https:\/\/www.pfarregersthof.at\/komm\/termin\/6-sonntag-der-osterzeit-4\/\">6. Sonntag der Osterzeit<\/a> <br \/>10:00 <a href=https:\/\/www.pfarregersthof.at\/komm\/termin\/kategorie\/gottesdienst\/><span style=background-color:#dd9323;color:#dd9323>8<\/span><\/a> Gemeindegottesdienst am Tag (P.Martin) (<a href=\"https:\/\/www.pfarregersthof.at\/komm\/ort\/pfarrkirche-gersthof-st-leopold\/\">Pfarrkirche<\/a>)<br \/>11:30 <a href=https:\/\/www.pfarregersthof.at\/komm\/termin\/kategorie\/gottesdienst\/><span style=background-color:#dd9323;color:#dd9323>8<\/span><\/a> Gemeindegottesdienst in Alt-Gersthof (P.Marek) (<a href=\"https:\/\/www.pfarregersthof.at\/komm\/ort\/johannes-nepomuk-kapelle-gersthof\/\">Johannes Nepomuk Kapelle<\/a>)<br \/>18:00 <a href=https:\/\/www.pfarregersthof.at\/komm\/termin\/kategorie\/gottesdienst\/><span style=background-color:#dd9323;color:#dd9323>8<\/span><\/a> Gemeindegottesdienst am Abend (Pfr.i.R.Norbert) (<a href=\"https:\/\/www.pfarregersthof.at\/komm\/ort\/pfarrkirche-gersthof-st-leopold\/\">Pfarrkirche<\/a>)<br \/><h4>Montag, 11.05.2026<\/h4><span style=background-color:#bf4c4c>&nbsp;&nbsp;<\/span> <a href=\"https:\/\/www.pfarregersthof.at\/komm\/termin\/montag-der-6-osterwoche-3\/\">Montag der 6. Osterwoche<\/a> <br \/>13:00 <a href=https:\/\/www.pfarregersthof.at\/komm\/termin\/kategorie\/begraebnis\/><span style=background-color:#707070;color:#707070>8<\/span><\/a> <a href=\"https:\/\/www.pfarregersthof.at\/komm\/termin\/begraebnisfeier-fuer-di-guenter-wilfinger\/\">Begr\u00e4bnisfeier f\u00fcr DI Wilhelm Wilfinger<\/a> (<a href=\"https:\/\/www.pfarregersthof.at\/komm\/ort\/ort-siehe-beschreibung\/\">Ort siehe Beschreibung<\/a>)<br \/>18:00 <a href=https:\/\/www.pfarregersthof.at\/komm\/termin\/kategorie\/gebet-gespraech\/><span style=background-color:#10a0a5;color:#10a0a5>8<\/span><\/a> <a href=\"https:\/\/www.pfarregersthof.at\/komm\/termin\/bittgebet-fuer-die-schoepfung\/\">Bittgebet f\u00fcr die Sch\u00f6pfung<\/a> (<a href=\"https:\/\/www.pfarregersthof.at\/komm\/ort\/ort-siehe-beschreibung\/\">Ort siehe Beschreibung<\/a>)<br \/>19:00 <a href=https:\/\/www.pfarregersthof.at\/komm\/termin\/kategorie\/aktivitaet\/><span style=background-color:#a8d144;color:#a8d144>8<\/span><\/a> Probe Kantorei W\u00e4hring (<a href=\"https:\/\/www.pfarregersthof.at\/komm\/ort\/gemeindezentrum-der-pfarre-gersthof\/\">Gemeindezentrum<\/a>)<br \/><h4>Dienstag, 12.05.2026<\/h4><span style=background-color:#bf4c4c>&nbsp;&nbsp;<\/span> <a href=\"https:\/\/www.pfarregersthof.at\/komm\/termin\/hl-nereus-und-hl-achilleus-maertyrer-um-304-2\/\">Hl. Nereus und hl. Achilleus, M\u00e4rtyrer (um 304)<\/a> <br \/>09:30 <a href=https:\/\/www.pfarregersthof.at\/komm\/termin\/kategorie\/aktivitaet\/><span style=background-color:#a8d144;color:#a8d144>8<\/span><\/a> Kleinkindertreffen (<a href=\"https:\/\/www.pfarregersthof.at\/komm\/ort\/gemeindezentrum-der-pfarre-gersthof\/\">Gemeindezentrum<\/a>)<br \/>15:15 <a href=https:\/\/www.pfarregersthof.at\/komm\/termin\/kategorie\/aktivitaet\/><span style=background-color:#a8d144;color:#a8d144>8<\/span><\/a> Pfarrstammtisch (<a href=\"https:\/\/www.pfarregersthof.at\/komm\/ort\/pfarrhaus-besprechungszimmer\/\">Pfarrhaus\/Besprechungszimmer<\/a>)<br \/>18:00 <a href=https:\/\/www.pfarregersthof.at\/komm\/termin\/kategorie\/gebet-gespraech\/><span style=background-color:#10a0a5;color:#10a0a5>8<\/span><\/a> Rosenkranz (<a href=\"https:\/\/www.pfarregersthof.at\/komm\/ort\/johannes-nepomuk-kapelle-gersthof\/\">Johannes Nepomuk Kapelle<\/a>)<br \/>18:30 <a href=https:\/\/www.pfarregersthof.at\/komm\/termin\/kategorie\/gottesdienst\/><span style=background-color:#dd9323;color:#dd9323>8<\/span><\/a> Gottesdienst (<a href=\"https:\/\/www.pfarregersthof.at\/komm\/ort\/johannes-nepomuk-kapelle-gersthof\/\">Johannes Nepomuk Kapelle<\/a>)<br \/><h4>Mittwoch, 13.05.2026<\/h4><span style=background-color:#bf4c4c>&nbsp;&nbsp;<\/span> <a href=\"https:\/\/www.pfarregersthof.at\/komm\/termin\/gedenktag-unserer-lieben-frau-von-fatima-4\/\">Gedenktag Unserer Lieben Frau von Fatima<\/a> <br \/>08:25 <a href=https:\/\/www.pfarregersthof.at\/komm\/termin\/kategorie\/gebet-gespraech\/><span style=background-color:#10a0a5;color:#10a0a5>8<\/span><\/a> Rosenkranz (<a href=\"https:\/\/www.pfarregersthof.at\/komm\/ort\/osterkapelle-pfarrkirche\/\">Osterkapelle (Pfarrkirche)<\/a>)<br \/>09:00 <a href=https:\/\/www.pfarregersthof.at\/komm\/termin\/kategorie\/gottesdienst\/><span style=background-color:#dd9323;color:#dd9323>8<\/span><\/a> Gottesdienst f\u00fcr Frauen gestaltet (<a href=\"https:\/\/www.pfarregersthof.at\/komm\/ort\/osterkapelle-pfarrkirche\/\">Osterkapelle (Pfarrkirche)<\/a>)<br \/>11:00 <a href=https:\/\/www.pfarregersthof.at\/komm\/termin\/kategorie\/begraebnis\/><span style=background-color:#707070;color:#707070>8<\/span><\/a> Begr\u00e4bnisfeier f\u00fcr + Herta Resch (<a href=\"https:\/\/www.pfarregersthof.at\/komm\/ort\/ort-siehe-beschreibung\/\">Ort siehe Beschreibung<\/a>)<br \/>19:00 <a href=https:\/\/www.pfarregersthof.at\/komm\/termin\/kategorie\/aktivitaet\/><span style=background-color:#a8d144;color:#a8d144>8<\/span><\/a> Probe Kantorei W\u00e4hring (<a href=\"https:\/\/www.pfarregersthof.at\/komm\/ort\/gemeindezentrum-der-pfarre-gersthof\/\">Gemeindezentrum<\/a>)<br \/><h4>Donnerstag, 14.05.2026<\/h4><span style=background-color:#bf4c4c>&nbsp;&nbsp;<\/span> <a href=\"https:\/\/www.pfarregersthof.at\/komm\/termin\/christi-himmelfahrt-4\/\">Christi Himmelfahrt<\/a> <br \/>10:00 <a href=https:\/\/www.pfarregersthof.at\/komm\/termin\/kategorie\/gottesdienst\/><span style=background-color:#dd9323;color:#dd9323>8<\/span><\/a> Gemeindegottesdienst am Tag (<a href=\"https:\/\/www.pfarregersthof.at\/komm\/ort\/pfarrkirche-gersthof-st-leopold\/\">Pfarrkirche<\/a>)<br \/><h4>Freitag, 15.05.2026<\/h4><span style=background-color:#bf4c4c>&nbsp;&nbsp;<\/span> <a href=\"https:\/\/www.pfarregersthof.at\/komm\/termin\/freitag-der-6-osterwoche-3\/\">Freitag der 6. Osterwoche<\/a> <br \/>09:30 <a href=https:\/\/www.pfarregersthof.at\/komm\/termin\/kategorie\/aktivitaet\/><span style=background-color:#a8d144;color:#a8d144>8<\/span><\/a> LIMA Trainingsgruppe (<a href=\"https:\/\/www.pfarregersthof.at\/komm\/ort\/gemeindezentrum-der-pfarre-gersthof\/\">Gemeindezentrum<\/a>)<br \/>19:00 <a href=https:\/\/www.pfarregersthof.at\/komm\/termin\/kategorie\/aktivitaet\/><span style=background-color:#a8d144;color:#a8d144>8<\/span><\/a> Probe Allegro Vivace (<a href=\"https:\/\/www.pfarregersthof.at\/komm\/ort\/gemeindezentrum-der-pfarre-gersthof\/\">Gemeindezentrum<\/a>)<br \/><h4>Samstag, 16.05.2026<\/h4><span style=background-color:#bf4c4c>&nbsp;&nbsp;<\/span> <a href=\"https:\/\/www.pfarregersthof.at\/komm\/termin\/hl-johannes-nepomuk-priester-maertyrer-1393-3\/\">Hl. Johannes Nepomuk, Priester, M\u00e4rtyrer (1393)<\/a> <br \/>10:00 <a href=https:\/\/www.pfarregersthof.at\/komm\/termin\/kategorie\/gottesdienst\/><span style=background-color:#dd9323;color:#dd9323>8<\/span><\/a> <a href=\"https:\/\/www.pfarregersthof.at\/komm\/termin\/kommunionfest\/\">Kommunionfest<\/a>  [<a href=\"https:\/\/www.pfarregersthof.at\/komm\/termin\/kategorie\/gottesdienst\/\">Gottesdienst<\/a>] (<a href=\"https:\/\/www.pfarregersthof.at\/komm\/ort\/pfarrkirche-gersthof-st-leopold\/\">Pfarrkirche<\/a>)<br \/>11:00 <a href=https:\/\/www.pfarregersthof.at\/komm\/termin\/kategorie\/taufe\/><span style=background-color:#1e73be;color:#1e73be>8<\/span><\/a> Tauffeier f\u00fcr das Kind Luisa (P. Josef S\u00fc\u00df) (<a href=\"https:\/\/www.pfarregersthof.at\/komm\/ort\/johannes-nepomuk-kapelle-gersthof\/\">Johannes Nepomuk Kapelle<\/a>)<br \/>18:00 <a href=https:\/\/www.pfarregersthof.at\/komm\/termin\/kategorie\/gottesdienst\/><span style=background-color:#dd9323;color:#dd9323>8<\/span><\/a> Gemeindegottesdienst am Vorabend (<a href=\"https:\/\/www.pfarregersthof.at\/komm\/ort\/pfarrkirche-gersthof-st-leopold\/\">Pfarrkirche<\/a>)<br \/><h4>Sonntag, 17.05.2026<\/h4><span style=background-color:#bf4c4c>&nbsp;&nbsp;<\/span> <a href=\"https:\/\/www.pfarregersthof.at\/komm\/termin\/7-sonntag-der-osterzeit-4\/\">7. Sonntag der Osterzeit<\/a> <br \/>10:00 <a href=https:\/\/www.pfarregersthof.at\/komm\/termin\/kategorie\/gottesdienst\/><span style=background-color:#dd9323;color:#dd9323>8<\/span><\/a> <a href=\"https:\/\/www.pfarregersthof.at\/komm\/termin\/gemeindegottesdienst-am-tag-45\/\">Gemeindegottesdienst am Tag als Kommunionfest<\/a>  [<a href=\"https:\/\/www.pfarregersthof.at\/komm\/termin\/kategorie\/gottesdienst\/\">Gottesdienst<\/a>] (<a href=\"https:\/\/www.pfarregersthof.at\/komm\/ort\/pfarrkirche-gersthof-st-leopold\/\">Pfarrkirche<\/a>)<br \/>11:30 <a href=https:\/\/www.pfarregersthof.at\/komm\/termin\/kategorie\/gottesdienst\/><span style=background-color:#dd9323;color:#dd9323>8<\/span><\/a> Gemeindegottesdienst in Alt-Gersthof (<a href=\"https:\/\/www.pfarregersthof.at\/komm\/ort\/johannes-nepomuk-kapelle-gersthof\/\">Johannes Nepomuk Kapelle<\/a>)<br \/>18:00 <a href=https:\/\/www.pfarregersthof.at\/komm\/termin\/kategorie\/gottesdienst\/><span style=background-color:#dd9323;color:#dd9323>8<\/span><\/a> Gemeindegottesdienst am Abend (<a href=\"https:\/\/www.pfarregersthof.at\/komm\/ort\/pfarrkirche-gersthof-st-leopold\/\">Pfarrkirche<\/a>)<br \/><div class=\"em-pagination \" data-em-ajax=\"id=1766623700&amp;limit=35&amp;mode=daily\"> <span class=\"page-numbers current\">1<\/span> <a class=\"page-numbers\" href=\"\/komm\/wp-json\/wp\/v2\/pages\/7394?pno=2\" title=\"2\">2<\/a>  <a class=\"page-numbers\" href=\"\/komm\/wp-json\/wp\/v2\/pages\/7394?pno=3\" title=\"3\">3<\/a>  <a class=\"page-numbers\" href=\"\/komm\/wp-json\/wp\/v2\/pages\/7394?pno=4\" title=\"4\">4<\/a>  <a class=\"page-numbers\" href=\"\/komm\/wp-json\/wp\/v2\/pages\/7394?pno=5\" title=\"5\">5<\/a>  <a class=\"next page-numbers\" href=\"\/komm\/wp-json\/wp\/v2\/pages\/7394?pno=2\" title=\"2\">&gt;<\/a>  <\/div>\t<\/div>\r\n<\/div>\n\n\n","protected":false},"excerpt":{"rendered":"<p>Hier sind alle f\u00fcr die n\u00e4chsten Wochen und Monate geplanten Termine zu finden.Die Liste erstreckt sich \u00fcber mehrerer Seiten, ganz unten links kann man weiterbl\u00e4ttern.[ Weitere \u00dcbersichten: Aktuelle Termine &#8211; R\u00fcckblick &#8211; Auswahl aller Terminlisten ] Die Termine werden so angezeigt: das Datum des Tages, die Uhrzeit des Beginns. Rechts davon ein farbiger Kasten f\u00fcr [&hellip;]<\/p>\n","protected":false},"author":2,"featured_media":0,"parent":7389,"menu_order":0,"comment_status":"closed","ping_status":"closed","template":"","meta":{"ngg_post_thumbnail":0,"footnotes":""},"class_list":["post-7394","page","type-page","status-publish"],"publishpress_future_action":{"enabled":false,"date":"2026-05-16 07:26:29","action":"change-status","newStatus":"draft","terms":[],"taxonomy":"category","extraData":[]},"publishpress_future_workflow_manual_trigger":{"enabledWorkflows":[]},"_links":{"self":[{"href":"https:\/\/www.pfarregersthof.at\/komm\/wp-json\/wp\/v2\/pages\/7394","targetHints":{"allow":["GET"]}}],"collection":[{"href":"https:\/\/www.pfarregersthof.at\/komm\/wp-json\/wp\/v2\/pages"}],"about":[{"href":"https:\/\/www.pfarregersthof.at\/komm\/wp-json\/wp\/v2\/types\/page"}],"author":[{"embeddable":true,"href":"https:\/\/www.pfarregersthof.at\/komm\/wp-json\/wp\/v2\/users\/2"}],"replies":[{"embeddable":true,"href":"https:\/\/www.pfarregersthof.at\/komm\/wp-json\/wp\/v2\/comments?post=7394"}],"version-history":[{"count":35,"href":"https:\/\/www.pfarregersthof.at\/komm\/wp-json\/wp\/v2\/pages\/7394\/revisions"}],"predecessor-version":[{"id":19298,"href":"https:\/\/www.pfarregersthof.at\/komm\/wp-json\/wp\/v2\/pages\/7394\/revisions\/19298"}],"up":[{"embeddable":true,"href":"https:\/\/www.pfarregersthof.at\/komm\/wp-json\/wp\/v2\/pages\/7389"}],"wp:attachment":[{"href":"https:\/\/www.pfarregersthof.at\/komm\/wp-json\/wp\/v2\/media?parent=7394"}],"curies":[{"name":"wp","href":"https:\/\/api.w.org\/{rel}","templated":true}]}}